{"id":4565,"date":"2017-04-06T09:09:20","date_gmt":"2017-04-06T09:09:20","guid":{"rendered":"http:\/\/www.fmsdocumentation.com\/reports-managing\/"},"modified":"2019-01-28T16:11:52","modified_gmt":"2019-01-28T14:11:52","slug":"reports-managing","status":"publish","type":"page","link":"https:\/\/www.fmsdocumentation.com\/pl\/reports\/reports-managing\/","title":{"rendered":"Zarz\u0105dzanie raportami"},"content":{"rendered":"<p>Po klikni\u0119ciu przycisku \u201eGeneruj\u201d rozpocznie si\u0119 generowanie raportu i wy\u015bwietli si\u0119 okno podobne do pokazanego poni\u017cej.<\/p>\n<p><a href=\"https:\/\/www.fmsdocumentation.com\/wp-content\/uploads\/2019\/01\/190PL.png\"><img loading=\"lazy\" decoding=\"async\" class=\"alignnone wp-image-7093 size-large\" src=\"https:\/\/www.fmsdocumentation.com\/wp-content\/uploads\/2019\/01\/190PL-1024x422.png\" alt=\"\" width=\"660\" height=\"272\" srcset=\"https:\/\/www.fmsdocumentation.com\/wp-content\/uploads\/2019\/01\/190PL-1024x422.png 1024w, https:\/\/www.fmsdocumentation.com\/wp-content\/uploads\/2019\/01\/190PL-300x124.png 300w, https:\/\/www.fmsdocumentation.com\/wp-content\/uploads\/2019\/01\/190PL-768x317.png 768w, https:\/\/www.fmsdocumentation.com\/wp-content\/uploads\/2019\/01\/190PL.png 1858w\" sizes=\"auto, (max-width: 660px) 100vw, 660px\" \/><\/a><\/p>\n<p>Aby usun\u0105\u0107 raport, nale\u017cy klikn\u0105\u0107 pole wyboru na pocz\u0105tku raportu. Pojawi si\u0119 w\u00f3wczas przycisk \u201eUsu\u0144 wybrane\u201d.<\/p>\n<p><a href=\"https:\/\/www.fmsdocumentation.com\/wp-content\/uploads\/2017\/04\/145-1.png\"><img loading=\"lazy\" decoding=\"async\" class=\"alignnone wp-image-1568 size-large\" src=\"https:\/\/www.fmsdocumentation.com\/wp-content\/uploads\/2017\/04\/145-1-1024x274.png\" alt=\"\" width=\"660\" height=\"177\" srcset=\"https:\/\/www.fmsdocumentation.com\/wp-content\/uploads\/2017\/04\/145-1-1024x274.png 1024w, https:\/\/www.fmsdocumentation.com\/wp-content\/uploads\/2017\/04\/145-1-300x80.png 300w, https:\/\/www.fmsdocumentation.com\/wp-content\/uploads\/2017\/04\/145-1-768x206.png 768w, https:\/\/www.fmsdocumentation.com\/wp-content\/uploads\/2017\/04\/145-1.png 1866w\" sizes=\"auto, (max-width: 660px) 100vw, 660px\" \/><\/a><\/p>\n<p>Po klikni\u0119ciu na przycisk \u201eUsu\u0144 wybrane\u201d, pojawi si\u0119 okno z pro\u015bb\u0105 o potwierdzenie, w kt\u00f3rym nale\u017cy potwierdzi\u0107 czynno\u015b\u0107 usuwania.<\/p>\n<p>U\u017cytkownik mo\u017ce zaznaczy\u0107 wszystkie raporty naraz, klikaj\u0105c pole wyboru umieszczone w nag\u0142\u00f3wku. Pola, kt\u00f3re zosta\u0142y ju\u017c wybrane pozostan\u0105 zaznaczone (zaznaczenie nie jest odwracane). Za pomoc\u0105 tej funkcji mo\u017cna te\u017c usun\u0105\u0107 zaznaczenie wszystkich raport\u00f3w. W tym celu nale\u017cy klikn\u0105\u0107 pole wyboru dwukrotnie (za pierwszym razem wszystkie raporty zostan\u0105 zaznaczone, a za drugim zaznaczenie zostanie usuni\u0119te). Je\u015bli u\u017cytkownik r\u0119cznie wybierze wszystkie raporty, pole wyboru w nag\u0142\u00f3wku zostanie zaznaczone automatycznie.<\/p>\n<p><a href=\"https:\/\/www.fmsdocumentation.com\/wp-content\/uploads\/2019\/01\/191PL.png\"><img loading=\"lazy\" decoding=\"async\" class=\"alignnone wp-image-7099 size-large\" src=\"https:\/\/www.fmsdocumentation.com\/wp-content\/uploads\/2019\/01\/191PL-1024x337.png\" alt=\"\" width=\"660\" height=\"217\" srcset=\"https:\/\/www.fmsdocumentation.com\/wp-content\/uploads\/2019\/01\/191PL-1024x337.png 1024w, https:\/\/www.fmsdocumentation.com\/wp-content\/uploads\/2019\/01\/191PL-300x99.png 300w, https:\/\/www.fmsdocumentation.com\/wp-content\/uploads\/2019\/01\/191PL-768x253.png 768w, https:\/\/www.fmsdocumentation.com\/wp-content\/uploads\/2019\/01\/191PL.png 1860w\" sizes=\"auto, (max-width: 660px) 100vw, 660px\" \/><\/a><\/p>\n<hr \/>\n<p><div class=\"alignleft\"><a href=\"https:\/\/www.fmsdocumentation.com\/pl\/reports\/working-hours-report\/\" title=\"Raport czasu pracy\"><span class=\"arrow\">\u2039 &nbsp <\/span> Raport czasu pracy <\/a><\/div> <div class=\"alignright\"><a href=\"https:\/\/www.fmsdocumentation.com\/pl\/reports\/report-overview\/\" title=\"Sekcja raport\u00f3w\">Sekcja raport\u00f3w <span class=\"arrow\"> &nbsp\u203a <\/span> <\/a><\/div><\/p>\n","protected":false},"excerpt":{"rendered":"<p>Po klikni\u0119ciu przycisku \u201eGeneruj\u201d rozpocznie si\u0119 generowanie raportu i wy\u015bwietli si\u0119 okno podobne do pokazanego poni\u017cej. Aby usun\u0105\u0107 raport, nale\u017cy klikn\u0105\u0107 pole wyboru na pocz\u0105tku raportu. Pojawi si\u0119 w\u00f3wczas przycisk \u201eUsu\u0144 wybrane\u201d. Po klikni\u0119ciu na przycisk \u201eUsu\u0144 wybrane\u201d, pojawi si\u0119 okno z pro\u015bb\u0105 o potwierdzenie, w kt\u00f3rym nale\u017cy potwierdzi\u0107 czynno\u015b\u0107 usuwania. U\u017cytkownik mo\u017ce zaznaczy\u0107 wszystkie &hellip; <a href=\"https:\/\/www.fmsdocumentation.com\/pl\/reports\/reports-managing\/\" class=\"more-link\">Czytaj dalej <span class=\"screen-reader-text\">Zarz\u0105dzanie raportami<\/span><\/a><\/p>\n","protected":false},"author":1,"featured_media":0,"parent":4567,"menu_order":15,"comment_status":"closed","ping_status":"closed","template":"","meta":{"footnotes":""},"class_list":["post-4565","page","type-page","status-publish","hentry"],"_links":{"self":[{"href":"https:\/\/www.fmsdocumentation.com\/pl\/wp-json\/wp\/v2\/pages\/4565","targetHints":{"allow":["GET"]}}],"collection":[{"href":"https:\/\/www.fmsdocumentation.com\/pl\/wp-json\/wp\/v2\/pages"}],"about":[{"href":"https:\/\/www.fmsdocumentation.com\/pl\/wp-json\/wp\/v2\/types\/page"}],"author":[{"embeddable":true,"href":"https:\/\/www.fmsdocumentation.com\/pl\/wp-json\/wp\/v2\/users\/1"}],"replies":[{"embeddable":true,"href":"https:\/\/www.fmsdocumentation.com\/pl\/wp-json\/wp\/v2\/comments?post=4565"}],"version-history":[{"count":3,"href":"https:\/\/www.fmsdocumentation.com\/pl\/wp-json\/wp\/v2\/pages\/4565\/revisions"}],"predecessor-version":[{"id":7100,"href":"https:\/\/www.fmsdocumentation.com\/pl\/wp-json\/wp\/v2\/pages\/4565\/revisions\/7100"}],"up":[{"embeddable":true,"href":"https:\/\/www.fmsdocumentation.com\/pl\/wp-json\/wp\/v2\/pages\/4567"}],"wp:attachment":[{"href":"https:\/\/www.fmsdocumentation.com\/pl\/wp-json\/wp\/v2\/media?parent=4565"}],"curies":[{"name":"wp","href":"https:\/\/api.w.org\/{rel}","templated":true}]}}