{"id":4566,"date":"2017-04-06T09:07:35","date_gmt":"2017-04-06T09:07:35","guid":{"rendered":"http:\/\/www.fmsdocumentation.com\/generate-new-report\/"},"modified":"2019-01-24T17:39:09","modified_gmt":"2019-01-24T15:39:09","slug":"generate-new-report","status":"publish","type":"page","link":"https:\/\/www.fmsdocumentation.com\/pl\/reports\/generate-new-report\/","title":{"rendered":"Generowanie nowego raportu"},"content":{"rendered":"<p>Strona raport\u00f3w zawiera dwie g\u0142\u00f3wne zak\u0142adki:<\/p>\n<ul>\n<li>Wygenerowane raporty (otwarta domy\u015blnie);<\/li>\n<li>Subskrypcje;<\/li>\n<li>Szablony.<\/li>\n<\/ul>\n<p>Aby wygenerowa\u0107 nowy raport, nale\u017cy klikn\u0105\u0107 przycisk \u201eWygeneruj nowy raport\u201d w prawym g\u00f3rnym rogu panelu w zak\u0142adce \u201eWygenerowane raporty\u201d.<\/p>\n<p><a href=\"https:\/\/www.fmsdocumentation.com\/wp-content\/uploads\/2019\/01\/169PL.png\"><img loading=\"lazy\" decoding=\"async\" class=\"alignnone wp-image-7018 size-large\" src=\"https:\/\/www.fmsdocumentation.com\/wp-content\/uploads\/2019\/01\/169PL-1024x482.png\" alt=\"\" width=\"660\" height=\"311\" srcset=\"https:\/\/www.fmsdocumentation.com\/wp-content\/uploads\/2019\/01\/169PL-1024x482.png 1024w, https:\/\/www.fmsdocumentation.com\/wp-content\/uploads\/2019\/01\/169PL-300x141.png 300w, https:\/\/www.fmsdocumentation.com\/wp-content\/uploads\/2019\/01\/169PL-768x361.png 768w, https:\/\/www.fmsdocumentation.com\/wp-content\/uploads\/2019\/01\/169PL.png 1920w\" sizes=\"auto, (max-width: 660px) 100vw, 660px\" \/><\/a><\/p>\n<p>Pojawi si\u0119 nowe okno z ustawieniami dla raportu. Pierwsz\u0105 opcj\u0105 do wyboru jest rodzaj raportu. Ka\u017cdy rodzaj raportu posiada predefiniowany zestaw obowi\u0105zkowych parametr\u00f3w do wy\u015bwietlenia w raporcie oraz indywidualne opcje ustawie\u0144, kt\u00f3re nie s\u0105 dost\u0119pne dla innych rodzaj\u00f3w raport\u00f3w. \u00a0Aktualnie dost\u0119pne s\u0105 nast\u0119puj\u0105ce rodzaje raport\u00f3w:<\/p>\n<ul>\n<li>Raport przekraczania granic;<\/li>\n<li>Raport rozk\u0142adu jazdy;<\/li>\n<li>Raport czasu pracy kierowcy;<\/li>\n<li>Raport Eko-jazdy;<\/li>\n<li>Raport zdarze\u0144;<\/li>\n<li>Raport tankowania paliwa;<\/li>\n<li>Raport stref geograficznych;<\/li>\n<li>Raport przekroczonych limit\u00f3w;<\/li>\n<li>Raport podsumowuj\u0105cy podr\u00f3\u017c;<\/li>\n<li>Raport czasu pracy<\/li>\n<\/ul>\n<p>Ka\u017cdy z rodzaj\u00f3w raport\u00f3w jest opisany oddzielnie. Wyb\u00f3r rodzaju raportu to pierwsza czynno\u015b\u0107 przy generowaniu raportu. Rodzaj wybiera si\u0119 z listy rozwijanej. Nale\u017cy najpierw wybra\u0107 rodzaj raportu, a dopiero nast\u0119pnie skonfigurowa\u0107 parametry raportu, poniewa\u017c ka\u017cdy raport posiada inne ustawienia, i po zmianie rodzaju raportu wszystkie wprowadzone dane zostan\u0105 utracone.<\/p>\n<p><a href=\"https:\/\/www.fmsdocumentation.com\/wp-content\/uploads\/2019\/01\/170PL-2.png\"><img loading=\"lazy\" decoding=\"async\" class=\"alignnone wp-image-7021 size-full\" src=\"https:\/\/www.fmsdocumentation.com\/wp-content\/uploads\/2019\/01\/170PL-2.png\" alt=\"\" width=\"566\" height=\"280\" srcset=\"https:\/\/www.fmsdocumentation.com\/wp-content\/uploads\/2019\/01\/170PL-2.png 566w, https:\/\/www.fmsdocumentation.com\/wp-content\/uploads\/2019\/01\/170PL-2-300x148.png 300w\" sizes=\"auto, (max-width: 566px) 100vw, 566px\" \/><\/a><\/p>\n<hr \/>\n<p><div class=\"alignleft\"><a href=\"https:\/\/www.fmsdocumentation.com\/pl\/reports\/\" title=\"Menu raport\u00f3w\"><span class=\"arrow\">\u2039 &nbsp <\/span> Menu raport\u00f3w <\/a><\/div> <div class=\"alignright\"><a href=\"https:\/\/www.fmsdocumentation.com\/pl\/reports\/create-new-report-subscription\/\" title=\"Tworzenie nowej subskrypcji raport\u00f3w\">Tworzenie nowej subskrypcji raport\u00f3w <span class=\"arrow\"> &nbsp\u203a <\/span> <\/a><\/div><\/p>\n","protected":false},"excerpt":{"rendered":"<p>Strona raport\u00f3w zawiera dwie g\u0142\u00f3wne zak\u0142adki: Wygenerowane raporty (otwarta domy\u015blnie); Subskrypcje; Szablony. Aby wygenerowa\u0107 nowy raport, nale\u017cy klikn\u0105\u0107 przycisk \u201eWygeneruj nowy raport\u201d w prawym g\u00f3rnym rogu panelu w zak\u0142adce \u201eWygenerowane raporty\u201d. Pojawi si\u0119 nowe okno z ustawieniami dla raportu. Pierwsz\u0105 opcj\u0105 do wyboru jest rodzaj raportu. Ka\u017cdy rodzaj raportu posiada predefiniowany zestaw obowi\u0105zkowych parametr\u00f3w do &hellip; <a href=\"https:\/\/www.fmsdocumentation.com\/pl\/reports\/generate-new-report\/\" class=\"more-link\">Czytaj dalej <span class=\"screen-reader-text\">Generowanie nowego raportu<\/span><\/a><\/p>\n","protected":false},"author":1,"featured_media":0,"parent":4567,"menu_order":1,"comment_status":"closed","ping_status":"closed","template":"","meta":{"footnotes":""},"class_list":["post-4566","page","type-page","status-publish","hentry"],"_links":{"self":[{"href":"https:\/\/www.fmsdocumentation.com\/pl\/wp-json\/wp\/v2\/pages\/4566","targetHints":{"allow":["GET"]}}],"collection":[{"href":"https:\/\/www.fmsdocumentation.com\/pl\/wp-json\/wp\/v2\/pages"}],"about":[{"href":"https:\/\/www.fmsdocumentation.com\/pl\/wp-json\/wp\/v2\/types\/page"}],"author":[{"embeddable":true,"href":"https:\/\/www.fmsdocumentation.com\/pl\/wp-json\/wp\/v2\/users\/1"}],"replies":[{"embeddable":true,"href":"https:\/\/www.fmsdocumentation.com\/pl\/wp-json\/wp\/v2\/comments?post=4566"}],"version-history":[{"count":3,"href":"https:\/\/www.fmsdocumentation.com\/pl\/wp-json\/wp\/v2\/pages\/4566\/revisions"}],"predecessor-version":[{"id":7022,"href":"https:\/\/www.fmsdocumentation.com\/pl\/wp-json\/wp\/v2\/pages\/4566\/revisions\/7022"}],"up":[{"embeddable":true,"href":"https:\/\/www.fmsdocumentation.com\/pl\/wp-json\/wp\/v2\/pages\/4567"}],"wp:attachment":[{"href":"https:\/\/www.fmsdocumentation.com\/pl\/wp-json\/wp\/v2\/media?parent=4566"}],"curies":[{"name":"wp","href":"https:\/\/api.w.org\/{rel}","templated":true}]}}