{"id":4567,"date":"2017-04-06T09:03:20","date_gmt":"2017-04-06T09:03:20","guid":{"rendered":"http:\/\/www.fmsdocumentation.com\/reports\/"},"modified":"2020-06-09T14:22:17","modified_gmt":"2020-06-09T11:22:17","slug":"reports","status":"publish","type":"page","link":"https:\/\/www.fmsdocumentation.com\/pl\/reports\/","title":{"rendered":"Menu raport\u00f3w"},"content":{"rendered":"<p>Aby przej\u015b\u0107 do panelu raport\u00f3w, nale\u017cy klikn\u0105\u0107 na odpowiedni\u0105 ikon\u0119 w panelu nawigacji po lewej stronie ekranu.<\/p>\n<p><a href=\"https:\/\/www.fmsdocumentation.com\/wp-content\/uploads\/2019\/01\/168PL-1.png\"><img loading=\"lazy\" decoding=\"async\" class=\"alignnone wp-image-7015 size-large\" src=\"https:\/\/www.fmsdocumentation.com\/wp-content\/uploads\/2019\/01\/168PL-1-1024x478.png\" alt=\"\" width=\"660\" height=\"308\" srcset=\"https:\/\/www.fmsdocumentation.com\/wp-content\/uploads\/2019\/01\/168PL-1-1024x478.png 1024w, https:\/\/www.fmsdocumentation.com\/wp-content\/uploads\/2019\/01\/168PL-1-300x140.png 300w, https:\/\/www.fmsdocumentation.com\/wp-content\/uploads\/2019\/01\/168PL-1-768x358.png 768w, https:\/\/www.fmsdocumentation.com\/wp-content\/uploads\/2019\/01\/168PL-1.png 1920w\" sizes=\"auto, (max-width: 660px) 100vw, 660px\" \/><\/a><\/p>\n<p>Pojawi si\u0119 og\u00f3lny panel raport\u00f3w, gdzie u\u017cytkownik mo\u017ce wykona\u0107 nast\u0119puj\u0105ce czynno\u015bci:<\/p>\n<ul>\n<li>Generowanie nowego raportu;<\/li>\n<li>Przegl\u0105danie istniej\u0105cych raport\u00f3w;<\/li>\n<li>Usuwanie starych lub niepotrzebnych raport\u00f3w;<\/li>\n<li>Tworzenie subskrypcji dla raportu.<\/li>\n<\/ul>\n<p>Gdy raport zostanie wygenerowany, b\u0119dzie przechowywany w systemie zarz\u0105dzania flot\u0105. To oznacza, \u017ce wygenerowany raport pozostanie zapisany, dop\u00f3ki u\u017cytkownik nie postanowi go usun\u0105\u0107.<\/p>\n<p><p class=\"note\">Uwaga<br \/>\nObecnie nie ma ogranicze\u0144 co do liczby raport\u00f3w, kt\u00f3re mo\u017ce przechowywa\u0107 u\u017cytkownik. W opracowaniu jest funkcja, kt\u00f3ra wprowadzi ograniczenia wygenerowanych raport\u00f3w pod wzgl\u0119dem ich liczby (na przyk\u0142ad: maksymalna liczba raport\u00f3w to 50)\u00a0lub rozmiaru. Zale\u017cnie od tre\u015bci raportu, mo\u017ce on zajmowa\u0107 du\u017co miejsca, co prawdopodobnie b\u0119dzie podlega\u0142o ograniczeniom w przysz\u0142o\u015bci (na przyk\u0142ad: maksymalny rozmiar wszystkich raport\u00f3w to 10 Gb).<\/p><\/p>\n<hr \/>\n<p><div class=\"alignleft\"><a href=\"https:\/\/www.fmsdocumentation.com\/pl\/apis\/object-api\/\" title=\"API obiektu\"><span class=\"arrow\">\u2039 &nbsp <\/span> API obiektu <\/a><\/div> <div class=\"alignright\"><a href=\"https:\/\/www.fmsdocumentation.com\/pl\/reports\/generate-new-report\/\" title=\"Generowanie nowego raportu\">Generowanie nowego raportu <span class=\"arrow\"> &nbsp\u203a <\/span> <\/a><\/div><\/p>\n","protected":false},"excerpt":{"rendered":"<p>Aby przej\u015b\u0107 do panelu raport\u00f3w, nale\u017cy klikn\u0105\u0107 na odpowiedni\u0105 ikon\u0119 w panelu nawigacji po lewej stronie ekranu. Pojawi si\u0119 og\u00f3lny panel raport\u00f3w, gdzie u\u017cytkownik mo\u017ce wykona\u0107 nast\u0119puj\u0105ce czynno\u015bci: Generowanie nowego raportu; Przegl\u0105danie istniej\u0105cych raport\u00f3w; Usuwanie starych lub niepotrzebnych raport\u00f3w; Tworzenie subskrypcji dla raportu. Gdy raport zostanie wygenerowany, b\u0119dzie przechowywany w systemie zarz\u0105dzania flot\u0105. To oznacza, &hellip; <a href=\"https:\/\/www.fmsdocumentation.com\/pl\/reports\/\" class=\"more-link\">Czytaj dalej <span class=\"screen-reader-text\">Menu raport\u00f3w<\/span><\/a><\/p>\n","protected":false},"author":1,"featured_media":0,"parent":0,"menu_order":123,"comment_status":"closed","ping_status":"closed","template":"","meta":{"footnotes":""},"class_list":["post-4567","page","type-page","status-publish","hentry"],"_links":{"self":[{"href":"https:\/\/www.fmsdocumentation.com\/pl\/wp-json\/wp\/v2\/pages\/4567","targetHints":{"allow":["GET"]}}],"collection":[{"href":"https:\/\/www.fmsdocumentation.com\/pl\/wp-json\/wp\/v2\/pages"}],"about":[{"href":"https:\/\/www.fmsdocumentation.com\/pl\/wp-json\/wp\/v2\/types\/page"}],"author":[{"embeddable":true,"href":"https:\/\/www.fmsdocumentation.com\/pl\/wp-json\/wp\/v2\/users\/1"}],"replies":[{"embeddable":true,"href":"https:\/\/www.fmsdocumentation.com\/pl\/wp-json\/wp\/v2\/comments?post=4567"}],"version-history":[{"count":2,"href":"https:\/\/www.fmsdocumentation.com\/pl\/wp-json\/wp\/v2\/pages\/4567\/revisions"}],"predecessor-version":[{"id":7016,"href":"https:\/\/www.fmsdocumentation.com\/pl\/wp-json\/wp\/v2\/pages\/4567\/revisions\/7016"}],"wp:attachment":[{"href":"https:\/\/www.fmsdocumentation.com\/pl\/wp-json\/wp\/v2\/media?parent=4567"}],"curies":[{"name":"wp","href":"https:\/\/api.w.org\/{rel}","templated":true}]}}