{"id":4568,"date":"2017-04-06T09:02:23","date_gmt":"2017-04-06T09:02:23","guid":{"rendered":"http:\/\/www.fmsdocumentation.com\/maintenance-task-vehicle-edit\/"},"modified":"2019-01-14T14:04:45","modified_gmt":"2019-01-14T12:04:45","slug":"maintenance-task-vehicle-edit","status":"publish","type":"page","link":"https:\/\/www.fmsdocumentation.com\/pl\/maintenance-tasks-menu\/maintenance-task-vehicle-edit\/","title":{"rendered":"Edycja zada\u0144 serwisowych dla pojazd\u00f3w"},"content":{"rendered":"<p>Poniewa\u017c przy tworzeniu zadania serwisowego wszystkie informacje s\u0105 uog\u00f3lniane, niekt\u00f3re z nich mog\u0105 by\u0107 niedok\u0142adne i wymagaj\u0105 dodatkowych zmian. Mo\u017cna to zrobi\u0107 za pomoc\u0105 opcji \u201eEdycja\u201d. Najpierw nale\u017cy wybra\u0107 pojazd lub pojazdy do edycji, klikaj\u0105c pola wyboru na pocz\u0105tku rz\u0119du pojazdu na li\u015bcie pojazd\u00f3w. Potem nale\u017cy klikn\u0105\u0107 przycisk edycji.<\/p>\n<p><a href=\"https:\/\/www.fmsdocumentation.com\/wp-content\/uploads\/2019\/01\/147PL-1.png\"><img loading=\"lazy\" decoding=\"async\" class=\"alignnone wp-image-6983 size-full\" src=\"https:\/\/www.fmsdocumentation.com\/wp-content\/uploads\/2019\/01\/147PL-1.png\" alt=\"\" width=\"989\" height=\"139\" srcset=\"https:\/\/www.fmsdocumentation.com\/wp-content\/uploads\/2019\/01\/147PL-1.png 989w, https:\/\/www.fmsdocumentation.com\/wp-content\/uploads\/2019\/01\/147PL-1-300x42.png 300w, https:\/\/www.fmsdocumentation.com\/wp-content\/uploads\/2019\/01\/147PL-1-768x108.png 768w\" sizes=\"auto, (max-width: 989px) 100vw, 989px\" \/><\/a><\/p>\n<p>Po wykonaniu powy\u017cszych czynno\u015bci pojawi si\u0119 nowe okno, w kt\u00f3rym u\u017cytkownik mo\u017ce edytowa\u0107 niekt\u00f3re ustawienia serwisowe dla pojazdu. Z prawej strony ekranu zawsze pojawi si\u0119 okno z ostrze\u017ceniem, \u017ce wszelkie modyfikacje zadania wp\u0142yn\u0105 na wszystkie pojazdy wybrane na li\u015bcie pojazd\u00f3w (zaznaczone pola wyboru). Aby odblokowa\u0107 ustawienia, wystarczy klikn\u0105\u0107 przycisk \u201eOdblokuj\u201d.<\/p>\n<p><a href=\"https:\/\/www.fmsdocumentation.com\/wp-content\/uploads\/2019\/01\/148PL.png\"><img loading=\"lazy\" decoding=\"async\" class=\"alignnone wp-image-6985 size-full\" src=\"https:\/\/www.fmsdocumentation.com\/wp-content\/uploads\/2019\/01\/148PL.png\" alt=\"\" width=\"800\" height=\"750\" srcset=\"https:\/\/www.fmsdocumentation.com\/wp-content\/uploads\/2019\/01\/148PL.png 800w, https:\/\/www.fmsdocumentation.com\/wp-content\/uploads\/2019\/01\/148PL-300x281.png 300w, https:\/\/www.fmsdocumentation.com\/wp-content\/uploads\/2019\/01\/148PL-768x720.png 768w\" sizes=\"auto, (max-width: 800px) 100vw, 800px\" \/><\/a><\/p>\n<p>Po klikni\u0119ciu na przycisk \u201eOdblokuj\u201d, u\u017cytkownik uzyska dost\u0119p do niekt\u00f3rych ustawie\u0144. Nie wszystkie ustawienia mo\u017cna zmieni\u0107 po utworzeniu oryginalnego zadania. Mo\u017cna edytowa\u0107 nast\u0119puj\u0105ce pola:<\/p>\n<ul>\n<li>Opis;<\/li>\n<li>Wprowad\u017a przebieg\/dat\u0119\/liczb\u0119 godzin pracy dla ostatniego serwisu ;<\/li>\n<li>Powt\u00f3rz zadanie po;<\/li>\n<li>Potwierdzenie zadania;<\/li>\n<\/ul>\n<p>Po wprowadzeniu zmian nale\u017cy klikn\u0105\u0107 przycisk \u201eZapisz\u201d. W przeciwnym razie wszystkie zmiany zostan\u0105 odrzucone. Je\u015bli u\u017cytkownik postanowi nie zapisywa\u0107 zmian, musi jedynie nacisn\u0105\u0107 przycisk \u201eZamknij\u201d lub klikn\u0105\u0107 gdziekolwiek poza oknem edycji.<\/p>\n<p><a href=\"https:\/\/www.fmsdocumentation.com\/wp-content\/uploads\/2019\/01\/149PL.png\"><img loading=\"lazy\" decoding=\"async\" class=\"alignnone wp-image-6986 size-full\" src=\"https:\/\/www.fmsdocumentation.com\/wp-content\/uploads\/2019\/01\/149PL.png\" alt=\"\" width=\"382\" height=\"548\" srcset=\"https:\/\/www.fmsdocumentation.com\/wp-content\/uploads\/2019\/01\/149PL.png 382w, https:\/\/www.fmsdocumentation.com\/wp-content\/uploads\/2019\/01\/149PL-209x300.png 209w\" sizes=\"auto, (max-width: 382px) 100vw, 382px\" \/><\/a><\/p>\n<p>Funkcja edycji pozwala u\u017cytkownikowi zmodyfikowa\u0107 pierwotn\u0105 og\u00f3ln\u0105 warto\u015b\u0107 dla ostatniego serwisu oraz zmieni\u0107 kolejny okres serwisowy indywidualnie dla ka\u017cdego pojazdu. Opcja edytowania nie pozwala na zmian\u0119 rodzaju parametru, zatem jedno zadanie serwisowe jest powi\u0105zane z jednym parametrem pomiaru (przebieg\/data\/godziny pracy).<\/p>\n<hr \/>\n<p><div class=\"alignleft\"><a href=\"https:\/\/www.fmsdocumentation.com\/pl\/maintenance-tasks-menu\/maintenance-tasks-overview\/\" title=\"Sekcja zada\u0144 serwisowych\"><span class=\"arrow\">\u2039 &nbsp <\/span> Sekcja zada\u0144 serwisowych <\/a><\/div> <div class=\"alignright\"><a href=\"https:\/\/www.fmsdocumentation.com\/pl\/eco-driving-menu\/\" title=\"Menu Ekonomicznej jazdy (Eco-Drive)\">Menu Ekonomicznej jazdy (Eco-Drive) <span class=\"arrow\"> &nbsp\u203a <\/span> <\/a><\/div><\/p>\n","protected":false},"excerpt":{"rendered":"<p>Poniewa\u017c przy tworzeniu zadania serwisowego wszystkie informacje s\u0105 uog\u00f3lniane, niekt\u00f3re z nich mog\u0105 by\u0107 niedok\u0142adne i wymagaj\u0105 dodatkowych zmian. Mo\u017cna to zrobi\u0107 za pomoc\u0105 opcji \u201eEdycja\u201d. Najpierw nale\u017cy wybra\u0107 pojazd lub pojazdy do edycji, klikaj\u0105c pola wyboru na pocz\u0105tku rz\u0119du pojazdu na li\u015bcie pojazd\u00f3w. Potem nale\u017cy klikn\u0105\u0107 przycisk edycji. Po wykonaniu powy\u017cszych czynno\u015bci pojawi si\u0119 &hellip; <a href=\"https:\/\/www.fmsdocumentation.com\/pl\/maintenance-tasks-menu\/maintenance-task-vehicle-edit\/\" class=\"more-link\">Czytaj dalej <span class=\"screen-reader-text\">Edycja zada\u0144 serwisowych dla pojazd\u00f3w<\/span><\/a><\/p>\n","protected":false},"author":1,"featured_media":0,"parent":4571,"menu_order":3,"comment_status":"closed","ping_status":"closed","template":"","meta":{"footnotes":""},"class_list":["post-4568","page","type-page","status-publish","hentry"],"_links":{"self":[{"href":"https:\/\/www.fmsdocumentation.com\/pl\/wp-json\/wp\/v2\/pages\/4568","targetHints":{"allow":["GET"]}}],"collection":[{"href":"https:\/\/www.fmsdocumentation.com\/pl\/wp-json\/wp\/v2\/pages"}],"about":[{"href":"https:\/\/www.fmsdocumentation.com\/pl\/wp-json\/wp\/v2\/types\/page"}],"author":[{"embeddable":true,"href":"https:\/\/www.fmsdocumentation.com\/pl\/wp-json\/wp\/v2\/users\/1"}],"replies":[{"embeddable":true,"href":"https:\/\/www.fmsdocumentation.com\/pl\/wp-json\/wp\/v2\/comments?post=4568"}],"version-history":[{"count":3,"href":"https:\/\/www.fmsdocumentation.com\/pl\/wp-json\/wp\/v2\/pages\/4568\/revisions"}],"predecessor-version":[{"id":6987,"href":"https:\/\/www.fmsdocumentation.com\/pl\/wp-json\/wp\/v2\/pages\/4568\/revisions\/6987"}],"up":[{"embeddable":true,"href":"https:\/\/www.fmsdocumentation.com\/pl\/wp-json\/wp\/v2\/pages\/4571"}],"wp:attachment":[{"href":"https:\/\/www.fmsdocumentation.com\/pl\/wp-json\/wp\/v2\/media?parent=4568"}],"curies":[{"name":"wp","href":"https:\/\/api.w.org\/{rel}","templated":true}]}}