{"id":4569,"date":"2017-04-06T08:58:46","date_gmt":"2017-04-06T08:58:46","guid":{"rendered":"http:\/\/www.fmsdocumentation.com\/maintenance-tasks-overview\/"},"modified":"2019-01-14T13:20:03","modified_gmt":"2019-01-14T11:20:03","slug":"maintenance-tasks-overview","status":"publish","type":"page","link":"https:\/\/www.fmsdocumentation.com\/pl\/maintenance-tasks-menu\/maintenance-tasks-overview\/","title":{"rendered":"Sekcja zada\u0144 serwisowych"},"content":{"rendered":"<p>Lista wy\u015bwietla wszystkie zadania serwisowe utworzone przez u\u017cytkownika. Ka\u017cde zadanie wy\u015bwietla dodatkowe informacje, takie jak:<\/p>\n<ul>\n<li><strong>Nazwa zadania serwisowego<\/strong>;<\/li>\n<li><strong>Liczba pojazd\u00f3w przypisanych do zadania serwisowego<\/strong>;<\/li>\n<li><strong>Liczba pojazd\u00f3w wed\u0142ug statusu<\/strong>\u2013 wy\u015bwietla niewielki wykres oraz liczb\u0119 pojazd\u00f3w dla ka\u017cdego statusu. Dost\u0119pne s\u0105 trzy statusy oznaczone kolorami:\n<ul>\n<li><strong>Zielony \u2013\u00a0<\/strong>status OK, nie wymaga uwagi, czas lub odleg\u0142o\u015b\u0107 do kolejnej czynno\u015bci serwisowej s\u0105 wi\u0119ksze ni\u017c 20% warto\u015bci pocz\u0105tkowej;<\/li>\n<li><strong>\u017b\u00f3\u0142ty \u2013<\/strong>oczekiwanie, co oznacza, \u017ce pojazd czeka na serwis, a czas lub odleg\u0142o\u015b\u0107 do kolejnej czynno\u015bci serwisowej wynosi mniej ni\u017c 20% warto\u015bci pocz\u0105tkowej (na przyk\u0142ad, okres wynosi 100 dni, pojazd je\u017adzi\u0142 przez 85 dni, do kolejnej czynno\u015bci serwisowej pozostaje 15 dni (15% z warto\u015bci pocz\u0105tkowej wynosz\u0105cej 100 &lt; 20%));<\/li>\n<li><strong>Czerwony \u2013<\/strong>op\u00f3\u017anienie, co oznacza, \u017ce czas lub odleg\u0142o\u015b\u0107 dla czynno\u015bci serwisowej zosta\u0142y przekroczone i czynno\u015b\u0107 ta jest op\u00f3\u017aniona.<\/li>\n<\/ul>\n<\/li>\n<\/ul>\n<p><img loading=\"lazy\" decoding=\"async\" class=\"alignnone wp-image-6974 size-full\" src=\"https:\/\/www.fmsdocumentation.com\/wp-content\/uploads\/2019\/01\/144PL.png\" alt=\"\" width=\"290\" height=\"282\" \/><\/p>\n<p>Po klikni\u0119ciu na zadanie znajduj\u0105ce si\u0119 na li\u015bcie otworzy si\u0119 og\u00f3lny panel dla zadania serwisowego. Domy\u015blnie otwarte jest pierwsze zadanie serwisowe na li\u015bcie. Opis og\u00f3lnego panelu:<\/p>\n<ol>\n<li><strong>Nazwa zadania serwisowego<\/strong>;<\/li>\n<li><strong>Dodaj pojazd\u00a0<\/strong>\u2013 pozwala dodawa\u0107 pojazdy do aktualnie wybranego zadania. Panel jest podobny do opisanego ju\u017c panelu tworzenia zadania serwisowego. U\u017cytkownik mo\u017ce wybra\u0107 wszystkie pojazdy, kt\u00f3re chce doda\u0107 do tego zadania serwisowego. U\u017cytkownik mo\u017ce tak\u017ce zmieni\u0107 opis dla zadania i ustawi\u0107 niestandardowe warto\u015bci dla nast\u0119puj\u0105cych p\u00f3l:\n<ul>\n<li><strong>Przebieg dla ostatniego serwisu;<\/strong><\/li>\n<li><strong>Powt\u00f3rz zadanie po;<\/strong><\/li>\n<li><strong>Potwierdzenie zadania.<\/strong><\/li>\n<\/ul>\n<\/li>\n<li><strong>Usu\u0144 zadanie\u00a0<\/strong>\u2013 po klikni\u0119ciu na t\u0119 opcj\u0119 pojawi si\u0119 okno z pro\u015bb\u0105 o potwierdzenie, w kt\u00f3rym u\u017cytkownik musi potwierdzi\u0107 usuni\u0119cie zadania serwisowego. Je\u015bli u\u017cytkownik klikn\u0105\u0142 t\u0119 opcj\u0119 przez przypadek, wystarczy nacisn\u0105\u0107 przycisk \u201eAnuluj\u201d lub klikn\u0105\u0107 gdziekolwiek poza oknem z pro\u015bb\u0105 o potwierdzenie.<\/li>\n<li><strong>Edycja\u00a0<\/strong>\u2013 pozwala edytowa\u0107 wybrany pojazd lub pojazdy (zaznaczone pole wyboru). Funkcja edytowania jest opisana w nast\u0119pnej sekcji.<\/li>\n<li><strong>Usu\u0144 pojazd\u00a0<\/strong>\u2013 po klikni\u0119ciu na ten przycisk wszystkie zaznaczone pojazdy zostan\u0105 usuni\u0119te z wybranego zadania<\/li>\n<li><strong>Zatwierd\u017a\u00a0\u00a0<\/strong>\u2013 ten przycisk s\u0142u\u017cy do potwierdzania czynno\u015bci serwisowej; klikni\u0119cie zaznaczy czynno\u015bci serwisowe dla wszystkich wybranych pojazd\u00f3w. Mo\u017cna potwierdza\u0107 czynno\u015bci serwisowe dla ka\u017cdego pojazdu z osobna, jak opisano poni\u017cej. (<strong>UWAGA: Potwierdzi\u0107 mo\u017cna tylko pojazdy ze statusem \u017c\u00f3\u0142tym lub czerwonym! Nie mo\u017cna potwierdzi\u0107 pojazd\u00f3w ze statusem zielonym. W przypadku wyboru kilku pojazd\u00f3w z r\u00f3\u017cnymi kolorami, po klikni\u0119ciu na przycisk potwierdzone zostan\u0105 tylko pojazdy ze statusem czerwonym lub \u017c\u00f3\u0142tym i pojawi si\u0119 okno z ostrze\u017ceniem, \u017ce nie uda\u0142o si\u0119 potwierdzi\u0107 niekt\u00f3rych pojazd\u00f3w (z kolorem zielonym)<\/strong>).<\/li>\n<li><strong>Lista pojazd\u00f3w\u00a0\u00a0<\/strong>\u2013 lista wszystkich pojazd\u00f3w aktualnie przypisanych do wybranego zadania serwisowego. W ka\u017cdym rz\u0119dzie dla ka\u017cdego pojazdu wy\u015bwietlane s\u0105 dodatkowe informacje. Na pocz\u0105tku ka\u017cdego wiersza znajduje si\u0119 pole wyboru, kt\u00f3rego u\u017cywa si\u0119 przy edycji pojazdu, usuwaniu go z zadania serwisowego lub potwierdzaniu czynno\u015bci serwisowej. Po klikni\u0119ciu na pole wyboru w nag\u0142\u00f3wku, zaznaczone\/odznaczone zostan\u0105 wszystkie pojazdy.<\/li>\n<\/ol>\n<p><a href=\"https:\/\/www.fmsdocumentation.com\/wp-content\/uploads\/2019\/01\/145PL.png\"><img loading=\"lazy\" decoding=\"async\" class=\"alignnone wp-image-6976 size-full\" src=\"https:\/\/www.fmsdocumentation.com\/wp-content\/uploads\/2019\/01\/145PL.png\" alt=\"\" width=\"868\" height=\"429\" srcset=\"https:\/\/www.fmsdocumentation.com\/wp-content\/uploads\/2019\/01\/145PL.png 868w, https:\/\/www.fmsdocumentation.com\/wp-content\/uploads\/2019\/01\/145PL-300x148.png 300w, https:\/\/www.fmsdocumentation.com\/wp-content\/uploads\/2019\/01\/145PL-768x380.png 768w\" sizes=\"auto, (max-width: 868px) 100vw, 868px\" \/><\/a><\/p>\n<p>Lista pojazd\u00f3w zawiera wszystkie wa\u017cne informacje dotycz\u0105ce zaplanowanej czynno\u015bci serwisowej. Lista mo\u017ce r\u00f3\u017cni\u0107 si\u0119 w zale\u017cno\u015bci od wybranego rodzaju parametru. Je\u015bli wybrany zostanie przebieg, na li\u015bcie pojawi si\u0119 dodatkowa kolumna zatytu\u0142owana \u201ePrzebieg\u201d, kt\u00f3ra b\u0119dzie wy\u015bwietla\u0107 aktualny przebieg dla ka\u017cdego pojazdu, podobnie w przypadku godzin pracy. Po wybraniu godzin pracy jako rodzaju parametru, na li\u015bcie pojazd\u00f3w pojawi si\u0119 kolumna \u201eGodziny pracy\u201d. W przypadku wybrania \u201eDaty\u201d, nie pojawiaj\u0105 si\u0119 dodatkowe kolumny. Wszystkie inne kolumny pozostaj\u0105 bez zmian, a ich nag\u0142\u00f3wki nie wymagaj\u0105 dodatkowych wyja\u015bnie\u0144.<\/p>\n<p>Ostatnia kolumna na li\u015bcie to\u00a0<strong>status zadania<\/strong>. Obok statusu zadania znajduje si\u0119 ikona informacyjna. Po najechaniu na ni\u0105 kursorem system wy\u015bwietli napis\u00a0\u201eOp\u00f3\u017anienie\u201d lub\u00a0\u201eOczekiwanie\u201d. Dla ka\u017cdego pojazdu o statusie \u201eOp\u00f3\u017anienie\u201d lub \u201eOczekiwanie\u201d, przy aktualnym statusie b\u0119dzie dost\u0119pny przycisk potwierdzenia. Po klikni\u0119ciu na ten przycisk czynno\u015bci konserwacyjne zostan\u0105 potwierdzone tylko dla tego pojazdu, kt\u00f3ry znajduje si\u0119 w danym wierszu.<\/p>\n<p><a href=\"https:\/\/www.fmsdocumentation.com\/wp-content\/uploads\/2019\/01\/146PL.png\"><img loading=\"lazy\" decoding=\"async\" class=\"alignnone wp-image-6978 size-full\" src=\"https:\/\/www.fmsdocumentation.com\/wp-content\/uploads\/2019\/01\/146PL.png\" alt=\"\" width=\"194\" height=\"176\" \/><\/a><\/p>\n<hr \/>\n<p><div class=\"alignleft\"><a href=\"https:\/\/www.fmsdocumentation.com\/pl\/maintenance-tasks-menu\/create-maintenance-task\/\" title=\"Tworzenie zada\u0144 serwisowych\"><span class=\"arrow\">\u2039 &nbsp <\/span> Tworzenie zada\u0144 serwisowych <\/a><\/div> <div class=\"alignright\"><a href=\"https:\/\/www.fmsdocumentation.com\/pl\/maintenance-tasks-menu\/maintenance-task-vehicle-edit\/\" title=\"Edycja zada\u0144 serwisowych dla pojazd\u00f3w\">Edycja zada\u0144 serwisowych dla pojazd\u00f3w <span class=\"arrow\"> &nbsp\u203a <\/span> <\/a><\/div><\/p>\n","protected":false},"excerpt":{"rendered":"<p>Lista wy\u015bwietla wszystkie zadania serwisowe utworzone przez u\u017cytkownika. Ka\u017cde zadanie wy\u015bwietla dodatkowe informacje, takie jak: Nazwa zadania serwisowego; Liczba pojazd\u00f3w przypisanych do zadania serwisowego; Liczba pojazd\u00f3w wed\u0142ug statusu\u2013 wy\u015bwietla niewielki wykres oraz liczb\u0119 pojazd\u00f3w dla ka\u017cdego statusu. Dost\u0119pne s\u0105 trzy statusy oznaczone kolorami: Zielony \u2013\u00a0status OK, nie wymaga uwagi, czas lub odleg\u0142o\u015b\u0107 do kolejnej czynno\u015bci &hellip; <a href=\"https:\/\/www.fmsdocumentation.com\/pl\/maintenance-tasks-menu\/maintenance-tasks-overview\/\" class=\"more-link\">Czytaj dalej <span class=\"screen-reader-text\">Sekcja zada\u0144 serwisowych<\/span><\/a><\/p>\n","protected":false},"author":1,"featured_media":0,"parent":4571,"menu_order":2,"comment_status":"closed","ping_status":"closed","template":"","meta":{"footnotes":""},"class_list":["post-4569","page","type-page","status-publish","hentry"],"_links":{"self":[{"href":"https:\/\/www.fmsdocumentation.com\/pl\/wp-json\/wp\/v2\/pages\/4569","targetHints":{"allow":["GET"]}}],"collection":[{"href":"https:\/\/www.fmsdocumentation.com\/pl\/wp-json\/wp\/v2\/pages"}],"about":[{"href":"https:\/\/www.fmsdocumentation.com\/pl\/wp-json\/wp\/v2\/types\/page"}],"author":[{"embeddable":true,"href":"https:\/\/www.fmsdocumentation.com\/pl\/wp-json\/wp\/v2\/users\/1"}],"replies":[{"embeddable":true,"href":"https:\/\/www.fmsdocumentation.com\/pl\/wp-json\/wp\/v2\/comments?post=4569"}],"version-history":[{"count":5,"href":"https:\/\/www.fmsdocumentation.com\/pl\/wp-json\/wp\/v2\/pages\/4569\/revisions"}],"predecessor-version":[{"id":6980,"href":"https:\/\/www.fmsdocumentation.com\/pl\/wp-json\/wp\/v2\/pages\/4569\/revisions\/6980"}],"up":[{"embeddable":true,"href":"https:\/\/www.fmsdocumentation.com\/pl\/wp-json\/wp\/v2\/pages\/4571"}],"wp:attachment":[{"href":"https:\/\/www.fmsdocumentation.com\/pl\/wp-json\/wp\/v2\/media?parent=4569"}],"curies":[{"name":"wp","href":"https:\/\/api.w.org\/{rel}","templated":true}]}}