{"id":4571,"date":"2017-04-06T08:55:37","date_gmt":"2017-04-06T08:55:37","guid":{"rendered":"http:\/\/www.fmsdocumentation.com\/maintenance-tasks-menu\/"},"modified":"2020-06-09T14:22:04","modified_gmt":"2020-06-09T11:22:04","slug":"maintenance-tasks-menu","status":"publish","type":"page","link":"https:\/\/www.fmsdocumentation.com\/pl\/maintenance-tasks-menu\/","title":{"rendered":"Menu zada\u0144 serwisowych"},"content":{"rendered":"<p>Aby przej\u015b\u0107 do panelu zada\u0144 serwisowych, nale\u017cy klikn\u0105\u0107 na odpowiedni\u0105 ikon\u0119 w panelu nawigacji po lewej stronie ekranu.<\/p>\n<p><a href=\"https:\/\/www.fmsdocumentation.com\/wp-content\/uploads\/2019\/01\/140PL.png\"><img loading=\"lazy\" decoding=\"async\" class=\"alignnone wp-image-6967 size-large\" src=\"https:\/\/www.fmsdocumentation.com\/wp-content\/uploads\/2019\/01\/140PL-1024x560.png\" alt=\"\" width=\"660\" height=\"361\" srcset=\"https:\/\/www.fmsdocumentation.com\/wp-content\/uploads\/2019\/01\/140PL-1024x560.png 1024w, https:\/\/www.fmsdocumentation.com\/wp-content\/uploads\/2019\/01\/140PL-300x164.png 300w, https:\/\/www.fmsdocumentation.com\/wp-content\/uploads\/2019\/01\/140PL-768x420.png 768w, https:\/\/www.fmsdocumentation.com\/wp-content\/uploads\/2019\/01\/140PL.png 1237w\" sizes=\"auto, (max-width: 660px) 100vw, 660px\" \/><\/a><\/p>\n<p>Pojawi si\u0119 panel \u201ePlanowanie serwisu\u201d, gdzie u\u017cytkownik mo\u017ce wykona\u0107 nast\u0119puj\u0105ce czynno\u015bci:<\/p>\n<ul>\n<li>Tworzenie nowych zada\u0144 serwisowych dla pojazd\u00f3w;<\/li>\n<li>Przegl\u0105danie\/modyfikowanie\/usuwanie istniej\u0105cych zada\u0144 serwisowych.<\/li>\n<\/ul>\n<p>Zadania serwisowe s\u0142u\u017c\u0105 do ustawiania okres\u00f3w serwisowych dla pojazd\u00f3w w aktywnej flocie. System zarz\u0105dzania flot\u0105 korzysta z danych otrzymywanych od pojazd\u00f3w, takich jak przebieg lub godziny pracy, aby u\u0142atwia\u0107 monitorowanie i planowanie nadchodz\u0105cych napraw i czynno\u015bci serwisowych dla obiektu.<\/p>\n<p>&nbsp;<\/p>\n<hr \/>\n<p><div class=\"alignleft\"><a href=\"https:\/\/www.fmsdocumentation.com\/pl\/events-menu\/event-list-modifications\/\" title=\"Modyfikacje listy zdarze\u0144\"><span class=\"arrow\">\u2039 &nbsp <\/span> Modyfikacje listy zdarze\u0144 <\/a><\/div> <div class=\"alignright\"><a href=\"https:\/\/www.fmsdocumentation.com\/pl\/maintenance-tasks-menu\/create-maintenance-task\/\" title=\"Tworzenie zada\u0144 serwisowych\">Tworzenie zada\u0144 serwisowych <span class=\"arrow\"> &nbsp\u203a <\/span> <\/a><\/div><\/p>\n","protected":false},"excerpt":{"rendered":"<p>Aby przej\u015b\u0107 do panelu zada\u0144 serwisowych, nale\u017cy klikn\u0105\u0107 na odpowiedni\u0105 ikon\u0119 w panelu nawigacji po lewej stronie ekranu. Pojawi si\u0119 panel \u201ePlanowanie serwisu\u201d, gdzie u\u017cytkownik mo\u017ce wykona\u0107 nast\u0119puj\u0105ce czynno\u015bci: Tworzenie nowych zada\u0144 serwisowych dla pojazd\u00f3w; Przegl\u0105danie\/modyfikowanie\/usuwanie istniej\u0105cych zada\u0144 serwisowych. Zadania serwisowe s\u0142u\u017c\u0105 do ustawiania okres\u00f3w serwisowych dla pojazd\u00f3w w aktywnej flocie. System zarz\u0105dzania flot\u0105 korzysta &hellip; <a href=\"https:\/\/www.fmsdocumentation.com\/pl\/maintenance-tasks-menu\/\" class=\"more-link\">Czytaj dalej <span class=\"screen-reader-text\">Menu zada\u0144 serwisowych<\/span><\/a><\/p>\n","protected":false},"author":1,"featured_media":0,"parent":0,"menu_order":79,"comment_status":"closed","ping_status":"closed","template":"","meta":{"footnotes":""},"class_list":["post-4571","page","type-page","status-publish","hentry"],"_links":{"self":[{"href":"https:\/\/www.fmsdocumentation.com\/pl\/wp-json\/wp\/v2\/pages\/4571","targetHints":{"allow":["GET"]}}],"collection":[{"href":"https:\/\/www.fmsdocumentation.com\/pl\/wp-json\/wp\/v2\/pages"}],"about":[{"href":"https:\/\/www.fmsdocumentation.com\/pl\/wp-json\/wp\/v2\/types\/page"}],"author":[{"embeddable":true,"href":"https:\/\/www.fmsdocumentation.com\/pl\/wp-json\/wp\/v2\/users\/1"}],"replies":[{"embeddable":true,"href":"https:\/\/www.fmsdocumentation.com\/pl\/wp-json\/wp\/v2\/comments?post=4571"}],"version-history":[{"count":3,"href":"https:\/\/www.fmsdocumentation.com\/pl\/wp-json\/wp\/v2\/pages\/4571\/revisions"}],"predecessor-version":[{"id":6968,"href":"https:\/\/www.fmsdocumentation.com\/pl\/wp-json\/wp\/v2\/pages\/4571\/revisions\/6968"}],"wp:attachment":[{"href":"https:\/\/www.fmsdocumentation.com\/pl\/wp-json\/wp\/v2\/media?parent=4571"}],"curies":[{"name":"wp","href":"https:\/\/api.w.org\/{rel}","templated":true}]}}