{"id":4573,"date":"2017-04-06T08:52:04","date_gmt":"2017-04-06T08:52:04","guid":{"rendered":"http:\/\/www.fmsdocumentation.com\/event-list-modifications\/"},"modified":"2019-01-24T16:33:40","modified_gmt":"2019-01-24T14:33:40","slug":"event-list-modifications","status":"publish","type":"page","link":"https:\/\/www.fmsdocumentation.com\/pl\/events-menu\/event-list-modifications\/","title":{"rendered":"Modyfikacje listy zdarze\u0144"},"content":{"rendered":"<p>Lista wszystkich zdarze\u0144 znajduje si\u0119 pod przyciskiem \u201e+ Nowe zdarzenie\u201d.<\/p>\n<p><a href=\"https:\/\/www.fmsdocumentation.com\/wp-content\/uploads\/2019\/01\/115PL.png\"><img loading=\"lazy\" decoding=\"async\" class=\"alignnone wp-image-6917 size-full\" src=\"https:\/\/www.fmsdocumentation.com\/wp-content\/uploads\/2019\/01\/115PL.png\" alt=\"\" width=\"376\" height=\"483\" srcset=\"https:\/\/www.fmsdocumentation.com\/wp-content\/uploads\/2019\/01\/115PL.png 376w, https:\/\/www.fmsdocumentation.com\/wp-content\/uploads\/2019\/01\/115PL-234x300.png 234w\" sizes=\"auto, (max-width: 376px) 100vw, 376px\" \/><\/a><\/p>\n<p>Lista zdarze\u0144 jest automatycznie porz\u0105dkowana w kolejno\u015bci alfabetycznej. Mo\u017cna ustawi\u0107 filtr, kt\u00f3ry u\u0142atwia wyszukiwanie zdarze\u0144. Aby zmieni\u0107 filtr, nale\u017cy klikn\u0105\u0107 pole \u201ePoka\u017c zdarzenia\u201d (Show events). Otworzy si\u0119 rozwijana lista dost\u0119pnych filtr\u00f3w. Aktualnie wybrany filtr b\u0119dzie oznaczony ciemniejszym odcieniem koloru szarego oraz niebieskim paskiem po prawej stronie nazwy filtra. Dost\u0119pne s\u0105 nast\u0119puj\u0105ce filtry:<\/p>\n<ul>\n<li><strong>Wszystkie\u00a0<\/strong>\u2013 wy\u015bwietla wszystkie zdarzenia;<\/li>\n<li><strong>Wprowadzenie<\/strong>\u2013 wy\u015bwietla zdarzenia aktywowane zmian\u0105 warto\u015bci danych wej\u015bciowych;<\/li>\n<li><strong>Zap\u0142on <\/strong>\u2013 wy\u015bwietla zdarzenia aktywowane zmian\u0105 statusu zap\u0142onu;<\/li>\n<li><strong>Strefa geograficzna \u2013\u00a0<\/strong>wy\u015bwietla zdarzenia aktywowane przez wjazd na teren geostrefy lub jej opuszczenie;<\/li>\n<li><strong>Mieszane<\/strong>\u2013 wy\u015bwietla zdarzenia aktywowane przez wi\u0119cej ni\u017c jeden warunek.<\/li>\n<\/ul>\n<p>Po klikni\u0119ciu \u017c\u0105danego filtra lista zaktualizuje si\u0119 automatycznie z uwzgl\u0119dnieniem wybranego filtra. Obok ka\u017cdego zdarzenia znajduje si\u0119 ikona, kt\u00f3ra informuje u\u017cytkownika, jakiego rodzaju jest to zdarzenie. Ikony te s\u0105 przedstawione poni\u017cej.<\/p>\n<p><a href=\"https:\/\/www.fmsdocumentation.com\/wp-content\/uploads\/2019\/01\/116PL.png\"><img loading=\"lazy\" decoding=\"async\" class=\"alignnone wp-image-6919 size-full\" src=\"https:\/\/www.fmsdocumentation.com\/wp-content\/uploads\/2019\/01\/116PL.png\" alt=\"\" width=\"326\" height=\"292\" srcset=\"https:\/\/www.fmsdocumentation.com\/wp-content\/uploads\/2019\/01\/116PL.png 326w, https:\/\/www.fmsdocumentation.com\/wp-content\/uploads\/2019\/01\/116PL-300x269.png 300w\" sizes=\"auto, (max-width: 326px) 100vw, 326px\" \/><\/a><\/p>\n<p>Aktywne zdarzenia maj\u0105 niebieskie ikony, a nieaktywne szare ikony.<\/p>\n<p><a href=\"https:\/\/www.fmsdocumentation.com\/wp-content\/uploads\/2018\/03\/328.png\"><img loading=\"lazy\" decoding=\"async\" class=\"alignnone size-full wp-image-4494\" src=\"https:\/\/www.fmsdocumentation.com\/wp-content\/uploads\/2018\/03\/328.png\" alt=\"\" width=\"352\" height=\"281\" srcset=\"https:\/\/www.fmsdocumentation.com\/wp-content\/uploads\/2018\/03\/328.png 352w, https:\/\/www.fmsdocumentation.com\/wp-content\/uploads\/2018\/03\/328-300x239.png 300w\" sizes=\"auto, (max-width: 352px) 100vw, 352px\" \/><\/a><\/p>\n<p>Po klikni\u0119ciu na zdarzenie otworzy si\u0119 panel szczeg\u00f3\u0142\u00f3w zdarzenia. Ten panel b\u0119dzie wy\u015bwietla\u0142 wszystkie informacje wprowadzone podczas tworzenia tego zdarzenia. Pierwszy parametr to \u201eStatus zdarzenia\u201d \u2013 ten prze\u0142\u0105cznik s\u0142u\u017cy do w\u0142\u0105czania lub wy\u0142\u0105czania danego zdarzenia. Ustawienie jest zapisywane automatycznie po ka\u017cdej zmianie. Pozosta\u0142e elementy to standardowe informacje. Ponadto na tym panelu u\u017cytkownik mo\u017ce przypisa\u0107 to zdarzenie do pojazd\u00f3w. Aby to zrobi\u0107, nale\u017cy klikn\u0105\u0107 \u201e+\u201d obok pola \u201ePojazdy\u201d.<\/p>\n<p><a href=\"https:\/\/www.fmsdocumentation.com\/wp-content\/uploads\/2019\/01\/117PL.png\"><img loading=\"lazy\" decoding=\"async\" class=\"alignnone wp-image-6920 size-full\" src=\"https:\/\/www.fmsdocumentation.com\/wp-content\/uploads\/2019\/01\/117PL.png\" alt=\"\" width=\"650\" height=\"743\" srcset=\"https:\/\/www.fmsdocumentation.com\/wp-content\/uploads\/2019\/01\/117PL.png 650w, https:\/\/www.fmsdocumentation.com\/wp-content\/uploads\/2019\/01\/117PL-262x300.png 262w\" sizes=\"auto, (max-width: 650px) 100vw, 650px\" \/><\/a><\/p>\n<p>Pojawi si\u0119 lista wyboru pojazd\u00f3w wy\u015bwietlaj\u0105ca wszystkie pojazdy. Aktualnie wybrane pojazdy b\u0119d\u0105 zaznaczone niebieskim znakiem w polu obok nazwy pojazdu. Aby doda\u0107 lub usun\u0105\u0107 pojazd, wystarczy klikn\u0105\u0107 pole wyboru. Po wprowadzeniu zmian nale\u017cy klikn\u0105\u0107 przycisk \u201eZastosuj\u201d, w przeciwnym razie zmiany nie zostan\u0105 zapisane. Aby anulowa\u0107 zmiany, nale\u017cy wcisn\u0105\u0107 przycisk \u201eAnuluj\u201d lub klikn\u0105\u0107 gdziekolwiek poza oknem wyboru pojazdu.<\/p>\n<p><p class=\"note\">Uwaga<br \/>\nJe\u015bli nazwa pojazdu na li\u015bcie ma kolor szary, oznacza to, \u017ce nie obs\u0142uguje parametru wymaganego dla tego zdarzenia. Taki pojazd nie b\u0119dzie dost\u0119pny do wyboru. <\/p><\/p>\n<p><a href=\"https:\/\/www.fmsdocumentation.com\/wp-content\/uploads\/2019\/01\/118PL.png\"><img loading=\"lazy\" decoding=\"async\" class=\"alignnone wp-image-6921 size-full\" src=\"https:\/\/www.fmsdocumentation.com\/wp-content\/uploads\/2019\/01\/118PL.png\" alt=\"\" width=\"675\" height=\"514\" srcset=\"https:\/\/www.fmsdocumentation.com\/wp-content\/uploads\/2019\/01\/118PL.png 675w, https:\/\/www.fmsdocumentation.com\/wp-content\/uploads\/2019\/01\/118PL-300x228.png 300w\" sizes=\"auto, (max-width: 675px) 100vw, 675px\" \/><\/a><\/p>\n<p>Aby edytowa\u0107 inne informacje dla tego zdarzenia, nale\u017cy klikn\u0105\u0107 przycisk \u201eRedaguj\u201d. Otworzy si\u0119 takie samo okno, jak w przypadku tworzenia nowego zdarzenia. Ta funkcja jest opisana w poprzedniej sekcji (<a href=\"https:\/\/www.fmsdocumentation.com\/pl\/events-menu\/create-new-event\/?lang=pl\">Tworzenie nowego zdarzenia<\/a>).\u00a0Po wprowadzeniu zmian nale\u017cy klikn\u0105\u0107 przycisk \u201eAktualizuj\u201d. W przeciwnym razie zmiany nie zostan\u0105 zapisane.<\/p>\n<p><a href=\"https:\/\/www.fmsdocumentation.com\/wp-content\/uploads\/2019\/01\/119PL.png\"><img loading=\"lazy\" decoding=\"async\" class=\"alignnone wp-image-6922 size-full\" src=\"https:\/\/www.fmsdocumentation.com\/wp-content\/uploads\/2019\/01\/119PL.png\" alt=\"\" width=\"765\" height=\"750\" srcset=\"https:\/\/www.fmsdocumentation.com\/wp-content\/uploads\/2019\/01\/119PL.png 765w, https:\/\/www.fmsdocumentation.com\/wp-content\/uploads\/2019\/01\/119PL-300x294.png 300w\" sizes=\"auto, (max-width: 765px) 100vw, 765px\" \/><\/a><\/p>\n<p>Je\u015bli u\u017cytkownik nie chce zapisywa\u0107 zmian, musi jedynie klikn\u0105\u0107 przycisk \u201eZamknij\u201d lub gdziekolwiek poza oknem \u201eRedaguj zdarzenie\u201d.<\/p>\n<hr \/>\n<p><div class=\"alignleft\"><a href=\"https:\/\/www.fmsdocumentation.com\/pl\/events-menu\/create-new-event\/\" title=\"Tworzenie nowego zdarzenia\"><span class=\"arrow\">\u2039 &nbsp <\/span> Tworzenie nowego zdarzenia <\/a><\/div> <div class=\"alignright\"><a href=\"https:\/\/www.fmsdocumentation.com\/pl\/maintenance-tasks-menu\/\" title=\"Menu zada\u0144 serwisowych\">Menu zada\u0144 serwisowych <span class=\"arrow\"> &nbsp\u203a <\/span> <\/a><\/div><\/p>\n","protected":false},"excerpt":{"rendered":"<p>Lista wszystkich zdarze\u0144 znajduje si\u0119 pod przyciskiem \u201e+ Nowe zdarzenie\u201d. Lista zdarze\u0144 jest automatycznie porz\u0105dkowana w kolejno\u015bci alfabetycznej. Mo\u017cna ustawi\u0107 filtr, kt\u00f3ry u\u0142atwia wyszukiwanie zdarze\u0144. Aby zmieni\u0107 filtr, nale\u017cy klikn\u0105\u0107 pole \u201ePoka\u017c zdarzenia\u201d (Show events). Otworzy si\u0119 rozwijana lista dost\u0119pnych filtr\u00f3w. Aktualnie wybrany filtr b\u0119dzie oznaczony ciemniejszym odcieniem koloru szarego oraz niebieskim paskiem po prawej &hellip; <a href=\"https:\/\/www.fmsdocumentation.com\/pl\/events-menu\/event-list-modifications\/\" class=\"more-link\">Czytaj dalej <span class=\"screen-reader-text\">Modyfikacje listy zdarze\u0144<\/span><\/a><\/p>\n","protected":false},"author":1,"featured_media":0,"parent":4575,"menu_order":2,"comment_status":"closed","ping_status":"closed","template":"","meta":{"footnotes":""},"class_list":["post-4573","page","type-page","status-publish","hentry"],"_links":{"self":[{"href":"https:\/\/www.fmsdocumentation.com\/pl\/wp-json\/wp\/v2\/pages\/4573","targetHints":{"allow":["GET"]}}],"collection":[{"href":"https:\/\/www.fmsdocumentation.com\/pl\/wp-json\/wp\/v2\/pages"}],"about":[{"href":"https:\/\/www.fmsdocumentation.com\/pl\/wp-json\/wp\/v2\/types\/page"}],"author":[{"embeddable":true,"href":"https:\/\/www.fmsdocumentation.com\/pl\/wp-json\/wp\/v2\/users\/1"}],"replies":[{"embeddable":true,"href":"https:\/\/www.fmsdocumentation.com\/pl\/wp-json\/wp\/v2\/comments?post=4573"}],"version-history":[{"count":7,"href":"https:\/\/www.fmsdocumentation.com\/pl\/wp-json\/wp\/v2\/pages\/4573\/revisions"}],"predecessor-version":[{"id":7006,"href":"https:\/\/www.fmsdocumentation.com\/pl\/wp-json\/wp\/v2\/pages\/4573\/revisions\/7006"}],"up":[{"embeddable":true,"href":"https:\/\/www.fmsdocumentation.com\/pl\/wp-json\/wp\/v2\/pages\/4575"}],"wp:attachment":[{"href":"https:\/\/www.fmsdocumentation.com\/pl\/wp-json\/wp\/v2\/media?parent=4573"}],"curies":[{"name":"wp","href":"https:\/\/api.w.org\/{rel}","templated":true}]}}