{"id":4574,"date":"2017-04-06T08:48:47","date_gmt":"2017-04-06T08:48:47","guid":{"rendered":"http:\/\/www.fmsdocumentation.com\/create-new-event\/"},"modified":"2019-01-10T15:29:10","modified_gmt":"2019-01-10T13:29:10","slug":"create-new-event","status":"publish","type":"page","link":"https:\/\/www.fmsdocumentation.com\/pl\/events-menu\/create-new-event\/","title":{"rendered":"Tworzenie nowego zdarzenia"},"content":{"rendered":"<p>Aby utworzy\u0107 nowe zdarzenie, nale\u017cy klikn\u0105\u0107 pole \u201e+ Nowe zdarzenie\u201d.<\/p>\n<p><a href=\"https:\/\/www.fmsdocumentation.com\/wp-content\/uploads\/2018\/11\/101PL.png\"><img loading=\"lazy\" decoding=\"async\" class=\"alignnone wp-image-6220 size-full\" src=\"https:\/\/www.fmsdocumentation.com\/wp-content\/uploads\/2018\/11\/101PL.png\" alt=\"\" width=\"327\" height=\"128\" srcset=\"https:\/\/www.fmsdocumentation.com\/wp-content\/uploads\/2018\/11\/101PL.png 327w, https:\/\/www.fmsdocumentation.com\/wp-content\/uploads\/2018\/11\/101PL-300x117.png 300w\" sizes=\"auto, (max-width: 327px) 100vw, 327px\" \/><\/a><\/p>\n<p>Pojawi si\u0119 w\u00f3wczas nowe okno.<\/p>\n<p><a href=\"https:\/\/www.fmsdocumentation.com\/wp-content\/uploads\/2018\/11\/102PL.png\"><img loading=\"lazy\" decoding=\"async\" class=\"alignnone wp-image-6221 size-full\" src=\"https:\/\/www.fmsdocumentation.com\/wp-content\/uploads\/2018\/11\/102PL.png\" alt=\"\" width=\"680\" height=\"655\" srcset=\"https:\/\/www.fmsdocumentation.com\/wp-content\/uploads\/2018\/11\/102PL.png 680w, https:\/\/www.fmsdocumentation.com\/wp-content\/uploads\/2018\/11\/102PL-300x289.png 300w\" sizes=\"auto, (max-width: 680px) 100vw, 680px\" \/><\/a><\/p>\n<p>W tym oknie nale\u017cy wprowadzi\u0107 parametry dla nowego zdarzenia. Mo\u017cna wype\u0142ni\u0107 nast\u0119puj\u0105ce pola:<\/p>\n<ul>\n<li><strong>Status zdarzenia\u00a0<\/strong>\u2013 prze\u0142\u0105cznik do ustawiania statusu zdarzenia. Mo\u017ce by\u0107 w pozycji w\u0142\u0105czony lub wy\u0142\u0105czony (wskazuje, czy zdarzenie jest aktywne oraz czy b\u0119dzie generowa\u0107 alerty po przypisaniu do pojazdu; ustawienie to mo\u017cna zmieni\u0107 p\u00f3\u017aniej);<\/li>\n<li><strong>Nazwa zdarzenia\u00a0<\/strong>\u2013 \u017c\u0105dana nazwa dla danego zdarzenia;<\/li>\n<li><strong>Opis \u2013\u00a0<\/strong>kr\u00f3tki opis zdarzenia; zwykle s\u0142u\u017cy jako przypomnienie, dlaczego to zdarzenie zosta\u0142o utworzone i w jakim celu;<\/li>\n<\/ul>\n<p><strong>Warunek\u00a0<\/strong>\u2013 tutaj u\u017cytkownik mo\u017ce wybra\u0107 warunek, kt\u00f3rym aktywowane jest zdarzenie. Do wyboru s\u0105 trzy warunki:<\/p>\n<ul>\n<li><strong>Obszar nadzorowany<\/strong>\u2013 warunek definiowany przez geostref\u0119; warunek ten jest konfigurowany przez nast\u0119puj\u0105ce parametry:\n<ul>\n<li><strong>Wewn\u0105trz \u2013\u00a0<\/strong>alert w\u0142\u0105cza si\u0119, gdy obiekt znajdzie si\u0119 na terenie geostrefy;<\/li>\n<li><strong>Zewn\u0105trz \u2013\u00a0<\/strong>alert w\u0142\u0105cza si\u0119, gdy obiekt opu\u015bci geostref\u0119;<\/li>\n<li><strong>Strefa geograficzna\u00a0<\/strong>\u2013 wybrana geostrefa.<\/li>\n<\/ul>\n<\/li>\n<\/ul>\n<p><a href=\"https:\/\/www.fmsdocumentation.com\/wp-content\/uploads\/2018\/11\/103PL.png\"><img loading=\"lazy\" decoding=\"async\" class=\"alignnone wp-image-6222 size-full\" src=\"https:\/\/www.fmsdocumentation.com\/wp-content\/uploads\/2018\/11\/103PL.png\" alt=\"\" width=\"673\" height=\"66\" srcset=\"https:\/\/www.fmsdocumentation.com\/wp-content\/uploads\/2018\/11\/103PL.png 673w, https:\/\/www.fmsdocumentation.com\/wp-content\/uploads\/2018\/11\/103PL-300x29.png 300w\" sizes=\"auto, (max-width: 673px) 100vw, 673px\" \/><\/a><\/p>\n<ul>\n<li><strong>Wej\u015bcie\u00a0<\/strong>\u2013 warunek definiowany przez status \u017ar\u00f3d\u0142a danych; warunek ten jest konfigurowany przez nast\u0119puj\u0105ce parametry:\n<ul>\n<li><strong>Dane wej\u015bciowe<\/strong><strong>\u00a0\u2013\u00a0<\/strong>dane wej\u015bciowe wybiera si\u0119 z rozwijanej listy standardowych danych wej\u015bciowych;<\/li>\n<li><strong>Znak\u00a0 \u2013\u00a0<\/strong>okre\u015bla stosunek danych wej\u015bciowych do warto\u015bci. Te znaki nie wymagaj\u0105 dodatkowych wyja\u015bnie\u0144 (r\u00f3wna si\u0119, wi\u0119ksze ni\u017c, mniejsze ni\u017c, itp.);<\/li>\n<li><strong>Warto\u015b\u0107 \u2013\u00a0<\/strong>warto\u015b\u0107 liczbowa uzupe\u0142niaj\u0105ca zasady logiczne. (Na przyk\u0142ad: Napi\u0119cie akumulatora jest mniejsze lub r\u00f3wne 22);<\/li>\n<\/ul>\n<\/li>\n<\/ul>\n<p><a href=\"https:\/\/www.fmsdocumentation.com\/wp-content\/uploads\/2018\/12\/104PL.png\"><img loading=\"lazy\" decoding=\"async\" class=\"alignnone wp-image-6389 size-full\" src=\"https:\/\/www.fmsdocumentation.com\/wp-content\/uploads\/2018\/12\/104PL.png\" alt=\"\" width=\"758\" height=\"80\" srcset=\"https:\/\/www.fmsdocumentation.com\/wp-content\/uploads\/2018\/12\/104PL.png 758w, https:\/\/www.fmsdocumentation.com\/wp-content\/uploads\/2018\/12\/104PL-300x32.png 300w\" sizes=\"auto, (max-width: 758px) 100vw, 758px\" \/><\/a><\/p>\n<ul>\n<li><strong>Zap\u0142on <\/strong>\u2013 warunek definiowany przez status zap\u0142onu. Ten warunek jest konfigurowany przez nast\u0119puj\u0105ce parametry:\n<ul>\n<li><strong>Ww\u0142\u0105czony;<\/strong><\/li>\n<li><strong>Wy\u0142\u0105czony.<\/strong><\/li>\n<\/ul>\n<\/li>\n<\/ul>\n<p><a href=\"https:\/\/www.fmsdocumentation.com\/wp-content\/uploads\/2018\/12\/105PL.png\"><img loading=\"lazy\" decoding=\"async\" class=\"alignnone wp-image-6390 size-full\" src=\"https:\/\/www.fmsdocumentation.com\/wp-content\/uploads\/2018\/12\/105PL.png\" alt=\"\" width=\"758\" height=\"69\" srcset=\"https:\/\/www.fmsdocumentation.com\/wp-content\/uploads\/2018\/12\/105PL.png 758w, https:\/\/www.fmsdocumentation.com\/wp-content\/uploads\/2018\/12\/105PL-300x27.png 300w\" sizes=\"auto, (max-width: 758px) 100vw, 758px\" \/><\/a><\/p>\n<ul>\n<li><strong>Pr\u0119dko\u015bc\u00a0<\/strong>\u2013 warunek definiowany przez okre\u015blon\u0105 pr\u0119dko\u015b\u0107. Ten warunek mo\u017ce by\u0107 konfigurowany przez dwa parametry:\n<ul>\n<li><strong>Ograniczenie pr\u0119dko\u015bci\u00a0<\/strong>\u2013 warunek aktywuje si\u0119, je\u015bli zostanie przekroczone ograniczenie pr\u0119dko\u015bci na drodze plus okre\u015blona warto\u015b\u0107 tolerancji (na przyk\u0142ad, ograniczenie pr\u0119dko\u015bci na drodze wynosi 60, tolerancja wynosi 10, zatem zdarzenie aktywuje si\u0119, gdy obiekt przekroczy pr\u0119dko\u015b\u0107 70);<\/li>\n<li><strong>Wybrane ograniczenie pr\u0119dko\u015bci\u00a0<\/strong>\u2013 warunek aktywuje si\u0119 po przekroczeniu ustalonego ograniczenia pr\u0119dko\u015bci.<\/li>\n<\/ul>\n<\/li>\n<\/ul>\n<p><a href=\"https:\/\/www.fmsdocumentation.com\/wp-content\/uploads\/2018\/12\/106PL.png\"><img loading=\"lazy\" decoding=\"async\" class=\"alignnone wp-image-6391 size-full\" src=\"https:\/\/www.fmsdocumentation.com\/wp-content\/uploads\/2018\/12\/106PL.png\" alt=\"\" width=\"759\" height=\"71\" srcset=\"https:\/\/www.fmsdocumentation.com\/wp-content\/uploads\/2018\/12\/106PL.png 759w, https:\/\/www.fmsdocumentation.com\/wp-content\/uploads\/2018\/12\/106PL-300x28.png 300w\" sizes=\"auto, (max-width: 759px) 100vw, 759px\" \/><\/a><\/p>\n<ul>\n<li><strong>Dodaj warunek <\/strong>\u2013 mo\u017cna go doda\u0107, klikaj\u0105c symbol \u201e+\u201d pod pierwszym warunkiem.<\/li>\n<\/ul>\n<p><a href=\"https:\/\/www.fmsdocumentation.com\/wp-content\/uploads\/2019\/01\/107PL.png\"><img loading=\"lazy\" decoding=\"async\" class=\"alignnone wp-image-6907 size-full\" src=\"https:\/\/www.fmsdocumentation.com\/wp-content\/uploads\/2019\/01\/107PL.png\" alt=\"\" width=\"759\" height=\"141\" srcset=\"https:\/\/www.fmsdocumentation.com\/wp-content\/uploads\/2019\/01\/107PL.png 759w, https:\/\/www.fmsdocumentation.com\/wp-content\/uploads\/2019\/01\/107PL-300x56.png 300w\" sizes=\"auto, (max-width: 759px) 100vw, 759px\" \/><\/a><\/p>\n<p>To pozwala doda\u0107 kolejny warunek do zdarzenia oraz zasady logiczne dla warunk\u00f3w. Mo\u017cna ustawi\u0107 jedn\u0105 z dw\u00f3ch zasad logicznych:<\/p>\n<ul>\n<li><strong>I \u2013\u00a0<\/strong>zdarzenie aktywuje si\u0119 tylko wtedy, gdy oba warunki zostan\u0105 spe\u0142nione;<\/li>\n<li><strong>ALBO \u2013\u00a0<\/strong>zdarzenie aktywuje si\u0119, gdy zostanie spe\u0142niony jeden z dw\u00f3ch warunk\u00f3w.<\/li>\n<\/ul>\n<p>Aby usun\u0105\u0107 warunek, nale\u017cy klikn\u0105\u0107 przycisk \u201eUsu\u0144\u201d (Remove), kt\u00f3ry znajduje si\u0119 nad ka\u017cdym warunkiem. Warunek, kt\u00f3ry znajduje si\u0119 przy tym przycisku zostanie usuni\u0119ty.<\/p>\n<p><a href=\"https:\/\/www.fmsdocumentation.com\/wp-content\/uploads\/2018\/12\/108PL.png\"><img loading=\"lazy\" decoding=\"async\" class=\"alignnone wp-image-6392 size-full\" src=\"https:\/\/www.fmsdocumentation.com\/wp-content\/uploads\/2018\/12\/108PL.png\" alt=\"\" width=\"759\" height=\"206\" srcset=\"https:\/\/www.fmsdocumentation.com\/wp-content\/uploads\/2018\/12\/108PL.png 759w, https:\/\/www.fmsdocumentation.com\/wp-content\/uploads\/2018\/12\/108PL-300x81.png 300w\" sizes=\"auto, (max-width: 759px) 100vw, 759px\" \/><\/a><\/p>\n<ul>\n<li><strong>Wz\u00f3r kryterium\u00a0<\/strong>\u2013 to pole pokazuje wybrane warunki, kt\u00f3re decyduj\u0105 o tym, kiedy zdarzenie zostanie aktywowane.<\/li>\n<\/ul>\n<p><a href=\"https:\/\/www.fmsdocumentation.com\/wp-content\/uploads\/2018\/12\/109PL.png\"><img loading=\"lazy\" decoding=\"async\" class=\"alignnone wp-image-6403 size-full\" src=\"https:\/\/www.fmsdocumentation.com\/wp-content\/uploads\/2018\/12\/109PL.png\" alt=\"\" width=\"761\" height=\"58\" srcset=\"https:\/\/www.fmsdocumentation.com\/wp-content\/uploads\/2018\/12\/109PL.png 761w, https:\/\/www.fmsdocumentation.com\/wp-content\/uploads\/2018\/12\/109PL-300x23.png 300w\" sizes=\"auto, (max-width: 761px) 100vw, 761px\" \/><\/a><\/p>\n<ul>\n<li><strong>W\u0142\u0105czanie alarmu (Alert triggering) \u2013<\/strong>to pole okre\u015bla, kiedy powinien w\u0142\u0105czy\u0107 si\u0119 alert dla zdarzenia. Dost\u0119pne s\u0105 trzy opcje:\n<ul>\n<li><strong>Na pocz\u0105tku \u2013\u00a0<\/strong>alert b\u0119dzie si\u0119 w\u0142\u0105cza\u0142 na pocz\u0105tku zdarzenia;<\/li>\n<li><strong>Na ko\u0144cu\u2013\u00a0<\/strong>alert b\u0119dzie si\u0119 w\u0142\u0105cza\u0142 na ko\u0144cu zdarzenia;<\/li>\n<li><strong>Oba \u2013\u00a0<\/strong>alert b\u0119dzie si\u0119 w\u0142\u0105cza\u0142 na pocz\u0105tku i na ko\u0144cu zdarzenia; (Na przyk\u0142ad: Kierowca wje\u017cd\u017ca na geostref\u0119, alert si\u0119 aktywuje, po pewnym czasie kierowca opuszcza geostref\u0119, i alert aktywuje si\u0119 jeszcze raz).<\/li>\n<\/ul>\n<\/li>\n<\/ul>\n<p><a href=\"https:\/\/www.fmsdocumentation.com\/wp-content\/uploads\/2019\/01\/110PL.png\"><img loading=\"lazy\" decoding=\"async\" class=\"alignnone wp-image-6909 size-full\" src=\"https:\/\/www.fmsdocumentation.com\/wp-content\/uploads\/2019\/01\/110PL.png\" alt=\"\" width=\"680\" height=\"182\" srcset=\"https:\/\/www.fmsdocumentation.com\/wp-content\/uploads\/2019\/01\/110PL.png 680w, https:\/\/www.fmsdocumentation.com\/wp-content\/uploads\/2019\/01\/110PL-300x80.png 300w\" sizes=\"auto, (max-width: 680px) 100vw, 680px\" \/><\/a><\/p>\n<ul>\n<li><strong>Zdarzenia wywo\u0142uj\u0105ce \u2013\u00a0<\/strong>to pole to okre\u015bla czas, kiedy zdarzenie mo\u017ce si\u0119 aktywowa\u0107. Dost\u0119pne s\u0105 nast\u0119puj\u0105ce opcje:\n<ul>\n<li><strong>Zawsze\u00a0<\/strong>\u2013 to zdarzenie mo\u017ce si\u0119 aktywowa\u0107 w dowolnym czasie;<\/li>\n<li><strong>O wyznaszonym dniu i godzinie\u00a0<\/strong>\u2013 w tym przypadku u\u017cytkownik mo\u017ce okre\u015bli\u0107 dni i godziny, kiedy zdarzenie mo\u017ce si\u0119 aktywowa\u0107.<\/li>\n<\/ul>\n<\/li>\n<\/ul>\n<p><a href=\"https:\/\/www.fmsdocumentation.com\/wp-content\/uploads\/2019\/01\/111PL.png\"><img loading=\"lazy\" decoding=\"async\" class=\"alignnone wp-image-6910 size-full\" src=\"https:\/\/www.fmsdocumentation.com\/wp-content\/uploads\/2019\/01\/111PL.png\" alt=\"\" width=\"676\" height=\"133\" srcset=\"https:\/\/www.fmsdocumentation.com\/wp-content\/uploads\/2019\/01\/111PL.png 676w, https:\/\/www.fmsdocumentation.com\/wp-content\/uploads\/2019\/01\/111PL-300x59.png 300w\" sizes=\"auto, (max-width: 676px) 100vw, 676px\" \/><\/a><\/p>\n<ul>\n<li><strong>Potwierdzenie dostarczenia\u00a0<\/strong>\u2013 lista opcji dotycz\u0105cych sposobu powiadamiania u\u017cytkownika przez system o aktywowanym zdarzeniu. Dost\u0119pne s\u0105 nast\u0119puj\u0105ce rodzaje powiadomie\u0144:\n<ul>\n<li><strong>Powiadomienie systemowe\u00a0<\/strong>\u2013 po wybraniu tej opcji powiadomienia b\u0119d\u0105 wy\u015bwietlane tylko w systemie zarz\u0105dzania flot\u0105; dodatkowo dla tych powiadomie\u0144 u\u017cytkownik mo\u017ce ustawi\u0107\u00a0<strong>wysoki priorytet.\u00a0<\/strong>Po ustawieniu wysokiego priorytetu, je\u015bli zdarzenie si\u0119 aktywuje, sekcja powiadomie\u0144 (opisana na stronie <a href=\"https:\/\/www.fmsdocumentation.com\/pl\/main-tms-window\/alerts-from-objects\/?lang=pl\">Alerty obiekt\u00f3w<\/a>) otworzy si\u0119 automatycznie. Wy\u015bwietlone zostan\u0105 informacje o zdarzeniu i poje\u017adzie, kt\u00f3ry je aktywowa\u0142. Aby zamkn\u0105\u0107 ekran powiadomie\u0144, u\u017cytkownik b\u0119dzie musia\u0142 klikn\u0105\u0107 przycisk \u201ePotwierd\u017a\u201d (Confirm). Opr\u00f3cz tego oznaczenie zak\u0142adki przegl\u0105darki zmieni si\u0119 na ikon\u0119 dzwonka.<\/li>\n<li><strong>Wiadomo\u015b\u0107 e-mail\u00a0<\/strong>\u2013 wyb\u00f3r tego powiadomienia dodaje kolejne pola konfiguracji wymagane, aby takie powiadomienia mog\u0142y dzia\u0142a\u0107. Pojawi\u0105 si\u0119 nast\u0119puj\u0105ce dodatkowe pola:\n<ul>\n<li><strong>Adres e-mail (Email address)<\/strong>\u2013 adres (lub adresy) e-mail, na jakie b\u0119d\u0105 wysy\u0142ane powiadomienia. Mo\u017cna wprowadzi\u0107 wi\u0119cej ni\u017c jeden adres e-mail w tym polu, oddzielaj\u0105c poszczeg\u00f3lne adresy przecinkiem. Wszystkie adresy b\u0119d\u0105 wyr\u00f3\u017cnione jako odr\u0119bne obiekty. Mo\u017cna je usuwa\u0107, klikaj\u0105c na niewielki znak \u201ex\u201d z prawej strony adresu.\u00a0<strong>To pole jest obowi\u0105zkowe<\/strong>;<\/li>\n<\/ul>\n<\/li>\n<\/ul>\n<\/li>\n<\/ul>\n<p><a href=\"https:\/\/www.fmsdocumentation.com\/wp-content\/uploads\/2019\/01\/112PL-1.png\"><img loading=\"lazy\" decoding=\"async\" class=\"alignnone wp-image-6912 size-full\" src=\"https:\/\/www.fmsdocumentation.com\/wp-content\/uploads\/2019\/01\/112PL-1.png\" alt=\"\" width=\"454\" height=\"78\" srcset=\"https:\/\/www.fmsdocumentation.com\/wp-content\/uploads\/2019\/01\/112PL-1.png 454w, https:\/\/www.fmsdocumentation.com\/wp-content\/uploads\/2019\/01\/112PL-1-300x52.png 300w\" sizes=\"auto, (max-width: 454px) 100vw, 454px\" \/><\/a><\/p>\n<ul>\n<li><strong>SMS<\/strong>\u2013 w przypadku wyboru tego powiadomienia, na wprowadzone numery b\u0119d\u0105 wysy\u0142ane wiadomo\u015bci SMS. Mo\u017cna wprowadzi\u0107 wi\u0119cej ni\u017c jeden numer. Numery nale\u017cy oddziela\u0107 przecinkami lub wciska\u0107 klawisz Enter po wpisaniu ka\u017cdego z nich.<\/li>\n<\/ul>\n<p><a href=\"https:\/\/www.fmsdocumentation.com\/wp-content\/uploads\/2019\/01\/113PL.png\"><img loading=\"lazy\" decoding=\"async\" class=\"alignnone wp-image-6913 size-full\" src=\"https:\/\/www.fmsdocumentation.com\/wp-content\/uploads\/2019\/01\/113PL.png\" alt=\"\" width=\"676\" height=\"83\" srcset=\"https:\/\/www.fmsdocumentation.com\/wp-content\/uploads\/2019\/01\/113PL.png 676w, https:\/\/www.fmsdocumentation.com\/wp-content\/uploads\/2019\/01\/113PL-300x37.png 300w\" sizes=\"auto, (max-width: 676px) 100vw, 676px\" \/><\/a><p class=\"note\">Uwaga<br \/>\nOpcje powiadomie\u0144 dotycz\u0105 tylko samych powiadomie\u0144, za\u015b aktywowane zdarzenia s\u0105 rejestrowane w systemie i mo\u017cna je przegl\u0105da\u0107 w odpowiednich sekcjach systemu zarz\u0105dzania flot\u0105.<\/p><\/p>\n<p>Po wype\u0142nieniu ka\u017cdego pola nale\u017cy klikn\u0105\u0107 przycisk \u201eUtw\u00f3rz\u201d. W przeciwnym razie zdarzenie nie zostanie zapisane. Je\u015bli u\u017cytkownik postanowi nie zapisywa\u0107 utworzonego zdarzenia, musi jedynie klikn\u0105\u0107 przycisk \u201eZamknij\u201d lub gdziekolwiek poza oknem \u201eUtw\u00f3rz nowe zdarzenie\u201d.<\/p>\n<p><a href=\"https:\/\/www.fmsdocumentation.com\/wp-content\/uploads\/2019\/01\/114PL-1.png\"><img loading=\"lazy\" decoding=\"async\" class=\"alignnone wp-image-6915 size-full\" src=\"https:\/\/www.fmsdocumentation.com\/wp-content\/uploads\/2019\/01\/114PL-1.png\" alt=\"\" width=\"203\" height=\"48\" \/><\/a><\/p>\n<hr \/>\n<p><div class=\"alignleft\"><a href=\"https:\/\/www.fmsdocumentation.com\/pl\/events-menu\/\" title=\"Menu zdarze\u0144\"><span class=\"arrow\">\u2039 &nbsp <\/span> Menu zdarze\u0144 <\/a><\/div> <div class=\"alignright\"><a href=\"https:\/\/www.fmsdocumentation.com\/pl\/events-menu\/event-list-modifications\/\" title=\"Modyfikacje listy zdarze\u0144\">Modyfikacje listy zdarze\u0144 <span class=\"arrow\"> &nbsp\u203a <\/span> <\/a><\/div><\/p>\n","protected":false},"excerpt":{"rendered":"<p>Aby utworzy\u0107 nowe zdarzenie, nale\u017cy klikn\u0105\u0107 pole \u201e+ Nowe zdarzenie\u201d. Pojawi si\u0119 w\u00f3wczas nowe okno. W tym oknie nale\u017cy wprowadzi\u0107 parametry dla nowego zdarzenia. Mo\u017cna wype\u0142ni\u0107 nast\u0119puj\u0105ce pola: Status zdarzenia\u00a0\u2013 prze\u0142\u0105cznik do ustawiania statusu zdarzenia. Mo\u017ce by\u0107 w pozycji w\u0142\u0105czony lub wy\u0142\u0105czony (wskazuje, czy zdarzenie jest aktywne oraz czy b\u0119dzie generowa\u0107 alerty po przypisaniu do &hellip; <a href=\"https:\/\/www.fmsdocumentation.com\/pl\/events-menu\/create-new-event\/\" class=\"more-link\">Czytaj dalej <span class=\"screen-reader-text\">Tworzenie nowego zdarzenia<\/span><\/a><\/p>\n","protected":false},"author":1,"featured_media":0,"parent":4575,"menu_order":1,"comment_status":"closed","ping_status":"closed","template":"","meta":{"footnotes":""},"class_list":["post-4574","page","type-page","status-publish","hentry"],"_links":{"self":[{"href":"https:\/\/www.fmsdocumentation.com\/pl\/wp-json\/wp\/v2\/pages\/4574","targetHints":{"allow":["GET"]}}],"collection":[{"href":"https:\/\/www.fmsdocumentation.com\/pl\/wp-json\/wp\/v2\/pages"}],"about":[{"href":"https:\/\/www.fmsdocumentation.com\/pl\/wp-json\/wp\/v2\/types\/page"}],"author":[{"embeddable":true,"href":"https:\/\/www.fmsdocumentation.com\/pl\/wp-json\/wp\/v2\/users\/1"}],"replies":[{"embeddable":true,"href":"https:\/\/www.fmsdocumentation.com\/pl\/wp-json\/wp\/v2\/comments?post=4574"}],"version-history":[{"count":7,"href":"https:\/\/www.fmsdocumentation.com\/pl\/wp-json\/wp\/v2\/pages\/4574\/revisions"}],"predecessor-version":[{"id":6916,"href":"https:\/\/www.fmsdocumentation.com\/pl\/wp-json\/wp\/v2\/pages\/4574\/revisions\/6916"}],"up":[{"embeddable":true,"href":"https:\/\/www.fmsdocumentation.com\/pl\/wp-json\/wp\/v2\/pages\/4575"}],"wp:attachment":[{"href":"https:\/\/www.fmsdocumentation.com\/pl\/wp-json\/wp\/v2\/media?parent=4574"}],"curies":[{"name":"wp","href":"https:\/\/api.w.org\/{rel}","templated":true}]}}