{"id":4575,"date":"2017-04-06T08:37:35","date_gmt":"2017-04-06T08:37:35","guid":{"rendered":"http:\/\/www.fmsdocumentation.com\/events-menu\/"},"modified":"2020-06-09T14:22:00","modified_gmt":"2020-06-09T11:22:00","slug":"events-menu","status":"publish","type":"page","link":"https:\/\/www.fmsdocumentation.com\/pl\/events-menu\/","title":{"rendered":"Menu zdarze\u0144"},"content":{"rendered":"<p>Aby przej\u015b\u0107 do panelu zdarze\u0144, nale\u017cy klikn\u0105\u0107 na odpowiedni\u0105 ikon\u0119 w panelu nawigacji po lewej stronie ekranu.<\/p>\n<p><a href=\"https:\/\/www.fmsdocumentation.com\/wp-content\/uploads\/2018\/11\/100PL-1.png\"><img loading=\"lazy\" decoding=\"async\" class=\"alignnone wp-image-6216 size-large\" src=\"https:\/\/www.fmsdocumentation.com\/wp-content\/uploads\/2018\/11\/100PL-1-1024x577.png\" alt=\"\" width=\"660\" height=\"372\" srcset=\"https:\/\/www.fmsdocumentation.com\/wp-content\/uploads\/2018\/11\/100PL-1-1024x577.png 1024w, https:\/\/www.fmsdocumentation.com\/wp-content\/uploads\/2018\/11\/100PL-1-300x169.png 300w, https:\/\/www.fmsdocumentation.com\/wp-content\/uploads\/2018\/11\/100PL-1-768x432.png 768w, https:\/\/www.fmsdocumentation.com\/wp-content\/uploads\/2018\/11\/100PL-1.png 1460w\" sizes=\"auto, (max-width: 660px) 100vw, 660px\" \/><\/a><\/p>\n<p>Po klikni\u0119ciu na ikon\u0119 otworzy si\u0119 panel \u201eZdarzenia\u201d. Ten panel pozwala u\u017cytkownikowi przeszukiwa\u0107 istniej\u0105ce zdarzenia, modyfikowa\u0107 je i tworzy\u0107 nowe.<\/p>\n<hr \/>\n<p><div class=\"alignleft\"><a href=\"https:\/\/www.fmsdocumentation.com\/pl\/geozones-menu\/\" title=\"Menu geostref\"><span class=\"arrow\">\u2039 &nbsp <\/span> Menu geostref <\/a><\/div> <div class=\"alignright\"><a href=\"https:\/\/www.fmsdocumentation.com\/pl\/events-menu\/create-new-event\/\" title=\"Tworzenie nowego zdarzenia\">Tworzenie nowego zdarzenia <span class=\"arrow\"> &nbsp\u203a <\/span> <\/a><\/div><\/p>\n","protected":false},"excerpt":{"rendered":"<p>Aby przej\u015b\u0107 do panelu zdarze\u0144, nale\u017cy klikn\u0105\u0107 na odpowiedni\u0105 ikon\u0119 w panelu nawigacji po lewej stronie ekranu. Po klikni\u0119ciu na ikon\u0119 otworzy si\u0119 panel \u201eZdarzenia\u201d. Ten panel pozwala u\u017cytkownikowi przeszukiwa\u0107 istniej\u0105ce zdarzenia, modyfikowa\u0107 je i tworzy\u0107 nowe.<\/p>\n","protected":false},"author":1,"featured_media":0,"parent":0,"menu_order":61,"comment_status":"closed","ping_status":"closed","template":"","meta":{"footnotes":""},"class_list":["post-4575","page","type-page","status-publish","hentry"],"_links":{"self":[{"href":"https:\/\/www.fmsdocumentation.com\/pl\/wp-json\/wp\/v2\/pages\/4575","targetHints":{"allow":["GET"]}}],"collection":[{"href":"https:\/\/www.fmsdocumentation.com\/pl\/wp-json\/wp\/v2\/pages"}],"about":[{"href":"https:\/\/www.fmsdocumentation.com\/pl\/wp-json\/wp\/v2\/types\/page"}],"author":[{"embeddable":true,"href":"https:\/\/www.fmsdocumentation.com\/pl\/wp-json\/wp\/v2\/users\/1"}],"replies":[{"embeddable":true,"href":"https:\/\/www.fmsdocumentation.com\/pl\/wp-json\/wp\/v2\/comments?post=4575"}],"version-history":[{"count":3,"href":"https:\/\/www.fmsdocumentation.com\/pl\/wp-json\/wp\/v2\/pages\/4575\/revisions"}],"predecessor-version":[{"id":6218,"href":"https:\/\/www.fmsdocumentation.com\/pl\/wp-json\/wp\/v2\/pages\/4575\/revisions\/6218"}],"wp:attachment":[{"href":"https:\/\/www.fmsdocumentation.com\/pl\/wp-json\/wp\/v2\/media?parent=4575"}],"curies":[{"name":"wp","href":"https:\/\/api.w.org\/{rel}","templated":true}]}}