{"id":4576,"date":"2017-04-06T08:36:18","date_gmt":"2017-04-06T08:36:18","guid":{"rendered":"http:\/\/www.fmsdocumentation.com\/geozones-menu\/"},"modified":"2020-06-09T14:21:57","modified_gmt":"2020-06-09T11:21:57","slug":"geozones-menu","status":"publish","type":"page","link":"https:\/\/www.fmsdocumentation.com\/pl\/geozones-menu\/","title":{"rendered":"Menu geostref"},"content":{"rendered":"<p>Aby przej\u015b\u0107 do panelu geostref, nale\u017cy klikn\u0105\u0107 na odpowiedni\u0105 ikon\u0119 w panelu nawigacji po lewej stronie ekranu.<\/p>\n<p><a href=\"https:\/\/www.fmsdocumentation.com\/wp-content\/uploads\/2018\/11\/89PL.png\"><img loading=\"lazy\" decoding=\"async\" class=\"alignnone wp-image-6196 size-large\" src=\"https:\/\/www.fmsdocumentation.com\/wp-content\/uploads\/2018\/11\/89PL-1024x522.png\" alt=\"\" width=\"660\" height=\"336\" srcset=\"https:\/\/www.fmsdocumentation.com\/wp-content\/uploads\/2018\/11\/89PL-1024x522.png 1024w, https:\/\/www.fmsdocumentation.com\/wp-content\/uploads\/2018\/11\/89PL-300x153.png 300w, https:\/\/www.fmsdocumentation.com\/wp-content\/uploads\/2018\/11\/89PL-768x392.png 768w, https:\/\/www.fmsdocumentation.com\/wp-content\/uploads\/2018\/11\/89PL.png 1349w\" sizes=\"auto, (max-width: 660px) 100vw, 660px\" \/><\/a><\/p>\n<p>Ten panel pozwala u\u017cytkownikowi przeszukiwa\u0107 istniej\u0105ce geostrefy, modyfikowa\u0107 je i tworzy\u0107 nowe.<\/p>\n<p>U g\u00f3ry strony u\u017cytkownik mo\u017ce przej\u015b\u0107 do menu grupowania geostref. Rozwijana lista wy\u015bwietli istniej\u0105ce grupy z przypisanym kolorem i liczb\u0105 geostref w danej grupie. U\u017cytkownik mo\u017ce wybra\u0107 grup\u0119 geostref do wy\u015bwietlenia. Mo\u017ce te\u017c utworzy\u0107 now\u0105 grup\u0119, klikaj\u0105c przycisk z trzema kropkami obok rozwijanej listy. Pojawi si\u0119 w\u00f3wczas narz\u0119dzie wyboru.<\/p>\n<p><a href=\"https:\/\/www.fmsdocumentation.com\/wp-content\/uploads\/2018\/11\/90PL.png\"><img loading=\"lazy\" decoding=\"async\" class=\"alignnone wp-image-6198 size-full\" src=\"https:\/\/www.fmsdocumentation.com\/wp-content\/uploads\/2018\/11\/90PL.png\" alt=\"\" width=\"431\" height=\"266\" srcset=\"https:\/\/www.fmsdocumentation.com\/wp-content\/uploads\/2018\/11\/90PL.png 431w, https:\/\/www.fmsdocumentation.com\/wp-content\/uploads\/2018\/11\/90PL-300x185.png 300w\" sizes=\"auto, (max-width: 431px) 100vw, 431px\" \/><\/a><\/p>\n<p>Po klikni\u0119ciu na przycisk \u201eStw\u00f3rz now\u0105 grup\u0119\u201d pojawi si\u0119 sekcja tworzenia grupy. Tutaj nale\u017cy poda\u0107 nazw\u0119 grupy, wybra\u0107 dla niej kolor oraz geostrefy, kt\u00f3re zostan\u0105 do niej dodane. Wszystkie geostrefy s\u0105 wy\u015bwietlone na li\u015bcie. Mo\u017cna skorzysta\u0107 z paska wyszukiwania, aby szybko przeszuka\u0107 geostrefy lub w\u0142\u0105czy\u0107 filtr, kt\u00f3ry poka\u017ce tylko geostrefy lub punkty POI. Gdy wszystko b\u0119dzie gotowe, nale\u017cy klikn\u0105\u0107 przycisk \u201eZapisz\u201d, aby zapisa\u0107 now\u0105 grup\u0119.<\/p>\n<p><a href=\"https:\/\/www.fmsdocumentation.com\/wp-content\/uploads\/2018\/11\/91PL.png\"><img loading=\"lazy\" decoding=\"async\" class=\"alignnone wp-image-6199 size-full\" src=\"https:\/\/www.fmsdocumentation.com\/wp-content\/uploads\/2018\/11\/91PL.png\" alt=\"\" width=\"398\" height=\"649\" srcset=\"https:\/\/www.fmsdocumentation.com\/wp-content\/uploads\/2018\/11\/91PL.png 398w, https:\/\/www.fmsdocumentation.com\/wp-content\/uploads\/2018\/11\/91PL-184x300.png 184w\" sizes=\"auto, (max-width: 398px) 100vw, 398px\" \/><\/a><\/p>\n<p>Aby edytowa\u0107 lub usun\u0105\u0107 grup\u0119, nale\u017cy najpierw wybra\u0107 grup\u0119 geostref z listy, a nast\u0119pnie klikn\u0105\u0107 przycisk z trzema kropkami. Teraz dost\u0119pne b\u0119d\u0105 opcje \u201eEdytuj\u201d lub \u201eSkasuj\u201d.<\/p>\n<p><a href=\"https:\/\/www.fmsdocumentation.com\/wp-content\/uploads\/2018\/11\/92PL.png\"><img loading=\"lazy\" decoding=\"async\" class=\"alignnone wp-image-6200 size-full\" src=\"https:\/\/www.fmsdocumentation.com\/wp-content\/uploads\/2018\/11\/92PL.png\" alt=\"\" width=\"579\" height=\"252\" srcset=\"https:\/\/www.fmsdocumentation.com\/wp-content\/uploads\/2018\/11\/92PL.png 579w, https:\/\/www.fmsdocumentation.com\/wp-content\/uploads\/2018\/11\/92PL-300x131.png 300w\" sizes=\"auto, (max-width: 579px) 100vw, 579px\" \/><\/a><\/p>\n<p>Aby utworzy\u0107 now\u0105 geostref\u0119, nale\u017cy klikn\u0105\u0107 pole \u201e+ Nowa strefa geograficzna\u201d.<\/p>\n<p><a href=\"https:\/\/www.fmsdocumentation.com\/wp-content\/uploads\/2018\/11\/93PL.png\"><img loading=\"lazy\" decoding=\"async\" class=\"alignnone wp-image-6201 size-large\" src=\"https:\/\/www.fmsdocumentation.com\/wp-content\/uploads\/2018\/11\/93PL-1024x522.png\" alt=\"\" width=\"660\" height=\"336\" srcset=\"https:\/\/www.fmsdocumentation.com\/wp-content\/uploads\/2018\/11\/93PL-1024x522.png 1024w, https:\/\/www.fmsdocumentation.com\/wp-content\/uploads\/2018\/11\/93PL-300x153.png 300w, https:\/\/www.fmsdocumentation.com\/wp-content\/uploads\/2018\/11\/93PL-768x392.png 768w, https:\/\/www.fmsdocumentation.com\/wp-content\/uploads\/2018\/11\/93PL.png 1349w\" sizes=\"auto, (max-width: 660px) 100vw, 660px\" \/><\/a><\/p>\n<p>Po klikni\u0119ciu na pole \u201e+ Nowa strefa geograficzna\u201d otworzy si\u0119 panel z rodzajami geostref. Zak\u0142adka \u201eOznacz POI\u201d otwiera si\u0119 automatycznie. Dost\u0119pne s\u0105 tylko dwie zak\u0142adki:\u00a0\u201e<strong>punkty POI\u201d<\/strong>\u00a0i\u00a0\u201e<strong>Obszar\u201d<\/strong>.<\/p>\n<p><strong>POI<\/strong>\u00a0\u2013 po klikni\u0119ciu na pole \u201e+ Nowa strefa geograficzna\u201d, u\u017cytkownik mo\u017ce utworzy\u0107 punkt POI na dwa sposoby.<\/p>\n<p><a href=\"https:\/\/www.fmsdocumentation.com\/wp-content\/uploads\/2018\/11\/94PL.png\"><img loading=\"lazy\" decoding=\"async\" class=\"alignnone wp-image-6202 size-full\" src=\"https:\/\/www.fmsdocumentation.com\/wp-content\/uploads\/2018\/11\/94PL.png\" alt=\"\" width=\"362\" height=\"132\" srcset=\"https:\/\/www.fmsdocumentation.com\/wp-content\/uploads\/2018\/11\/94PL.png 362w, https:\/\/www.fmsdocumentation.com\/wp-content\/uploads\/2018\/11\/94PL-300x109.png 300w\" sizes=\"auto, (max-width: 362px) 100vw, 362px\" \/><\/a><\/p>\n<p>Pierwszy spos\u00f3b wymaga, by klikn\u0105\u0107 na \u017c\u0105dany punkt POI na mapie. Pole adresu i pole promienia zostan\u0105 wype\u0142nione automatycznie. U\u017cytkownik musi jedynie nazwa\u0107 punkt POI oraz w razie potrzeby doda\u0107 notatki.<\/p>\n<p>Drugi spos\u00f3b wymaga r\u0119cznego wprowadzania danych. U\u017cytkownik musi wype\u0142ni\u0107 nast\u0119puj\u0105ce pola:<\/p>\n<ul>\n<li>Nazwa \u2013 nazwa punktu POI; s\u0142u\u017cy przede wszystkim do cel\u00f3w nawigacji u\u017cytkownika (to pole jest obowi\u0105zkowe);<\/li>\n<li>Adres \u2013 adres POI; to pole dzia\u0142a jak pasek wyszukiwania i b\u0119dzie automatycznie sugerowa\u0107 adresy po ka\u017cdej wprowadzonej literze (to pole jest obowi\u0105zkowe);<\/li>\n<li>Promie\u0144 \u2013 promie\u0144 wok\u00f3\u0142 wybranego adresu w\u0142\u0105czony w obszar geostrefy. Zakres warto\u015bci to od 5 do 50000 metr\u00f3w. (to pole jest obowi\u0105zkowe);<\/li>\n<li>Uwagi \u2013 og\u00f3lne uwagi, kt\u00f3re wed\u0142ug u\u017cytkownika nale\u017cy do\u0142\u0105czy\u0107 do punktu POI (to pole jest opcjonalne).<\/li>\n<\/ul>\n<p><a href=\"https:\/\/www.fmsdocumentation.com\/wp-content\/uploads\/2018\/11\/95PL.png\"><img loading=\"lazy\" decoding=\"async\" class=\"alignnone wp-image-6203 size-full\" src=\"https:\/\/www.fmsdocumentation.com\/wp-content\/uploads\/2018\/11\/95PL.png\" alt=\"\" width=\"361\" height=\"710\" srcset=\"https:\/\/www.fmsdocumentation.com\/wp-content\/uploads\/2018\/11\/95PL.png 361w, https:\/\/www.fmsdocumentation.com\/wp-content\/uploads\/2018\/11\/95PL-153x300.png 153w\" sizes=\"auto, (max-width: 361px) 100vw, 361px\" \/><\/a><\/p>\n<p>Po wype\u0142nieniu wszystkich p\u00f3\u0142 nale\u017cy klikn\u0105\u0107 przycisk \u201eZachowaj\u201d. W przeciwnym razie geostrefa nie zostanie zapisana.<\/p>\n<p><strong>Obszar <\/strong>\u00a0\u2013 pozwala zaznaczy\u0107 obszar na mapie poprzez \u0142\u0105czenie na niej kolejnych punkt\u00f3w.<\/p>\n<p><a href=\"https:\/\/www.fmsdocumentation.com\/geozones-menu\/96pl\/\"><img loading=\"lazy\" decoding=\"async\" class=\"alignnone wp-image-6204 size-full\" src=\"https:\/\/www.fmsdocumentation.com\/wp-content\/uploads\/2018\/11\/96PL.png\" alt=\"\" width=\"362\" height=\"132\" srcset=\"https:\/\/www.fmsdocumentation.com\/wp-content\/uploads\/2018\/11\/96PL.png 362w, https:\/\/www.fmsdocumentation.com\/wp-content\/uploads\/2018\/11\/96PL-300x109.png 300w\" sizes=\"auto, (max-width: 362px) 100vw, 362px\" \/><\/a><\/p>\n<p>Obszar mo\u017cna utworzy\u0107 tylko w jeden spos\u00f3b. Po klikni\u0119ciu zak\u0142adki \u201eObszar\u201d, pojawiaj\u0105 si\u0119 tylko dwa pola do wype\u0142nienia:<\/p>\n<ul>\n<li>Nazwa \u2013 nazwa obszaru; s\u0142u\u017cy przede wszystkim do cel\u00f3w nawigacji u\u017cytkownika (to pole jest obowi\u0105zkowe);<\/li>\n<li>Uwagi \u2013 og\u00f3lne uwagi, kt\u00f3re wed\u0142ug u\u017cytkownika nale\u017cy do\u0142\u0105czy\u0107 do punktu POI (to pole jest opcjonalne).<\/li>\n<\/ul>\n<p>Po wype\u0142nieniu p\u00f3l (lub przed &#8211; kolejno\u015b\u0107 czynno\u015bci nie ma wp\u0142ywu na efekt ko\u0144cowy) nale\u017cy zaznaczy\u0107 obszar na mapie. Aby rozpocz\u0105\u0107, nale\u017cy umie\u015bci\u0107 pierwszy punkt, klikaj\u0105c na mapie, a nast\u0119pnie kolejne dooko\u0142a obszaru, kt\u00f3ry u\u017cytkownik chce zaznaczy\u0107. Ka\u017cdy punkt b\u0119dzie po\u0142\u0105czony z poprzednim i kolejnym. Aby doko\u0144czy\u0107 tworzenie obszaru, nale\u017cy po\u0142\u0105czy\u0107 pierwszy i ostatni punkt. Po po\u0142\u0105czeniu tych punkt\u00f3w, obszar zostanie zaznaczony kolorem niebieskim.<\/p>\n<p><a href=\"https:\/\/www.fmsdocumentation.com\/wp-content\/uploads\/2018\/11\/97PL-1.png\"><img loading=\"lazy\" decoding=\"async\" class=\"alignnone wp-image-6207 size-large\" src=\"https:\/\/www.fmsdocumentation.com\/wp-content\/uploads\/2018\/11\/97PL-1-1024x618.png\" alt=\"\" width=\"660\" height=\"398\" srcset=\"https:\/\/www.fmsdocumentation.com\/wp-content\/uploads\/2018\/11\/97PL-1-1024x618.png 1024w, https:\/\/www.fmsdocumentation.com\/wp-content\/uploads\/2018\/11\/97PL-1-300x181.png 300w, https:\/\/www.fmsdocumentation.com\/wp-content\/uploads\/2018\/11\/97PL-1-768x464.png 768w, https:\/\/www.fmsdocumentation.com\/wp-content\/uploads\/2018\/11\/97PL-1.png 1118w\" sizes=\"auto, (max-width: 660px) 100vw, 660px\" \/><\/a><\/p>\n<p>Po wype\u0142nieniu wszystkich p\u00f3l i zaznaczeniu obszaru nale\u017cy klikn\u0105\u0107 przycisk \u201eZachowaj\u201d, aby zapisa\u0107 obszar.<\/p>\n<p><p class=\"note\">Uwaga<br \/>\nObszar mo\u017cna modyfikowa\u0107 po po\u0142\u0105czeniu ostatnich punkt\u00f3w. W tym celu nale\u017cy przeci\u0105gn\u0105\u0107 i upu\u015bci\u0107 istniej\u0105ce punkty na mapie. Gdy obszar si\u0119 powi\u0119ksza, pojawia si\u0119 wi\u0119cej punkt\u00f3w, by u\u0142atwi\u0107 jego tworzenie. Po ka\u017cdej czynno\u015bci pojawia si\u0119 ikona \u201eCofnij\u201d, kt\u00f3ra pozwala na przesuni\u0119cie punktu do jego poprzedniej pozycji. Ta funkcja jest dost\u0119pna tylko dla ostatniego przesuni\u0119tego punktu.<\/p><\/p>\n<p><strong>Lista geostref\u00a0\u00a0<\/strong>\u2013 wy\u015bwietla wszystkie istniej\u0105ce geostrefy dla danego u\u017cytkownika sieci. List\u0119 geostref mo\u017cna filtrowa\u0107, klikaj\u0105c na pole \u201ePoka\u017c strefy geograficzne\u201d. Pojawi si\u0119 w\u00f3wczas rozwijana lista z dost\u0119pnymi filtrami.<\/p>\n<p><a href=\"https:\/\/www.fmsdocumentation.com\/wp-content\/uploads\/2018\/11\/98PL.png\"><img loading=\"lazy\" decoding=\"async\" class=\"alignnone wp-image-6208 size-full\" src=\"https:\/\/www.fmsdocumentation.com\/wp-content\/uploads\/2018\/11\/98PL.png\" alt=\"\" width=\"326\" height=\"148\" srcset=\"https:\/\/www.fmsdocumentation.com\/wp-content\/uploads\/2018\/11\/98PL.png 326w, https:\/\/www.fmsdocumentation.com\/wp-content\/uploads\/2018\/11\/98PL-300x136.png 300w\" sizes=\"auto, (max-width: 326px) 100vw, 326px\" \/><\/a><\/p>\n<p>Aktualnie wybrany filtr b\u0119dzie oznaczony ciemniejszym odcieniem koloru szarego oraz niebieskim paskiem po prawej stronie nazwy filtra. Po wybraniu filtra lista automatycznie zaktualizuje si\u0119 wed\u0142ug parametr\u00f3w filtra. Ka\u017cda geostrefa jest oznaczona odpowiedni\u0105 ikon\u0105.<\/p>\n<p>Obok ikony znajduje si\u0119 nazwa geostrefy, a pod ni\u0105 adres. Po klikni\u0119ciu na geostref\u0119 zostanie ona wy\u015bwietlona na mapie i otworzy si\u0119 panel z informacjami o niej. Tutaj u\u017cytkownik mo\u017ce edytowa\u0107 lub usun\u0105\u0107 geostref\u0119, klikaj\u0105c na odpowiednie przyciski.<\/p>\n<p><a href=\"https:\/\/www.fmsdocumentation.com\/wp-content\/uploads\/2018\/11\/99PL.png\"><img loading=\"lazy\" decoding=\"async\" class=\"alignnone wp-image-6209 size-full\" src=\"https:\/\/www.fmsdocumentation.com\/wp-content\/uploads\/2018\/11\/99PL.png\" alt=\"\" width=\"650\" height=\"389\" srcset=\"https:\/\/www.fmsdocumentation.com\/wp-content\/uploads\/2018\/11\/99PL.png 650w, https:\/\/www.fmsdocumentation.com\/wp-content\/uploads\/2018\/11\/99PL-300x180.png 300w\" sizes=\"auto, (max-width: 650px) 100vw, 650px\" \/><\/a><\/p>\n<p><strong>Edytuj \u2013\u00a0<\/strong>pojawi si\u0119 okno identyczne jak dla opcji \u201eNowa strefa geograficzna\u201d. W tym miejscu mo\u017cna wprowadza\u0107 zmiany w geostrefie. Mo\u017cna zmienia\u0107 opis i lokalizacj\u0119 na mapie. Po wprowadzeniu zmian nale\u017cy klikn\u0105\u0107 przycisk \u201eZachowaj\u201d. W przeciwnym razie zmiany zostan\u0105 odrzucone. Je\u015bli u\u017cytkownik nie chce zapisywa\u0107 zmian, powinien klikn\u0105\u0107 przycisk \u201eAnuluj\u201d.<\/p>\n<p><strong>Usu\u0144<\/strong>\u00a0\u2013 po klikni\u0119ciu na ten przycisk pojawi si\u0119 okno z pro\u015bb\u0105 o potwierdzenie na wypadek, gdyby u\u017cytkownik klikn\u0105\u0142 ten przycisk przez przypadek. U\u017cytkownik mo\u017ce potwierdzi\u0107 czynno\u015b\u0107 usuwania lub j\u0105 anulowa\u0107.<\/p>\n<hr \/>\n<p><div class=\"alignleft\"><a href=\"https:\/\/www.fmsdocumentation.com\/pl\/communications-menu\/\" title=\"Menu komunikacji\"><span class=\"arrow\">\u2039 &nbsp <\/span> Menu komunikacji <\/a><\/div> <div class=\"alignright\"><a href=\"https:\/\/www.fmsdocumentation.com\/pl\/events-menu\/\" title=\"Menu zdarze\u0144\">Menu zdarze\u0144 <span class=\"arrow\"> &nbsp\u203a <\/span> <\/a><\/div><\/p>\n","protected":false},"excerpt":{"rendered":"<p>Aby przej\u015b\u0107 do panelu geostref, nale\u017cy klikn\u0105\u0107 na odpowiedni\u0105 ikon\u0119 w panelu nawigacji po lewej stronie ekranu. Ten panel pozwala u\u017cytkownikowi przeszukiwa\u0107 istniej\u0105ce geostrefy, modyfikowa\u0107 je i tworzy\u0107 nowe. U g\u00f3ry strony u\u017cytkownik mo\u017ce przej\u015b\u0107 do menu grupowania geostref. Rozwijana lista wy\u015bwietli istniej\u0105ce grupy z przypisanym kolorem i liczb\u0105 geostref w danej grupie. U\u017cytkownik mo\u017ce &hellip; <a href=\"https:\/\/www.fmsdocumentation.com\/pl\/geozones-menu\/\" class=\"more-link\">Czytaj dalej <span class=\"screen-reader-text\">Menu geostref<\/span><\/a><\/p>\n","protected":false},"author":1,"featured_media":0,"parent":0,"menu_order":53,"comment_status":"closed","ping_status":"closed","template":"","meta":{"footnotes":""},"class_list":["post-4576","page","type-page","status-publish","hentry"],"_links":{"self":[{"href":"https:\/\/www.fmsdocumentation.com\/pl\/wp-json\/wp\/v2\/pages\/4576","targetHints":{"allow":["GET"]}}],"collection":[{"href":"https:\/\/www.fmsdocumentation.com\/pl\/wp-json\/wp\/v2\/pages"}],"about":[{"href":"https:\/\/www.fmsdocumentation.com\/pl\/wp-json\/wp\/v2\/types\/page"}],"author":[{"embeddable":true,"href":"https:\/\/www.fmsdocumentation.com\/pl\/wp-json\/wp\/v2\/users\/1"}],"replies":[{"embeddable":true,"href":"https:\/\/www.fmsdocumentation.com\/pl\/wp-json\/wp\/v2\/comments?post=4576"}],"version-history":[{"count":5,"href":"https:\/\/www.fmsdocumentation.com\/pl\/wp-json\/wp\/v2\/pages\/4576\/revisions"}],"predecessor-version":[{"id":6210,"href":"https:\/\/www.fmsdocumentation.com\/pl\/wp-json\/wp\/v2\/pages\/4576\/revisions\/6210"}],"wp:attachment":[{"href":"https:\/\/www.fmsdocumentation.com\/pl\/wp-json\/wp\/v2\/media?parent=4576"}],"curies":[{"name":"wp","href":"https:\/\/api.w.org\/{rel}","templated":true}]}}