{"id":4578,"date":"2017-04-06T08:18:13","date_gmt":"2017-04-06T08:18:13","guid":{"rendered":"http:\/\/www.fmsdocumentation.com\/routing-menu\/creating-new-tasks\/"},"modified":"2019-01-11T10:28:12","modified_gmt":"2019-01-11T08:28:12","slug":"creating-new-tasks","status":"publish","type":"page","link":"https:\/\/www.fmsdocumentation.com\/pl\/creating-new-tasks\/","title":{"rendered":"Tworzenie nowych zada\u0144"},"content":{"rendered":"<p>Do panelu zada\u0144 przechodzi si\u0119, klikaj\u0105c na zak\u0142adk\u0119 \u201eZadania\u201d na panelu \u201eWyznaczanie trasy i zada\u0144\u201d.<\/p>\n<p><a href=\"https:\/\/www.fmsdocumentation.com\/wp-content\/uploads\/2017\/04\/237-2.png\"><img loading=\"lazy\" decoding=\"async\" class=\"alignnone wp-image-1152 size-large\" src=\"https:\/\/www.fmsdocumentation.com\/wp-content\/uploads\/2017\/04\/237-2-1024x506.png\" alt=\"\" width=\"660\" height=\"326\" srcset=\"https:\/\/www.fmsdocumentation.com\/wp-content\/uploads\/2017\/04\/237-2-1024x506.png 1024w, https:\/\/www.fmsdocumentation.com\/wp-content\/uploads\/2017\/04\/237-2-300x148.png 300w, https:\/\/www.fmsdocumentation.com\/wp-content\/uploads\/2017\/04\/237-2-768x380.png 768w, https:\/\/www.fmsdocumentation.com\/wp-content\/uploads\/2017\/04\/237-2.png 1920w\" sizes=\"auto, (max-width: 660px) 100vw, 660px\" \/><\/a><\/p>\n<p>Po klikni\u0119ciu na zak\u0142adk\u0119 zada\u0144 otworzy si\u0119 panel zada\u0144. W g\u00f3rnej cz\u0119\u015bci panelu znajduje si\u0119 przycisk \u201e+ Nowe zadanie\u201d, kt\u00f3ry przenosi u\u017cytkownika z powrotem do zak\u0142adki \u201eWyznaczanie trasy\u201d. Tam nale\u017cy najpierw wybra\u0107 punkt pocz\u0105tkowy i punkt docelowy dla zadania.<\/p>\n<p><p class=\"note\">Uwaga<br \/>\nZadanie jest automatycznie przypisywane do najbli\u017cszego pojazdu lub do wybranego pojazdu z tych, kt\u00f3re znajduj\u0105 si\u0119 najbli\u017cej w okre\u015blonym promieniu. Zdecydowanie zaleca si\u0119 wyb\u00f3r danego pojazdu jako pozycji pocz\u0105tkowej, poniewa\u017c je\u015bli pojazd nie b\u0119dzie znajdowa\u0142 si\u0119 w okre\u015blonym promieniu od punktu pocz\u0105tkowego, nie mo\u017cna go przypisa\u0107 w trakcie tworzenia zadania. Je\u015bli w okre\u015blonym promieniu nie ma \u017cadnego pojazdu, nie mo\u017cna utworzy\u0107 zadania.<\/p><\/p>\n<p>Po wybraniu trasy i klikni\u0119ciu przycisku \u201eUtw\u00f3rz zadanie\u201d pojawi si\u0119 nowe okno o nazwie \u201eUtw\u00f3rz zadanie dla &lt;wybrany_pojazd&gt;\u201d (Create new task for &lt;selected_vehicle&gt;) z nast\u0119puj\u0105cymi polami:<\/p>\n<ul>\n<li><strong>Nazwa\u00a0<\/strong>\u2013 nazwa zadania, kt\u00f3ra bedzie te\u017c wy\u015bwietlana na li\u015bcie zada\u0144;<\/li>\n<li><strong>Adres odbioru A<\/strong>\u00a0\u2013\u00a0\u00a0punkt pocz\u0105tkowy okre\u015blony dla trasy z mo\u017cliwo\u015bci\u0105 umieszczenia dodatkowych informacji o kliencie;<\/li>\n<li><strong>Adres dostawy B \u2013<\/strong>\u00a0punkt ko\u0144cowy okre\u015blony dla trasy z mo\u017cliwo\u015bci\u0105 umieszczenia dodatkowych informacji o kliencie;<\/li>\n<li><strong>Przewidywany czas przybycia;<\/strong><\/li>\n<li><strong>Czas przybycia;<\/strong><\/li>\n<li><strong>Informacja dodatkowa \u2013<\/strong>takie jak cena, waga, obj\u0119to\u015bci i preferowane temperatury.<\/li>\n<\/ul>\n<p><a href=\"https:\/\/www.fmsdocumentation.com\/wp-content\/uploads\/2019\/01\/137PL.png\"><img loading=\"lazy\" decoding=\"async\" class=\"alignnone wp-image-6960 size-full\" src=\"https:\/\/www.fmsdocumentation.com\/wp-content\/uploads\/2019\/01\/137PL.png\" alt=\"\" width=\"600\" height=\"750\" srcset=\"https:\/\/www.fmsdocumentation.com\/wp-content\/uploads\/2019\/01\/137PL.png 600w, https:\/\/www.fmsdocumentation.com\/wp-content\/uploads\/2019\/01\/137PL-240x300.png 240w\" sizes=\"auto, (max-width: 600px) 100vw, 600px\" \/><\/a><\/p>\n<p>Po wprowadzeniu wszystkich potrzebnych informacji nale\u017cy klikn\u0105\u0107 przycisk zapisywania, aby utworzy\u0107 zadanie. Je\u015bli u\u017cytkownik nie chce tworzy\u0107 zadania, musi jedynie nacisn\u0105\u0107 przycisk zamykania lub klikn\u0105\u0107 gdziekolwiek poza oknem. Po utworzeniu zadania zostanie ono dodane do listy na panelu i b\u0119dzie od razu przypisane do pojazdu.<\/p>\n<hr \/>\n<p> <div class=\"alignright\"><a href=\"https:\/\/www.fmsdocumentation.com\/pl\/\" title=\"Przewodnik F.M.S\">Przewodnik F.M.S <span class=\"arrow\"> &nbsp\u203a <\/span> <\/a><\/div><\/p>\n","protected":false},"excerpt":{"rendered":"<p>Do panelu zada\u0144 przechodzi si\u0119, klikaj\u0105c na zak\u0142adk\u0119 \u201eZadania\u201d na panelu \u201eWyznaczanie trasy i zada\u0144\u201d. Po klikni\u0119ciu na zak\u0142adk\u0119 zada\u0144 otworzy si\u0119 panel zada\u0144. W g\u00f3rnej cz\u0119\u015bci panelu znajduje si\u0119 przycisk \u201e+ Nowe zadanie\u201d, kt\u00f3ry przenosi u\u017cytkownika z powrotem do zak\u0142adki \u201eWyznaczanie trasy\u201d. Tam nale\u017cy najpierw wybra\u0107 punkt pocz\u0105tkowy i punkt docelowy dla zadania. Uwaga &hellip; <a href=\"https:\/\/www.fmsdocumentation.com\/pl\/creating-new-tasks\/\" class=\"more-link\">Czytaj dalej <span class=\"screen-reader-text\">Tworzenie nowych zada\u0144<\/span><\/a><\/p>\n","protected":false},"author":1,"featured_media":0,"parent":0,"menu_order":2,"comment_status":"closed","ping_status":"closed","template":"","meta":{"footnotes":""},"class_list":["post-4578","page","type-page","status-publish","hentry"],"_links":{"self":[{"href":"https:\/\/www.fmsdocumentation.com\/pl\/wp-json\/wp\/v2\/pages\/4578","targetHints":{"allow":["GET"]}}],"collection":[{"href":"https:\/\/www.fmsdocumentation.com\/pl\/wp-json\/wp\/v2\/pages"}],"about":[{"href":"https:\/\/www.fmsdocumentation.com\/pl\/wp-json\/wp\/v2\/types\/page"}],"author":[{"embeddable":true,"href":"https:\/\/www.fmsdocumentation.com\/pl\/wp-json\/wp\/v2\/users\/1"}],"replies":[{"embeddable":true,"href":"https:\/\/www.fmsdocumentation.com\/pl\/wp-json\/wp\/v2\/comments?post=4578"}],"version-history":[{"count":4,"href":"https:\/\/www.fmsdocumentation.com\/pl\/wp-json\/wp\/v2\/pages\/4578\/revisions"}],"predecessor-version":[{"id":6961,"href":"https:\/\/www.fmsdocumentation.com\/pl\/wp-json\/wp\/v2\/pages\/4578\/revisions\/6961"}],"wp:attachment":[{"href":"https:\/\/www.fmsdocumentation.com\/pl\/wp-json\/wp\/v2\/media?parent=4578"}],"curies":[{"name":"wp","href":"https:\/\/api.w.org\/{rel}","templated":true}]}}