{"id":4579,"date":"2017-04-06T08:14:00","date_gmt":"2017-04-06T08:14:00","guid":{"rendered":"http:\/\/www.fmsdocumentation.com\/communications-menu\/"},"modified":"2020-06-09T14:21:55","modified_gmt":"2020-06-09T11:21:55","slug":"communications-menu","status":"publish","type":"page","link":"https:\/\/www.fmsdocumentation.com\/pl\/communications-menu\/","title":{"rendered":"Menu komunikacji"},"content":{"rendered":"<p>Panel komunikacji pozwala u\u017cytkownikowi porozumiewa\u0107 si\u0119 z kierowcami za pomoc\u0105 zainstalowanej aplikacji. Aby uzyska\u0107 dost\u0119p do panelu komunikacji, nale\u017cy klikn\u0105\u0107 na odpowiedni\u0105 ikon\u0119 w panelu nawigacji.<\/p>\n<p><a href=\"https:\/\/www.fmsdocumentation.com\/wp-content\/uploads\/2018\/11\/83PL.png\"><img loading=\"lazy\" decoding=\"async\" class=\"alignnone wp-image-6189 size-large\" src=\"https:\/\/www.fmsdocumentation.com\/wp-content\/uploads\/2018\/11\/83PL-1024x583.png\" alt=\"\" width=\"660\" height=\"376\" srcset=\"https:\/\/www.fmsdocumentation.com\/wp-content\/uploads\/2018\/11\/83PL-1024x583.png 1024w, https:\/\/www.fmsdocumentation.com\/wp-content\/uploads\/2018\/11\/83PL-300x171.png 300w, https:\/\/www.fmsdocumentation.com\/wp-content\/uploads\/2018\/11\/83PL-768x437.png 768w, https:\/\/www.fmsdocumentation.com\/wp-content\/uploads\/2018\/11\/83PL.png 1280w\" sizes=\"auto, (max-width: 660px) 100vw, 660px\" \/><\/a><\/p>\n<p>Po klikni\u0119ciu na ikon\u0119 otworzy si\u0119 panel komunikacji. U\u017cytkownik mo\u017ce komunikowa\u0107 si\u0119 tylko z kierowcami posiadaj\u0105cymi konto i tylko w obr\u0119bie swojej floty (U\u017cytkownik nie mo\u017ce komunikowa\u0107 si\u0119 z kierowcami innych u\u017cytkownik\u00f3w). Ten panel pozwala u\u017cytkownikowi wykona\u0107 dwie czynno\u015bci:<\/p>\n<ul>\n<li>Wys\u0142a\u0107 wiadomo\u015b\u0107 do wszystkich lub kilku kierowc\u00f3w na raz;<\/li>\n<li>Komunikowa\u0107 si\u0119 z poszczeg\u00f3lnymi kierowcami.<\/li>\n<\/ul>\n<p>Aby wys\u0142a\u0107 wiadomo\u015b\u0107 do wielu kierowc\u00f3w, nale\u017cy klikn\u0105\u0107 pole \u201e+ Nowa wiadomo\u015b\u0107\u201d w g\u00f3rnej cz\u0119\u015bci panelu.<\/p>\n<p><a href=\"https:\/\/www.fmsdocumentation.com\/wp-content\/uploads\/2018\/11\/84PL.png\"><img loading=\"lazy\" decoding=\"async\" class=\"alignnone wp-image-6190 size-full\" src=\"https:\/\/www.fmsdocumentation.com\/wp-content\/uploads\/2018\/11\/84PL.png\" alt=\"\" width=\"290\" height=\"225\" \/><\/a><\/p>\n<p>Po klikni\u0119ciu na pole otworzy si\u0119 okno nowej wiadomo\u015bci. Tutaj, klikaj\u0105c na pole wyszukiwania, u\u017cytkownik mo\u017ce wybra\u0107 kierowc\u00f3w, do kt\u00f3rych chce wys\u0142a\u0107 wiadomo\u015b\u0107. Klikni\u0119cie na pole wyszukiwania pozwala wyszukiwa\u0107 kierowc\u00f3w po nazwisku lub po prostu wybra\u0107 ich z rozwijanej listy. W przypadku wiadomo\u015bci wysy\u0142anej do wszystkich kierowc\u00f3w, u\u017cytkownik musi jedynie klikn\u0105\u0107 przycisk \u201e+ Dodaj wszystkich\u201d z prawej strony pola wyszukiwania. Poni\u017cej pola wyboru kierowc\u00f3w znajduje si\u0119 pole wiadomo\u015bci, gdzie u\u017cytkownik mo\u017ce wpisa\u0107 swoj\u0105 wiadomo\u015b\u0107. Jedna wiadomo\u015b\u0107 mo\u017ce zawiera\u0107 maksymalnie 500 znak\u00f3w. Do ka\u017cdej wiadomo\u015bci mo\u017cna doda\u0107 jeden obraz o maksymalnej wielko\u015bci 10Mb. Gdy wiadomo\u015b\u0107 jest gotowa, nale\u017cy klikn\u0105\u0107 przycisk \u201eWy\u015blij\u201d, aby j\u0105 wys\u0142a\u0107. Je\u015bli u\u017cytkownik chce anulowa\u0107 wiadomo\u015b\u0107, powinien klikn\u0105\u0107 przycisk \u201eZamknij\u201d lub klikn\u0105\u0107 gdziekolwiek poza oknem \u201eNowa wiadomo\u015b\u0107\u201d.<\/p>\n<p><a href=\"https:\/\/www.fmsdocumentation.com\/wp-content\/uploads\/2018\/11\/85PL.png\"><img loading=\"lazy\" decoding=\"async\" class=\"alignnone wp-image-6191 size-full\" src=\"https:\/\/www.fmsdocumentation.com\/wp-content\/uploads\/2018\/11\/85PL.png\" alt=\"\" width=\"602\" height=\"464\" srcset=\"https:\/\/www.fmsdocumentation.com\/wp-content\/uploads\/2018\/11\/85PL.png 602w, https:\/\/www.fmsdocumentation.com\/wp-content\/uploads\/2018\/11\/85PL-300x231.png 300w\" sizes=\"auto, (max-width: 602px) 100vw, 602px\" \/><\/a><\/p>\n<p>Po wys\u0142aniu wiadomo\u015bci u\u017cytkownik zostanie przeniesiony do poprzedniego panelu. Pod polem \u201e+ Nowa wiadomo\u015b\u0107\u201d znajduje si\u0119 lista kierowc\u00f3w. Jest tam r\u00f3wnie\u017c pasek wyszukiwania u\u0142atwiaj\u0105cy szybkie odnalezienie kierowc\u00f3w. Pasek wyszukiwania od\u015bwie\u017ca list\u0119 kierowc\u00f3w po ka\u017cdym wprowadzonym znaku. Aby anulowa\u0107 filtr wyszukiwania, wystarczy klikn\u0105\u0107 na ma\u0142y symbol \u201dx\u201d po prawej stronie pola wyszukiwania. Po klikni\u0119ciu na kierowc\u0119 na li\u015bcie pojawi si\u0119 panel rozmowy z tym kierowc\u0105.<\/p>\n<p><a href=\"https:\/\/www.fmsdocumentation.com\/wp-content\/uploads\/2018\/11\/86PL.png\"><img loading=\"lazy\" decoding=\"async\" class=\"alignnone wp-image-6192 size-full\" src=\"https:\/\/www.fmsdocumentation.com\/wp-content\/uploads\/2018\/11\/86PL.png\" alt=\"\" width=\"290\" height=\"226\" \/><\/a><\/p>\n<p>Panel rozmowy jest raczej intuicyjny i bardzo podobny do wielu popularnych aplikacji do przesy\u0142ania wiadomo\u015bci. Pole wprowadzania tekstu znajduje si\u0119 u do\u0142u, a po jego lewej stronie wida\u0107 ikon\u0119 \u201eDodaj plik\u201d, za pomoc\u0105 kt\u00f3rej u\u017cytkownik mo\u017ce wys\u0142a\u0107 kierowcy obraz.<\/p>\n<p><a href=\"https:\/\/www.fmsdocumentation.com\/wp-content\/uploads\/2018\/11\/87PL.png\"><img loading=\"lazy\" decoding=\"async\" class=\"alignnone wp-image-6193 size-full\" src=\"https:\/\/www.fmsdocumentation.com\/wp-content\/uploads\/2018\/11\/87PL.png\" alt=\"\" width=\"650\" height=\"703\" srcset=\"https:\/\/www.fmsdocumentation.com\/wp-content\/uploads\/2018\/11\/87PL.png 650w, https:\/\/www.fmsdocumentation.com\/wp-content\/uploads\/2018\/11\/87PL-277x300.png 277w\" sizes=\"auto, (max-width: 650px) 100vw, 650px\" \/><\/a><\/p>\n<p><p class=\"note\">Uwaga<br \/>\nPrzesy\u0142a\u0107 mo\u017cna tylko obrazy w formacie .jpg oraz .png. Je\u015bli u\u017cytkownik spr\u00f3buje doda\u0107 plik innego typu, pojawi si\u0119 okno pokazane poni\u017cej.<\/p><\/p>\n<p><a href=\"https:\/\/www.fmsdocumentation.com\/wp-content\/uploads\/2018\/11\/88PL.png\"><img loading=\"lazy\" decoding=\"async\" class=\"alignnone wp-image-6194 size-full\" src=\"https:\/\/www.fmsdocumentation.com\/wp-content\/uploads\/2018\/11\/88PL.png\" alt=\"\" width=\"379\" height=\"141\" srcset=\"https:\/\/www.fmsdocumentation.com\/wp-content\/uploads\/2018\/11\/88PL.png 379w, https:\/\/www.fmsdocumentation.com\/wp-content\/uploads\/2018\/11\/88PL-300x112.png 300w\" sizes=\"auto, (max-width: 379px) 100vw, 379px\" \/><\/a><\/p>\n<p>Wiadomo\u015bci od kierowcy s\u0105 wy\u015bwietlane po lewej stronie, za\u015b wiadomo\u015bci od u\u017cytkownika po prawej. Inicja\u0142y w okr\u0105g\u0142ych polach pochodz\u0105 od nazwy kierowcy oraz loginu u\u017cytkownika.<\/p>\n<hr \/>\n<p><div class=\"alignleft\"><a href=\"https:\/\/www.fmsdocumentation.com\/pl\/drivers-menu\/drivers-management\/\" title=\"Zarz\u0105dzanie kierowcami\"><span class=\"arrow\">\u2039 &nbsp <\/span> Zarz\u0105dzanie kierowcami <\/a><\/div> <div class=\"alignright\"><a href=\"https:\/\/www.fmsdocumentation.com\/pl\/geozones-menu\/\" title=\"Menu geostref\">Menu geostref <span class=\"arrow\"> &nbsp\u203a <\/span> <\/a><\/div><\/p>\n<p>&nbsp;<\/p>\n<p>&nbsp;<\/p>\n","protected":false},"excerpt":{"rendered":"<p>Panel komunikacji pozwala u\u017cytkownikowi porozumiewa\u0107 si\u0119 z kierowcami za pomoc\u0105 zainstalowanej aplikacji. Aby uzyska\u0107 dost\u0119p do panelu komunikacji, nale\u017cy klikn\u0105\u0107 na odpowiedni\u0105 ikon\u0119 w panelu nawigacji. Po klikni\u0119ciu na ikon\u0119 otworzy si\u0119 panel komunikacji. U\u017cytkownik mo\u017ce komunikowa\u0107 si\u0119 tylko z kierowcami posiadaj\u0105cymi konto i tylko w obr\u0119bie swojej floty (U\u017cytkownik nie mo\u017ce komunikowa\u0107 si\u0119 z &hellip; <a href=\"https:\/\/www.fmsdocumentation.com\/pl\/communications-menu\/\" class=\"more-link\">Czytaj dalej <span class=\"screen-reader-text\">Menu komunikacji<\/span><\/a><\/p>\n","protected":false},"author":1,"featured_media":0,"parent":0,"menu_order":45,"comment_status":"closed","ping_status":"closed","template":"","meta":{"footnotes":""},"class_list":["post-4579","page","type-page","status-publish","hentry"],"_links":{"self":[{"href":"https:\/\/www.fmsdocumentation.com\/pl\/wp-json\/wp\/v2\/pages\/4579","targetHints":{"allow":["GET"]}}],"collection":[{"href":"https:\/\/www.fmsdocumentation.com\/pl\/wp-json\/wp\/v2\/pages"}],"about":[{"href":"https:\/\/www.fmsdocumentation.com\/pl\/wp-json\/wp\/v2\/types\/page"}],"author":[{"embeddable":true,"href":"https:\/\/www.fmsdocumentation.com\/pl\/wp-json\/wp\/v2\/users\/1"}],"replies":[{"embeddable":true,"href":"https:\/\/www.fmsdocumentation.com\/pl\/wp-json\/wp\/v2\/comments?post=4579"}],"version-history":[{"count":3,"href":"https:\/\/www.fmsdocumentation.com\/pl\/wp-json\/wp\/v2\/pages\/4579\/revisions"}],"predecessor-version":[{"id":6195,"href":"https:\/\/www.fmsdocumentation.com\/pl\/wp-json\/wp\/v2\/pages\/4579\/revisions\/6195"}],"wp:attachment":[{"href":"https:\/\/www.fmsdocumentation.com\/pl\/wp-json\/wp\/v2\/media?parent=4579"}],"curies":[{"name":"wp","href":"https:\/\/api.w.org\/{rel}","templated":true}]}}