{"id":4581,"date":"2017-04-06T08:05:52","date_gmt":"2017-04-06T08:05:52","guid":{"rendered":"http:\/\/www.fmsdocumentation.com\/drivers-list\/"},"modified":"2018-11-16T10:08:40","modified_gmt":"2018-11-16T08:08:40","slug":"drivers-list","status":"publish","type":"page","link":"https:\/\/www.fmsdocumentation.com\/pl\/drivers-menu\/drivers-list\/","title":{"rendered":"Lista kierowc\u00f3w"},"content":{"rendered":"<p>Po klikni\u0119ciu odpowiedniej ikony w panelu nawigacyjnym otworzy si\u0119 panel kierowc\u00f3w z list\u0105 wszystkich istniej\u0105cych kierowc\u00f3w dla aktualnego u\u017cytkownika sieci.<\/p>\n<p><p class=\"note\">System zarz\u0105dzania flot\u0105 wykorzystuje wbudowane automatyczne narz\u0119dzie tworzenia i przypisywania kierowc\u00f3w. Automatycznie tworzy ono nowych kierowc\u00f3w na podstawie otrzymanych identyfikator\u00f3w kart kierowc\u00f3w lub identyfikator\u00f3w iButton. Dla jednego otrzymanego identyfikatora tworzony jest tylko jeden kierowca (narz\u0119dzie nie utworzy nowego kierowcy w przypadku wielokrotnego u\u017cycia tej samej karty lub iButton). Narz\u0119dzie wykorzystuje otrzymany identyfikator jako \u201enazw\u0119 kierowcy\u201d. Ponadto system automatycznie przypisuje kierowc\u00f3w do obiekt\u00f3w, z kt\u00f3rych otrzymano odczyt identyfikatora. Ta funkcja jest opisana w kolejnej sekcji <a href=\"https:\/\/www.fmsdocumentation.com\/pl\/drivers-menu\/drivers-management\/?lang=pl\">Zarz\u0105dzanie kierowcami<\/a>.<\/p><\/p>\n<p>Kierowcy s\u0105 sortowani alfabetycznie. Po lewej stronie nazwiska kierowcy znajduje si\u0119 szare okr\u0105g\u0142e oznaczenie z inicja\u0142ami kierowcy, co pomaga w przegl\u0105daniu listy kierowc\u00f3w. Je\u015bli kierowca posiada przypisany pojazd, jest on wy\u015bwietlany w kolorze szarym pod nazwiskiem kierowcy. Je\u015bli kierowca nie ma przypisanego pojazdu, pojawi si\u0119 podpis \u201ePojazd nie jest przydzielony\u201d.<\/p>\n<p><a href=\"https:\/\/www.fmsdocumentation.com\/wp-content\/uploads\/2018\/11\/68PL.png\"><img loading=\"lazy\" decoding=\"async\" class=\"alignnone wp-image-6133 size-full\" src=\"https:\/\/www.fmsdocumentation.com\/wp-content\/uploads\/2018\/11\/68PL.png\" alt=\"\" width=\"291\" height=\"120\" \/><\/a><\/p>\n<p>List\u0119 kierowc\u00f3w mo\u017cna filtrowa\u0107 wed\u0142ug trzech kryteri\u00f3w:<\/p>\n<ul>\n<li>Poka\u017c wszystko;<\/li>\n<li>Z przypisanym pojazdem;<\/li>\n<li>Bez przypisanego pojazdu;<\/li>\n<li>Utworzono automatycznie.<\/li>\n<\/ul>\n<p>Aby zmieni\u0107 filtr, nale\u017cy klikn\u0105\u0107 pole \u201ePoka\u017c kierowc\u00f3w\u201d (Show drivers). Otworzy si\u0119 rozwijana lista filtr\u00f3w. Mo\u017cna z niej wybra\u0107 \u017c\u0105dany filtr. Aktualnie wybrany filtr b\u0119dzie oznaczony nieco ciemniejszym odcieniem koloru szarego oraz niebieskim paskiem po prawej stronie nazwy filtra.<\/p>\n<p><a href=\"https:\/\/www.fmsdocumentation.com\/wp-content\/uploads\/2018\/11\/69PL.png\"><img loading=\"lazy\" decoding=\"async\" class=\"alignnone size-full wp-image-6134\" src=\"https:\/\/www.fmsdocumentation.com\/wp-content\/uploads\/2018\/11\/69PL.png\" alt=\"\" width=\"292\" height=\"164\" \/><\/a><\/p>\n<p><p class=\"note\">Uwaga<br \/>\nDodatkowo, opr\u00f3cz standardowych status\u00f3w kierowc\u00f3w (przypisany\/nieprzypisany), u\u017cytkownik mo\u017ce niekiedy zobaczy\u0107 status Zaj\u0119ty. Ten status jest wy\u015bwietlany, gdy kierowca jest przypisany do pojazdu, kt\u00f3ry nie jest wy\u015bwietlany (ograniczony) dla bie\u017c\u0105cego u\u017cytkownika. Gdy ten status jest aktywny, u\u017cytkownik nie mo\u017ce przypisa\u0107 kierowcy do innego pojazdu. Poni\u017cej znajduje si\u0119 przyk\u0142ad. <\/p><\/p>\n<p><a href=\"https:\/\/www.fmsdocumentation.com\/wp-content\/uploads\/2018\/11\/70PL.png\"><img loading=\"lazy\" decoding=\"async\" class=\"alignnone size-full wp-image-6140\" src=\"https:\/\/www.fmsdocumentation.com\/wp-content\/uploads\/2018\/11\/70PL.png\" alt=\"\" width=\"285\" height=\"283\" srcset=\"https:\/\/www.fmsdocumentation.com\/wp-content\/uploads\/2018\/11\/70PL.png 285w, https:\/\/www.fmsdocumentation.com\/wp-content\/uploads\/2018\/11\/70PL-150x150.png 150w\" sizes=\"auto, (max-width: 285px) 100vw, 285px\" \/><\/a><\/p>\n<p>Aby doda\u0107 nowych kierowc\u00f3w do listy, nale\u017cy klikn\u0105\u0107 pole \u201e+ Nowi kierowca\u201d.<\/p>\n<p><a href=\"https:\/\/www.fmsdocumentation.com\/wp-content\/uploads\/2018\/11\/71PL.png\"><img loading=\"lazy\" decoding=\"async\" class=\"alignnone size-full wp-image-6141\" src=\"https:\/\/www.fmsdocumentation.com\/wp-content\/uploads\/2018\/11\/71PL.png\" alt=\"\" width=\"291\" height=\"313\" srcset=\"https:\/\/www.fmsdocumentation.com\/wp-content\/uploads\/2018\/11\/71PL.png 291w, https:\/\/www.fmsdocumentation.com\/wp-content\/uploads\/2018\/11\/71PL-279x300.png 279w\" sizes=\"auto, (max-width: 291px) 100vw, 291px\" \/><\/a><\/p>\n<p>Pojawi si\u0119 nowe okno z napisem \u201eDodaj nowego kierowc\u0119\u201d. W tym oknie nale\u017cy wprowadzi\u0107 informacje o kierowcy. Obowi\u0105zkowo nale\u017cy wype\u0142ni\u0107 tylko jedno pole:<\/p>\n<ul>\n<li>Imi\u0119.<\/li>\n<\/ul>\n<p>Inne pola s\u0105 opcjonalne i u\u017cytkownik mo\u017ce je wype\u0142ni\u0107, je\u015bli zechce. Po wype\u0142nieniu obowi\u0105zkowych p\u00f3l (i opcjonalnych) nale\u017cy klikn\u0105\u0107 przycisk \u201eZachowaj\u201d, aby doda\u0107 nowego kierowc\u0119 do listy kierowc\u00f3w. Je\u015bli u\u017cytkownik postanowi nie zapisywa\u0107 danego kierowcy na li\u015bcie, musi jedynie klikn\u0105\u0107 przycisk \u201eZamknij\u201d lub gdziekolwiek poza oknem \u201eDodaj nowego kierowc\u0119\u201d.<\/p>\n<p><a href=\"https:\/\/www.fmsdocumentation.com\/wp-content\/uploads\/2018\/11\/72PL.png\"><img loading=\"lazy\" decoding=\"async\" class=\"alignnone size-full wp-image-6142\" src=\"https:\/\/www.fmsdocumentation.com\/wp-content\/uploads\/2018\/11\/72PL.png\" alt=\"\" width=\"600\" height=\"680\" srcset=\"https:\/\/www.fmsdocumentation.com\/wp-content\/uploads\/2018\/11\/72PL.png 600w, https:\/\/www.fmsdocumentation.com\/wp-content\/uploads\/2018\/11\/72PL-265x300.png 265w\" sizes=\"auto, (max-width: 600px) 100vw, 600px\" \/><\/a><\/p>\n<p>Po klikni\u0119ciu przycisku \u201eZachowaj\u201d lista zostanie zaktualizowana automatycznie w porz\u0105dku alfabetycznym, a nowy kierowca zostanie dodany do listy z podpisem \u201ePojazd nie jest przydzielony\u201d.<\/p>\n<hr \/>\n<p><div class=\"alignleft\"><a href=\"https:\/\/www.fmsdocumentation.com\/pl\/drivers-menu\/\" title=\"Menu kierowc\u00f3w\"><span class=\"arrow\">\u2039 &nbsp <\/span> Menu kierowc\u00f3w <\/a><\/div> <div class=\"alignright\"><a href=\"https:\/\/www.fmsdocumentation.com\/pl\/drivers-menu\/drivers-management\/\" title=\"Zarz\u0105dzanie kierowcami\">Zarz\u0105dzanie kierowcami <span class=\"arrow\"> &nbsp\u203a <\/span> <\/a><\/div><\/p>\n<p>&nbsp;<\/p>\n","protected":false},"excerpt":{"rendered":"<p>Po klikni\u0119ciu odpowiedniej ikony w panelu nawigacyjnym otworzy si\u0119 panel kierowc\u00f3w z list\u0105 wszystkich istniej\u0105cych kierowc\u00f3w dla aktualnego u\u017cytkownika sieci. System zarz\u0105dzania flot\u0105 wykorzystuje wbudowane automatyczne narz\u0119dzie tworzenia i przypisywania kierowc\u00f3w. Automatycznie tworzy ono nowych kierowc\u00f3w na podstawie otrzymanych identyfikator\u00f3w kart kierowc\u00f3w lub identyfikator\u00f3w iButton. Dla jednego otrzymanego identyfikatora tworzony jest tylko jeden kierowca (narz\u0119dzie &hellip; <a href=\"https:\/\/www.fmsdocumentation.com\/pl\/drivers-menu\/drivers-list\/\" class=\"more-link\">Czytaj dalej <span class=\"screen-reader-text\">Lista kierowc\u00f3w<\/span><\/a><\/p>\n","protected":false},"author":1,"featured_media":0,"parent":4582,"menu_order":1,"comment_status":"closed","ping_status":"closed","template":"","meta":{"footnotes":""},"class_list":["post-4581","page","type-page","status-publish","hentry"],"_links":{"self":[{"href":"https:\/\/www.fmsdocumentation.com\/pl\/wp-json\/wp\/v2\/pages\/4581","targetHints":{"allow":["GET"]}}],"collection":[{"href":"https:\/\/www.fmsdocumentation.com\/pl\/wp-json\/wp\/v2\/pages"}],"about":[{"href":"https:\/\/www.fmsdocumentation.com\/pl\/wp-json\/wp\/v2\/types\/page"}],"author":[{"embeddable":true,"href":"https:\/\/www.fmsdocumentation.com\/pl\/wp-json\/wp\/v2\/users\/1"}],"replies":[{"embeddable":true,"href":"https:\/\/www.fmsdocumentation.com\/pl\/wp-json\/wp\/v2\/comments?post=4581"}],"version-history":[{"count":8,"href":"https:\/\/www.fmsdocumentation.com\/pl\/wp-json\/wp\/v2\/pages\/4581\/revisions"}],"predecessor-version":[{"id":6143,"href":"https:\/\/www.fmsdocumentation.com\/pl\/wp-json\/wp\/v2\/pages\/4581\/revisions\/6143"}],"up":[{"embeddable":true,"href":"https:\/\/www.fmsdocumentation.com\/pl\/wp-json\/wp\/v2\/pages\/4582"}],"wp:attachment":[{"href":"https:\/\/www.fmsdocumentation.com\/pl\/wp-json\/wp\/v2\/media?parent=4581"}],"curies":[{"name":"wp","href":"https:\/\/api.w.org\/{rel}","templated":true}]}}