{"id":4582,"date":"2017-04-06T08:02:33","date_gmt":"2017-04-06T08:02:33","guid":{"rendered":"http:\/\/www.fmsdocumentation.com\/drivers-menu\/"},"modified":"2020-06-02T09:24:12","modified_gmt":"2020-06-02T06:24:12","slug":"drivers-menu","status":"publish","type":"page","link":"https:\/\/www.fmsdocumentation.com\/pl\/drivers-menu\/","title":{"rendered":"Menu kierowc\u00f3w"},"content":{"rendered":"<p>Menu kierowc\u00f3w s\u0142u\u017cy do dodawania, usuwania i modyfikacji istniej\u0105cych kierowc\u00f3w. Ten panel jest wykorzystywany do wprowadzania og\u00f3lnych informacji na temat kierowcy oraz danych kontaktowych, a tak\u017ce do przydzielania pojazdu do kierowcy oraz zarz\u0105dzania danymi do logowania w aplikacji. Aby otworzy\u0107 menu kierowc\u00f3w, nale\u017cy klikn\u0105\u0107 na odpowiedni\u0105 ikon\u0119 w lewym panelu nawigacji.<\/p>\n<p><a href=\"https:\/\/www.fmsdocumentation.com\/wp-content\/uploads\/2018\/11\/67PL.png\"><img loading=\"lazy\" decoding=\"async\" class=\"alignnone wp-image-6130 size-large\" src=\"https:\/\/www.fmsdocumentation.com\/wp-content\/uploads\/2018\/11\/67PL-1024x584.png\" alt=\"\" width=\"660\" height=\"376\" srcset=\"https:\/\/www.fmsdocumentation.com\/wp-content\/uploads\/2018\/11\/67PL-1024x584.png 1024w, https:\/\/www.fmsdocumentation.com\/wp-content\/uploads\/2018\/11\/67PL-300x171.png 300w, https:\/\/www.fmsdocumentation.com\/wp-content\/uploads\/2018\/11\/67PL-768x438.png 768w, https:\/\/www.fmsdocumentation.com\/wp-content\/uploads\/2018\/11\/67PL.png 1281w\" sizes=\"auto, (max-width: 660px) 100vw, 660px\" \/><\/a><\/p>\n<hr \/>\n<p><div class=\"alignleft\"><a href=\"https:\/\/www.fmsdocumentation.com\/pl\/overview-menu\/maintenance-overview\/\" title=\"Sekcja zada\u0144 serwisowych\"><span class=\"arrow\">\u2039 &nbsp <\/span> Sekcja zada\u0144 serwisowych <\/a><\/div> <div class=\"alignright\"><a href=\"https:\/\/www.fmsdocumentation.com\/pl\/drivers-menu\/drivers-list\/\" title=\"Lista kierowc\u00f3w\">Lista kierowc\u00f3w <span class=\"arrow\"> &nbsp\u203a <\/span> <\/a><\/div><\/p>\n","protected":false},"excerpt":{"rendered":"<p>Menu kierowc\u00f3w s\u0142u\u017cy do dodawania, usuwania i modyfikacji istniej\u0105cych kierowc\u00f3w. Ten panel jest wykorzystywany do wprowadzania og\u00f3lnych informacji na temat kierowcy oraz danych kontaktowych, a tak\u017ce do przydzielania pojazdu do kierowcy oraz zarz\u0105dzania danymi do logowania w aplikacji. Aby otworzy\u0107 menu kierowc\u00f3w, nale\u017cy klikn\u0105\u0107 na odpowiedni\u0105 ikon\u0119 w lewym panelu nawigacji.<\/p>\n","protected":false},"author":1,"featured_media":0,"parent":0,"menu_order":37,"comment_status":"closed","ping_status":"closed","template":"","meta":{"footnotes":""},"class_list":["post-4582","page","type-page","status-publish","hentry"],"_links":{"self":[{"href":"https:\/\/www.fmsdocumentation.com\/pl\/wp-json\/wp\/v2\/pages\/4582","targetHints":{"allow":["GET"]}}],"collection":[{"href":"https:\/\/www.fmsdocumentation.com\/pl\/wp-json\/wp\/v2\/pages"}],"about":[{"href":"https:\/\/www.fmsdocumentation.com\/pl\/wp-json\/wp\/v2\/types\/page"}],"author":[{"embeddable":true,"href":"https:\/\/www.fmsdocumentation.com\/pl\/wp-json\/wp\/v2\/users\/1"}],"replies":[{"embeddable":true,"href":"https:\/\/www.fmsdocumentation.com\/pl\/wp-json\/wp\/v2\/comments?post=4582"}],"version-history":[{"count":2,"href":"https:\/\/www.fmsdocumentation.com\/pl\/wp-json\/wp\/v2\/pages\/4582\/revisions"}],"predecessor-version":[{"id":6131,"href":"https:\/\/www.fmsdocumentation.com\/pl\/wp-json\/wp\/v2\/pages\/4582\/revisions\/6131"}],"wp:attachment":[{"href":"https:\/\/www.fmsdocumentation.com\/pl\/wp-json\/wp\/v2\/media?parent=4582"}],"curies":[{"name":"wp","href":"https:\/\/api.w.org\/{rel}","templated":true}]}}