{"id":4583,"date":"2017-04-06T07:59:11","date_gmt":"2017-04-06T07:59:11","guid":{"rendered":"http:\/\/www.fmsdocumentation.com\/maintenance-overview\/"},"modified":"2018-11-16T09:05:13","modified_gmt":"2018-11-16T07:05:13","slug":"maintenance-overview","status":"publish","type":"page","link":"https:\/\/www.fmsdocumentation.com\/pl\/overview-menu\/maintenance-overview\/","title":{"rendered":"Sekcja zada\u0144 serwisowych"},"content":{"rendered":"<p>Zak\u0142adka zada\u0144 serwisowych pozwala u\u017cytkownikowi przegl\u0105da\u0107 zadania przypisane do pojazdu, przypisywa\u0107 nowe, modyfikowa\u0107 stare oraz zaznacza\u0107 wykonane. Po klikni\u0119ciu na zak\u0142adk\u0119 czynno\u015bci serwisowych pojawi\u0105 si\u0119 dwie g\u0142\u00f3wne cz\u0119\u015bci modu\u0142u serwisowego:<\/p>\n<ul>\n<li>Dodaj zadanie serwisowe;<\/li>\n<li>Lista przydzielonych zada\u0144.<\/li>\n<\/ul>\n<p><a href=\"https:\/\/www.fmsdocumentation.com\/wp-content\/uploads\/2018\/11\/61PL.png\"><img loading=\"lazy\" decoding=\"async\" class=\"alignnone wp-image-6119 size-full\" src=\"https:\/\/www.fmsdocumentation.com\/wp-content\/uploads\/2018\/11\/61PL.png\" alt=\"\" width=\"400\" height=\"376\" srcset=\"https:\/\/www.fmsdocumentation.com\/wp-content\/uploads\/2018\/11\/61PL.png 400w, https:\/\/www.fmsdocumentation.com\/wp-content\/uploads\/2018\/11\/61PL-300x282.png 300w\" sizes=\"auto, (max-width: 400px) 100vw, 400px\" \/><\/a><\/p>\n<p>Po klikni\u0119ciu przycisku \u201e<strong>Dodaj zadanie obs\u0142ugi<\/strong><strong>\u201d <\/strong>pojawi si\u0119 nowe okno tworzenia zadania serwisowego dla wybranego obiektu.<\/p>\n<p><a href=\"https:\/\/www.fmsdocumentation.com\/wp-content\/uploads\/2018\/11\/62PL.png\"><img loading=\"lazy\" decoding=\"async\" class=\"alignnone wp-image-6121 size-full\" src=\"https:\/\/www.fmsdocumentation.com\/wp-content\/uploads\/2018\/11\/62PL.png\" alt=\"\" width=\"495\" height=\"750\" srcset=\"https:\/\/www.fmsdocumentation.com\/wp-content\/uploads\/2018\/11\/62PL.png 495w, https:\/\/www.fmsdocumentation.com\/wp-content\/uploads\/2018\/11\/62PL-198x300.png 198w\" sizes=\"auto, (max-width: 495px) 100vw, 495px\" \/><\/a><\/p>\n<p>To okno pozwala przypisa\u0107 ju\u017c istniej\u0105ce zadania serwisowe do obiektu.<\/p>\n<p>Aby\u00a0<strong>utworzy\u0107 nowe zadanie serwisowe<\/strong>, najpierw nale\u017cy wybra\u0107 t\u0119 opcj\u0119 w narz\u0119dziu wyboru. Aktualnie wybrana opcja jest zaznaczona niebieskim k\u00f3\u0142kiem (domy\u015blnie zaznaczona jest opcja \u201eUtw\u00f3rz nowe zadanie\u201d).<\/p>\n<p><a href=\"https:\/\/www.fmsdocumentation.com\/wp-content\/uploads\/2018\/11\/63PL-1.png\"><img loading=\"lazy\" decoding=\"async\" class=\"alignnone wp-image-6123 size-full\" src=\"https:\/\/www.fmsdocumentation.com\/wp-content\/uploads\/2018\/11\/63PL-1.png\" alt=\"\" width=\"447\" height=\"72\" srcset=\"https:\/\/www.fmsdocumentation.com\/wp-content\/uploads\/2018\/11\/63PL-1.png 447w, https:\/\/www.fmsdocumentation.com\/wp-content\/uploads\/2018\/11\/63PL-1-300x48.png 300w\" sizes=\"auto, (max-width: 447px) 100vw, 447px\" \/><\/a><\/p>\n<p>Nast\u0119pnie u\u017cytkownik mo\u017ce wprowadzi\u0107 wymagane informacje, aby utworzy\u0107 nowe zadanie serwisowe. obowi\u0105zkowo nale\u017cy poda\u0107 nast\u0119puj\u0105ce informacje:<\/p>\n<ol>\n<li><strong>Nazwa\u00a0<\/strong>\u2013 nazwa wy\u015bwietlana dla zadania serwisowego;<\/li>\n<li><strong>Rodzaj parametru\u00a0<\/strong>\u2013 okre\u015bla parametr, dla kt\u00f3rego ustawiony zostanie okres serwisowy. Po klikni\u0119ciu na niewielk\u0105 strza\u0142k\u0119 otworzy si\u0119 rozwijana lista wszystkich dost\u0119pnych opcji:\n<ul>\n<li><strong>Przebieg <\/strong>\u2013 ten parametr jest ustawiony domy\u015blnie i wskazuje okres serwisowy w kilometrach (na przyk\u0142ad: wymiana oleju co 7000 km).<\/li>\n<li><strong>Data <\/strong>\u2013 ten parametr okre\u015bla termin; u\u017cytkownik mo\u017ce wprowadzi\u0107 warto\u015b\u0107 liczbow\u0105 i wybra\u0107 dla niej jednostk\u0119 (dni, tygodnie, miesi\u0105ce, lata) (na przyk\u0142ad: wymiana oleju co 3 miesi\u0105ce lub 90 dni).<\/li>\n<li><strong>Godziny pracy \u2013\u00a0<\/strong>ten parametr okre\u015bla godziny pracy; mo\u017cna go wybra\u0107 wy\u0142\u0105cznie dla pojazd\u00f3w skonfigurowanych (DIN1, DIN2, DIN3 lub DIN4) do wysy\u0142ania danych na temat godzin pracy do systemu zarz\u0105dzania flot\u0105 (pod Rodzajem parametru\u00a0 pojawia si\u0119 narz\u0119dzie wyboru \u017ar\u00f3d\u0142a pozwalaj\u0105ce okre\u015bli\u0107 DIN, kt\u00f3ry ma wysy\u0142a\u0107 dane). Je\u015bli pojazd nie jest skonfigurowany do wysy\u0142ania danych na temat godzin pracy, ten parametr nie pojawi si\u0119 na li\u015bcie. Czas jest liczony w godzinach. (Na przyk\u0142ad: wymiana oleju co 450 godzin pracy).<\/li>\n<\/ul>\n<\/li>\n<li><strong>Dodaj opis \u2013\u00a0<\/strong>po klikni\u0119ciu tego przycisku otworzy si\u0119 pole tekstowe, gdzie mo\u017cna doda\u0107 opis zadania serwisowego. Opis ten wy\u015bwietla si\u0119 po klikni\u0119ciu zadania serwisowego na li\u015bcie. b\u0119dzie on r\u00f3wnie\u017c widoczny przy edycji zadania.<\/li>\n<li><strong>\u0179r\u00f3d\u0142\u017a danych \u2013<\/strong>opcja dost\u0119pna, tylko je\u015bli rodzaj parametru jest ustawiony na \u201eGodziny pracy\u201d (Working hours). Pozwala wybra\u0107, z kt\u00f3rego \u017ar\u00f3d\u0142a b\u0119d\u0105 pobierane dane na temat godzin pracy. Nale\u017cy je wybiera\u0107 dla ka\u017cdego typu pojazdu oddzielnie w zale\u017cno\u015bci od konfiguracji urz\u0105dzenia FM.<\/li>\n<li><strong>Wprowad\u017a przebieg\/dat\u0119\/liczb\u0119 godzin pracy ostatniego serwisu \u2013\u00a0<\/strong>po zaznaczeniu tej opcji pojawi si\u0119 pole tekstowe, gdzie u\u017cytkownik mo\u017ce wprowadzi\u0107 przebieg\/dat\u0119\/liczb\u0119 godzin pracy dla ostatniego serwisu (czas b\u0119dzie naliczany od tego przebiegu\/daty\/liczby godzin pracy)<\/li>\n<li><strong>Powt\u00f3rz zadanie po<\/strong><strong>\u00a0\u2013\u00a0<\/strong>ta opcja pozwala wprowadzi\u0107 \u017c\u0105dany okres (co XX dni, XXXX kilometr\u00f3w, XX godzin pracy) dla czynno\u015bci serwisowych w zale\u017cno\u015bci od wybranego parametru (godziny pracy\/data\/przebieg).<\/li>\n<li><strong>Aktualny przebieg\/data\/godziny pracy \u2013\u00a0<\/strong>wy\u015bwietla aktualn\u0105 warto\u015b\u0107 parametr\u00f3w obiektu na podstawie wybranego \u017ar\u00f3d\u0142a danych.<\/li>\n<li><strong>Potwierdzenie zadania \u2013\u00a0\u00a0<\/strong>ta funkcja pozwala wybra\u0107 jedn\u0105 z dw\u00f3ch opcji potwierdzenia zadania, od czego b\u0119dzie zale\u017ce\u0107 moment pocz\u0105tkowy kolejnego okresu serwisowego. Mo\u017cna wybra\u0107 tylko jedn\u0105 z dw\u00f3ch poni\u017cszych opcji:\n<ul>\n<li><strong>Zatwierdzaj zawsze r\u0119cznie to zadanie w celu rozpocz\u0119cia nowego cyklu zadania \u2013\u00a0<\/strong>to oznacza, \u017ce nowy okres serwisowy rozpocznie si\u0119 po tym, jak u\u017cytkownik potwierdzi, \u017ce poprzednia czynno\u015b\u0107 serwisowa zosta\u0142a wykonana<strong>;<\/strong><\/li>\n<li><strong>Rozpocznij automatycznie nowy cykl zadania bez potwierdzenia Zatwierdzaj automatycznie to zadanie w celu rozpocz\u0119cia nowego cyklu zadania \u2013\u00a0<\/strong>to oznacza, \u017ce nowy okres serwisowy rozpocznie si\u0119 bezpo\u015brednio po zako\u0144czeniu poprzedniego i nie jest wymagane potwierdzenie ze strony u\u017cytkownika, \u017ce czynno\u015b\u0107 serwisowa zosta\u0142a wykonana<strong>;<\/strong><\/li>\n<\/ul>\n<\/li>\n<li><strong>Pole wyboru dla powiadomie\u0144 na e-mail \u2013\u00a0<\/strong>po zaznaczeniu tego pola powiadomienia o nadchodz\u0105cych zadaniach serwisowych b\u0119d\u0105 wysy\u0142ane na adres e-mail. Mo\u017cna wprowadzi\u0107 wi\u0119cej ni\u017c jeden adres e-mail, oddzielaj\u0105c adresy przecinkiem. Adres e-mail mo\u017cna usun\u0105\u0107, klikaj\u0105c niewielki znak x obok adresu.<\/li>\n<li><strong>Przypomnienie przed \u2013<\/strong>to pole wy\u015bwietla si\u0119, tylko je\u015bli zaznaczone zosta\u0142o pole wyboru dla powiadomie\u0144 na e-mail; okre\u015bla, kiedy b\u0119d\u0105 wysy\u0142ane wiadomo\u015bci e-mail z powiadomieniem. (na przyk\u0142ad: 500 km przed planowan\u0105 czynno\u015bci\u0105 serwisow\u0105) (jednostki (km\/czas) zale\u017c\u0105 od wybranego rodzaju parametru);<\/li>\n<li><strong>Zapisz \u2013\u00a0<\/strong>ten przycisk nale\u017cy klikn\u0105\u0107, aby utworzy\u0107 nowe zadanie serwisowe\/przypisa\u0107 istniej\u0105ce zadanie;<\/li>\n<li><strong>Zamknij \u2013\u00a0<\/strong>ten przycisk nale\u017cy klikn\u0105\u0107, aby anulowa\u0107 tworzenie nowego zadania serwisowego\/przypisywanie zadania; u\u017cytkownik mo\u017ce tez po prostu klikn\u0105\u0107 gdziekolwiek poza oknem, aby je zamkn\u0105\u0107.<\/li>\n<\/ol>\n<p><a href=\"https:\/\/www.fmsdocumentation.com\/wp-content\/uploads\/2018\/11\/64PL.png\"><img loading=\"lazy\" decoding=\"async\" class=\"alignnone size-full wp-image-6124\" src=\"https:\/\/www.fmsdocumentation.com\/wp-content\/uploads\/2018\/11\/64PL.png\" alt=\"\" width=\"365\" height=\"750\" srcset=\"https:\/\/www.fmsdocumentation.com\/wp-content\/uploads\/2018\/11\/64PL.png 365w, https:\/\/www.fmsdocumentation.com\/wp-content\/uploads\/2018\/11\/64PL-146x300.png 146w\" sizes=\"auto, (max-width: 365px) 100vw, 365px\" \/><\/a><\/p>\n<p>Aby\u00a0<strong>przypisa\u0107 istniej\u0105ce zadanie serwisowe<\/strong>, najpierw nale\u017cy wybra\u0107 t\u0119 opcj\u0119 w narz\u0119dziu wyboru. Aktualnie wybrana opcja jest zaznaczona niebieskim k\u00f3\u0142kiem (domy\u015blnie zaznaczona jest opcja \u201ePrzydziel istniej\u0105ce zadanie\u201d).\u00a0 Dalsze kroki s\u0105 podobne jak w przypadku tworzenia nowego zadania, za wyj\u0105tkiem niekt\u00f3rych element\u00f3w.<\/p>\n<p>W tym przypadku pole \u201eNazwa\u201d\u00a0 ma posta\u0107 rozwijanej listy zawieraj\u0105cej wszystkie istniej\u0105ce zadania serwisowe. U\u017cytkownik musi jedynie wybra\u0107 odpowiednie.<\/p>\n<p><a href=\"https:\/\/www.fmsdocumentation.com\/wp-content\/uploads\/2018\/11\/65PL.png\"><img loading=\"lazy\" decoding=\"async\" class=\"alignnone wp-image-6125 size-full\" src=\"https:\/\/www.fmsdocumentation.com\/wp-content\/uploads\/2018\/11\/65PL.png\" alt=\"\" width=\"511\" height=\"112\" srcset=\"https:\/\/www.fmsdocumentation.com\/wp-content\/uploads\/2018\/11\/65PL.png 511w, https:\/\/www.fmsdocumentation.com\/wp-content\/uploads\/2018\/11\/65PL-300x66.png 300w\" sizes=\"auto, (max-width: 511px) 100vw, 511px\" \/><\/a><\/p>\n<p>Po wyborze zadania serwisowego nale\u017cy wype\u0142ni\u0107 nast\u0119puj\u0105ce pola tak samo jak dla nowego zadania:<\/p>\n<ul>\n<li><strong>Opis;<\/strong><\/li>\n<li><strong>Wprowad\u017a przebieg ostatniego serwisu;<\/strong><\/li>\n<li><strong>Powt\u00f3rz zadanie po;<\/strong><\/li>\n<li><strong>Potwierdzenie zadania;<\/strong><\/li>\n<li><strong>Powiadomie\u0144 na e-mail .<\/strong><\/li>\n<\/ul>\n<p>Wszystkie inne pola s\u0105 wy\u015bwietlane i nie mo\u017cna ich zmieni\u0107.<\/p>\n<p><strong>\u201eLista przypisanych zada\u0144\u201d\u00a0<\/strong>\u2013 wy\u015bwietla wszystkie zadania przypisane do pojazdu. U\u017cytkownik mo\u017ce klikn\u0105\u0107 zadanie serwisowe, aby zobaczy\u0107 dodatkowe informacje na jego temat.<\/p>\n<p><a href=\"https:\/\/www.fmsdocumentation.com\/wp-content\/uploads\/2018\/11\/66PL.png\"><img loading=\"lazy\" decoding=\"async\" class=\"alignnone size-full wp-image-6127\" src=\"https:\/\/www.fmsdocumentation.com\/wp-content\/uploads\/2018\/11\/66PL.png\" alt=\"\" width=\"363\" height=\"179\" srcset=\"https:\/\/www.fmsdocumentation.com\/wp-content\/uploads\/2018\/11\/66PL.png 363w, https:\/\/www.fmsdocumentation.com\/wp-content\/uploads\/2018\/11\/66PL-300x148.png 300w\" sizes=\"auto, (max-width: 363px) 100vw, 363px\" \/><\/a><\/p>\n<p>Dla ka\u017cdego zadania dost\u0119pne s\u0105 nast\u0119puj\u0105ce informacje:<\/p>\n<ul>\n<li><strong>Nazwa zadania serwisowego;<\/strong><\/li>\n<li><strong>Cz\u0119stotliwo\u015b\u0107 czynno\u015bci serwisowych;<\/strong><\/li>\n<li><strong>Czas\/odleg\u0142o\u015b\u0107 pozosta\u0142e do czynno\u015bci serwisowej + wska\u017anik ko\u0142owy \u2013<\/strong>zape\u0142nia si\u0119 w miar\u0119 jak zbli\u017ca si\u0119 czas wykonania czynno\u015bci serwisowej; wi\u0119cej szczeg\u00f3\u0142\u00f3w jest dost\u0119pnych w opisie panelu zada\u0144 serwisowych.<\/li>\n<li><strong>Aktualna data\/przebieg <\/strong>oraz\u00a0<strong>data\/przebieg do kolejnego serwisu;<\/strong><\/li>\n<\/ul>\n<p>U do\u0142u zadania znajduj\u0105 si\u0119 trzy przyciski:<\/p>\n<ul>\n<li>Edytuj przypisane zadanie\u00a0 \u2013 funkcja podobna do tworzenia nowego zadania;<\/li>\n<li>Anuluj przypisanie zadania;<\/li>\n<li>Zako\u0144cz serwis \u2013 resetuje okres serwisowy (przycisk mo\u017cna klikn\u0105\u0107 tylko wtedy, gdy pozosta\u0142y czas to mniej ni\u017c 20% warto\u015bci pocz\u0105tkowej).<\/li>\n<\/ul>\n<p>Wi\u0119cej informacji jest dost\u0119pnych w opisie\u00a0<a href=\"https:\/\/www.fmsdocumentation.com\/pl\/maintenance-tasks-menu\/?lang=pl\">panelu zada\u0144 serwisowych<\/a>.<\/p>\n<p>&nbsp;<\/p>\n<hr \/>\n<p><div class=\"alignleft\"><a href=\"https:\/\/www.fmsdocumentation.com\/pl\/overview-menu\/fuel-overview\/\" title=\"Przegl\u0105d informacji dotycz\u0105cych paliwa\"><span class=\"arrow\">\u2039 &nbsp <\/span> Przegl\u0105d informacji dotycz\u0105cych paliwa <\/a><\/div> <div class=\"alignright\"><a href=\"https:\/\/www.fmsdocumentation.com\/pl\/drivers-menu\/\" title=\"Menu kierowc\u00f3w\">Menu kierowc\u00f3w <span class=\"arrow\"> &nbsp\u203a <\/span> <\/a><\/div><\/p>\n","protected":false},"excerpt":{"rendered":"<p>Zak\u0142adka zada\u0144 serwisowych pozwala u\u017cytkownikowi przegl\u0105da\u0107 zadania przypisane do pojazdu, przypisywa\u0107 nowe, modyfikowa\u0107 stare oraz zaznacza\u0107 wykonane. Po klikni\u0119ciu na zak\u0142adk\u0119 czynno\u015bci serwisowych pojawi\u0105 si\u0119 dwie g\u0142\u00f3wne cz\u0119\u015bci modu\u0142u serwisowego: Dodaj zadanie serwisowe; Lista przydzielonych zada\u0144. Po klikni\u0119ciu przycisku \u201eDodaj zadanie obs\u0142ugi\u201d pojawi si\u0119 nowe okno tworzenia zadania serwisowego dla wybranego obiektu. To okno pozwala &hellip; <a href=\"https:\/\/www.fmsdocumentation.com\/pl\/overview-menu\/maintenance-overview\/\" class=\"more-link\">Czytaj dalej <span class=\"screen-reader-text\">Sekcja zada\u0144 serwisowych<\/span><\/a><\/p>\n","protected":false},"author":1,"featured_media":0,"parent":4588,"menu_order":6,"comment_status":"closed","ping_status":"closed","template":"","meta":{"footnotes":""},"class_list":["post-4583","page","type-page","status-publish","hentry"],"_links":{"self":[{"href":"https:\/\/www.fmsdocumentation.com\/pl\/wp-json\/wp\/v2\/pages\/4583","targetHints":{"allow":["GET"]}}],"collection":[{"href":"https:\/\/www.fmsdocumentation.com\/pl\/wp-json\/wp\/v2\/pages"}],"about":[{"href":"https:\/\/www.fmsdocumentation.com\/pl\/wp-json\/wp\/v2\/types\/page"}],"author":[{"embeddable":true,"href":"https:\/\/www.fmsdocumentation.com\/pl\/wp-json\/wp\/v2\/users\/1"}],"replies":[{"embeddable":true,"href":"https:\/\/www.fmsdocumentation.com\/pl\/wp-json\/wp\/v2\/comments?post=4583"}],"version-history":[{"count":6,"href":"https:\/\/www.fmsdocumentation.com\/pl\/wp-json\/wp\/v2\/pages\/4583\/revisions"}],"predecessor-version":[{"id":6120,"href":"https:\/\/www.fmsdocumentation.com\/pl\/wp-json\/wp\/v2\/pages\/4583\/revisions\/6120"}],"up":[{"embeddable":true,"href":"https:\/\/www.fmsdocumentation.com\/pl\/wp-json\/wp\/v2\/pages\/4588"}],"wp:attachment":[{"href":"https:\/\/www.fmsdocumentation.com\/pl\/wp-json\/wp\/v2\/media?parent=4583"}],"curies":[{"name":"wp","href":"https:\/\/api.w.org\/{rel}","templated":true}]}}