{"id":4585,"date":"2017-04-06T07:53:47","date_gmt":"2017-04-06T07:53:47","guid":{"rendered":"http:\/\/www.fmsdocumentation.com\/events-overview\/"},"modified":"2018-11-15T15:35:06","modified_gmt":"2018-11-15T13:35:06","slug":"events-overview","status":"publish","type":"page","link":"https:\/\/www.fmsdocumentation.com\/pl\/overview-menu\/events-overview\/","title":{"rendered":"Przegl\u0105d zdarze\u0144"},"content":{"rendered":"<p>Ta zak\u0142adka s\u0142u\u017cy do przegl\u0105dania aktywnych zdarze\u0144 przypisanych wybranym obiektom i zarz\u0105dzania nimi. Przypisane zdarzenia pokazuje lista w dolnej cz\u0119\u015bci panelu. Aby zarz\u0105dza\u0107 przypisanymi zdarzeniami, nale\u017cy klikn\u0105\u0107 pole \u201eZarz\u0105dzanie zdarzeniami\u201d , kt\u00f3re otworzy si\u0119 w nowym oknie z list\u0105 wszystkich zdarze\u0144 dla danego u\u017cytkownika sieci.<\/p>\n<p><a href=\"https:\/\/www.fmsdocumentation.com\/wp-content\/uploads\/2018\/11\/54PL.png\"><img loading=\"lazy\" decoding=\"async\" class=\"alignnone size-medium wp-image-6107\" src=\"https:\/\/www.fmsdocumentation.com\/wp-content\/uploads\/2018\/11\/54PL-300x109.png\" alt=\"\" width=\"300\" height=\"109\" srcset=\"https:\/\/www.fmsdocumentation.com\/wp-content\/uploads\/2018\/11\/54PL-300x109.png 300w, https:\/\/www.fmsdocumentation.com\/wp-content\/uploads\/2018\/11\/54PL.png 364w\" sizes=\"auto, (max-width: 300px) 100vw, 300px\" \/><\/a><\/p>\n<p>W\u0142\u0105czone zdarzenia s\u0105 oznaczone bia\u0142ym znakiem na niebieskim tle przed nazw\u0105 zdarzenia. Pasek wyszukiwania pomaga szybko znale\u017a\u0107 \u017c\u0105dane zdarzenie. Lista jest aktualizowana automatycznie po wpisaniu ka\u017cdej litery. Po zako\u0144czeniu wybierania zdarze\u0144, nale\u017cy klikn\u0105\u0107 przycisk \u201eZastosuj\u201d, aby zapisa\u0107 wprowadzone zmiany.<\/p>\n<p><a href=\"https:\/\/www.fmsdocumentation.com\/wp-content\/uploads\/2018\/11\/55PL.png\"><img loading=\"lazy\" decoding=\"async\" class=\"alignnone size-full wp-image-6110\" src=\"https:\/\/www.fmsdocumentation.com\/wp-content\/uploads\/2018\/11\/55PL.png\" alt=\"\" width=\"750\" height=\"546\" srcset=\"https:\/\/www.fmsdocumentation.com\/wp-content\/uploads\/2018\/11\/55PL.png 750w, https:\/\/www.fmsdocumentation.com\/wp-content\/uploads\/2018\/11\/55PL-300x218.png 300w\" sizes=\"auto, (max-width: 750px) 100vw, 750px\" \/><\/a><\/p>\n<p>Pod przyciskiem \u201eZarz\u0105dzanie zdarzeniami\u201d dost\u0119pny jest filtr zdarze\u0144. Filtr pozwala wybra\u0107 nast\u0119puj\u0105ce opcje:<\/p>\n<ul>\n<li>Poka\u017c wszystkie zdarzenia;<\/li>\n<li>Poka\u017c tylko nieprzeczytane zdarzenia;<\/li>\n<li>Poka\u017c tylko przeczytane zdarzenia.<\/li>\n<\/ul>\n<p><a href=\"https:\/\/www.fmsdocumentation.com\/wp-content\/uploads\/2018\/11\/56PL.png\"><img loading=\"lazy\" decoding=\"async\" class=\"alignnone size-full wp-image-6111\" src=\"https:\/\/www.fmsdocumentation.com\/wp-content\/uploads\/2018\/11\/56PL.png\" alt=\"\" width=\"364\" height=\"374\" srcset=\"https:\/\/www.fmsdocumentation.com\/wp-content\/uploads\/2018\/11\/56PL.png 364w, https:\/\/www.fmsdocumentation.com\/wp-content\/uploads\/2018\/11\/56PL-292x300.png 292w\" sizes=\"auto, (max-width: 364px) 100vw, 364px\" \/><\/a><\/p>\n<p>Pod filtrem zdarze\u0144 znajduje si\u0119 lista aktywnych zdarze\u0144. Zdarzenia na niej s\u0105 u\u0142o\u017cone w porz\u0105dku chronologicznym z uwzgl\u0119dnieniem zastosowanego filtra. Aktywne zdarzenia s\u0105 zaznaczone\u00a0<strong>pogrubion\u0105<\/strong>\u00a0czcionk\u0105 (nieprzeczytane). Je\u015bli obok ikony jest czerwony wykrzyknik, oznacza to, \u017ce zdarzenie ma <strong>Wysoki priorytet (High Priority)<\/strong>. Po przeczytaniu (klikni\u0119ciu) zdarzenia przez u\u017cytkownika, czcionka zdarzenia powr\u00f3ci do normalnego formatu, chyba \u017ce jest to zdarzenie o \u201eWysokim priorytecie\u201d (High Priority). W takim przypadku u\u017cytkownik musi klikn\u0105\u0107 przycisk \u201ePotwierd\u017a\u201d (Confirm), aby oznaczy\u0107 zdarzenie jako przeczytane. Po klikni\u0119ciu na zdarzenie rozwinie si\u0119 ono i pojawi\u0105 si\u0119 dodatkowe informacje na jego temat.<\/p>\n<p><a href=\"https:\/\/www.fmsdocumentation.com\/wp-content\/uploads\/2018\/01\/43.png\"><img loading=\"lazy\" decoding=\"async\" class=\"alignnone size-full wp-image-4282\" src=\"https:\/\/www.fmsdocumentation.com\/wp-content\/uploads\/2018\/01\/43.png\" alt=\"\" width=\"360\" height=\"646\" srcset=\"https:\/\/www.fmsdocumentation.com\/wp-content\/uploads\/2018\/01\/43.png 360w, https:\/\/www.fmsdocumentation.com\/wp-content\/uploads\/2018\/01\/43-167x300.png 167w\" sizes=\"auto, (max-width: 360px) 100vw, 360px\" \/><\/a><\/p>\n<p>Ponadto po klikni\u0119ciu zdarzenia na li\u015bcie mapa automatycznie powi\u0119kszy si\u0119 i wska\u017ce miejsce, gdzie aktywowa\u0142 si\u0119 alert. Miejsce aktywacji alertu b\u0119dzie oznaczone czerwon\u0105 ikon\u0105 dzwonka, nad kt\u00f3r\u0105 pojawi\u0105 si\u0119 dodatkowe informacje. Dotycz\u0105 one czasu aktywacji zdarzenia, pr\u0119dko\u015bci pojazdu, przebiegu, kierunku ruchu i poziomu paliwa.<\/p>\n<p><a href=\"https:\/\/www.fmsdocumentation.com\/wp-content\/uploads\/2018\/01\/44.png\"><img loading=\"lazy\" decoding=\"async\" class=\"alignnone size-full wp-image-4283\" src=\"https:\/\/www.fmsdocumentation.com\/wp-content\/uploads\/2018\/01\/44.png\" alt=\"\" width=\"817\" height=\"720\" srcset=\"https:\/\/www.fmsdocumentation.com\/wp-content\/uploads\/2018\/01\/44.png 817w, https:\/\/www.fmsdocumentation.com\/wp-content\/uploads\/2018\/01\/44-300x264.png 300w, https:\/\/www.fmsdocumentation.com\/wp-content\/uploads\/2018\/01\/44-768x677.png 768w\" sizes=\"auto, (max-width: 817px) 100vw, 817px\" \/><\/a><\/p>\n<p>Tworzenie nowych zdarze\u0144 opisuje rozdzia\u0142 <a href=\"https:\/\/www.fmsdocumentation.com\/pl\/events-menu\/?lang=pl\">Menu zdarze\u0144<\/a>.<\/p>\n<p><p class=\"note\">Uwaga<br \/>\nZak\u0142adka zdarze\u0144 dzia\u0142a w korelacji z panelem alert\u00f3w opisanym wcze\u015bniej (<a href=\"https:\/\/www.fmsdocumentation.com\/pl\/main-tms-window\/alerts-from-objects\/?lang=pl\">Alerty obiekt\u00f3w<\/a>). Oznacza to, \u017ce zdarzenia oznaczone jako przeczytane b\u0119d\u0105 wy\u015bwietlane w ten sam spos\u00f3b w zak\u0142adce zdarze\u0144 i w panelu alert\u00f3w. <\/p><\/p>\n<hr \/>\n<p><div class=\"alignleft\"><a href=\"https:\/\/www.fmsdocumentation.com\/pl\/overview-menu\/history-overview\/\" title=\"Sekcja historii\"><span class=\"arrow\">\u2039 &nbsp <\/span> Sekcja historii <\/a><\/div> <div class=\"alignright\"><a href=\"https:\/\/www.fmsdocumentation.com\/pl\/overview-menu\/fuel-overview\/\" title=\"Przegl\u0105d informacji dotycz\u0105cych paliwa\">Przegl\u0105d informacji dotycz\u0105cych paliwa <span class=\"arrow\"> &nbsp\u203a <\/span> <\/a><\/div><\/p>\n","protected":false},"excerpt":{"rendered":"<p>Ta zak\u0142adka s\u0142u\u017cy do przegl\u0105dania aktywnych zdarze\u0144 przypisanych wybranym obiektom i zarz\u0105dzania nimi. Przypisane zdarzenia pokazuje lista w dolnej cz\u0119\u015bci panelu. Aby zarz\u0105dza\u0107 przypisanymi zdarzeniami, nale\u017cy klikn\u0105\u0107 pole \u201eZarz\u0105dzanie zdarzeniami\u201d , kt\u00f3re otworzy si\u0119 w nowym oknie z list\u0105 wszystkich zdarze\u0144 dla danego u\u017cytkownika sieci. W\u0142\u0105czone zdarzenia s\u0105 oznaczone bia\u0142ym znakiem na niebieskim tle przed &hellip; <a href=\"https:\/\/www.fmsdocumentation.com\/pl\/overview-menu\/events-overview\/\" class=\"more-link\">Czytaj dalej <span class=\"screen-reader-text\">Przegl\u0105d zdarze\u0144<\/span><\/a><\/p>\n","protected":false},"author":1,"featured_media":0,"parent":4588,"menu_order":4,"comment_status":"closed","ping_status":"closed","template":"","meta":{"footnotes":""},"class_list":["post-4585","page","type-page","status-publish","hentry"],"_links":{"self":[{"href":"https:\/\/www.fmsdocumentation.com\/pl\/wp-json\/wp\/v2\/pages\/4585","targetHints":{"allow":["GET"]}}],"collection":[{"href":"https:\/\/www.fmsdocumentation.com\/pl\/wp-json\/wp\/v2\/pages"}],"about":[{"href":"https:\/\/www.fmsdocumentation.com\/pl\/wp-json\/wp\/v2\/types\/page"}],"author":[{"embeddable":true,"href":"https:\/\/www.fmsdocumentation.com\/pl\/wp-json\/wp\/v2\/users\/1"}],"replies":[{"embeddable":true,"href":"https:\/\/www.fmsdocumentation.com\/pl\/wp-json\/wp\/v2\/comments?post=4585"}],"version-history":[{"count":5,"href":"https:\/\/www.fmsdocumentation.com\/pl\/wp-json\/wp\/v2\/pages\/4585\/revisions"}],"predecessor-version":[{"id":6112,"href":"https:\/\/www.fmsdocumentation.com\/pl\/wp-json\/wp\/v2\/pages\/4585\/revisions\/6112"}],"up":[{"embeddable":true,"href":"https:\/\/www.fmsdocumentation.com\/pl\/wp-json\/wp\/v2\/pages\/4588"}],"wp:attachment":[{"href":"https:\/\/www.fmsdocumentation.com\/pl\/wp-json\/wp\/v2\/media?parent=4585"}],"curies":[{"name":"wp","href":"https:\/\/api.w.org\/{rel}","templated":true}]}}