{"id":4588,"date":"2017-04-06T07:43:44","date_gmt":"2017-04-06T07:43:44","guid":{"rendered":"http:\/\/www.fmsdocumentation.com\/overview-menu\/"},"modified":"2020-06-09T14:21:49","modified_gmt":"2020-06-09T11:21:49","slug":"overview-menu","status":"publish","type":"page","link":"https:\/\/www.fmsdocumentation.com\/pl\/overview-menu\/","title":{"rendered":"Menu statusu floty"},"content":{"rendered":"<p>Aby przej\u015b\u0107 do menu \u201dStatus floty\u201d, nale\u017cy klikn\u0105\u0107 na odpowiedni\u0105 ikon\u0119 w panelu nawigacji po lewej stronie ekranu. Po klikni\u0119ciu ikona zostanie zaznaczona kolorem niebieskim i pojawi si\u0119 nowy panel obok menu nawigacji. Jest to panel \u201dStatus floty\u201d.<\/p>\n<p><a href=\"https:\/\/www.fmsdocumentation.com\/wp-content\/uploads\/2018\/11\/21PL.png\"><img loading=\"lazy\" decoding=\"async\" class=\"alignnone wp-image-6052 size-large\" src=\"https:\/\/www.fmsdocumentation.com\/wp-content\/uploads\/2018\/11\/21PL-1024x567.png\" alt=\"\" width=\"660\" height=\"365\" srcset=\"https:\/\/www.fmsdocumentation.com\/wp-content\/uploads\/2018\/11\/21PL-1024x567.png 1024w, https:\/\/www.fmsdocumentation.com\/wp-content\/uploads\/2018\/11\/21PL-300x166.png 300w, https:\/\/www.fmsdocumentation.com\/wp-content\/uploads\/2018\/11\/21PL-768x425.png 768w, https:\/\/www.fmsdocumentation.com\/wp-content\/uploads\/2018\/11\/21PL.png 1219w\" sizes=\"auto, (max-width: 660px) 100vw, 660px\" \/><\/a><\/p>\n<p>Panel statusu floty wy\u015bwietla przegl\u0105d wszystkich obiekt\u00f3w we flocie u\u017cytkownika. Domy\u015blnie pokazane s\u0105 wszystkie pojazdy. Warto pami\u0119ta\u0107, \u017ce na li\u015bcie mog\u0105 znajdowa\u0107 si\u0119 nie tylko pojazdy. Obecnie uwzgl\u0119dnia ona tak\u017ce przyczepy, kt\u00f3re b\u0119d\u0105 wy\u015bwietlane, je\u015bli aktualny u\u017cytkownik sieci je posiada. Przyczepami zarz\u0105dza dostawca us\u0142ug, zatem u\u017cytkownik sam nie mo\u017ce okre\u015bli\u0107, kt\u00f3re obiekty s\u0105 przyczepami.<\/p>\n<p>List\u0119 pojazd\u00f3w mo\u017cna filtrowa\u0107 za pomoc\u0105 trzech filtr\u00f3w.<\/p>\n<p>Pierwszy filtr to grupy. Znajduje si\u0119 na samej g\u00f3rze listy. Po klikni\u0119ciu na strza\u0142k\u0119 rozwinie si\u0119 lista wszystkich istniej\u0105cych grup dla bie\u017c\u0105cego u\u017cytkownika. U\u017cytkownik mo\u017ce wybra\u0107 grup\u0119 pojazd\u00f3w do wy\u015bwietlenia. Po wyborze grupy lista zostanie wyfiltrowana i poka\u017ce tylko pojazdy przydzielone do danej grupy.<\/p>\n<p><a href=\"https:\/\/www.fmsdocumentation.com\/wp-content\/uploads\/2018\/11\/22PL.png\"><img loading=\"lazy\" decoding=\"async\" class=\"alignnone wp-image-6053 size-full\" src=\"https:\/\/www.fmsdocumentation.com\/wp-content\/uploads\/2018\/11\/22PL.png\" alt=\"\" width=\"272\" height=\"206\" \/><\/a><\/p>\n<p>U\u017cytkownik mo\u017ce te\u017c utworzy\u0107 now\u0105 grup\u0119 dla wybranych pojazd\u00f3w, kt\u00f3re chce wy\u015bwietla\u0107. W tym celu nale\u017cy klikn\u0105\u0107 przycisk z trzema kropkami znajduj\u0105cy si\u0119 po prawej stronie narz\u0119dzia do wyboru grupy pojazd\u00f3w. To poka\u017ce dost\u0119pne opcje i ustawienia dla grup pojazd\u00f3w. W poni\u017cszym przyk\u0142adzie wybrano wszystkie pojazdy, zatem dost\u0119pna jest tylko jedna opcja.<\/p>\n<p><a href=\"https:\/\/www.fmsdocumentation.com\/wp-content\/uploads\/2018\/11\/23PL.png\"><img loading=\"lazy\" decoding=\"async\" class=\"alignnone wp-image-6054 size-full\" src=\"https:\/\/www.fmsdocumentation.com\/wp-content\/uploads\/2018\/11\/23PL.png\" alt=\"\" width=\"434\" height=\"135\" srcset=\"https:\/\/www.fmsdocumentation.com\/wp-content\/uploads\/2018\/11\/23PL.png 434w, https:\/\/www.fmsdocumentation.com\/wp-content\/uploads\/2018\/11\/23PL-300x93.png 300w\" sizes=\"auto, (max-width: 434px) 100vw, 434px\" \/><\/a><\/p>\n<p>Po klikni\u0119ciu na ten przycisk pojawi si\u0119 formularz tworzenia grupy pojazd\u00f3w. W formularzu tym nale\u017cy wprowadzi\u0107 nazw\u0119 grupy oraz wybra\u0107 pojazdy, kt\u00f3re zostan\u0105 do niej przypisane. Aby wybra\u0107 pojazd, wystarczy klikn\u0105\u0107 na nazw\u0119 pojazdu. Wybrane pojazdy s\u0105 zaznaczane niebieskim znakiem. Opr\u00f3cz tego mo\u017cna skorzysta\u0107 z paska wyszukiwania, kt\u00f3ry pozwala szybko przeszukiwa\u0107 wszystkie pojazdy we flocie. Lista b\u0119dzie filtrowana po wpisaniu ka\u017cdej litery w pasku wyszukiwania. Ponadto mo\u017cna wybra\u0107, jakie dane dodatkowe b\u0119d\u0105 wy\u015bwietlane przy ka\u017cdym poje\u017adzie na li\u015bcie. W tym celu nale\u017cy skorzysta\u0107 z rozwijanej \u201eListy pojazd\u00f3w\u201d. Po wpisaniu nazwy grupy i wybraniu pojazd\u00f3w, kt\u00f3re maj\u0105 do niej nale\u017ce\u0107, u\u017cytkownik musi klikn\u0105\u0107 przycisk \u201eZapisz\u201d. W przeciwnym razie zmiany nie zostan\u0105 zapisane. Je\u015bli u\u017cytkownik nie wpisze nazwy grupy, przycisk \u201eZapisz\u201d b\u0119dzie niedost\u0119pny.<\/p>\n<p><a href=\"https:\/\/www.fmsdocumentation.com\/wp-content\/uploads\/2018\/11\/24PL-1.png\"><img loading=\"lazy\" decoding=\"async\" class=\"alignnone wp-image-6056 size-full\" src=\"https:\/\/www.fmsdocumentation.com\/wp-content\/uploads\/2018\/11\/24PL-1.png\" alt=\"\" width=\"272\" height=\"384\" srcset=\"https:\/\/www.fmsdocumentation.com\/wp-content\/uploads\/2018\/11\/24PL-1.png 272w, https:\/\/www.fmsdocumentation.com\/wp-content\/uploads\/2018\/11\/24PL-1-213x300.png 213w\" sizes=\"auto, (max-width: 272px) 100vw, 272px\" \/><\/a><\/p>\n<p>Ten fragment dotyczy wyboru grupy.<\/p>\n<p>Je\u015bli u\u017cytkownik wybra\u0142 grup\u0119 pojazd\u00f3w i chce j\u0105 zmieni\u0107, powinien klikn\u0105\u0107 ten sam przycisk z trzema kropkami z prawej strony listy grup. W tym przypadku dost\u0119pne b\u0119dzie wi\u0119cej opcji.<\/p>\n<p><a href=\"https:\/\/www.fmsdocumentation.com\/wp-content\/uploads\/2018\/11\/25PL.png\"><img loading=\"lazy\" decoding=\"async\" class=\"alignnone wp-image-6057 size-full\" src=\"https:\/\/www.fmsdocumentation.com\/wp-content\/uploads\/2018\/11\/25PL.png\" alt=\"\" width=\"426\" height=\"100\" srcset=\"https:\/\/www.fmsdocumentation.com\/wp-content\/uploads\/2018\/11\/25PL.png 426w, https:\/\/www.fmsdocumentation.com\/wp-content\/uploads\/2018\/11\/25PL-300x70.png 300w\" sizes=\"auto, (max-width: 426px) 100vw, 426px\" \/><\/a><\/p>\n<p>Teraz u\u017cytkownik mo\u017ce wybra\u0107 opcj\u0119 edycji grupy. W\u00f3wczas otworzy si\u0119 okno identyczne jak dla opcji tworzenia nowej grupy, z t\u0105 r\u00f3\u017cnic\u0105, \u017ce teraz nazwa grupy b\u0119dzie ju\u017c wpisana i wybranych b\u0119dzie kilka pojazd\u00f3w. Podobnie jak w przypadku tworzenia nowej grupy, po wprowadzeniu zmian nale\u017cy klikn\u0105\u0107 przycisk \u201eZapisz\u201d.<\/p>\n<p>Je\u015bli u\u017cytkownik postanowi usun\u0105\u0107 grup\u0119, powinien klikn\u0105\u0107 przycisk \u201eSkasuj grup\u0119\u201d. W\u00f3wczas pojawi si\u0119 okno z pro\u015bb\u0105 o potwierdzenie.<\/p>\n<p><a href=\"https:\/\/www.fmsdocumentation.com\/wp-content\/uploads\/2018\/11\/26PL-1.png\"><img loading=\"lazy\" decoding=\"async\" class=\"alignnone wp-image-6059 size-full\" src=\"https:\/\/www.fmsdocumentation.com\/wp-content\/uploads\/2018\/11\/26PL-1.png\" alt=\"\" width=\"315\" height=\"116\" srcset=\"https:\/\/www.fmsdocumentation.com\/wp-content\/uploads\/2018\/11\/26PL-1.png 315w, https:\/\/www.fmsdocumentation.com\/wp-content\/uploads\/2018\/11\/26PL-1-300x110.png 300w\" sizes=\"auto, (max-width: 315px) 100vw, 315px\" \/><\/a><p class=\"note\">Uwaga<br \/>\nGrupy utworzone przez u\u017cytkownika z uprawnieniami administratora b\u0119d\u0105 widoczne tylko dla innych u\u017cytkownik\u00f3w z takimi uprawnieniami dla tego samego konta. Je\u015bli grup\u0119 utworzy u\u017cytkownik z uprawnieniami u\u017cytkownika, b\u0119dzie ona widoczna tylko dla tego u\u017cytkownika. Inni u\u017cytkownicy nie zobacz\u0105 tej grupy. U\u017cytkownik z uprawnieniami administratora mo\u017ce przypisa\u0107 grup\u0119 do u\u017cytkownika, przez co stanie si\u0119 ona widoczna. Przypisywanie grup do u\u017cytkownika jest opisane w sekcji <a href=\"https:\/\/www.fmsdocumentation.com\/pl\/main-tms-window\/webusers-admin-panel\/?lang=pl\">Panel administracyjny u\u017cytkownik\u00f3w sieci<\/a>. <\/p><\/p>\n<p>Kolejny filtr dotyczy statusu pojazd\u00f3w i znajduje si\u0119 pod rz\u0119dem listy grup. Tutaj u\u017cytkownik mo\u017ce wybra\u0107 jeden z poni\u017cszych filtr\u00f3w statusu:<\/p>\n<ul>\n<li>Wszystkie pojazdy \u2013 w\u0142\u0105czony domy\u015blnie;<\/li>\n<li>W ruchu;<\/li>\n<li>Bieg ja\u0142owy;<\/li>\n<li>Zap\u0142on wy\u0142\u0105czony;<\/li>\n<li>Brak sygna\u0142u;<\/li>\n<li>Zap\u0142on zablokowany.<\/li>\n<\/ul>\n<p><a href=\"https:\/\/www.fmsdocumentation.com\/wp-content\/uploads\/2018\/11\/27PL.png\"><img loading=\"lazy\" decoding=\"async\" class=\"alignnone wp-image-6060 size-full\" src=\"https:\/\/www.fmsdocumentation.com\/wp-content\/uploads\/2018\/11\/27PL.png\" alt=\"\" width=\"271\" height=\"99\" \/><\/a><\/p>\n<p>Na koniec, klikaj\u0105c na przycisk z trzema kropkami w polu \u201eLista opcji\u201d, u\u017cytkownik mo\u017ce okre\u015bli\u0107, kt\u00f3re parametry dodatkowe b\u0119d\u0105 wy\u015bwietlane przy ka\u017cdym poje\u017adzie na li\u015bcie. Domy\u015blnie wy\u015bwietlana jest \u201ePr\u0119dko\u015b\u0107\u201d.<\/p>\n<p><img loading=\"lazy\" decoding=\"async\" class=\"alignnone wp-image-6061 size-full\" src=\"https:\/\/www.fmsdocumentation.com\/wp-content\/uploads\/2018\/11\/28PL.png\" alt=\"\" width=\"315\" height=\"97\" srcset=\"https:\/\/www.fmsdocumentation.com\/wp-content\/uploads\/2018\/11\/28PL.png 315w, https:\/\/www.fmsdocumentation.com\/wp-content\/uploads\/2018\/11\/28PL-300x92.png 300w\" sizes=\"auto, (max-width: 315px) 100vw, 315px\" \/><\/p>\n<p>Otworzy si\u0119 nowe okno o nazwie \u201eParametry\u201d. Tutaj u\u017cytkownik mo\u017ce wybra\u0107 maksymalnie 7 parametr\u00f3w, kt\u00f3re b\u0119d\u0105 wy\u015bwietlane na panelu statusu floty. \u201ePr\u0119dko\u015b\u0107\u201d, \u201ePoziom paliwa\u201d oraz \u201ePrzebieg\u201d s\u0105 wy\u015bwietlane domy\u015blnie (\u201ePozom paliwa\u201d i \u201ePrzebieg\u201d s\u0105 wy\u015bwietlane na panelu statusu floty dopiero po klikni\u0119ciu na przycisk wysuwania panelu opisany w dalszej cz\u0119\u015bci tego rozdzia\u0142u). Pasek wyszukiwania pozwala szybko odnale\u017a\u0107 \u017c\u0105dane parametry. Lista parametr\u00f3w jest aktualizowana automatycznie po wpisaniu ka\u017cdej litery.<\/p>\n<p>Kolejno\u015b\u0107 wy\u015bwietlania wybranych parametr\u00f3w mo\u017cna zmienia\u0107, przeci\u0105gaj\u0105c i upuszczaj\u0105c. Parametry mo\u017cna usun\u0105\u0107, klikaj\u0105c symbol x.<\/p>\n<p>Nale\u017cy klikn\u0105\u0107 przycisk \u201eZapisz\u201d, aby zapisa\u0107 ustawienia parametr\u00f3w. Po naci\u015bni\u0119ciu przycisku \u201eZamknij\u201d lub klikni\u0119ciu gdziekolwiek poza oknem \u201eParametry\u201d, okno zostanie zamkni\u0119te, a wszystkie niezapisane zmiany odrzucone.<\/p>\n<p><a href=\"https:\/\/www.fmsdocumentation.com\/wp-content\/uploads\/2018\/11\/29PL.png\"><img loading=\"lazy\" decoding=\"async\" class=\"alignnone wp-image-6062 size-full\" src=\"https:\/\/www.fmsdocumentation.com\/wp-content\/uploads\/2018\/11\/29PL.png\" alt=\"\" width=\"601\" height=\"489\" srcset=\"https:\/\/www.fmsdocumentation.com\/wp-content\/uploads\/2018\/11\/29PL.png 601w, https:\/\/www.fmsdocumentation.com\/wp-content\/uploads\/2018\/11\/29PL-300x244.png 300w\" sizes=\"auto, (max-width: 601px) 100vw, 601px\" \/><\/a><\/p>\n<p>Istnieje mo\u017cliwo\u015b\u0107 generowania lik\u00f3w z pozycj\u0105 pojazdu, kt\u00f3re mo\u017cna potem wysy\u0142a\u0107 na zewn\u0105trz. W tym celu nale\u017cy klikn\u0105\u0107 \u201eLista opcji\u201d, a nast\u0119pnie wybra\u0107 \u201ePrzeka\u017c pozycj\u0119 pojazdu\u201d z listy rozwijanej.<\/p>\n<p><a href=\"https:\/\/www.fmsdocumentation.com\/wp-content\/uploads\/2018\/11\/30PL.png\"><img loading=\"lazy\" decoding=\"async\" class=\"alignnone wp-image-6063 size-full\" src=\"https:\/\/www.fmsdocumentation.com\/wp-content\/uploads\/2018\/11\/30PL.png\" alt=\"\" width=\"274\" height=\"183\" \/><\/a><\/p>\n<p>Otworzy si\u0119 nowe okno o nazwie \u201ePrzeka\u017c pozycj\u0119 pojazdu\u201d. Tutaj u\u017cytkownik mo\u017ce wybra\u0107, dla kt\u00f3rych pojazd\u00f3w b\u0119dzie udost\u0119pniana pozycja. Aby wybra\u0107 pojazd, nale\u017cy zaznaczy\u0107 pole wyboru obok niego. Zaznaczenie pola wyboru przy napisie \u201eWybierz wszystkie pojazdy\u201d pozwala wybra\u0107 wszystkie pojazdy lub anulowa\u0107 zaznaczenie. Pasek wyszukiwania pozwala szybko odnale\u017a\u0107 \u017c\u0105dane pojazdy. Lista opcji jest aktualizowana automatycznie po wpisaniu ka\u017cdej litery.<\/p>\n<p>\u201eData wyga\u015bni\u0119cia\u201d &#8211; u\u017cytkownik mo\u017ce wybra\u0107 dat\u0119 i godzin\u0119, do kt\u00f3rej wygenerowany link b\u0119dzie wa\u017cny. Czas i godzin\u0119 wybiera si\u0119 w taki sam spos\u00f3b, jak w innych miejscach systemu FMS.<\/p>\n<p>Nale\u017cy klikn\u0105\u0107 przycisk \u201ePrzeka\u017c\u201d, aby wygenerowa\u0107 link. Przycisk \u201ePrzeka\u017c\u201d b\u0119dzie dost\u0119pny dopiero po wybraniu daty wa\u017cno\u015bci. Po naci\u015bni\u0119ciu przycisku \u201eAnuluj\u201d lub klikni\u0119ciu gdziekolwiek poza oknem \u201eWybierz wszystkie pojazdy\u201d, okno zostanie zamkni\u0119te, a wszystkie niezapisane zmiany odrzucone.<\/p>\n<p><a href=\"https:\/\/www.fmsdocumentation.com\/wp-content\/uploads\/2018\/11\/31PL-1.png\"><img loading=\"lazy\" decoding=\"async\" class=\"alignnone wp-image-6065 size-full\" src=\"https:\/\/www.fmsdocumentation.com\/wp-content\/uploads\/2018\/11\/31PL-1.png\" alt=\"\" width=\"565\" height=\"752\" srcset=\"https:\/\/www.fmsdocumentation.com\/wp-content\/uploads\/2018\/11\/31PL-1.png 565w, https:\/\/www.fmsdocumentation.com\/wp-content\/uploads\/2018\/11\/31PL-1-225x300.png 225w\" sizes=\"auto, (max-width: 565px) 100vw, 565px\" \/><\/a><\/p>\n<p>Po klikni\u0119ciu na przycisk \u201ePrzeka\u017c\u201d, zostanie wygenerowany link i pojawi si\u0119 nowe okno z tym linkiem. U\u017cytkownik mo\u017ce klikn\u0105\u0107 na link, aby go skopiowa\u0107. Po otwarciu linku na mapie b\u0119dzie wy\u015bwietlane aktualne po\u0142o\u017cenie pojazdu, a panel statusu floty b\u0119dzie zawiera\u0142 tylko wybrane pojazdy bez dodatkowych ustawie\u0144.<\/p>\n<p>Wszystkie linki wygenerowane przez bie\u017c\u0105cego u\u017cytkownika mo\u017cna znale\u017a\u0107, klikaj\u0105c na opcj\u0119 \u201eKliknij tutaj, aby zobaczy\u0107 status wszystkich wygenerowanych link\u00f3w\u201d. To samo menu mo\u017cna p\u00f3\u017aniej otworzy\u0107, klikaj\u0105c na list\u0119 rozwijan\u0105 w prawym g\u00f3rnym rogu okna FMS, a nast\u0119pnie klikaj\u0105c <a href=\"https:\/\/www.fmsdocumentation.com\/pl\/main-tms-window\/wygenerowane-linki\/?lang=pl\">\u201eWygenerowane konta spedycyjne\u201d<\/a>.<\/p>\n<p><a href=\"https:\/\/www.fmsdocumentation.com\/wp-content\/uploads\/2018\/11\/32PL.png\"><img loading=\"lazy\" decoding=\"async\" class=\"alignnone wp-image-6066 size-full\" src=\"https:\/\/www.fmsdocumentation.com\/wp-content\/uploads\/2018\/11\/32PL.png\" alt=\"\" width=\"565\" height=\"324\" srcset=\"https:\/\/www.fmsdocumentation.com\/wp-content\/uploads\/2018\/11\/32PL.png 565w, https:\/\/www.fmsdocumentation.com\/wp-content\/uploads\/2018\/11\/32PL-300x172.png 300w\" sizes=\"auto, (max-width: 565px) 100vw, 565px\" \/><\/a><\/p>\n<p>Panel statusu floty mo\u017cna wysun\u0105\u0107, naje\u017cd\u017caj\u0105c na niego kursorem myszy i klikaj\u0105c przycisk wysuwania w \u015brodkowej cz\u0119\u015bci panelu. B\u0119d\u0105 w\u00f3wczas widoczne wszystkie dodatkowe parametry skonfigurowane wcze\u015bniej. Po klikni\u0119ciu na ten sam przycisk, panel wr\u00f3ci do poprzedniej pozycji.<\/p>\n<p><a href=\"https:\/\/www.fmsdocumentation.com\/wp-content\/uploads\/2018\/03\/334.png\"><img loading=\"lazy\" decoding=\"async\" class=\"alignnone size-full wp-image-4511\" src=\"https:\/\/www.fmsdocumentation.com\/wp-content\/uploads\/2018\/03\/334.png\" alt=\"\" width=\"388\" height=\"421\" srcset=\"https:\/\/www.fmsdocumentation.com\/wp-content\/uploads\/2018\/03\/334.png 388w, https:\/\/www.fmsdocumentation.com\/wp-content\/uploads\/2018\/03\/334-276x300.png 276w\" sizes=\"auto, (max-width: 388px) 100vw, 388px\" \/><\/a><\/p>\n<p>Po klikni\u0119ciu pojazdu na li\u015bcie pojawi si\u0119 \u201ePodsumowanie\u201d dla wybranego pojazdu, kolejny panel wy\u015bwietli si\u0119 obok otwartego ju\u017c panelu przegl\u0105du.<\/p>\n<p><a href=\"https:\/\/www.fmsdocumentation.com\/wp-content\/uploads\/2018\/11\/33PL.png\"><img loading=\"lazy\" decoding=\"async\" class=\"alignnone wp-image-6067 size-full\" src=\"https:\/\/www.fmsdocumentation.com\/wp-content\/uploads\/2018\/11\/33PL.png\" alt=\"\" width=\"544\" height=\"592\" srcset=\"https:\/\/www.fmsdocumentation.com\/wp-content\/uploads\/2018\/11\/33PL.png 544w, https:\/\/www.fmsdocumentation.com\/wp-content\/uploads\/2018\/11\/33PL-276x300.png 276w\" sizes=\"auto, (max-width: 544px) 100vw, 544px\" \/><\/a><\/p>\n<p>Ten panel jest opisany w kolejnej sekcji.<\/p>\n<p>Ka\u017cdy obiekt na li\u015bcie posiada specjaln\u0105 ikon\u0119, kt\u00f3ra wskazuje jego typ. Niekt\u00f3re typy obiekt\u00f3w mo\u017cna ustawi\u0107 za pomoc\u0105 opcji \u201eSzczeg\u00f3\u0142y pojazdu\u201d, innymi zarz\u0105dza tylko dostawca us\u0142ug. Obecnie dost\u0119pne s\u0105 nast\u0119puj\u0105ce typy pojazd\u00f3w:<\/p>\n<p><a href=\"https:\/\/www.fmsdocumentation.com\/wp-content\/uploads\/2017\/04\/284.png\"><img loading=\"lazy\" decoding=\"async\" class=\"alignnone wp-image-1090 size-full\" src=\"https:\/\/www.fmsdocumentation.com\/wp-content\/uploads\/2017\/04\/284.png\" alt=\"\" width=\"327\" height=\"214\" srcset=\"https:\/\/www.fmsdocumentation.com\/wp-content\/uploads\/2017\/04\/284.png 327w, https:\/\/www.fmsdocumentation.com\/wp-content\/uploads\/2017\/04\/284-300x196.png 300w\" sizes=\"auto, (max-width: 327px) 100vw, 327px\" \/><\/a><\/p>\n<p>Po do\u0142\u0105czeniu przyczepy do pojazdu, na li\u015bcie b\u0119dzie wy\u015bwietla\u0142 si\u0119 obiekt \u0142\u0105czony do chwili od\u0142\u0105czenia przyczepy. Obiekt najpierw b\u0119dzie podawa\u0142 nazw\u0119 pojazdu, a nast\u0119pnie nazw\u0119 przyczepy.<\/p>\n<p><a href=\"https:\/\/www.fmsdocumentation.com\/wp-content\/uploads\/2017\/04\/285.png\"><img loading=\"lazy\" decoding=\"async\" class=\"alignnone wp-image-1094 size-full\" src=\"https:\/\/www.fmsdocumentation.com\/wp-content\/uploads\/2017\/04\/285.png\" alt=\"\" width=\"366\" height=\"72\" srcset=\"https:\/\/www.fmsdocumentation.com\/wp-content\/uploads\/2017\/04\/285.png 366w, https:\/\/www.fmsdocumentation.com\/wp-content\/uploads\/2017\/04\/285-300x59.png 300w\" sizes=\"auto, (max-width: 366px) 100vw, 366px\" \/><\/a><\/p>\n<p>Ponadto liczba pojazd\u00f3w we wszystkich statusach b\u0119dzie mniejsza o jeden ze wzgl\u0119du na to po\u0142\u0105czenie, podczas gdy liczba wszystkich pojazd\u00f3w pozostanie bez zmian.<\/p>\n<p><p class=\"note\">Uwaga!<br \/>\nPanel \u201ePodsumowania\u201d otwierany przez panel przegl\u0105du r\u00f3\u017cni si\u0119 od panelu otwieranego przez map\u0119 za pomoc\u0105 klikni\u0119cia na wybrany pojazd. R\u00f3\u017cnica polega na braku panelu \u201eStatus floty\u201d w przypadku przej\u015bcia do panelu \u201ePodsumowania\u201d za po\u015brednictwem mapy. \u201ePodsumowanie\u201d jest opisane bez uwzgl\u0119dnienia panelu \u201eStatusu floty\u201d. <\/p><\/p>\n<p><p class=\"note\">Uwaga!<br \/>\nPo najnowszej aktualizacji FMS na listach widoczne s\u0105 nie tylko pojazdy, lecz tak\u017ce przyczepy. W nast\u0119pnej sekcji znajduj\u0105 si\u0119 dodatkowe informacje na temat przyczep.<\/p><\/p>\n<hr \/>\n<p><div class=\"alignleft\"><a href=\"https:\/\/www.fmsdocumentation.com\/pl\/main-tms-window\/wygenerowane-linki\/\" title=\"Wygenerowane linki\"><span class=\"arrow\">\u2039 &nbsp <\/span> Wygenerowane linki <\/a><\/div> <div class=\"alignright\"><a href=\"https:\/\/www.fmsdocumentation.com\/pl\/overview-menu\/summary-overview\/\" title=\"Podsumowanie\">Podsumowanie <span class=\"arrow\"> &nbsp\u203a <\/span> <\/a><\/div><\/p>\n<p>&nbsp;<\/p>\n","protected":false},"excerpt":{"rendered":"<p>Aby przej\u015b\u0107 do menu \u201dStatus floty\u201d, nale\u017cy klikn\u0105\u0107 na odpowiedni\u0105 ikon\u0119 w panelu nawigacji po lewej stronie ekranu. Po klikni\u0119ciu ikona zostanie zaznaczona kolorem niebieskim i pojawi si\u0119 nowy panel obok menu nawigacji. Jest to panel \u201dStatus floty\u201d. Panel statusu floty wy\u015bwietla przegl\u0105d wszystkich obiekt\u00f3w we flocie u\u017cytkownika. Domy\u015blnie pokazane s\u0105 wszystkie pojazdy. Warto pami\u0119ta\u0107, &hellip; <a href=\"https:\/\/www.fmsdocumentation.com\/pl\/overview-menu\/\" class=\"more-link\">Czytaj dalej <span class=\"screen-reader-text\">Menu statusu floty<\/span><\/a><\/p>\n","protected":false},"author":1,"featured_media":0,"parent":0,"menu_order":29,"comment_status":"closed","ping_status":"closed","template":"","meta":{"footnotes":""},"class_list":["post-4588","page","type-page","status-publish","hentry"],"_links":{"self":[{"href":"https:\/\/www.fmsdocumentation.com\/pl\/wp-json\/wp\/v2\/pages\/4588","targetHints":{"allow":["GET"]}}],"collection":[{"href":"https:\/\/www.fmsdocumentation.com\/pl\/wp-json\/wp\/v2\/pages"}],"about":[{"href":"https:\/\/www.fmsdocumentation.com\/pl\/wp-json\/wp\/v2\/types\/page"}],"author":[{"embeddable":true,"href":"https:\/\/www.fmsdocumentation.com\/pl\/wp-json\/wp\/v2\/users\/1"}],"replies":[{"embeddable":true,"href":"https:\/\/www.fmsdocumentation.com\/pl\/wp-json\/wp\/v2\/comments?post=4588"}],"version-history":[{"count":9,"href":"https:\/\/www.fmsdocumentation.com\/pl\/wp-json\/wp\/v2\/pages\/4588\/revisions"}],"predecessor-version":[{"id":6068,"href":"https:\/\/www.fmsdocumentation.com\/pl\/wp-json\/wp\/v2\/pages\/4588\/revisions\/6068"}],"wp:attachment":[{"href":"https:\/\/www.fmsdocumentation.com\/pl\/wp-json\/wp\/v2\/media?parent=4588"}],"curies":[{"name":"wp","href":"https:\/\/api.w.org\/{rel}","templated":true}]}}