{"id":4589,"date":"2017-04-06T07:32:21","date_gmt":"2017-04-06T07:32:21","guid":{"rendered":"http:\/\/www.fmsdocumentation.com\/map-features-and-tools\/"},"modified":"2018-11-05T11:24:01","modified_gmt":"2018-11-05T09:24:01","slug":"map-features-and-tools","status":"publish","type":"page","link":"https:\/\/www.fmsdocumentation.com\/pl\/main-tms-window\/map-features-and-tools\/","title":{"rendered":"Funkcje i narz\u0119dzia mapy"},"content":{"rendered":"<p>Obecnie dost\u0119pny jest wyb\u00f3r dw\u00f3ch \u017ar\u00f3de\u0142 map. Mo\u017ce to by\u0107 mapa \u015bwiata OSM (opcja domy\u015blna)\u00a0lub mapa \u015bwiata Google. Mo\u017cna je \u0142atwo prze\u0142\u0105cza\u0107 \u2013 wystarczy klikn\u0105\u0107 na na\u0142o\u017cone na siebie mapy w prawej dolnej cz\u0119\u015bci mapy.\u00a0Aktualnie wy\u015bwietlana mapa b\u0119dzie widoczna na g\u00f3rze. U\u017cytkownik mo\u017ce wybra\u0107 jeden z czterech rodzaj\u00f3w mapy:<\/p>\n<ul>\n<li>OSM \u2013 mapa OpenStreetMap;<\/li>\n<li>Widok satelitarny \u2013 wy\u015bwietla satelitarny obraz map Google bez oznaczenia ulic;<\/li>\n<li>Widok hybrydowy \u2013 wy\u015bwietla satelitarny obraz map Google z dodanymi oznaczeniami ulic;<\/li>\n<li>Widok ulic \u2013 wy\u015bwietla ulice wed\u0142ug map Google bez obrazu satelitarnego.<\/li>\n<\/ul>\n\n<table id=\"tablepress-58\" class=\"tablepress tablepress-id-58\">\n<thead>\n<tr class=\"row-1\">\n\t<th class=\"column-1\">Icon<\/th><th class=\"column-2\">Description<\/th>\n<\/tr>\n<\/thead>\n<tbody>\n<tr class=\"row-2\">\n\t<td class=\"column-1\"><img loading=\"lazy\" decoding=\"async\" src=\"http:\/\/www.fmsdocumentation.com\/wp-content\/uploads\/2017\/04\/18.png\" alt=\"\" width=\"36\" height=\"63\" class=\"aligncenter size-full wp-image-252\" \/><\/td><td class=\"column-2\">Buttons to \"zoom in\" or \"zoom out\" of the map.<\/td>\n<\/tr>\n<tr class=\"row-3\">\n\t<td class=\"column-1\"><img loading=\"lazy\" decoding=\"async\" src=\"http:\/\/www.fmsdocumentation.com\/wp-content\/uploads\/2017\/04\/19.png\" alt=\"\" width=\"34\" height=\"33\" class=\"aligncenter size-full wp-image-253\" \/><\/td><td class=\"column-2\">Google \u201eStreet View\u201c. (Works on all maps, except OSM). To use Google Street View, click and hold this icon and then frag the icon to the street you want to observe. To exit Google Street View, the user must click the grey arrow located at the top right side of the screen.<\/td>\n<\/tr>\n<tr class=\"row-4\">\n\t<td class=\"column-1\"><img loading=\"lazy\" decoding=\"async\" src=\"http:\/\/www.fmsdocumentation.com\/wp-content\/uploads\/2017\/04\/20.png\" alt=\"\" width=\"32\" height=\"31\" class=\"aligncenter size-full wp-image-254\" \/><\/td><td class=\"column-2\">Traffic information. To activate this function, simply click the icon (This function works only on the Hybrid or the Street map). This function display traffic intensity  (in places where this information is available) by displaying colored lines on the map. Green and similar colors indicate low traffic intensity, while Red and darker colors indicate high traffic intensity. <\/td>\n<\/tr>\n<tr class=\"row-5\">\n\t<td class=\"column-1\"><img loading=\"lazy\" decoding=\"async\" src=\"http:\/\/www.fmsdocumentation.com\/wp-content\/uploads\/2017\/04\/21.png\" alt=\"\" width=\"32\" height=\"32\" class=\"aligncenter size-full wp-image-24\" \/><\/td><td class=\"column-2\">Routing &amp; Tasks. Clicking this icon will open the routing &amp; tasks menu on the left side of the screen. Routing &amp; Tasks menu is described in a <a href=\"http:\/\/www.fmsdocumentation.com\/routing-menu\/\">separate section<\/a>. <\/td>\n<\/tr>\n<tr class=\"row-6\">\n\t<td class=\"column-1\"><img loading=\"lazy\" decoding=\"async\" src=\"http:\/\/www.fmsdocumentation.com\/wp-content\/uploads\/2017\/04\/188.png\" alt=\"\" width=\"32\" height=\"32\" class=\"aligncenter size-full wp-image-24\" \/><\/td><td class=\"column-2\">Measure area. Clicking this icon activates the measuring tool. While it is activated, the user can mark a territory on the map (similar to how geozones are marked), by connecting several dots. Once the dots are connected, the covered territory is highlighted and additional perimeter dots appear. The user can move these dots (click &amp; drag) to change the measuring area (After moving a dot, a \"Undo\" button appears, clicking which allows to return the dot to the previous position). Moving the mouse over the highlighted area will display its size. An example is shown below.<\/td>\n<\/tr>\n<tr class=\"row-7\">\n\t<td class=\"column-1\"><img loading=\"lazy\" decoding=\"async\" src=\"http:\/\/www.fmsdocumentation.com\/wp-content\/uploads\/2017\/07\/267.png\" alt=\"\" width=\"32\" height=\"32\" class=\"aligncenter size-full wp-image-24\" \/><\/td><td class=\"column-2\">Geozones. Clicking this icon will expand the right side of the screen, where a list of all existing geozones for the current user is located. An example with a description is provided further below.<\/td>\n<\/tr>\n<\/tbody>\n<\/table>\n<!-- #tablepress-58 from cache -->\n<p><a href=\"https:\/\/www.fmsdocumentation.com\/wp-content\/uploads\/2017\/04\/189.png\"><img loading=\"lazy\" decoding=\"async\" class=\"alignnone wp-image-339 size-full\" src=\"https:\/\/www.fmsdocumentation.com\/wp-content\/uploads\/2017\/04\/189.png\" alt=\"\" width=\"765\" height=\"536\" srcset=\"https:\/\/www.fmsdocumentation.com\/wp-content\/uploads\/2017\/04\/189.png 765w, https:\/\/www.fmsdocumentation.com\/wp-content\/uploads\/2017\/04\/189-300x210.png 300w\" sizes=\"auto, (max-width: 765px) 100vw, 765px\" \/><\/a><\/p>\n<p>Jak wspomnieli\u015bmy w tabeli powy\u017cej, po klikni\u0119ciu na przycisk geostref pojawi si\u0119 pasek boczny, co pokazuje poni\u017csza ilustracja.<\/p>\n<p><a href=\"https:\/\/www.fmsdocumentation.com\/wp-content\/uploads\/2018\/11\/7PL.png\"><img loading=\"lazy\" decoding=\"async\" class=\"alignnone wp-image-6028 size-large\" src=\"https:\/\/www.fmsdocumentation.com\/wp-content\/uploads\/2018\/11\/7PL-1024x634.png\" alt=\"\" width=\"660\" height=\"409\" srcset=\"https:\/\/www.fmsdocumentation.com\/wp-content\/uploads\/2018\/11\/7PL-1024x634.png 1024w, https:\/\/www.fmsdocumentation.com\/wp-content\/uploads\/2018\/11\/7PL-300x186.png 300w, https:\/\/www.fmsdocumentation.com\/wp-content\/uploads\/2018\/11\/7PL-768x476.png 768w, https:\/\/www.fmsdocumentation.com\/wp-content\/uploads\/2018\/11\/7PL-825x510.png 825w, https:\/\/www.fmsdocumentation.com\/wp-content\/uploads\/2018\/11\/7PL.png 1154w\" sizes=\"auto, (max-width: 660px) 100vw, 660px\" \/><\/a><\/p>\n<p>Tutaj u\u017cytkownik mo\u017ce ustawi\u0107 wy\u015bwietlanie lub ukrywanie dost\u0119pnych geostref na mapie. Po wybraniu, geostrefy b\u0119d\u0105 wy\u015bwietlane na mapie, niezale\u017cnie od tego, czy panel geostref jest otwarty.\u00a0Geostrefy s\u0105 oznaczone niebieskimi znacznikami. Te w kszta\u0142cie balonu to punkty POI, natomiast sze\u015bciok\u0105ty to obszary.<\/p>\n<p><img loading=\"lazy\" decoding=\"async\" class=\"alignnone wp-image-6030 size-full\" src=\"https:\/\/www.fmsdocumentation.com\/wp-content\/uploads\/2018\/11\/8PL.png\" alt=\"\" width=\"715\" height=\"454\" srcset=\"https:\/\/www.fmsdocumentation.com\/wp-content\/uploads\/2018\/11\/8PL.png 715w, https:\/\/www.fmsdocumentation.com\/wp-content\/uploads\/2018\/11\/8PL-300x190.png 300w\" sizes=\"auto, (max-width: 715px) 100vw, 715px\" \/><\/p>\n<p>Gdy u\u017cytkownik wybiera geostrefy na panelu bocznym, mapa automatycznie ustawi powi\u0119kszenie tak, aby zmie\u015bci\u0107 wszystkie wybrane geostrefy na ekranie. Po klikni\u0119ciu na znacznik geostrefy pojawi\u0105 informacje na jej temat.<\/p>\n<p><a href=\"https:\/\/www.fmsdocumentation.com\/wp-content\/uploads\/2018\/11\/9PL.png\"><img loading=\"lazy\" decoding=\"async\" class=\"alignnone wp-image-6031 size-full\" src=\"https:\/\/www.fmsdocumentation.com\/wp-content\/uploads\/2018\/11\/9PL.png\" alt=\"\" width=\"307\" height=\"246\" srcset=\"https:\/\/www.fmsdocumentation.com\/wp-content\/uploads\/2018\/11\/9PL.png 307w, https:\/\/www.fmsdocumentation.com\/wp-content\/uploads\/2018\/11\/9PL-300x240.png 300w\" sizes=\"auto, (max-width: 307px) 100vw, 307px\" \/><\/a><\/p>\n<hr \/>\n<p><div class=\"alignleft\"><a href=\"https:\/\/www.fmsdocumentation.com\/pl\/main-tms-window\/alerts-from-objects\/\" title=\"Alerty obiekt\u00f3w\"><span class=\"arrow\">\u2039 &nbsp <\/span> Alerty obiekt\u00f3w <\/a><\/div> <div class=\"alignright\"><a href=\"https:\/\/www.fmsdocumentation.com\/pl\/main-tms-window\/webusers-admin-panel\/\" title=\"Panel administracyjny u\u017cytkownik\u00f3w sieci\">Panel administracyjny u\u017cytkownik\u00f3w sieci <span class=\"arrow\"> &nbsp\u203a <\/span> <\/a><\/div><\/p>\n","protected":false},"excerpt":{"rendered":"<p>Obecnie dost\u0119pny jest wyb\u00f3r dw\u00f3ch \u017ar\u00f3de\u0142 map. Mo\u017ce to by\u0107 mapa \u015bwiata OSM (opcja domy\u015blna)\u00a0lub mapa \u015bwiata Google. Mo\u017cna je \u0142atwo prze\u0142\u0105cza\u0107 \u2013 wystarczy klikn\u0105\u0107 na na\u0142o\u017cone na siebie mapy w prawej dolnej cz\u0119\u015bci mapy.\u00a0Aktualnie wy\u015bwietlana mapa b\u0119dzie widoczna na g\u00f3rze. U\u017cytkownik mo\u017ce wybra\u0107 jeden z czterech rodzaj\u00f3w mapy: OSM \u2013 mapa OpenStreetMap; Widok satelitarny &hellip; <a href=\"https:\/\/www.fmsdocumentation.com\/pl\/main-tms-window\/map-features-and-tools\/\" class=\"more-link\">Czytaj dalej <span class=\"screen-reader-text\">Funkcje i narz\u0119dzia mapy<\/span><\/a><\/p>\n","protected":false},"author":1,"featured_media":0,"parent":4594,"menu_order":6,"comment_status":"closed","ping_status":"closed","template":"","meta":{"footnotes":""},"class_list":["post-4589","page","type-page","status-publish","hentry"],"_links":{"self":[{"href":"https:\/\/www.fmsdocumentation.com\/pl\/wp-json\/wp\/v2\/pages\/4589","targetHints":{"allow":["GET"]}}],"collection":[{"href":"https:\/\/www.fmsdocumentation.com\/pl\/wp-json\/wp\/v2\/pages"}],"about":[{"href":"https:\/\/www.fmsdocumentation.com\/pl\/wp-json\/wp\/v2\/types\/page"}],"author":[{"embeddable":true,"href":"https:\/\/www.fmsdocumentation.com\/pl\/wp-json\/wp\/v2\/users\/1"}],"replies":[{"embeddable":true,"href":"https:\/\/www.fmsdocumentation.com\/pl\/wp-json\/wp\/v2\/comments?post=4589"}],"version-history":[{"count":4,"href":"https:\/\/www.fmsdocumentation.com\/pl\/wp-json\/wp\/v2\/pages\/4589\/revisions"}],"predecessor-version":[{"id":6032,"href":"https:\/\/www.fmsdocumentation.com\/pl\/wp-json\/wp\/v2\/pages\/4589\/revisions\/6032"}],"up":[{"embeddable":true,"href":"https:\/\/www.fmsdocumentation.com\/pl\/wp-json\/wp\/v2\/pages\/4594"}],"wp:attachment":[{"href":"https:\/\/www.fmsdocumentation.com\/pl\/wp-json\/wp\/v2\/media?parent=4589"}],"curies":[{"name":"wp","href":"https:\/\/api.w.org\/{rel}","templated":true}]}}