{"id":4590,"date":"2017-04-06T07:21:44","date_gmt":"2017-04-06T07:21:44","guid":{"rendered":"http:\/\/www.fmsdocumentation.com\/alerts-from-objects\/"},"modified":"2018-11-05T11:02:57","modified_gmt":"2018-11-05T09:02:57","slug":"alerts-from-objects","status":"publish","type":"page","link":"https:\/\/www.fmsdocumentation.com\/pl\/main-tms-window\/alerts-from-objects\/","title":{"rendered":"Alerty obiekt\u00f3w"},"content":{"rendered":"<p>Ikona alert\u00f3w znajduje si\u0119 w prawym g\u00f3rnym rogu ekranu. Wy\u015bwietla ona liczb\u0119 wszystkich nieprzeczytanych alert\u00f3w dla wszystkich obiekt\u00f3w aktualnie zalogowanego u\u017cytkownika. Liczba w prawym dolnym rogu ikony pokazuje, ile jest aktualnie nieprzeczytanych alert\u00f3w.<\/p>\n<p><a href=\"https:\/\/www.fmsdocumentation.com\/wp-content\/uploads\/2018\/11\/5PL.png\"><img loading=\"lazy\" decoding=\"async\" class=\"alignnone wp-image-6021 size-full\" src=\"https:\/\/www.fmsdocumentation.com\/wp-content\/uploads\/2018\/11\/5PL.png\" alt=\"\" width=\"1154\" height=\"136\" srcset=\"https:\/\/www.fmsdocumentation.com\/wp-content\/uploads\/2018\/11\/5PL.png 1154w, https:\/\/www.fmsdocumentation.com\/wp-content\/uploads\/2018\/11\/5PL-300x35.png 300w, https:\/\/www.fmsdocumentation.com\/wp-content\/uploads\/2018\/11\/5PL-768x91.png 768w, https:\/\/www.fmsdocumentation.com\/wp-content\/uploads\/2018\/11\/5PL-1024x121.png 1024w\" sizes=\"auto, (max-width: 1154px) 100vw, 1154px\" \/><\/a><\/p>\n<p>Po klikni\u0119ciu na ikon\u0119 otworzy si\u0119 panel alert\u00f3w. Ten panel pokazuje, kt\u00f3ry obiekt aktywowa\u0142 zdarzenie, kt\u00f3re zdarzenie zosta\u0142o aktywowane i kiedy to nast\u0105pi\u0142o. Alerty mo\u017cna sortowa\u0107 na trzy sposoby:<\/p>\n<ul>\n<li>Wszystkie \u2013 wy\u015bwietla wszystkie alerty;<\/li>\n<li>Przeczytane \u2013 wy\u015bwietla tylko przeczytane alerty;<\/li>\n<li>Nieprzeczytane \u2013 wy\u015bwietla tylko nieprzeczytane alerty.<\/li>\n<\/ul>\n<p><a href=\"https:\/\/www.fmsdocumentation.com\/wp-content\/uploads\/2018\/11\/6PL-2.png\"><img loading=\"lazy\" decoding=\"async\" class=\"alignnone wp-image-6025 size-full\" src=\"https:\/\/www.fmsdocumentation.com\/wp-content\/uploads\/2018\/11\/6PL-2.png\" alt=\"\" width=\"337\" height=\"322\" srcset=\"https:\/\/www.fmsdocumentation.com\/wp-content\/uploads\/2018\/11\/6PL-2.png 337w, https:\/\/www.fmsdocumentation.com\/wp-content\/uploads\/2018\/11\/6PL-2-300x287.png 300w\" sizes=\"auto, (max-width: 337px) 100vw, 337px\" \/><\/a><\/p>\n<p>Z prawej strony filtr\u00f3w znajduje si\u0119 przycisk \u201eZaznacz wszystkie jako przeczytane\u201d.<\/p>\n<hr \/>\n<h3>Kody kolorystyczne alert\u00f3w<\/h3>\n<p>Do podzielenia alert\u00f3w na 2 grupy s\u0142u\u017c\u0105 kody kolorystyczne.<\/p>\n\n<table id=\"tablepress-57\" class=\"tablepress tablepress-id-57\">\n<thead>\n<tr class=\"row-1\">\n\t<th class=\"column-1\">Color code<\/th><th class=\"column-2\">Alert condition<\/th>\n<\/tr>\n<\/thead>\n<tbody>\n<tr class=\"row-2\">\n\t<td class=\"column-1\"><img loading=\"lazy\" decoding=\"async\" src=\"http:\/\/www.fmsdocumentation.com\/wp-content\/uploads\/2017\/04\/13.png\" alt=\"\" width=\"28\" height=\"28\" class=\"aligncenter size-full wp-image-247\" \/><\/td><td class=\"column-2\">Unread alerts<\/td>\n<\/tr>\n<tr class=\"row-3\">\n\t<td class=\"column-1\"><img loading=\"lazy\" decoding=\"async\" src=\"http:\/\/www.fmsdocumentation.com\/wp-content\/uploads\/2017\/04\/14.png\" alt=\"\" width=\"28\" height=\"28\" class=\"aligncenter size-full wp-image-248\" \/><\/td><td class=\"column-2\">Read alerts<\/td>\n<\/tr>\n<\/tbody>\n<\/table>\n<!-- #tablepress-57 from cache -->\n<p>Po klikni\u0119ciu na zdarzenie zostanie ono oznaczone jako przeczytane oraz:<\/p>\n<ul>\n<li>Otworzy si\u0119 panel zdarze\u0144 dla obiektu, kt\u00f3ry aktywowa\u0142 zdarzenie;<\/li>\n<li>Mapa przybli\u017cy si\u0119 w miejscu, gdzie zdarzenie zosta\u0142o aktywowane.<\/li>\n<\/ul>\n<p>Panel zdarze\u0144 jest opisany szczeg\u00f3\u0142owo w sekcji <a href=\"https:\/\/www.fmsdocumentation.com\/pl\/events-menu\/?lang=pl\">Menu zdarze\u0144<\/a>.<\/p>\n<p>&nbsp;<\/p>\n<hr \/>\n<p><div class=\"alignleft\"><a href=\"https:\/\/www.fmsdocumentation.com\/pl\/main-tms-window\/individual-objects\/\" title=\"Poszczeg\u00f3lne obiekty\"><span class=\"arrow\">\u2039 &nbsp <\/span> Poszczeg\u00f3lne obiekty <\/a><\/div> <div class=\"alignright\"><a href=\"https:\/\/www.fmsdocumentation.com\/pl\/main-tms-window\/map-features-and-tools\/\" title=\"Funkcje i narz\u0119dzia mapy\">Funkcje i narz\u0119dzia mapy <span class=\"arrow\"> &nbsp\u203a <\/span> <\/a><\/div><\/p>\n","protected":false},"excerpt":{"rendered":"<p>Ikona alert\u00f3w znajduje si\u0119 w prawym g\u00f3rnym rogu ekranu. Wy\u015bwietla ona liczb\u0119 wszystkich nieprzeczytanych alert\u00f3w dla wszystkich obiekt\u00f3w aktualnie zalogowanego u\u017cytkownika. Liczba w prawym dolnym rogu ikony pokazuje, ile jest aktualnie nieprzeczytanych alert\u00f3w. Po klikni\u0119ciu na ikon\u0119 otworzy si\u0119 panel alert\u00f3w. Ten panel pokazuje, kt\u00f3ry obiekt aktywowa\u0142 zdarzenie, kt\u00f3re zdarzenie zosta\u0142o aktywowane i kiedy to &hellip; <a href=\"https:\/\/www.fmsdocumentation.com\/pl\/main-tms-window\/alerts-from-objects\/\" class=\"more-link\">Czytaj dalej <span class=\"screen-reader-text\">Alerty obiekt\u00f3w<\/span><\/a><\/p>\n","protected":false},"author":1,"featured_media":0,"parent":4594,"menu_order":5,"comment_status":"closed","ping_status":"closed","template":"","meta":{"footnotes":""},"class_list":["post-4590","page","type-page","status-publish","hentry"],"_links":{"self":[{"href":"https:\/\/www.fmsdocumentation.com\/pl\/wp-json\/wp\/v2\/pages\/4590","targetHints":{"allow":["GET"]}}],"collection":[{"href":"https:\/\/www.fmsdocumentation.com\/pl\/wp-json\/wp\/v2\/pages"}],"about":[{"href":"https:\/\/www.fmsdocumentation.com\/pl\/wp-json\/wp\/v2\/types\/page"}],"author":[{"embeddable":true,"href":"https:\/\/www.fmsdocumentation.com\/pl\/wp-json\/wp\/v2\/users\/1"}],"replies":[{"embeddable":true,"href":"https:\/\/www.fmsdocumentation.com\/pl\/wp-json\/wp\/v2\/comments?post=4590"}],"version-history":[{"count":6,"href":"https:\/\/www.fmsdocumentation.com\/pl\/wp-json\/wp\/v2\/pages\/4590\/revisions"}],"predecessor-version":[{"id":6027,"href":"https:\/\/www.fmsdocumentation.com\/pl\/wp-json\/wp\/v2\/pages\/4590\/revisions\/6027"}],"up":[{"embeddable":true,"href":"https:\/\/www.fmsdocumentation.com\/pl\/wp-json\/wp\/v2\/pages\/4594"}],"wp:attachment":[{"href":"https:\/\/www.fmsdocumentation.com\/pl\/wp-json\/wp\/v2\/media?parent=4590"}],"curies":[{"name":"wp","href":"https:\/\/api.w.org\/{rel}","templated":true}]}}