{"id":4591,"date":"2017-04-06T06:16:12","date_gmt":"2017-04-06T06:16:12","guid":{"rendered":"http:\/\/www.fmsdocumentation.com\/individual-objects\/"},"modified":"2018-11-05T10:40:45","modified_gmt":"2018-11-05T08:40:45","slug":"individual-objects","status":"publish","type":"page","link":"https:\/\/www.fmsdocumentation.com\/pl\/main-tms-window\/individual-objects\/","title":{"rendered":"Poszczeg\u00f3lne obiekty"},"content":{"rendered":"<p>Po przybli\u017ceniu wi\u0119ksze grupy automatycznie podziel\u0105 si\u0119 na mniejsze, a na pewnym poziomie wy\u015bwietlane b\u0119d\u0105 poszczeg\u00f3lne obiekty. Kolor ikony obiektu informuje o aktualnym statusie obiektu.<\/p>\n\n<table id=\"tablepress-56\" class=\"tablepress tablepress-id-56\">\n<thead>\n<tr class=\"row-1\">\n\t<th class=\"column-1\"><strong>Icon<\/strong><\/th><th class=\"column-2\"><strong>State<\/strong><\/th>\n<\/tr>\n<\/thead>\n<tbody>\n<tr class=\"row-2\">\n\t<td class=\"column-1\"><img loading=\"lazy\" decoding=\"async\" src=\"http:\/\/www.fmsdocumentation.com\/wp-content\/uploads\/2017\/04\/5.png\" alt=\"\" width=\"30\" height=\"30\" class=\"aligncenter size-full wp-image-239\" \/><\/td><td class=\"column-2\">Objects that did not send data for a specific time interval. (Inactive)<\/td>\n<\/tr>\n<tr class=\"row-3\">\n\t<td class=\"column-1\"><img loading=\"lazy\" decoding=\"async\" src=\"http:\/\/www.fmsdocumentation.com\/wp-content\/uploads\/2017\/09\/6.png\" alt=\"\" width=\"30\" height=\"30\" class=\"aligncenter size-full wp-image-240\" \/><\/td><td class=\"column-2\">Object is \u201cActive\u201d and moving in the displayed direction.<\/td>\n<\/tr>\n<tr class=\"row-4\">\n\t<td class=\"column-1\"><img loading=\"lazy\" decoding=\"async\" src=\"http:\/\/www.fmsdocumentation.com\/wp-content\/uploads\/2017\/09\/7.png\" alt=\"\" width=\"30\" height=\"30\" class=\"aligncenter size-full wp-image-241\" \/><\/td><td class=\"column-2\">Object is idling. (Ignition on, not moving)<\/td>\n<\/tr>\n<tr class=\"row-5\">\n\t<td class=\"column-1\"><img loading=\"lazy\" decoding=\"async\" src=\"http:\/\/www.fmsdocumentation.com\/wp-content\/uploads\/2017\/09\/8.png\" alt=\"\" width=\"30\" height=\"30\" class=\"aligncenter size-full wp-image-242\" \/><\/td><td class=\"column-2\">Object is standing with ignition off.<\/td>\n<\/tr>\n<\/tbody>\n<\/table>\n<!-- #tablepress-56 from cache -->\n<p><a href=\"https:\/\/www.fmsdocumentation.com\/wp-content\/uploads\/2017\/04\/9-2.png\"><img loading=\"lazy\" decoding=\"async\" class=\"alignnone wp-image-1129 size-full\" src=\"https:\/\/www.fmsdocumentation.com\/wp-content\/uploads\/2017\/04\/9-2.png\" alt=\"\" width=\"411\" height=\"386\" srcset=\"https:\/\/www.fmsdocumentation.com\/wp-content\/uploads\/2017\/04\/9-2.png 411w, https:\/\/www.fmsdocumentation.com\/wp-content\/uploads\/2017\/04\/9-2-300x282.png 300w\" sizes=\"auto, (max-width: 411px) 100vw, 411px\" \/><\/a><\/p>\n<p>Po przesuni\u0119ciu kursora nad okre\u015blony pojazd pojawi si\u0119 pasek z podstawowymi informacjami:<\/p>\n<ul>\n<li>Nazwa pojazdu;<\/li>\n<li>Nazwisko kierowcy (je\u015bli przypisano);<\/li>\n<li>Aktualna pr\u0119dko\u015b\u0107 w km\/h;<\/li>\n<li>Czas trwania podr\u00f3\u017cy;<\/li>\n<li>Ostatni znany kierunek ruchu;<\/li>\n<li>Aktualny poziom paliwa (je\u015bli poziom = 0, oznacza to, \u017ce nie ma danych na temat poziomu paliwa)<\/li>\n<\/ul>\n<p>U\u017cytkownik mo\u017ce wygenerowa\u0107 link z lokalizacj\u0105 pojazdu, klikaj\u0105c na ikon\u0119 linku pokazan\u0105 poni\u017cej. Generowanie linku jest opisane w sekcji <a href=\"https:\/\/www.fmsdocumentation.com\/pl\/overview-menu\/?lang=pl\">Menu statusu floty<\/a>.<\/p>\n<p><img loading=\"lazy\" decoding=\"async\" class=\"alignnone wp-image-6019 size-full\" src=\"https:\/\/www.fmsdocumentation.com\/wp-content\/uploads\/2018\/11\/4PL.png\" alt=\"\" width=\"379\" height=\"235\" srcset=\"https:\/\/www.fmsdocumentation.com\/wp-content\/uploads\/2018\/11\/4PL.png 379w, https:\/\/www.fmsdocumentation.com\/wp-content\/uploads\/2018\/11\/4PL-300x186.png 300w\" sizes=\"auto, (max-width: 379px) 100vw, 379px\" \/><\/p>\n<p>Po klikni\u0119ciu na pojazd otworzy si\u0119 panel pojazdu po lewej stronie ekranu. Ten panel jest opisany w sekcji <a href=\"https:\/\/www.fmsdocumentation.com\/pl\/overview-menu\/?lang=pl\">Menu statusu floty<\/a>.<\/p>\n<hr \/>\n<p><div class=\"alignleft\"><a href=\"https:\/\/www.fmsdocumentation.com\/pl\/main-tms-window\/object-cluster\/\" title=\"Grupa obiekt\u00f3w\"><span class=\"arrow\">\u2039 &nbsp <\/span> Grupa obiekt\u00f3w <\/a><\/div> \u00a0<div class=\"alignright\"><a href=\"https:\/\/www.fmsdocumentation.com\/pl\/main-tms-window\/alerts-from-objects\/\" title=\"Alerty obiekt\u00f3w\">Alerty obiekt\u00f3w <span class=\"arrow\"> &nbsp\u203a <\/span> <\/a><\/div><\/p>\n","protected":false},"excerpt":{"rendered":"<p>Po przybli\u017ceniu wi\u0119ksze grupy automatycznie podziel\u0105 si\u0119 na mniejsze, a na pewnym poziomie wy\u015bwietlane b\u0119d\u0105 poszczeg\u00f3lne obiekty. Kolor ikony obiektu informuje o aktualnym statusie obiektu. Po przesuni\u0119ciu kursora nad okre\u015blony pojazd pojawi si\u0119 pasek z podstawowymi informacjami: Nazwa pojazdu; Nazwisko kierowcy (je\u015bli przypisano); Aktualna pr\u0119dko\u015b\u0107 w km\/h; Czas trwania podr\u00f3\u017cy; Ostatni znany kierunek ruchu; Aktualny &hellip; <a href=\"https:\/\/www.fmsdocumentation.com\/pl\/main-tms-window\/individual-objects\/\" class=\"more-link\">Czytaj dalej <span class=\"screen-reader-text\">Poszczeg\u00f3lne obiekty<\/span><\/a><\/p>\n","protected":false},"author":1,"featured_media":0,"parent":4594,"menu_order":4,"comment_status":"closed","ping_status":"closed","template":"","meta":{"footnotes":""},"class_list":["post-4591","page","type-page","status-publish","hentry"],"_links":{"self":[{"href":"https:\/\/www.fmsdocumentation.com\/pl\/wp-json\/wp\/v2\/pages\/4591","targetHints":{"allow":["GET"]}}],"collection":[{"href":"https:\/\/www.fmsdocumentation.com\/pl\/wp-json\/wp\/v2\/pages"}],"about":[{"href":"https:\/\/www.fmsdocumentation.com\/pl\/wp-json\/wp\/v2\/types\/page"}],"author":[{"embeddable":true,"href":"https:\/\/www.fmsdocumentation.com\/pl\/wp-json\/wp\/v2\/users\/1"}],"replies":[{"embeddable":true,"href":"https:\/\/www.fmsdocumentation.com\/pl\/wp-json\/wp\/v2\/comments?post=4591"}],"version-history":[{"count":5,"href":"https:\/\/www.fmsdocumentation.com\/pl\/wp-json\/wp\/v2\/pages\/4591\/revisions"}],"predecessor-version":[{"id":6020,"href":"https:\/\/www.fmsdocumentation.com\/pl\/wp-json\/wp\/v2\/pages\/4591\/revisions\/6020"}],"up":[{"embeddable":true,"href":"https:\/\/www.fmsdocumentation.com\/pl\/wp-json\/wp\/v2\/pages\/4594"}],"wp:attachment":[{"href":"https:\/\/www.fmsdocumentation.com\/pl\/wp-json\/wp\/v2\/media?parent=4591"}],"curies":[{"name":"wp","href":"https:\/\/api.w.org\/{rel}","templated":true}]}}