{"id":4592,"date":"2017-04-06T06:08:02","date_gmt":"2017-04-06T06:08:02","guid":{"rendered":"http:\/\/www.fmsdocumentation.com\/object-cluster\/"},"modified":"2018-11-05T10:28:13","modified_gmt":"2018-11-05T08:28:13","slug":"object-cluster","status":"publish","type":"page","link":"https:\/\/www.fmsdocumentation.com\/pl\/main-tms-window\/object-cluster\/","title":{"rendered":"Grupa obiekt\u00f3w"},"content":{"rendered":"<p>Wszystkie pojazdy zalogowanego u\u017cytkownika s\u0105 wy\u015bwietlone na mapie. Obiekty znajduj\u0105ce si\u0119 blisko siebie s\u0105 wy\u015bwietlane jako grupa.<\/p>\n<p>Ikona grupy zawiera tylko podstawowe informacje o obiektach w jej obr\u0119bie, takie jak:<\/p>\n<ul>\n<li>Liczba wszystkich obiekt\u00f3w w grupie.<\/li>\n<li>Statusy obiekt\u00f3w w grupie (ka\u017cdy kolor reprezentuje status pojazdu, co opisano w sekcji\u00a0<a href=\"https:\/\/www.fmsdocumentation.com\/pl\/main-tms-window\/individual-objects\/?lang=pl\">Poszczeg\u00f3lne obiekty<\/a>).<\/li>\n<\/ul>\n<p><a href=\"https:\/\/www.fmsdocumentation.com\/wp-content\/uploads\/2018\/11\/2PL-1.png\"><img loading=\"lazy\" decoding=\"async\" class=\"alignnone wp-image-6015\" src=\"https:\/\/www.fmsdocumentation.com\/wp-content\/uploads\/2018\/11\/2PL-1-300x270.png\" alt=\"\" width=\"500\" height=\"449\" srcset=\"https:\/\/www.fmsdocumentation.com\/wp-content\/uploads\/2018\/11\/2PL-1-300x270.png 300w, https:\/\/www.fmsdocumentation.com\/wp-content\/uploads\/2018\/11\/2PL-1.png 611w\" sizes=\"auto, (max-width: 500px) 100vw, 500px\" \/><\/a><\/p>\n<p>Po klikni\u0119ciu na grup\u0119 pojawi\u0105 si\u0119 szczeg\u00f3\u0142owe informacje o pojazdach w tej grupie.\u00a0Otworzy si\u0119 nowe wyskakuj\u0105ce okno z sze\u015bcioma zak\u0142adkami. Zak\u0142adki te dzia\u0142aj\u0105 jak filtry. Dost\u0119pne s\u0105 nast\u0119puj\u0105ce:<\/p>\n<ul>\n<li><strong>W ruchu <\/strong>\u2013 wy\u015bwietla obiekty w ruchu;<\/li>\n<li><strong>Ja\u0142owy\u00a0<\/strong>\u2013 wy\u015bwietla obiekty z w\u0142\u0105czonym zap\u0142onem, kt\u00f3re si\u0119 nie poruszaj\u0105;<\/li>\n<li><strong>Zap\u0142on wy\u0142\u0105czony\u00a0<\/strong>\u2013 wy\u015bwietla obiekty z wy\u0142\u0105czonym zap\u0142onem;<\/li>\n<li><strong>Brak sygna\u0142u <\/strong>\u2013 wy\u015bwietla nieaktywne obiekty (kt\u00f3re s\u0105 nieaktywne przez wybrany okres czasu);<\/li>\n<li><strong>Zablokowany\u00a0\u00a0<\/strong>\u2013 wy\u015bwietla obiekty, kt\u00f3re zosta\u0142y zablokowane w systemie zarz\u0105dzania flot\u0105.<\/li>\n<li><strong>Wszystkie\u00a0<\/strong>\u2013 wy\u015bwietla wszystkie obiekty w grupie.<\/li>\n<\/ul>\n<p><a href=\"https:\/\/www.fmsdocumentation.com\/wp-content\/uploads\/2018\/11\/3PL.png\"><img loading=\"lazy\" decoding=\"async\" class=\"alignnone wp-image-6016 size-full\" src=\"https:\/\/www.fmsdocumentation.com\/wp-content\/uploads\/2018\/11\/3PL.png\" alt=\"\" width=\"603\" height=\"384\" srcset=\"https:\/\/www.fmsdocumentation.com\/wp-content\/uploads\/2018\/11\/3PL.png 603w, https:\/\/www.fmsdocumentation.com\/wp-content\/uploads\/2018\/11\/3PL-300x191.png 300w\" sizes=\"auto, (max-width: 603px) 100vw, 603px\" \/><\/a><\/p>\n<p>Po klikni\u0119ciu na pojazd na tej li\u015bcie, mapa automatycznie powi\u0119kszy si\u0119, aby wy\u015bwietli\u0107 jego lokalizacj\u0119. Opr\u00f3cz tego po lewej stronie ekranu pojawi si\u0119 panel z podsumowaniem.<\/p>\n<hr \/>\n<p style=\"text-align: left;\"><div class=\"alignleft\"><a href=\"https:\/\/www.fmsdocumentation.com\/pl\/main-tms-window\/search-bar\/\" title=\"Pasek wyszukiwania\"><span class=\"arrow\">\u2039 &nbsp <\/span> Pasek wyszukiwania <\/a><\/div> <div class=\"alignright\"><a href=\"https:\/\/www.fmsdocumentation.com\/pl\/main-tms-window\/individual-objects\/\" title=\"Poszczeg\u00f3lne obiekty\">Poszczeg\u00f3lne obiekty <span class=\"arrow\"> &nbsp\u203a <\/span> <\/a><\/div><\/p>\n","protected":false},"excerpt":{"rendered":"<p>Wszystkie pojazdy zalogowanego u\u017cytkownika s\u0105 wy\u015bwietlone na mapie. Obiekty znajduj\u0105ce si\u0119 blisko siebie s\u0105 wy\u015bwietlane jako grupa. Ikona grupy zawiera tylko podstawowe informacje o obiektach w jej obr\u0119bie, takie jak: Liczba wszystkich obiekt\u00f3w w grupie. Statusy obiekt\u00f3w w grupie (ka\u017cdy kolor reprezentuje status pojazdu, co opisano w sekcji\u00a0Poszczeg\u00f3lne obiekty). Po klikni\u0119ciu na grup\u0119 pojawi\u0105 si\u0119 &hellip; <a href=\"https:\/\/www.fmsdocumentation.com\/pl\/main-tms-window\/object-cluster\/\" class=\"more-link\">Czytaj dalej <span class=\"screen-reader-text\">Grupa obiekt\u00f3w<\/span><\/a><\/p>\n","protected":false},"author":1,"featured_media":0,"parent":4594,"menu_order":2,"comment_status":"closed","ping_status":"closed","template":"","meta":{"footnotes":""},"class_list":["post-4592","page","type-page","status-publish","hentry"],"_links":{"self":[{"href":"https:\/\/www.fmsdocumentation.com\/pl\/wp-json\/wp\/v2\/pages\/4592","targetHints":{"allow":["GET"]}}],"collection":[{"href":"https:\/\/www.fmsdocumentation.com\/pl\/wp-json\/wp\/v2\/pages"}],"about":[{"href":"https:\/\/www.fmsdocumentation.com\/pl\/wp-json\/wp\/v2\/types\/page"}],"author":[{"embeddable":true,"href":"https:\/\/www.fmsdocumentation.com\/pl\/wp-json\/wp\/v2\/users\/1"}],"replies":[{"embeddable":true,"href":"https:\/\/www.fmsdocumentation.com\/pl\/wp-json\/wp\/v2\/comments?post=4592"}],"version-history":[{"count":4,"href":"https:\/\/www.fmsdocumentation.com\/pl\/wp-json\/wp\/v2\/pages\/4592\/revisions"}],"predecessor-version":[{"id":6017,"href":"https:\/\/www.fmsdocumentation.com\/pl\/wp-json\/wp\/v2\/pages\/4592\/revisions\/6017"}],"up":[{"embeddable":true,"href":"https:\/\/www.fmsdocumentation.com\/pl\/wp-json\/wp\/v2\/pages\/4594"}],"wp:attachment":[{"href":"https:\/\/www.fmsdocumentation.com\/pl\/wp-json\/wp\/v2\/media?parent=4592"}],"curies":[{"name":"wp","href":"https:\/\/api.w.org\/{rel}","templated":true}]}}