{"id":4593,"date":"2017-04-06T06:02:55","date_gmt":"2017-04-06T06:02:55","guid":{"rendered":"http:\/\/www.fmsdocumentation.com\/search-bar\/"},"modified":"2018-11-05T10:02:55","modified_gmt":"2018-11-05T08:02:55","slug":"search-bar","status":"publish","type":"page","link":"https:\/\/www.fmsdocumentation.com\/pl\/main-tms-window\/search-bar\/","title":{"rendered":"Pasek wyszukiwania"},"content":{"rendered":"<p>Pasek wyszukiwania to drugi kluczowy element systemu. Umo\u017cliwia inteligentne wyszukiwanie wed\u0142ug pojazdu i lokalizacji. Jest to proste, lecz pot\u0119\u017cne narz\u0119dzie, kt\u00f3re pomaga w szybkiej lokalizacji dowolnego obiektu.<\/p>\n<hr \/>\n<h3>Logika wyszukiwania<\/h3>\n<p>Gdy u\u017cytkownik wpisze s\u0142owo kluczowe w pasku wyszukiwania, system wyszuka podobne nazwy w\u015br\u00f3d obiekt\u00f3w lub adres\u00f3w w bazie danych. Wyszukiwanie rozpoczyna si\u0119 automatycznie po wpisaniu 3 lub wi\u0119cej znak\u00f3w. Mo\u017cna wpisa\u0107 dowoln\u0105 liczb\u0119 s\u0142\u00f3w kluczowych. S\u0142owa kluczowe s\u0105 po\u0142\u0105czone logiczn\u0105 operacj\u0105 \u201eAND\u201d. Wy\u015bwietlane b\u0119d\u0105 wyniki dla wszystkich s\u0142\u00f3w kluczowych.<\/p>\n<hr \/>\n<h3>Opis wynik\u00f3w\u00a0wyszukiwania<\/h3>\n<p>W zapytaniu wykorzystywana jest nazwa lokalizacji lub obiektu. Na przyk\u0142ad, mo\u017cna wpisa\u0107 Polska (Poland). System wy\u015bwietla dwa zestawy mo\u017cliwych wynik\u00f3w. Jeden to\u00a0<strong>Pojazdy<\/strong>, a drugi <strong>Adresy<\/strong>.<\/p>\n<p>W tym przypadku, w sekcji \u201ePojazdy\u201d, system wy\u015bwietla maksymalnie trzy pojazdy znajduj\u0105ce si\u0119 na Polski. Wy\u015bwietlona mo\u017ce by\u0107 tylko ograniczona liczba obiekt\u00f3w, dlatego je\u015bli \u017c\u0105dany pojazd si\u0119 nie pojawi, trzeba wprowadzi\u0107 dodatkowe s\u0142owa kluczowe, aby zaw\u0119zi\u0107 wyszukiwanie.<\/p>\n<p><p class=\"note\">Uwaga<br \/>\nPojazdy i lokalizacje pojawi\u0105 si\u0119 w wynikach wyszukiwania, tylko je\u015bli s\u0142owa kluczowe zostan\u0105 wprowadzone w j\u0119zyku angielskim. W przypadku u\u017cycia innego j\u0119zyka, w wynikach wyszukiwania b\u0119d\u0105 widoczne tylko lokalizacje.<\/p><\/p>\n<p>W sekcji \u201eAdresy\u201d\u00a0 wy\u015bwietlane s\u0105 maksymalnie trzy adresy. Podobnie jak w przypadku sekcji \u201ePojazdy\u201d, niekiedy konieczne b\u0119dzie podanie dodatkowych s\u0142\u00f3w kluczowych, aby wskaza\u0107 okre\u015blon\u0105 lokalizacj\u0119.<\/p>\n<h3><a href=\"https:\/\/www.fmsdocumentation.com\/wp-content\/uploads\/2018\/11\/1PL.png\"><img loading=\"lazy\" decoding=\"async\" class=\"alignnone wp-image-6009 size-large\" style=\"font-size: 17px; font-weight: 400;\" src=\"https:\/\/www.fmsdocumentation.com\/wp-content\/uploads\/2018\/11\/1PL-1024x635.png\" alt=\"\" width=\"660\" height=\"409\" srcset=\"https:\/\/www.fmsdocumentation.com\/wp-content\/uploads\/2018\/11\/1PL-1024x635.png 1024w, https:\/\/www.fmsdocumentation.com\/wp-content\/uploads\/2018\/11\/1PL-300x186.png 300w, https:\/\/www.fmsdocumentation.com\/wp-content\/uploads\/2018\/11\/1PL-768x476.png 768w, https:\/\/www.fmsdocumentation.com\/wp-content\/uploads\/2018\/11\/1PL-825x510.png 825w, https:\/\/www.fmsdocumentation.com\/wp-content\/uploads\/2018\/11\/1PL.png 1155w\" sizes=\"auto, (max-width: 660px) 100vw, 660px\" \/><\/a><\/h3>\n<hr \/>\n<p><div class=\"alignleft\"><a href=\"https:\/\/www.fmsdocumentation.com\/pl\/main-tms-window\/\" title=\"G\u0142\u00f3wne okno FMS\"><span class=\"arrow\">\u2039 &nbsp <\/span> G\u0142\u00f3wne okno FMS <\/a><\/div> <div class=\"alignright\"><a href=\"https:\/\/www.fmsdocumentation.com\/pl\/main-tms-window\/object-cluster\/\" title=\"Grupa obiekt\u00f3w\">Grupa obiekt\u00f3w <span class=\"arrow\"> &nbsp\u203a <\/span> <\/a><\/div><\/p>\n","protected":false},"excerpt":{"rendered":"<p>Pasek wyszukiwania to drugi kluczowy element systemu. Umo\u017cliwia inteligentne wyszukiwanie wed\u0142ug pojazdu i lokalizacji. Jest to proste, lecz pot\u0119\u017cne narz\u0119dzie, kt\u00f3re pomaga w szybkiej lokalizacji dowolnego obiektu. Logika wyszukiwania Gdy u\u017cytkownik wpisze s\u0142owo kluczowe w pasku wyszukiwania, system wyszuka podobne nazwy w\u015br\u00f3d obiekt\u00f3w lub adres\u00f3w w bazie danych. Wyszukiwanie rozpoczyna si\u0119 automatycznie po wpisaniu 3 &hellip; <a href=\"https:\/\/www.fmsdocumentation.com\/pl\/main-tms-window\/search-bar\/\" class=\"more-link\">Czytaj dalej <span class=\"screen-reader-text\">Pasek wyszukiwania<\/span><\/a><\/p>\n","protected":false},"author":1,"featured_media":0,"parent":4594,"menu_order":1,"comment_status":"closed","ping_status":"closed","template":"","meta":{"footnotes":""},"class_list":["post-4593","page","type-page","status-publish","hentry"],"_links":{"self":[{"href":"https:\/\/www.fmsdocumentation.com\/pl\/wp-json\/wp\/v2\/pages\/4593","targetHints":{"allow":["GET"]}}],"collection":[{"href":"https:\/\/www.fmsdocumentation.com\/pl\/wp-json\/wp\/v2\/pages"}],"about":[{"href":"https:\/\/www.fmsdocumentation.com\/pl\/wp-json\/wp\/v2\/types\/page"}],"author":[{"embeddable":true,"href":"https:\/\/www.fmsdocumentation.com\/pl\/wp-json\/wp\/v2\/users\/1"}],"replies":[{"embeddable":true,"href":"https:\/\/www.fmsdocumentation.com\/pl\/wp-json\/wp\/v2\/comments?post=4593"}],"version-history":[{"count":4,"href":"https:\/\/www.fmsdocumentation.com\/pl\/wp-json\/wp\/v2\/pages\/4593\/revisions"}],"predecessor-version":[{"id":6011,"href":"https:\/\/www.fmsdocumentation.com\/pl\/wp-json\/wp\/v2\/pages\/4593\/revisions\/6011"}],"up":[{"embeddable":true,"href":"https:\/\/www.fmsdocumentation.com\/pl\/wp-json\/wp\/v2\/pages\/4594"}],"wp:attachment":[{"href":"https:\/\/www.fmsdocumentation.com\/pl\/wp-json\/wp\/v2\/media?parent=4593"}],"curies":[{"name":"wp","href":"https:\/\/api.w.org\/{rel}","templated":true}]}}