{"id":4594,"date":"2017-04-06T06:01:45","date_gmt":"2017-04-06T06:01:45","guid":{"rendered":"http:\/\/www.fmsdocumentation.com\/main-tms-window\/"},"modified":"2020-06-09T14:21:45","modified_gmt":"2020-06-09T11:21:45","slug":"main-tms-window","status":"publish","type":"page","link":"https:\/\/www.fmsdocumentation.com\/pl\/main-tms-window\/","title":{"rendered":"G\u0142\u00f3wne okno FMS"},"content":{"rendered":"<p>Po udanym logowaniu na ekranie wy\u015bwietli si\u0119 g\u0142\u00f3wne okno systemu zarz\u0105dzania flot\u0105. Okno posiada dwa g\u0142\u00f3wne elementy systemowe i cztery inne narz\u0119dzia systemowe s\u0142u\u017c\u0105ce do szybkiego dost\u0119pu:<\/p>\n<ol>\n<li>Mapa i boczny panel nawigacji \u2013 opisane w kolejnych rozdzia\u0142ach;<\/li>\n<li>Pasek wyszukiwania \u2013 opisany w sekcji <a href=\"https:\/\/www.fmsdocumentation.com\/pl\/main-tms-window\/search-bar\/?lang=pl\">Pasek wyszukiwania<\/a>;<\/li>\n<li>Link do internetowego podr\u0119cznika FMS;<\/li>\n<li>Panel zarz\u0105dzania u\u017cytkownika sieci (Web user management panel) \u2013 ta ikona wy\u015bwietla si\u0119, tylko je\u015bli zalogowany u\u017cytkownik posiada uprawnienia administratora. Jest to opisane\u00a0<a href=\"https:\/\/www.fmsdocumentation.com\/pl\/main-tms-window\/webusers-admin-panel\/?lang=pl\">tutaj<\/a>;<\/li>\n<li>Przycisk alert\u00f3w \u2013 wy\u015bwietla aktualn\u0105 liczb\u0119 nieprzeczytanych alert\u00f3w i pozwala u\u017cytkownikowi je przegl\u0105da\u0107. Opis jest dost\u0119pny\u00a0<a href=\"https:\/\/www.fmsdocumentation.com\/pl\/main-tms-window\/alerts-from-objects\/?lang=pl\">tutaj<\/a>.<\/li>\n<li>Narz\u0119dzie w postaci rozwijanej listy, pozwalaj\u0105ce przej\u015b\u0107 do \u201eUstawie\u0144 konta\u201d (Account settings) opisanych\u00a0<a href=\"https:\/\/www.fmsdocumentation.com\/pl\/main-tms-window\/account-settings\/?lang=pl\">tutaj<\/a> lub wylogowa\u0107 si\u0119 z systemu.<\/li>\n<\/ol>\n<p><a href=\"https:\/\/www.fmsdocumentation.com\/wp-content\/uploads\/2018\/11\/Main-FMS-window_PL.jpg\"><img loading=\"lazy\" decoding=\"async\" class=\"alignnone wp-image-6006 size-full\" src=\"https:\/\/www.fmsdocumentation.com\/wp-content\/uploads\/2018\/11\/Main-FMS-window_PL.jpg\" alt=\"\" width=\"1019\" height=\"633\" srcset=\"https:\/\/www.fmsdocumentation.com\/wp-content\/uploads\/2018\/11\/Main-FMS-window_PL.jpg 1019w, https:\/\/www.fmsdocumentation.com\/wp-content\/uploads\/2018\/11\/Main-FMS-window_PL-300x186.jpg 300w, https:\/\/www.fmsdocumentation.com\/wp-content\/uploads\/2018\/11\/Main-FMS-window_PL-768x477.jpg 768w\" sizes=\"auto, (max-width: 1019px) 100vw, 1019px\" \/><\/a><\/p>\n<hr \/>\n<h3>Mapa<\/h3>\n<p>Mapa jest kluczowym elementem systemu zarz\u0105dzania flot\u0105. Mo\u017cna tutaj uzyska\u0107 bezpo\u015bredni dost\u0119p do wi\u0119kszo\u015bci funkcji systemowych. Jest zaprojektowana tak, by pom\u00f3c u\u017cytkownikowi przegl\u0105da\u0107 najwa\u017cniejsze dane na temat ca\u0142ej floty.<\/p>\n<hr \/>\n<p><div class=\"alignleft\"><a href=\"https:\/\/www.fmsdocumentation.com\/pl\/basics\/special-conditions\/\" title=\"Specjalne warunki\"><span class=\"arrow\">\u2039 &nbsp <\/span> Specjalne warunki <\/a><\/div> \u00a0<div class=\"alignright\"><a href=\"https:\/\/www.fmsdocumentation.com\/pl\/main-tms-window\/search-bar\/\" title=\"Pasek wyszukiwania\">Pasek wyszukiwania <span class=\"arrow\"> &nbsp\u203a <\/span> <\/a><\/div><\/p>\n","protected":false},"excerpt":{"rendered":"<p>Po udanym logowaniu na ekranie wy\u015bwietli si\u0119 g\u0142\u00f3wne okno systemu zarz\u0105dzania flot\u0105. Okno posiada dwa g\u0142\u00f3wne elementy systemowe i cztery inne narz\u0119dzia systemowe s\u0142u\u017c\u0105ce do szybkiego dost\u0119pu: Mapa i boczny panel nawigacji \u2013 opisane w kolejnych rozdzia\u0142ach; Pasek wyszukiwania \u2013 opisany w sekcji Pasek wyszukiwania; Link do internetowego podr\u0119cznika FMS; Panel zarz\u0105dzania u\u017cytkownika sieci (Web &hellip; <a href=\"https:\/\/www.fmsdocumentation.com\/pl\/main-tms-window\/\" class=\"more-link\">Czytaj dalej <span class=\"screen-reader-text\">G\u0142\u00f3wne okno FMS<\/span><\/a><\/p>\n","protected":false},"author":1,"featured_media":0,"parent":0,"menu_order":24,"comment_status":"closed","ping_status":"closed","template":"","meta":{"footnotes":""},"class_list":["post-4594","page","type-page","status-publish","hentry"],"_links":{"self":[{"href":"https:\/\/www.fmsdocumentation.com\/pl\/wp-json\/wp\/v2\/pages\/4594","targetHints":{"allow":["GET"]}}],"collection":[{"href":"https:\/\/www.fmsdocumentation.com\/pl\/wp-json\/wp\/v2\/pages"}],"about":[{"href":"https:\/\/www.fmsdocumentation.com\/pl\/wp-json\/wp\/v2\/types\/page"}],"author":[{"embeddable":true,"href":"https:\/\/www.fmsdocumentation.com\/pl\/wp-json\/wp\/v2\/users\/1"}],"replies":[{"embeddable":true,"href":"https:\/\/www.fmsdocumentation.com\/pl\/wp-json\/wp\/v2\/comments?post=4594"}],"version-history":[{"count":6,"href":"https:\/\/www.fmsdocumentation.com\/pl\/wp-json\/wp\/v2\/pages\/4594\/revisions"}],"predecessor-version":[{"id":6008,"href":"https:\/\/www.fmsdocumentation.com\/pl\/wp-json\/wp\/v2\/pages\/4594\/revisions\/6008"}],"wp:attachment":[{"href":"https:\/\/www.fmsdocumentation.com\/pl\/wp-json\/wp\/v2\/media?parent=4594"}],"curies":[{"name":"wp","href":"https:\/\/api.w.org\/{rel}","templated":true}]}}