{"id":4596,"date":"2017-04-06T05:56:46","date_gmt":"2017-04-06T05:56:46","guid":{"rendered":"http:\/\/www.fmsdocumentation.com\/logging-out\/"},"modified":"2018-11-05T10:03:53","modified_gmt":"2018-11-05T08:03:53","slug":"logging-out","status":"publish","type":"page","link":"https:\/\/www.fmsdocumentation.com\/pl\/basics\/logging-out\/","title":{"rendered":"Wylogowywanie"},"content":{"rendered":"<p>Aby si\u0119 wylogowa\u0107, kliknij na strza\u0142k\u0119 w d\u00f3\u0142 (kt\u00f3ra po klikni\u0119ciu zamienia si\u0119 w strza\u0142k\u0119 w g\u00f3r\u0119) znajduj\u0105c\u0105 si\u0119 w prawym g\u00f3rnym rogu ekranu. Pojawi si\u0119 rozwijane menu. S\u0105 w nim dost\u0119pne tylko dwie opcje:<\/p>\n<ul>\n<li>Ustawienia konta \u2013 szczeg\u00f3\u0142owo opisane\u00a0<a href=\"https:\/\/www.fmsdocumentation.com\/pl\/main-tms-window\/account-settings\/?lang=pl\">dalej\u00a0<\/a>w instrukcji;<\/li>\n<li>Wyloguj si\u0119 \u2013 kliknij ten przycisk, aby wylogowa\u0107 si\u0119 z systemu.<\/li>\n<\/ul>\n<p><a href=\"https:\/\/www.fmsdocumentation.com\/wp-content\/uploads\/2018\/10\/Logging-out-PL-1.png\"><img loading=\"lazy\" decoding=\"async\" class=\"alignnone wp-image-6000\" src=\"https:\/\/www.fmsdocumentation.com\/wp-content\/uploads\/2018\/10\/Logging-out-PL-1.png\" alt=\"\" width=\"1000\" height=\"521\" srcset=\"https:\/\/www.fmsdocumentation.com\/wp-content\/uploads\/2018\/10\/Logging-out-PL-1.png 1600w, https:\/\/www.fmsdocumentation.com\/wp-content\/uploads\/2018\/10\/Logging-out-PL-1-300x156.png 300w, https:\/\/www.fmsdocumentation.com\/wp-content\/uploads\/2018\/10\/Logging-out-PL-1-768x400.png 768w, https:\/\/www.fmsdocumentation.com\/wp-content\/uploads\/2018\/10\/Logging-out-PL-1-1024x534.png 1024w\" sizes=\"auto, (max-width: 1000px) 100vw, 1000px\" \/><\/a><\/p>\n<p>Wszystkie ikony wy\u015bwietlane obok s\u0105 opisane szczeg\u00f3\u0142owo w sekcji \u201e<a href=\"https:\/\/www.fmsdocumentation.com\/pl\/main-tms-window\/?lang=pl\">G\u0142\u00f3wne okno FMS<\/a>\u201d.<\/p>\n<hr \/>\n<p><div class=\"alignleft\"><a href=\"https:\/\/www.fmsdocumentation.com\/pl\/basics\/login-page\/\" title=\"Strona logowania\"><span class=\"arrow\">\u2039 &nbsp <\/span> Strona logowania <\/a><\/div> <div class=\"alignright\"><a href=\"https:\/\/www.fmsdocumentation.com\/pl\/basics\/trusttrack-app\/\" title=\"Aplikacja TrustTrack\">Aplikacja TrustTrack <span class=\"arrow\"> &nbsp\u203a <\/span> <\/a><\/div><\/p>\n","protected":false},"excerpt":{"rendered":"<p>Aby si\u0119 wylogowa\u0107, kliknij na strza\u0142k\u0119 w d\u00f3\u0142 (kt\u00f3ra po klikni\u0119ciu zamienia si\u0119 w strza\u0142k\u0119 w g\u00f3r\u0119) znajduj\u0105c\u0105 si\u0119 w prawym g\u00f3rnym rogu ekranu. Pojawi si\u0119 rozwijane menu. S\u0105 w nim dost\u0119pne tylko dwie opcje: Ustawienia konta \u2013 szczeg\u00f3\u0142owo opisane\u00a0dalej\u00a0w instrukcji; Wyloguj si\u0119 \u2013 kliknij ten przycisk, aby wylogowa\u0107 si\u0119 z systemu. Wszystkie ikony wy\u015bwietlane &hellip; <a href=\"https:\/\/www.fmsdocumentation.com\/pl\/basics\/logging-out\/\" class=\"more-link\">Czytaj dalej <span class=\"screen-reader-text\">Wylogowywanie<\/span><\/a><\/p>\n","protected":false},"author":1,"featured_media":0,"parent":4598,"menu_order":2,"comment_status":"closed","ping_status":"closed","template":"","meta":{"footnotes":""},"class_list":["post-4596","page","type-page","status-publish","hentry"],"_links":{"self":[{"href":"https:\/\/www.fmsdocumentation.com\/pl\/wp-json\/wp\/v2\/pages\/4596","targetHints":{"allow":["GET"]}}],"collection":[{"href":"https:\/\/www.fmsdocumentation.com\/pl\/wp-json\/wp\/v2\/pages"}],"about":[{"href":"https:\/\/www.fmsdocumentation.com\/pl\/wp-json\/wp\/v2\/types\/page"}],"author":[{"embeddable":true,"href":"https:\/\/www.fmsdocumentation.com\/pl\/wp-json\/wp\/v2\/users\/1"}],"replies":[{"embeddable":true,"href":"https:\/\/www.fmsdocumentation.com\/pl\/wp-json\/wp\/v2\/comments?post=4596"}],"version-history":[{"count":10,"href":"https:\/\/www.fmsdocumentation.com\/pl\/wp-json\/wp\/v2\/pages\/4596\/revisions"}],"predecessor-version":[{"id":6012,"href":"https:\/\/www.fmsdocumentation.com\/pl\/wp-json\/wp\/v2\/pages\/4596\/revisions\/6012"}],"up":[{"embeddable":true,"href":"https:\/\/www.fmsdocumentation.com\/pl\/wp-json\/wp\/v2\/pages\/4598"}],"wp:attachment":[{"href":"https:\/\/www.fmsdocumentation.com\/pl\/wp-json\/wp\/v2\/media?parent=4596"}],"curies":[{"name":"wp","href":"https:\/\/api.w.org\/{rel}","templated":true}]}}