{"id":4598,"date":"2017-04-06T05:46:19","date_gmt":"2017-04-06T05:46:19","guid":{"rendered":"http:\/\/www.fmsdocumentation.com\/basics\/"},"modified":"2020-06-09T14:21:44","modified_gmt":"2020-06-09T11:21:44","slug":"basics","status":"publish","type":"page","link":"https:\/\/www.fmsdocumentation.com\/pl\/basics\/","title":{"rendered":"Podstawy"},"content":{"rendered":"<p>W sekcji Podstawy u\u017cytkownik znajdzie najwa\u017cniejsze informacje dotycz\u0105ce korzystania z systemu FMS, na przyk\u0142ad:<\/p>\n<ul>\n<li>Jak zalogowa\u0107 si\u0119 do systemu;<\/li>\n<li>Jak si\u0119 wylogowa\u0107;<\/li>\n<li>Jak znale\u017a\u0107 t\u0119 instrukcj\u0119 w systemie FMS;<\/li>\n<li>Kt\u00f3re aplikacje wsp\u00f3\u0142pracuj\u0105 z systemem FMS;<\/li>\n<li>Podstawowe informacje na temat mobilnej wersji systemu FMS;<\/li>\n<li>Ograniczenia funkcjonalno\u015bci zale\u017cnie od wybranej taryfy.<\/li>\n<\/ul>\n<p>Instrukcja opisuje wszystkie tematy w osobnych sekcjach, krok po kroku.<\/p>\n<hr \/>\n<p><div class=\"alignleft\"><a href=\"https:\/\/www.fmsdocumentation.com\/pl\/\" title=\"Przewodnik F.M.S\"><span class=\"arrow\">\u2039 &nbsp <\/span> Przewodnik F.M.S <\/a><\/div> <div class=\"alignright\"><a href=\"https:\/\/www.fmsdocumentation.com\/pl\/basics\/login-page\/\" title=\"Strona logowania\">Strona logowania <span class=\"arrow\"> &nbsp\u203a <\/span> <\/a><\/div><\/p>\n","protected":false},"excerpt":{"rendered":"<p>W sekcji Podstawy u\u017cytkownik znajdzie najwa\u017cniejsze informacje dotycz\u0105ce korzystania z systemu FMS, na przyk\u0142ad: Jak zalogowa\u0107 si\u0119 do systemu; Jak si\u0119 wylogowa\u0107; Jak znale\u017a\u0107 t\u0119 instrukcj\u0119 w systemie FMS; Kt\u00f3re aplikacje wsp\u00f3\u0142pracuj\u0105 z systemem FMS; Podstawowe informacje na temat mobilnej wersji systemu FMS; Ograniczenia funkcjonalno\u015bci zale\u017cnie od wybranej taryfy. Instrukcja opisuje wszystkie tematy w osobnych &hellip; <a href=\"https:\/\/www.fmsdocumentation.com\/pl\/basics\/\" class=\"more-link\">Czytaj dalej <span class=\"screen-reader-text\">Podstawy<\/span><\/a><\/p>\n","protected":false},"author":1,"featured_media":0,"parent":0,"menu_order":13,"comment_status":"closed","ping_status":"closed","template":"","meta":{"footnotes":""},"class_list":["post-4598","page","type-page","status-publish","hentry"],"_links":{"self":[{"href":"https:\/\/www.fmsdocumentation.com\/pl\/wp-json\/wp\/v2\/pages\/4598","targetHints":{"allow":["GET"]}}],"collection":[{"href":"https:\/\/www.fmsdocumentation.com\/pl\/wp-json\/wp\/v2\/pages"}],"about":[{"href":"https:\/\/www.fmsdocumentation.com\/pl\/wp-json\/wp\/v2\/types\/page"}],"author":[{"embeddable":true,"href":"https:\/\/www.fmsdocumentation.com\/pl\/wp-json\/wp\/v2\/users\/1"}],"replies":[{"embeddable":true,"href":"https:\/\/www.fmsdocumentation.com\/pl\/wp-json\/wp\/v2\/comments?post=4598"}],"version-history":[{"count":1,"href":"https:\/\/www.fmsdocumentation.com\/pl\/wp-json\/wp\/v2\/pages\/4598\/revisions"}],"predecessor-version":[{"id":4972,"href":"https:\/\/www.fmsdocumentation.com\/pl\/wp-json\/wp\/v2\/pages\/4598\/revisions\/4972"}],"wp:attachment":[{"href":"https:\/\/www.fmsdocumentation.com\/pl\/wp-json\/wp\/v2\/media?parent=4598"}],"curies":[{"name":"wp","href":"https:\/\/api.w.org\/{rel}","templated":true}]}}