{"id":4599,"date":"2017-04-06T05:29:09","date_gmt":"2017-04-06T05:29:09","guid":{"rendered":"http:\/\/www.fmsdocumentation.com\/tittle\/"},"modified":"2020-06-09T14:21:42","modified_gmt":"2020-06-09T11:21:42","slug":"tittle","status":"publish","type":"page","link":"https:\/\/www.fmsdocumentation.com\/pl\/","title":{"rendered":"Przewodnik F.M.S"},"content":{"rendered":"<p>Witamy w F.M.S. &#8211; Przewodnik online Fleet Management System!<\/p>\n<p>Ten przewodnik zosta\u0142 stworzony, aby pom\u00f3c zar\u00f3wno do\u015bwiadczonym, jak i nowym u\u017cytkownikom szybko znale\u017a\u0107 informacje na temat r\u00f3\u017cnych modu\u0142\u00f3w i funkcji systemu FMS. Przewodnik zawiera r\u00f3wnie\u017c informacje o aplikacjach wsp\u00f3\u0142pracuj\u0105cych z FMS w celu zwi\u0119kszenia og\u00f3lnej funkcjonalno\u015bci.<\/p>\n<p>Poni\u017csze narz\u0119dzia s\u0105 przedstawione w celu szybkiego znalezienia wszystkich niezb\u0119dnych informacji:<\/p>\n<ul>\n<li><strong>Pasek wyszukiwania<\/strong> &#8211; pozwala szybko przeszuka\u0107 wszystkie informacje w przewodniku. Otwarcie strony w wynikach wyszukiwania spowoduje wyr\u00f3\u017cnienie szukanego s\u0142owa kluczowego na tej stronie. S\u0142owa kluczowe przestan\u0105 by\u0107 wyszczeg\u00f3lnione po opuszczeniu otwartej strony.<\/li>\n<li><strong>Drzewo nawigacji<\/strong> &#8211; umo\u017cliwia przegl\u0105danie r\u00f3\u017cnych sekcji przewodnika. Struktura drzewa jest dostarczana zgodnie ze wszystkim, co u\u017cytkownik widzi w FMS krok po kroku, zaczynaj\u0105c od mapy i ko\u0144cz\u0105c na szczeg\u00f3\u0142owym opisie ka\u017cdego modu\u0142u.<\/li>\n<li><strong>Przyciski nawigacyjne<\/strong> &#8211; na dole ka\u017cdej strony znajduj\u0105 si\u0119 przyciski nawigacyjne, aby szybko przej\u015b\u0107 do nast\u0119pnej sekcji przewodnika lub powr\u00f3ci\u0107 do poprzedniej sekcji.<\/li>\n<li><strong>Obrazy<\/strong> &#8211; przyk\u0142adowe obrazy s\u0105 dostarczane w du\u017cej mierze w ca\u0142ej instrukcji. Ka\u017cdy opis jest umieszczony z przyk\u0142adowym obrazem. Klikni\u0119cie dowolnego obrazu spowoduje jego rozwini\u0119cie do pe\u0142nego rozmiaru, co pozwoli zobaczy\u0107 przyk\u0142ady w pe\u0142nym widoku.<\/li>\n<li><strong>Wyb\u00f3r j\u0119zyka<\/strong> &#8211; w lewym g\u00f3rnym rogu ekranu u\u017cytkownik mo\u017ce wybra\u0107 j\u0119zyk wy\u015bwietlania tre\u015bci podr\u0119cznika. Inne j\u0119zyki b\u0119d\u0105 dost\u0119pne po zako\u0144czeniu t\u0142umaczenia tre\u015bci.<\/li>\n<\/ul>\n<hr>\n<h3>Wa\u017cne!<\/h3>\n<p>System FMS zosta\u0142 zaprojektowany do automatycznej synchronizacji stref czasowych z komputerem, z kt\u00f3rego pochodzi logowanie. System FMS analizuje regionalne ustawienia komputer\u00f3w i odpowiednio ustawia stref\u0119 czasow\u0105. Synchronizacja strefy czasowej pojawia si\u0119 przy ka\u017cdym logowaniu. Jest to wa\u017cne dla u\u017cytkownik\u00f3w podr\u00f3\u017cuj\u0105cych i u\u017cywaj\u0105cych komputer\u00f3w przeno\u015bnych (niekt\u00f3re laptopy automatycznie aktualizuj\u0105 stref\u0119 czasow\u0105 zgodnie z bie\u017c\u0105c\u0105 lokalizacj\u0105) lub komputer\u00f3w obcych z lokaln\u0105 konfiguracj\u0105 strefy czasowej. W takich sytuacjach u\u017cytkownik zauwa\u017cy, \u017ce rekordy czasu b\u0119d\u0105 si\u0119 r\u00f3\u017cni\u0107 od rekord\u00f3w czasu widocznych w kraju macierzystym. Aby stale wy\u015bwietla\u0107 w tym samym czasie rekordy w systemie, zaleca si\u0119 r\u0119czne zarz\u0105dzanie ustawieniami regionalnymi komputer\u00f3w przy wy\u0142\u0105czonych automatycznych aktualizacjach.<\/p>\n<p><strong><p class=\"note\">Uwaga!<br \/>\n<\/strong>Automatyczna synchronizacja czasu wyst\u0119puje tylko wtedy, gdy strefa czasowa nie zosta\u0142a zmieniona w <a href=\"https:\/\/www.fmsdocumentation.com\/pl\/main-tms-window\/account-settings\/?lang=pl\">ustawieniach konta<\/a>. Gdy u\u017cytkownik ustawi konkretn\u0105 stref\u0119 czasow\u0105, automatyczna synchronizacja zatrzyma si\u0119.<\/p><\/p>\n<p><strong>FMS obs\u0142uguje nast\u0119puj\u0105ce przegl\u0105darki internetowe zaktualizowane do najnowszych wersji:<\/strong><\/p>\n<ul>\n<li>Chrome (ZALECANE);<\/li>\n<li>Firefox;<\/li>\n<li>Safari;<\/li>\n<\/ul>\n<p>Korzystaj\u0105c z innych przegl\u0105darek internetowych, nie mo\u017cemy zagwarantowa\u0107, \u017ce system zarz\u0105dzania flot\u0105 b\u0119dzie dzia\u0142a\u0142 poprawnie lub w og\u00f3le dzia\u0142a\u0142.<\/p>\n<hr>\n<div class=\"alignright\"><a href=\"https:\/\/www.fmsdocumentation.com\/pl\/basics\/\" title=\"Podstawy\">Podstawy <span class=\"arrow\"> &nbsp\u203a <\/span> <\/a><\/div>\n","protected":false},"excerpt":{"rendered":"<p>Witamy w F.M.S. &#8211; Przewodnik online Fleet Management System! Ten przewodnik zosta\u0142 stworzony, aby pom\u00f3c zar\u00f3wno do\u015bwiadczonym, jak i nowym u\u017cytkownikom szybko znale\u017a\u0107 informacje na temat r\u00f3\u017cnych modu\u0142\u00f3w i funkcji systemu FMS. Przewodnik zawiera r\u00f3wnie\u017c informacje o aplikacjach wsp\u00f3\u0142pracuj\u0105cych z FMS w celu zwi\u0119kszenia og\u00f3lnej funkcjonalno\u015bci. Poni\u017csze narz\u0119dzia s\u0105 przedstawione w celu szybkiego znalezienia wszystkich &hellip; <a href=\"https:\/\/www.fmsdocumentation.com\/pl\/\" class=\"more-link\">Czytaj dalej <span class=\"screen-reader-text\">Przewodnik F.M.S<\/span><\/a><\/p>\n","protected":false},"author":1,"featured_media":0,"parent":0,"menu_order":2,"comment_status":"closed","ping_status":"closed","template":"","meta":{"footnotes":""},"class_list":["post-4599","page","type-page","status-publish","hentry"],"_links":{"self":[{"href":"https:\/\/www.fmsdocumentation.com\/pl\/wp-json\/wp\/v2\/pages\/4599","targetHints":{"allow":["GET"]}}],"collection":[{"href":"https:\/\/www.fmsdocumentation.com\/pl\/wp-json\/wp\/v2\/pages"}],"about":[{"href":"https:\/\/www.fmsdocumentation.com\/pl\/wp-json\/wp\/v2\/types\/page"}],"author":[{"embeddable":true,"href":"https:\/\/www.fmsdocumentation.com\/pl\/wp-json\/wp\/v2\/users\/1"}],"replies":[{"embeddable":true,"href":"https:\/\/www.fmsdocumentation.com\/pl\/wp-json\/wp\/v2\/comments?post=4599"}],"version-history":[{"count":4,"href":"https:\/\/www.fmsdocumentation.com\/pl\/wp-json\/wp\/v2\/pages\/4599\/revisions"}],"predecessor-version":[{"id":7686,"href":"https:\/\/www.fmsdocumentation.com\/pl\/wp-json\/wp\/v2\/pages\/4599\/revisions\/7686"}],"wp:attachment":[{"href":"https:\/\/www.fmsdocumentation.com\/pl\/wp-json\/wp\/v2\/media?parent=4599"}],"curies":[{"name":"wp","href":"https:\/\/api.w.org\/{rel}","templated":true}]}}