{"id":5893,"date":"2018-10-08T07:26:11","date_gmt":"2018-10-08T07:26:11","guid":{"rendered":"http:\/\/www.fmsdocumentation.com\/?page_id=5893"},"modified":"2020-06-09T14:21:43","modified_gmt":"2020-06-09T11:21:43","slug":"walkme-asistentas","status":"publish","type":"page","link":"https:\/\/www.fmsdocumentation.com\/ru\/walkme-asistentas\/","title":{"rendered":"WalkMe asistentas"},"content":{"rendered":"<p>TPVS naudoja WalkMe pagalbos ir konfig\u016bracijos asistent\u0105 siekiant pad\u0117ti vartotojui susipa\u017einti su sistema bei jos funkcionalumais. Prisijungus i\u0161 naujo \u012frenginio, WalkMe asistentas prisistatys vartotojui ekrano vir\u0161utiniame de\u0161iniajame kampe. Asistent\u0105 galima aktyvuoti spustel\u0117jus &#8220;Prad\u0117ti&#8221; arba &#8220;Pad\u0117kite man&#8221; mygtukus.<\/p>\n<p><a href=\"https:\/\/www.fmsdocumentation.com\/wp-content\/uploads\/2018\/12\/369LT.png\"><img loading=\"lazy\" decoding=\"async\" class=\"alignnone wp-image-6272 size-full\" src=\"https:\/\/www.fmsdocumentation.com\/wp-content\/uploads\/2018\/12\/369LT.png\" alt=\"\" width=\"267\" height=\"86\" \/><\/a><\/p>\n<p>Aktyvavus asistent\u0105, atsivers jo pagrindinis meniu. Pagrindiniame meniu yra paie\u0161kos juosta, kalbos parinktis ir temos, kuriomis si\u016bloma pagalba. \u0160ios temos yra sugrupuotos pagal funkcionalumus, kur\u012f spustel\u0117jus bus rodomos visos tam funkcionalumui priskirtos temos. \u0160\u012f meniu galima u\u017edaryti spustel\u0117jus ma\u017e\u0105 &#8220;X&#8221; mygtuk\u0105, esant\u012f vir\u0161utiniame de\u0161iniajame meniu kampe.<\/p>\n<p><a href=\"https:\/\/www.fmsdocumentation.com\/wp-content\/uploads\/2018\/10\/370LT.png\"><img loading=\"lazy\" decoding=\"async\" class=\"alignnone size-full wp-image-5895\" src=\"https:\/\/www.fmsdocumentation.com\/wp-content\/uploads\/2018\/10\/370LT.png\" alt=\"\" width=\"441\" height=\"482\" srcset=\"https:\/\/www.fmsdocumentation.com\/wp-content\/uploads\/2018\/10\/370LT.png 441w, https:\/\/www.fmsdocumentation.com\/wp-content\/uploads\/2018\/10\/370LT-274x300.png 274w\" sizes=\"auto, (max-width: 441px) 100vw, 441px\" \/><\/a><\/p>\n<p>Pasirinkus norim\u0105 tem\u0105, asistentas vartotojui nurodys, kokius \u017eingsnius reikia atlikti ir kaip atlikti konfig\u016bracij\u0105. Asistent\u0105 galima aktyvuoti bet kuriuo metu spustelint &#8220;Pad\u0117kite man&#8221; mygtuk\u0105.<\/p>\n<p>Taip pat, kaskart i\u0161leidus naujus funkcionalumus sistemoje, pasirodys asistentas, siekiant supa\u017eindinti vartotoj\u0105 su jais. Asistentas suteiks informacijos apie naujus funkcionalumus ir pakeitimus sistemoje.<\/p>\n<hr \/>\n<p><div class=\"alignleft\"><a href=\"https:\/\/www.fmsdocumentation.com\/ru\/\" title=\"\u0420\u0443\u043a\u043e\u0432\u043e\u0434\u0441\u0442\u0432\u043e \u0421\u0423\u0410\"><span class=\"arrow\">\u2039 &nbsp <\/span> \u0420\u0443\u043a\u043e\u0432\u043e\u0434\u0441\u0442\u0432\u043e \u0421\u0423\u0410 <\/a><\/div><div class=\"alignright\"><a href=\"https:\/\/www.fmsdocumentation.com\/ru\/basics\/\" title=\"\u041e\u0441\u043d\u043e\u0432\u044b\">\u041e\u0441\u043d\u043e\u0432\u044b <span class=\"arrow\"> &nbsp\u203a <\/span> <\/a><\/div><\/p>\n","protected":false},"excerpt":{"rendered":"<p>TPVS naudoja WalkMe pagalbos ir konfig\u016bracijos asistent\u0105 siekiant pad\u0117ti vartotojui susipa\u017einti su sistema bei jos funkcionalumais. Prisijungus i\u0161 naujo \u012frenginio, WalkMe asistentas prisistatys vartotojui ekrano vir\u0161utiniame de\u0161iniajame kampe. Asistent\u0105 galima aktyvuoti spustel\u0117jus &#8220;Prad\u0117ti&#8221; arba &#8220;Pad\u0117kite man&#8221; mygtukus. Aktyvavus asistent\u0105, atsivers jo pagrindinis meniu. Pagrindiniame meniu yra paie\u0161kos juosta, kalbos parinktis ir temos, kuriomis si\u016bloma pagalba. &hellip; <a href=\"https:\/\/www.fmsdocumentation.com\/ru\/walkme-asistentas\/\" class=\"more-link\">\u0427\u0438\u0442\u0430\u0442\u044c \u0434\u0430\u043b\u0435\u0435 <span class=\"screen-reader-text\">WalkMe asistentas<\/span><\/a><\/p>\n","protected":false},"author":5,"featured_media":0,"parent":0,"menu_order":12,"comment_status":"closed","ping_status":"closed","template":"","meta":{"footnotes":""},"class_list":["post-5893","page","type-page","status-publish","hentry"],"_links":{"self":[{"href":"https:\/\/www.fmsdocumentation.com\/ru\/wp-json\/wp\/v2\/pages\/5893","targetHints":{"allow":["GET"]}}],"collection":[{"href":"https:\/\/www.fmsdocumentation.com\/ru\/wp-json\/wp\/v2\/pages"}],"about":[{"href":"https:\/\/www.fmsdocumentation.com\/ru\/wp-json\/wp\/v2\/types\/page"}],"author":[{"embeddable":true,"href":"https:\/\/www.fmsdocumentation.com\/ru\/wp-json\/wp\/v2\/users\/5"}],"replies":[{"embeddable":true,"href":"https:\/\/www.fmsdocumentation.com\/ru\/wp-json\/wp\/v2\/comments?post=5893"}],"version-history":[{"count":7,"href":"https:\/\/www.fmsdocumentation.com\/ru\/wp-json\/wp\/v2\/pages\/5893\/revisions"}],"predecessor-version":[{"id":7404,"href":"https:\/\/www.fmsdocumentation.com\/ru\/wp-json\/wp\/v2\/pages\/5893\/revisions\/7404"}],"wp:attachment":[{"href":"https:\/\/www.fmsdocumentation.com\/ru\/wp-json\/wp\/v2\/media?parent=5893"}],"curies":[{"name":"wp","href":"https:\/\/api.w.org\/{rel}","templated":true}]}}