{"id":6408,"date":"2018-12-13T10:34:36","date_gmt":"2018-12-13T08:34:36","guid":{"rendered":"http:\/\/www.fmsdocumentation.com\/?page_id=6408"},"modified":"2020-06-09T14:21:42","modified_gmt":"2020-06-09T11:21:42","slug":"pomoc","status":"publish","type":"page","link":"https:\/\/www.fmsdocumentation.com\/sk\/","title":{"rendered":"Pomoc"},"content":{"rendered":"<p>Vitajte v Pomocn\u00edkovi syst\u00e9mu sledovania vozidiel.<\/p>\n<p>Pomoc sl\u00fa\u017ei ako za\u010d\u00ednaj\u00facim, tak pokro\u010dil\u00fdm pou\u017e\u00edvate\u013eom na r\u00fdchle n\u00e1jdenie inform\u00e1ci\u00ed na obsluhu jednotliv\u00fdch modulov a funkci\u00ed syst\u00e9mu.<\/p>\n<p>K tomu s\u00fa ur\u010den\u00e9 nasleduj\u00face n\u00e1stroje:<\/p>\n<ul>\n<li><strong>H\u013eada\u0165 <\/strong>&#8211; sl\u00fa\u017ei na r\u00fdchle h\u013eadanie v n\u00e1povede, a otvorenie str\u00e1nky s n\u00e1jden\u00fdmi v\u00fdsledkami a zv\u00fdraznen\u00fdmi h\u013eadan\u00fdmi slovami.<\/li>\n<li><strong>Preh\u013ead t\u00e9m<\/strong> &#8211; umo\u017e\u0148uje prech\u00e1dzanie r\u00f4znymi t\u00e9mami pomocn\u00edka.<\/li>\n<li><strong>Naviga\u010dn\u00e9 tla\u010didl\u00e1 <\/strong>&#8211; v spodnej \u010dasti ka\u017edej str\u00e1nky s\u00fa tla\u010didl\u00e1 pre r\u00fdchly prechod na nasleduj\u00facu alebo predch\u00e1dzaj\u00facu sekcie n\u00e1povedy.<\/li>\n<li><strong>Obr\u00e1zky <\/strong>&#8211; n\u00e1poveda obsahuje obr\u00e1zky s n\u00e1zorn\u00fdmi pr\u00edkladmi, kliknut\u00edm na obr\u00e1zok sa zobraz\u00ed jeho pln\u00e1 ve\u013ekos\u0165 so v\u0161etk\u00fdmi detailmi.<\/li>\n<li><strong>Vo\u013eba jazyka <\/strong>&#8211; v hornej \u013eavej \u010dasti obrazovky je mo\u017en\u00e9 zvoli\u0165 jazyk pomocn\u00edka.<\/li>\n<\/ul>\n<hr \/>\n<h3>Upozornenie!<\/h3>\n<p>Syst\u00e9m automaticky synchronizuje \u010dasov\u00e9 p\u00e1smo s po\u010d\u00edta\u010dom z ktor\u00e9ho sa prihlasujete. Zis\u0165uje sa miestne nastavenia po\u010d\u00edta\u010da a nastav\u00ed sa pr\u00edslu\u0161n\u00e9 \u010dasov\u00e9 p\u00e1smo. Toto sa deje pri ka\u017edom prihl\u00e1sen\u00ed pou\u017e\u00edvate\u013ea. Toto je d\u00f4le\u017eit\u00e1 inform\u00e1cia pre pou\u017e\u00edvate\u013eov, ktor\u00fd cestuj\u00fa a pou\u017e\u00edvaj\u00fa laptop (niektor\u00e9 laptopy automaticky nastavuj\u00fa \u010dasov\u00e9 p\u00e1smo pod\u013ea aktu\u00e1lnej poz\u00edcie) alebo cudzie po\u010d\u00edta\u010de s lok\u00e1lne konfigurovan\u00fa \u010dasovou z\u00f3nou. V tomto pr\u00edpade vid\u00ed u\u017e\u00edvate\u013e z\u00e1znamy s in\u00fdm \u010dasom ne\u017e vo svojej krajine. Aby z\u00e1znamy boli vidie\u0165 zaka\u017ed\u00fdm s rovnak\u00fdm \u010dasom odpor\u00fa\u010dame manu\u00e1lne nastavi\u0165 \u010dasov\u00e9 p\u00e1smo po\u010d\u00edta\u010da (vypn\u00fa\u0165 automatick\u00e9 nastavenie \u010dasov\u00e9ho p\u00e1sma).<\/p>\n<p><strong>Syst\u00e9m podporuje posledn\u00e1 verzia t\u00fdchto webov\u00fdch prehliada\u010dov:<\/strong><\/p>\n<ul>\n<li>Chrome (DOPORU\u010cEN\u00c9);<\/li>\n<li>Firefox;<\/li>\n<li>Safari;<\/li>\n<\/ul>\n<p>Pri pou\u017eit\u00ed in\u00fdch prehliada\u010dov nemo\u017eno garantova\u0165 spr\u00e1vnu funkciu syst\u00e9mu.<\/p>\n<hr \/>\n<div class=\"alignright\"><a href=\"https:\/\/www.fmsdocumentation.com\/sk\/vytvorenie-novej-ulohy\/\" title=\"Vytvorenie novej \u00falohy\">Vytvorenie novej \u00falohy <span class=\"arrow\"> &nbsp\u203a <\/span> <\/a><\/div>\n","protected":false},"excerpt":{"rendered":"<p>Vitajte v Pomocn\u00edkovi syst\u00e9mu sledovania vozidiel. Pomoc sl\u00fa\u017ei ako za\u010d\u00ednaj\u00facim, tak pokro\u010dil\u00fdm pou\u017e\u00edvate\u013eom na r\u00fdchle n\u00e1jdenie inform\u00e1ci\u00ed na obsluhu jednotliv\u00fdch modulov a funkci\u00ed syst\u00e9mu. K tomu s\u00fa ur\u010den\u00e9 nasleduj\u00face n\u00e1stroje: H\u013eada\u0165 &#8211; sl\u00fa\u017ei na r\u00fdchle h\u013eadanie v n\u00e1povede, a otvorenie str\u00e1nky s n\u00e1jden\u00fdmi v\u00fdsledkami a zv\u00fdraznen\u00fdmi h\u013eadan\u00fdmi slovami. Preh\u013ead t\u00e9m &#8211; umo\u017e\u0148uje prech\u00e1dzanie r\u00f4znymi t\u00e9mami &hellip; <a href=\"https:\/\/www.fmsdocumentation.com\/sk\/\" class=\"more-link\">Pokra\u010dova\u0165 v \u010d\u00edtan\u00ed: <span class=\"screen-reader-text\">Pomoc<\/span><\/a><\/p>\n","protected":false},"author":5,"featured_media":0,"parent":0,"menu_order":2,"comment_status":"closed","ping_status":"closed","template":"","meta":{"footnotes":""},"class_list":["post-6408","page","type-page","status-publish","hentry"],"_links":{"self":[{"href":"https:\/\/www.fmsdocumentation.com\/sk\/wp-json\/wp\/v2\/pages\/6408","targetHints":{"allow":["GET"]}}],"collection":[{"href":"https:\/\/www.fmsdocumentation.com\/sk\/wp-json\/wp\/v2\/pages"}],"about":[{"href":"https:\/\/www.fmsdocumentation.com\/sk\/wp-json\/wp\/v2\/types\/page"}],"author":[{"embeddable":true,"href":"https:\/\/www.fmsdocumentation.com\/sk\/wp-json\/wp\/v2\/users\/5"}],"replies":[{"embeddable":true,"href":"https:\/\/www.fmsdocumentation.com\/sk\/wp-json\/wp\/v2\/comments?post=6408"}],"version-history":[{"count":4,"href":"https:\/\/www.fmsdocumentation.com\/sk\/wp-json\/wp\/v2\/pages\/6408\/revisions"}],"predecessor-version":[{"id":6647,"href":"https:\/\/www.fmsdocumentation.com\/sk\/wp-json\/wp\/v2\/pages\/6408\/revisions\/6647"}],"wp:attachment":[{"href":"https:\/\/www.fmsdocumentation.com\/sk\/wp-json\/wp\/v2\/media?parent=6408"}],"curies":[{"name":"wp","href":"https:\/\/api.w.org\/{rel}","templated":true}]}}