{"id":6412,"date":"2018-12-13T10:43:08","date_gmt":"2018-12-13T08:43:08","guid":{"rendered":"http:\/\/www.fmsdocumentation.com\/?page_id=6412"},"modified":"2020-06-09T14:21:44","modified_gmt":"2020-06-09T11:21:44","slug":"zakladne-informacie","status":"publish","type":"page","link":"https:\/\/www.fmsdocumentation.com\/sk\/zakladne-informacie\/","title":{"rendered":"Z\u00e1kladn\u00e9 inform\u00e1cie"},"content":{"rendered":"<p>T\u00e1to \u010das\u0165 opisuje najz\u00e1kladnej\u0161ie inform\u00e1cie o syst\u00e9me, ako je prihl\u00e1senie, odhl\u00e1senie, z\u00e1kladn\u00e9 inform\u00e1cie o dostupn\u00fdch aplik\u00e1ci\u00e1ch, at\u010f.<\/p>\n<hr \/>\n<p><div class=\"alignleft\"><a href=\"https:\/\/www.fmsdocumentation.com\/sk\/vytvorenie-novej-ulohy\/\" title=\"Vytvorenie novej \u00falohy\"><span class=\"arrow\">\u2039 &nbsp <\/span> Vytvorenie novej \u00falohy <\/a><\/div> <div class=\"alignright\"><a href=\"https:\/\/www.fmsdocumentation.com\/sk\/zakladne-informacie\/prihlasovacia-stranka\/\" title=\"Prihlasovacia str\u00e1nka\">Prihlasovacia str\u00e1nka <span class=\"arrow\"> &nbsp\u203a <\/span> <\/a><\/div><\/p>\n","protected":false},"excerpt":{"rendered":"<p>T\u00e1to \u010das\u0165 opisuje najz\u00e1kladnej\u0161ie inform\u00e1cie o syst\u00e9me, ako je prihl\u00e1senie, odhl\u00e1senie, z\u00e1kladn\u00e9 inform\u00e1cie o dostupn\u00fdch aplik\u00e1ci\u00e1ch, at\u010f.<\/p>\n","protected":false},"author":5,"featured_media":0,"parent":0,"menu_order":13,"comment_status":"closed","ping_status":"closed","template":"","meta":{"footnotes":""},"class_list":["post-6412","page","type-page","status-publish","hentry"],"_links":{"self":[{"href":"https:\/\/www.fmsdocumentation.com\/sk\/wp-json\/wp\/v2\/pages\/6412","targetHints":{"allow":["GET"]}}],"collection":[{"href":"https:\/\/www.fmsdocumentation.com\/sk\/wp-json\/wp\/v2\/pages"}],"about":[{"href":"https:\/\/www.fmsdocumentation.com\/sk\/wp-json\/wp\/v2\/types\/page"}],"author":[{"embeddable":true,"href":"https:\/\/www.fmsdocumentation.com\/sk\/wp-json\/wp\/v2\/users\/5"}],"replies":[{"embeddable":true,"href":"https:\/\/www.fmsdocumentation.com\/sk\/wp-json\/wp\/v2\/comments?post=6412"}],"version-history":[{"count":2,"href":"https:\/\/www.fmsdocumentation.com\/sk\/wp-json\/wp\/v2\/pages\/6412\/revisions"}],"predecessor-version":[{"id":6414,"href":"https:\/\/www.fmsdocumentation.com\/sk\/wp-json\/wp\/v2\/pages\/6412\/revisions\/6414"}],"wp:attachment":[{"href":"https:\/\/www.fmsdocumentation.com\/sk\/wp-json\/wp\/v2\/media?parent=6412"}],"curies":[{"name":"wp","href":"https:\/\/api.w.org\/{rel}","templated":true}]}}