{"id":6415,"date":"2018-12-13T11:10:58","date_gmt":"2018-12-13T09:10:58","guid":{"rendered":"http:\/\/www.fmsdocumentation.com\/?page_id=6415"},"modified":"2018-12-14T08:24:14","modified_gmt":"2018-12-14T06:24:14","slug":"prihlasovacia-stranka","status":"publish","type":"page","link":"https:\/\/www.fmsdocumentation.com\/sk\/zakladne-informacie\/prihlasovacia-stranka\/","title":{"rendered":"Prihlasovacia str\u00e1nka"},"content":{"rendered":"<p>Pre pr\u00edstup na prihlasovaciu str\u00e1nku zadajte do prehliada\u010da adresu dan\u00fa poskytovate\u013eom slu\u017eby sledovanie vozidiel.<\/p>\n<p><a href=\"https:\/\/www.fmsdocumentation.com\/wp-content\/uploads\/2018\/08\/LoginEN.png\"><img loading=\"lazy\" decoding=\"async\" class=\"alignnone wp-image-5702\" src=\"https:\/\/www.fmsdocumentation.com\/wp-content\/uploads\/2018\/08\/LoginEN-1024x628.png\" alt=\"\" width=\"1000\" height=\"613\" srcset=\"https:\/\/www.fmsdocumentation.com\/wp-content\/uploads\/2018\/08\/LoginEN-1024x628.png 1024w, https:\/\/www.fmsdocumentation.com\/wp-content\/uploads\/2018\/08\/LoginEN-300x184.png 300w, https:\/\/www.fmsdocumentation.com\/wp-content\/uploads\/2018\/08\/LoginEN-768x471.png 768w, https:\/\/www.fmsdocumentation.com\/wp-content\/uploads\/2018\/08\/LoginEN.png 1379w\" sizes=\"auto, (max-width: 1000px) 100vw, 1000px\" \/><\/a><\/p>\n<p>Do pr\u00edslu\u0161n\u00fdch pol\u00ed zadajte prihlasovacie \u00fadaje dodan\u00e9 poskytovate\u013eom slu\u017eby:<\/p>\n<ul>\n<li>Login &#8211; Meno pou\u017e\u00edvate\u013ea;<\/li>\n<li>Password &#8211; Heslo.<\/li>\n<\/ul>\n<p><p class=\"note\">Upozornenie<br \/>\nPo prihl\u00e1sen\u00ed sa do syst\u00e9mu nie je mo\u017en\u00e9 jazyk zmeni\u0165. Je nutn\u00e9 sa zo syst\u00e9mu najprv odhl\u00e1si\u0165.<\/p><\/p>\n<p>Po zap\u00edsan\u00ed prihlasovac\u00edch \u00fadajov a vo\u013ebe jazyka kliknite na tla\u010didlo &#8220;Prihl\u00e1si\u0165&#8221;.<\/p>\n<p><p class=\"note\">Upozornenie<br \/>\nV pr\u00edpade ome\u0161kania s \u00fahradou slu\u017eby bude ma\u0165 u\u017e\u00edvate\u013e pr\u00edstup do syst\u00e9mu zablokovan\u00fd. Pri pokuse o prihl\u00e1senie o tom bude u\u017e\u00edvate\u013e informovan\u00fd. Po prihl\u00e1sen\u00ed bude u\u017e\u00edvate\u013e informovan\u00fd aj o nadch\u00e1dzaj\u00facom vy\u00fa\u010dtovan\u00ed. Upozornenie sa objav\u00ed 14 dn\u00ed pred vypr\u0161an\u00edm lehoty splatnosti. <\/p><\/p>\n<hr \/>\n<p><div class=\"alignleft\"><a href=\"https:\/\/www.fmsdocumentation.com\/sk\/zakladne-informacie\/\" title=\"Z\u00e1kladn\u00e9 inform\u00e1cie\"><span class=\"arrow\">\u2039 &nbsp <\/span> Z\u00e1kladn\u00e9 inform\u00e1cie <\/a><\/div> <div class=\"alignright\"><a href=\"https:\/\/www.fmsdocumentation.com\/sk\/zakladne-informacie\/odhlasenie\/\" title=\"Odhl\u00e1senie\">Odhl\u00e1senie <span class=\"arrow\"> &nbsp\u203a <\/span> <\/a><\/div><\/p>\n","protected":false},"excerpt":{"rendered":"<p>Pre pr\u00edstup na prihlasovaciu str\u00e1nku zadajte do prehliada\u010da adresu dan\u00fa poskytovate\u013eom slu\u017eby sledovanie vozidiel. Do pr\u00edslu\u0161n\u00fdch pol\u00ed zadajte prihlasovacie \u00fadaje dodan\u00e9 poskytovate\u013eom slu\u017eby: Login &#8211; Meno pou\u017e\u00edvate\u013ea; Password &#8211; Heslo. Upozornenie Po prihl\u00e1sen\u00ed sa do syst\u00e9mu nie je mo\u017en\u00e9 jazyk zmeni\u0165. Je nutn\u00e9 sa zo syst\u00e9mu najprv odhl\u00e1si\u0165. Po zap\u00edsan\u00ed prihlasovac\u00edch \u00fadajov a vo\u013ebe jazyka &hellip; <a href=\"https:\/\/www.fmsdocumentation.com\/sk\/zakladne-informacie\/prihlasovacia-stranka\/\" class=\"more-link\">Pokra\u010dova\u0165 v \u010d\u00edtan\u00ed: <span class=\"screen-reader-text\">Prihlasovacia str\u00e1nka<\/span><\/a><\/p>\n","protected":false},"author":5,"featured_media":0,"parent":6412,"menu_order":1,"comment_status":"closed","ping_status":"closed","template":"","meta":{"footnotes":""},"class_list":["post-6415","page","type-page","status-publish","hentry"],"_links":{"self":[{"href":"https:\/\/www.fmsdocumentation.com\/sk\/wp-json\/wp\/v2\/pages\/6415","targetHints":{"allow":["GET"]}}],"collection":[{"href":"https:\/\/www.fmsdocumentation.com\/sk\/wp-json\/wp\/v2\/pages"}],"about":[{"href":"https:\/\/www.fmsdocumentation.com\/sk\/wp-json\/wp\/v2\/types\/page"}],"author":[{"embeddable":true,"href":"https:\/\/www.fmsdocumentation.com\/sk\/wp-json\/wp\/v2\/users\/5"}],"replies":[{"embeddable":true,"href":"https:\/\/www.fmsdocumentation.com\/sk\/wp-json\/wp\/v2\/comments?post=6415"}],"version-history":[{"count":4,"href":"https:\/\/www.fmsdocumentation.com\/sk\/wp-json\/wp\/v2\/pages\/6415\/revisions"}],"predecessor-version":[{"id":6649,"href":"https:\/\/www.fmsdocumentation.com\/sk\/wp-json\/wp\/v2\/pages\/6415\/revisions\/6649"}],"up":[{"embeddable":true,"href":"https:\/\/www.fmsdocumentation.com\/sk\/wp-json\/wp\/v2\/pages\/6412"}],"wp:attachment":[{"href":"https:\/\/www.fmsdocumentation.com\/sk\/wp-json\/wp\/v2\/media?parent=6415"}],"curies":[{"name":"wp","href":"https:\/\/api.w.org\/{rel}","templated":true}]}}