{"id":6418,"date":"2018-12-13T11:14:14","date_gmt":"2018-12-13T09:14:14","guid":{"rendered":"http:\/\/www.fmsdocumentation.com\/?page_id=6418"},"modified":"2018-12-14T08:24:40","modified_gmt":"2018-12-14T06:24:40","slug":"odhlasenie","status":"publish","type":"page","link":"https:\/\/www.fmsdocumentation.com\/sk\/zakladne-informacie\/odhlasenie\/","title":{"rendered":"Odhl\u00e1senie"},"content":{"rendered":"<p>Pre odhl\u00e1senie sa klikne na symbol \u0161\u00edpky smeruj\u00face nadol (po kliknut\u00ed \u0161\u00edpka smeruje nahor) v pravom hornom rohu obrazovky. Rozbal\u00ed sa menu s dvoma polo\u017ekami:<\/p>\n<ul>\n<li>Pomoc<\/li>\n<li>Odhl\u00e1senie<\/li>\n<\/ul>\n<p><a href=\"https:\/\/www.fmsdocumentation.com\/wp-content\/uploads\/2017\/04\/Logging-out-1.jpg\"><img loading=\"lazy\" decoding=\"async\" class=\"alignnone size-full wp-image-3215\" src=\"https:\/\/www.fmsdocumentation.com\/wp-content\/uploads\/2017\/04\/Logging-out-1.jpg\" alt=\"\" width=\"901\" height=\"482\" srcset=\"https:\/\/www.fmsdocumentation.com\/wp-content\/uploads\/2017\/04\/Logging-out-1.jpg 901w, https:\/\/www.fmsdocumentation.com\/wp-content\/uploads\/2017\/04\/Logging-out-1-300x160.jpg 300w, https:\/\/www.fmsdocumentation.com\/wp-content\/uploads\/2017\/04\/Logging-out-1-768x411.jpg 768w\" sizes=\"auto, (max-width: 901px) 100vw, 901px\" \/><\/a><\/p>\n<p>&nbsp;<\/p>\n<hr \/>\n<p><div class=\"alignleft\"><a href=\"https:\/\/www.fmsdocumentation.com\/sk\/zakladne-informacie\/prihlasovacia-stranka\/\" title=\"Prihlasovacia str\u00e1nka\"><span class=\"arrow\">\u2039 &nbsp <\/span> Prihlasovacia str\u00e1nka <\/a><\/div> <div class=\"alignright\"><a href=\"https:\/\/www.fmsdocumentation.com\/sk\/zakladne-informacie\/auta-na-webe\/\" title=\"Auta Na Webe\">Auta Na Webe <span class=\"arrow\"> &nbsp\u203a <\/span> <\/a><\/div><\/p>\n","protected":false},"excerpt":{"rendered":"<p>Pre odhl\u00e1senie sa klikne na symbol \u0161\u00edpky smeruj\u00face nadol (po kliknut\u00ed \u0161\u00edpka smeruje nahor) v pravom hornom rohu obrazovky. Rozbal\u00ed sa menu s dvoma polo\u017ekami: Pomoc Odhl\u00e1senie &nbsp;<\/p>\n","protected":false},"author":5,"featured_media":0,"parent":6412,"menu_order":2,"comment_status":"closed","ping_status":"closed","template":"","meta":{"footnotes":""},"class_list":["post-6418","page","type-page","status-publish","hentry"],"_links":{"self":[{"href":"https:\/\/www.fmsdocumentation.com\/sk\/wp-json\/wp\/v2\/pages\/6418","targetHints":{"allow":["GET"]}}],"collection":[{"href":"https:\/\/www.fmsdocumentation.com\/sk\/wp-json\/wp\/v2\/pages"}],"about":[{"href":"https:\/\/www.fmsdocumentation.com\/sk\/wp-json\/wp\/v2\/types\/page"}],"author":[{"embeddable":true,"href":"https:\/\/www.fmsdocumentation.com\/sk\/wp-json\/wp\/v2\/users\/5"}],"replies":[{"embeddable":true,"href":"https:\/\/www.fmsdocumentation.com\/sk\/wp-json\/wp\/v2\/comments?post=6418"}],"version-history":[{"count":3,"href":"https:\/\/www.fmsdocumentation.com\/sk\/wp-json\/wp\/v2\/pages\/6418\/revisions"}],"predecessor-version":[{"id":6650,"href":"https:\/\/www.fmsdocumentation.com\/sk\/wp-json\/wp\/v2\/pages\/6418\/revisions\/6650"}],"up":[{"embeddable":true,"href":"https:\/\/www.fmsdocumentation.com\/sk\/wp-json\/wp\/v2\/pages\/6412"}],"wp:attachment":[{"href":"https:\/\/www.fmsdocumentation.com\/sk\/wp-json\/wp\/v2\/media?parent=6418"}],"curies":[{"name":"wp","href":"https:\/\/api.w.org\/{rel}","templated":true}]}}