{"id":6425,"date":"2018-12-13T11:18:43","date_gmt":"2018-12-13T09:18:43","guid":{"rendered":"http:\/\/www.fmsdocumentation.com\/?page_id=6425"},"modified":"2018-12-14T08:34:47","modified_gmt":"2018-12-14T06:34:47","slug":"auta-na-webe","status":"publish","type":"page","link":"https:\/\/www.fmsdocumentation.com\/sk\/zakladne-informacie\/auta-na-webe\/","title":{"rendered":"Auta Na Webe"},"content":{"rendered":"<p>Aplik\u00e1cia TrustTrack App u\u013eah\u010duje riadenie flotily vozidiel. V z\u00e1sade je t\u00e1to aplik\u00e1cia rovnak\u00e1 ako mobiln\u00e9 verzie, kde sa u\u017e\u00edvate\u013e pozer\u00e1 prostredn\u00edctvom prehliada\u010da, tu bez pou\u017eitia prehliada\u010da. Aplik\u00e1cia m\u00e1 iba jeden po\u017eiadavka:<\/p>\n<ul>\n<li>Pripojenie k internetu;<\/li>\n<\/ul>\n<p><a href=\"https:\/\/www.fmsdocumentation.com\/wp-content\/uploads\/2017\/04\/tt-logo-1.png\"><img loading=\"lazy\" decoding=\"async\" class=\"alignnone size-full wp-image-2799\" src=\"https:\/\/www.fmsdocumentation.com\/wp-content\/uploads\/2017\/04\/tt-logo-1.png\" alt=\"\" width=\"300\" height=\"325\" srcset=\"https:\/\/www.fmsdocumentation.com\/wp-content\/uploads\/2017\/04\/tt-logo-1.png 300w, https:\/\/www.fmsdocumentation.com\/wp-content\/uploads\/2017\/04\/tt-logo-1-277x300.png 277w\" sizes=\"auto, (max-width: 300px) 100vw, 300px\" \/><\/a><\/p>\n<p>Funkcia:<\/p>\n<ul>\n<li>Schopnos\u0165 nastavi\u0165 prim\u00e1rny server syst\u00e9mu, pop\u00edsan\u00fd na str\u00e1nke &#8220;<a href=\"https:\/\/www.fmsdocumentation.com\/sk\/pouzivanie-aplikacie-trusttrack\/?lang=sk\">prev\u00e1dzku syst\u00e9mu<\/a>&#8220;;<\/li>\n<li>Pln\u00e1 funkcionalita ako v mobilnej verzii. Obmedzenia mobiln\u00e9 v\u0155zga s\u00fa uveden\u00e9 v &#8220;<a href=\"https:\/\/www.fmsdocumentation.com\/sk\/zakladne-informacie\/obmedzenie-mobilne-aplikacie\/?lang=sk\">Obmedzenie mobiln\u00e1 verzia<\/a>&#8220;;<\/li>\n<\/ul>\n<p>Kr\u00e1tky popis mobiln\u00e9 aplik\u00e1cie je v &#8220;<a href=\"https:\/\/www.fmsdocumentation.com\/sk\/pouzivanie-aplikacie-trusttrack\/?lang=sk\">prev\u00e1dzku syst\u00e9mu<\/a>&#8220;.<\/p>\n<p>Pozn\u00e1mka<br \/>\nAplik\u00e1cia nepodporuje push notifik\u00e1cia. Tak\u017ee notifik\u00e1cia spr\u00e1v, udalost\u00ed a ostatn\u00ed sa nezobraz\u00ed na u\u017e\u00edvate\u013eskom telef\u00f3ne.<\/p>\n<p>Aplik\u00e1cia Trust Track App je k dispoz\u00edcii na stiahnutie v <a href=\"https:\/\/play.google.com\/store\/apps\/details?id=com.ruptela.mobile.trusttrack\">Google play store<\/a>.<\/p>\n<hr \/>\n<p><div class=\"alignleft\"><a href=\"https:\/\/www.fmsdocumentation.com\/sk\/zakladne-informacie\/odhlasenie\/\" title=\"Odhl\u00e1senie\"><span class=\"arrow\">\u2039 &nbsp <\/span> Odhl\u00e1senie <\/a><\/div> <div class=\"alignright\"><a href=\"https:\/\/www.fmsdocumentation.com\/sk\/zakladne-informacie\/obmedzenie-mobilne-aplikacie\/\" title=\"Obmedzenie mobiln\u00e9 aplik\u00e1cie\">Obmedzenie mobiln\u00e9 aplik\u00e1cie <span class=\"arrow\"> &nbsp\u203a <\/span> <\/a><\/div><\/p>\n","protected":false},"excerpt":{"rendered":"<p>Aplik\u00e1cia TrustTrack App u\u013eah\u010duje riadenie flotily vozidiel. V z\u00e1sade je t\u00e1to aplik\u00e1cia rovnak\u00e1 ako mobiln\u00e9 verzie, kde sa u\u017e\u00edvate\u013e pozer\u00e1 prostredn\u00edctvom prehliada\u010da, tu bez pou\u017eitia prehliada\u010da. Aplik\u00e1cia m\u00e1 iba jeden po\u017eiadavka: Pripojenie k internetu; Funkcia: Schopnos\u0165 nastavi\u0165 prim\u00e1rny server syst\u00e9mu, pop\u00edsan\u00fd na str\u00e1nke &#8220;prev\u00e1dzku syst\u00e9mu&#8220;; Pln\u00e1 funkcionalita ako v mobilnej verzii. Obmedzenia mobiln\u00e9 v\u0155zga s\u00fa &hellip; <a href=\"https:\/\/www.fmsdocumentation.com\/sk\/zakladne-informacie\/auta-na-webe\/\" class=\"more-link\">Pokra\u010dova\u0165 v \u010d\u00edtan\u00ed: <span class=\"screen-reader-text\">Auta Na Webe<\/span><\/a><\/p>\n","protected":false},"author":5,"featured_media":0,"parent":6412,"menu_order":4,"comment_status":"closed","ping_status":"closed","template":"","meta":{"footnotes":""},"class_list":["post-6425","page","type-page","status-publish","hentry"],"_links":{"self":[{"href":"https:\/\/www.fmsdocumentation.com\/sk\/wp-json\/wp\/v2\/pages\/6425","targetHints":{"allow":["GET"]}}],"collection":[{"href":"https:\/\/www.fmsdocumentation.com\/sk\/wp-json\/wp\/v2\/pages"}],"about":[{"href":"https:\/\/www.fmsdocumentation.com\/sk\/wp-json\/wp\/v2\/types\/page"}],"author":[{"embeddable":true,"href":"https:\/\/www.fmsdocumentation.com\/sk\/wp-json\/wp\/v2\/users\/5"}],"replies":[{"embeddable":true,"href":"https:\/\/www.fmsdocumentation.com\/sk\/wp-json\/wp\/v2\/comments?post=6425"}],"version-history":[{"count":4,"href":"https:\/\/www.fmsdocumentation.com\/sk\/wp-json\/wp\/v2\/pages\/6425\/revisions"}],"predecessor-version":[{"id":6654,"href":"https:\/\/www.fmsdocumentation.com\/sk\/wp-json\/wp\/v2\/pages\/6425\/revisions\/6654"}],"up":[{"embeddable":true,"href":"https:\/\/www.fmsdocumentation.com\/sk\/wp-json\/wp\/v2\/pages\/6412"}],"wp:attachment":[{"href":"https:\/\/www.fmsdocumentation.com\/sk\/wp-json\/wp\/v2\/media?parent=6425"}],"curies":[{"name":"wp","href":"https:\/\/api.w.org\/{rel}","templated":true}]}}