{"id":6428,"date":"2018-12-13T11:19:33","date_gmt":"2018-12-13T09:19:33","guid":{"rendered":"http:\/\/www.fmsdocumentation.com\/?page_id=6428"},"modified":"2018-12-14T08:35:48","modified_gmt":"2018-12-14T06:35:48","slug":"obmedzenie-mobilne-aplikacie","status":"publish","type":"page","link":"https:\/\/www.fmsdocumentation.com\/sk\/zakladne-informacie\/obmedzenie-mobilne-aplikacie\/","title":{"rendered":"Obmedzenie mobiln\u00e9 aplik\u00e1cie"},"content":{"rendered":"<p>Syst\u00e9m sledovania vozidiel podporuje mobiln\u00fa verziu s nieko\u013ek\u00fdmi obmedzeniami. Niektor\u00e9 moduly a funkcie, ktor\u00e9 vy\u017eaduj\u00fa vy\u0161\u0161ie rozl\u00ed\u0161enie nie s\u00fa v mobilnej verzii dostupn\u00e9.<\/p>\n<p>Nedostupn\u00e9 funkcie s\u00fa nasledovn\u00e9:<\/p>\n<ul>\n<li>Modul upozor\u0148ovanie &#8211; ale upozor\u0148ovanie vo vz\u0165ahu k vozidl\u00e1m sa zobraz\u00ed v module preh\u013ead &#8211; sekcia upozor\u0148ovanie;<\/li>\n<li>Modul zost\u00e1v;<\/li>\n<li>Modul \u0161t\u00fdlu jazdy;<\/li>\n<li>Na\u010d\u00edtanie tachografu;<\/li>\n<li>Anal\u00fdza pod\u013ea s\u00faradn\u00edc v preh\u013eade hist\u00f3rie;<\/li>\n<li>Graf v preh\u013eade spotreby paliva;<\/li>\n<li>Edit\u00e1cia upozor\u0148ovanie;<\/li>\n<li>Tvorba alebo edit\u00e1cia vodi\u010dov menu vodi\u010dov;<\/li>\n<li>Hromadn\u00e9 odosielanie spr\u00e1v v menu komunik\u00e1cia;<\/li>\n<li>Tvorba alebo edit\u00e1cia \u00faloh v menu \u00faloh;<\/li>\n<li>Tvorba alebo edit\u00e1cia oblast\u00ed v menu u\u017e\u00edvate\u013esk\u00fdch oblast\u00ed.<\/li>\n<li>Tvorba \u010di edit\u00e1cia udalost\u00ed &#8211; aktiv\u00e1cia \/ de aktiv\u00e1cia udalos\u0165ou je mo\u017en\u00e1.<\/li>\n<\/ul>\n<p>Ostatn\u00e9 d\u00f4le\u017eit\u00e9 inform\u00e1cie n\u00e1jdete na str\u00e1nke &#8220;<a href=\"https:\/\/www.fmsdocumentation.com\/sk\/pouzivanie-aplikacie-trusttrack\/?lang=sk\">U\u017e\u00edvanie syst\u00e9mu sledovania vozidiel<\/a>&#8220;.<\/p>\n<hr \/>\n<p><div class=\"alignleft\"><a href=\"https:\/\/www.fmsdocumentation.com\/sk\/zakladne-informacie\/auta-na-webe\/\" title=\"Auta Na Webe\"><span class=\"arrow\">\u2039 &nbsp <\/span> Auta Na Webe <\/a><\/div> <div class=\"alignright\"><a href=\"https:\/\/www.fmsdocumentation.com\/sk\/zakladne-informacie\/uctovacie-plany\/\" title=\"\u00da\u010dtovacie pl\u00e1ny\">\u00da\u010dtovacie pl\u00e1ny <span class=\"arrow\"> &nbsp\u203a <\/span> <\/a><\/div><\/p>\n","protected":false},"excerpt":{"rendered":"<p>Syst\u00e9m sledovania vozidiel podporuje mobiln\u00fa verziu s nieko\u013ek\u00fdmi obmedzeniami. Niektor\u00e9 moduly a funkcie, ktor\u00e9 vy\u017eaduj\u00fa vy\u0161\u0161ie rozl\u00ed\u0161enie nie s\u00fa v mobilnej verzii dostupn\u00e9. Nedostupn\u00e9 funkcie s\u00fa nasledovn\u00e9: Modul upozor\u0148ovanie &#8211; ale upozor\u0148ovanie vo vz\u0165ahu k vozidl\u00e1m sa zobraz\u00ed v module preh\u013ead &#8211; sekcia upozor\u0148ovanie; Modul zost\u00e1v; Modul \u0161t\u00fdlu jazdy; Na\u010d\u00edtanie tachografu; Anal\u00fdza pod\u013ea s\u00faradn\u00edc v &hellip; <a href=\"https:\/\/www.fmsdocumentation.com\/sk\/zakladne-informacie\/obmedzenie-mobilne-aplikacie\/\" class=\"more-link\">Pokra\u010dova\u0165 v \u010d\u00edtan\u00ed: <span class=\"screen-reader-text\">Obmedzenie mobiln\u00e9 aplik\u00e1cie<\/span><\/a><\/p>\n","protected":false},"author":5,"featured_media":0,"parent":6412,"menu_order":5,"comment_status":"closed","ping_status":"closed","template":"","meta":{"footnotes":""},"class_list":["post-6428","page","type-page","status-publish","hentry"],"_links":{"self":[{"href":"https:\/\/www.fmsdocumentation.com\/sk\/wp-json\/wp\/v2\/pages\/6428","targetHints":{"allow":["GET"]}}],"collection":[{"href":"https:\/\/www.fmsdocumentation.com\/sk\/wp-json\/wp\/v2\/pages"}],"about":[{"href":"https:\/\/www.fmsdocumentation.com\/sk\/wp-json\/wp\/v2\/types\/page"}],"author":[{"embeddable":true,"href":"https:\/\/www.fmsdocumentation.com\/sk\/wp-json\/wp\/v2\/users\/5"}],"replies":[{"embeddable":true,"href":"https:\/\/www.fmsdocumentation.com\/sk\/wp-json\/wp\/v2\/comments?post=6428"}],"version-history":[{"count":3,"href":"https:\/\/www.fmsdocumentation.com\/sk\/wp-json\/wp\/v2\/pages\/6428\/revisions"}],"predecessor-version":[{"id":6655,"href":"https:\/\/www.fmsdocumentation.com\/sk\/wp-json\/wp\/v2\/pages\/6428\/revisions\/6655"}],"up":[{"embeddable":true,"href":"https:\/\/www.fmsdocumentation.com\/sk\/wp-json\/wp\/v2\/pages\/6412"}],"wp:attachment":[{"href":"https:\/\/www.fmsdocumentation.com\/sk\/wp-json\/wp\/v2\/media?parent=6428"}],"curies":[{"name":"wp","href":"https:\/\/api.w.org\/{rel}","templated":true}]}}