{"id":6431,"date":"2018-12-13T11:21:32","date_gmt":"2018-12-13T09:21:32","guid":{"rendered":"http:\/\/www.fmsdocumentation.com\/?page_id=6431"},"modified":"2018-12-13T11:21:32","modified_gmt":"2018-12-13T09:21:32","slug":"uctovacie-plany","status":"publish","type":"page","link":"https:\/\/www.fmsdocumentation.com\/sk\/zakladne-informacie\/uctovacie-plany\/","title":{"rendered":"\u00da\u010dtovacie pl\u00e1ny"},"content":{"rendered":"<p>Ka\u017ed\u00fd objekt sa \u00fa\u010dtuje individu\u00e1lne. To znamen\u00e1, \u017ee pou\u017e\u00edvate\u013e m\u00f4\u017ee ma\u0165 niektor\u00e9 objekty vo vy\u0161\u0161om tarife, niektor\u00e9 v ni\u017e\u0161om tarife. Pri vozidl\u00e1ch, kde sta\u010d\u00ed z\u00e1kladn\u00e1 funkcia je ni\u017e\u0161ia tarifu, zatia\u013e \u010do u vozidiel, kde sa sleduje viac parametrov sa vy\u017eaduje vy\u0161\u0161iu tarifu.<\/p>\n<p><em>Pr\u00edklad: Objekt A m\u00e1 pr\u00e9miov\u00fd tarif, objekt B tarifa basic plus. Pre objekt A tak m\u00e1 u\u017e\u00edvate\u013e k dispoz\u00edcii anal\u00fdzu \u0161t\u00fdlu jazdy, zatia\u013e \u010do pre objekt B nie.<\/em><\/p>\n<p>K dispoz\u00edcii s\u00fa tri \u00fa\u010dtovacie tarify:<\/p>\n<ul>\n<li>Basic Plus;<\/li>\n<li>Standard;<\/li>\n<li>Premium;<\/li>\n<\/ul>\n<p><p class=\"note\">Pozn\u00e1mka<br \/>\nV\u0161etky funkcionality ni\u017e\u0161ieho tarife s\u00fa k dispoz\u00edcii vo vy\u0161\u0161om tarife. Tarif Premium zah\u0155\u0148a funkcie tarifu Standard a Basic Plus.<\/p><\/p>\n<p>Preh\u013ead funkcional\u00edt jednotliv\u00fdch tar\u00edf:<\/p>\n<p><a href=\"https:\/\/www.fmsdocumentation.com\/wp-content\/uploads\/2018\/02\/265.png\"><img loading=\"lazy\" decoding=\"async\" class=\"alignnone size-large wp-image-4368\" src=\"https:\/\/www.fmsdocumentation.com\/wp-content\/uploads\/2018\/02\/265-806x1024.png\" alt=\"\" width=\"660\" height=\"839\" srcset=\"https:\/\/www.fmsdocumentation.com\/wp-content\/uploads\/2018\/02\/265-806x1024.png 806w, https:\/\/www.fmsdocumentation.com\/wp-content\/uploads\/2018\/02\/265-236x300.png 236w, https:\/\/www.fmsdocumentation.com\/wp-content\/uploads\/2018\/02\/265-768x976.png 768w\" sizes=\"auto, (max-width: 660px) 100vw, 660px\" \/><\/a><\/p>\n<p>V pr\u00edpadoch, ke\u010f m\u00e1 u\u017e\u00edvate\u013e v\u0161etky vozidl\u00e1 iba v najni\u017e\u0161om tarife, nebud\u00fa niektor\u00e9 moduly a funkcionality pop\u00edsan\u00e9 v n\u00e1vode v\u00f4bec dostupn\u00e9 (Naviga\u010dn\u00e9 ikony nebud\u00fa v postrannej li\u0161te zobrazen\u00e9). Ak aspo\u0148 jedno vozidlo m\u00e1 vy\u0161\u0161iu tarifu, potom bud\u00fa vidite\u013en\u00e9 v\u0161etky moduly a funkcionality, av\u0161ak len pri objektoch s vy\u0161\u0161\u00edm tarifou.<\/p>\n<p><p class=\"note\">Pozn\u00e1mka<br \/>\nV pr\u00edpade, \u017ee u\u017e\u00edvate\u013e pon\u00ed\u017ei tarifu objektu, napr. Zo \u0160tandard na Basic Plus, d\u00e1ta dostupn\u00e9 u vy\u0161\u0161ieho pl\u00e1nu bud\u00fa vymazan\u00e9 bez mo\u017enosti ich obnovenia. V tomto pr\u00edpade sa t\u00fdka anal\u00fdzy \u0161t\u00fdlu jazdy, oblast\u00ed, zost\u00e1v meranie paliva, na\u010d\u00edtanie tachografu a upozornenie na \u00fadr\u017ebu.<\/p><\/p>\n<p>Klienti bud\u00fa informovan\u00ed o dl\u017en\u00fdch platb\u00e1ch ihne\u010f po zalogovan\u00ed do syst\u00e9mu. Upozor\u0148ovacie okno bude tie\u017e informova\u0165 kedy m\u00e1 za slu\u017ebu zaplati\u0165. Ak platba nebude do uvedenej lehoty uhraden\u00e1, u\u017e\u00edvate\u013e bude ma\u0165 pr\u00edstup do syst\u00e9mu zablokovan\u00fd. Pre zmenu \u00fa\u010dtovacieho tarifu, odblokovanie \u00fa\u010dtu \u010di in\u00fdch potrieb kontaktujte svojho poskytovate\u013ea slu\u017eby.<\/p>\n<hr \/>\n<p><div class=\"alignleft\"><a href=\"https:\/\/www.fmsdocumentation.com\/sk\/zakladne-informacie\/obmedzenie-mobilne-aplikacie\/\" title=\"Obmedzenie mobiln\u00e9 aplik\u00e1cie\"><span class=\"arrow\">\u2039 &nbsp <\/span> Obmedzenie mobiln\u00e9 aplik\u00e1cie <\/a><\/div> <div class=\"alignright\"><a href=\"https:\/\/www.fmsdocumentation.com\/sk\/zakladne-informacie\/osobitne-podmienky\/\" title=\"Osobitn\u00e9 podmienky\">Osobitn\u00e9 podmienky <span class=\"arrow\"> &nbsp\u203a <\/span> <\/a><\/div><\/p>\n<p>&nbsp;<\/p>\n","protected":false},"excerpt":{"rendered":"<p>Ka\u017ed\u00fd objekt sa \u00fa\u010dtuje individu\u00e1lne. To znamen\u00e1, \u017ee pou\u017e\u00edvate\u013e m\u00f4\u017ee ma\u0165 niektor\u00e9 objekty vo vy\u0161\u0161om tarife, niektor\u00e9 v ni\u017e\u0161om tarife. Pri vozidl\u00e1ch, kde sta\u010d\u00ed z\u00e1kladn\u00e1 funkcia je ni\u017e\u0161ia tarifu, zatia\u013e \u010do u vozidiel, kde sa sleduje viac parametrov sa vy\u017eaduje vy\u0161\u0161iu tarifu. Pr\u00edklad: Objekt A m\u00e1 pr\u00e9miov\u00fd tarif, objekt B tarifa basic plus. Pre objekt &hellip; <a href=\"https:\/\/www.fmsdocumentation.com\/sk\/zakladne-informacie\/uctovacie-plany\/\" class=\"more-link\">Pokra\u010dova\u0165 v \u010d\u00edtan\u00ed: <span class=\"screen-reader-text\">\u00da\u010dtovacie pl\u00e1ny<\/span><\/a><\/p>\n","protected":false},"author":5,"featured_media":0,"parent":6412,"menu_order":6,"comment_status":"closed","ping_status":"closed","template":"","meta":{"footnotes":""},"class_list":["post-6431","page","type-page","status-publish","hentry"],"_links":{"self":[{"href":"https:\/\/www.fmsdocumentation.com\/sk\/wp-json\/wp\/v2\/pages\/6431","targetHints":{"allow":["GET"]}}],"collection":[{"href":"https:\/\/www.fmsdocumentation.com\/sk\/wp-json\/wp\/v2\/pages"}],"about":[{"href":"https:\/\/www.fmsdocumentation.com\/sk\/wp-json\/wp\/v2\/types\/page"}],"author":[{"embeddable":true,"href":"https:\/\/www.fmsdocumentation.com\/sk\/wp-json\/wp\/v2\/users\/5"}],"replies":[{"embeddable":true,"href":"https:\/\/www.fmsdocumentation.com\/sk\/wp-json\/wp\/v2\/comments?post=6431"}],"version-history":[{"count":2,"href":"https:\/\/www.fmsdocumentation.com\/sk\/wp-json\/wp\/v2\/pages\/6431\/revisions"}],"predecessor-version":[{"id":6433,"href":"https:\/\/www.fmsdocumentation.com\/sk\/wp-json\/wp\/v2\/pages\/6431\/revisions\/6433"}],"up":[{"embeddable":true,"href":"https:\/\/www.fmsdocumentation.com\/sk\/wp-json\/wp\/v2\/pages\/6412"}],"wp:attachment":[{"href":"https:\/\/www.fmsdocumentation.com\/sk\/wp-json\/wp\/v2\/media?parent=6431"}],"curies":[{"name":"wp","href":"https:\/\/api.w.org\/{rel}","templated":true}]}}