{"id":6434,"date":"2018-12-13T11:23:08","date_gmt":"2018-12-13T09:23:08","guid":{"rendered":"http:\/\/www.fmsdocumentation.com\/?page_id=6434"},"modified":"2018-12-13T11:23:08","modified_gmt":"2018-12-13T09:23:08","slug":"osobitne-podmienky","status":"publish","type":"page","link":"https:\/\/www.fmsdocumentation.com\/sk\/zakladne-informacie\/osobitne-podmienky\/","title":{"rendered":"Osobitn\u00e9 podmienky"},"content":{"rendered":"<p>Niektor\u00e9 funkcionality alebo objekty m\u00f4\u017eu ma\u0165 osobitn\u00e9 podmienky alebo obmedzenia pou\u017eitia. V nasleduj\u00facej \u010dasti s\u00fa identifikovan\u00e9 len v\u0161eobecn\u00e9 podmienky, ostatn\u00e9 ot\u00e1zky s\u00fa zobrazen\u00e9 v pr\u00edslu\u0161n\u00fdch oddieloch.<\/p>\n<hr \/>\n<h3>N\u00e1vesy<\/h3>\n<p>S\u00fa v syst\u00e9me sledovania zobrazen\u00e9 ako objekty. Nie s\u00fa v\u0161ak pre nich k dispoz\u00edcii v\u0161etky funkcie. obmedzenie:<\/p>\n<ul>\n<li>Nemo\u017eno k nim priradi\u0165 vodi\u010da;<\/li>\n<li>Nemo\u017eno k nim priradi\u0165 \u00falohy a n\u00e1vesy sa nezobraz\u00ed vo voli\u010di &#8220;najbli\u017e\u0161\u00ed vozidlo&#8221;;<\/li>\n<li>Nemo\u017eno s nimi pracova\u0165 v module tachografu;<\/li>\n<li>Nie je s nimi mo\u017en\u00e1 komunik\u00e1cia;<\/li>\n<li>Nemo\u017eno pre nich aplikova\u0165 \u0160t\u00fdl jazdy.<\/li>\n<\/ul>\n<p>Ostatn\u00e9 osobitn\u00e9 podmienky:<\/p>\n<ul>\n<li>N\u00e1vesy sa k vozidlu prira\u010fuj\u00fa automaticky, akon\u00e1hle jednotka vo vozidle za\u010dne odosiela\u0165 identifik\u00e1ciu n\u00e1vesu. Syst\u00e9m kon\u0161tantne kontroluje, \u010di je v z\u00e1znamoch pr\u00edtomn\u00e1 identifik\u00e1cie n\u00e1vesu;<\/li>\n<li>V jednom okamihu m\u00f4\u017ee by\u0165 k vozidlu pripojen\u00fd iba jeden n\u00e1ves. Akon\u00e1hle je rozpoznan\u00e9 nov\u00e9 priradenie, predch\u00e1dzaj\u00face sa zru\u0161\u00ed;<\/li>\n<li>N\u00e1ves sa od vozidla odpoj\u00ed, akon\u00e1hle s\u00fa prijat\u00e9 d\u00e1ta s novou s\u00faradnicou bez identifik\u00e1cie n\u00e1vesu.<\/li>\n<\/ul>\n<hr \/>\n<h3>Skupiny<\/h3>\n<p>Zvl\u00e1\u0161tne podmienky nast\u00e1vaj\u00fa, ke\u010f sa pripoj\u00ed n\u00e1ves a vozidlo z r\u00f4znych skup\u00edn. Ak pou\u017e\u00edvate\u013e vyberie pre zobrazenie iba jednu skupinu, kde je vidite\u013en\u00fd iba jeden z objektov, ale potom je pripojen\u00fd k druh\u00e9mu, potom sa automaticky vo v\u00fdbere zobraz\u00ed obe skupiny. Rovnak\u00e1 logika sa uplatn\u00ed pri v\u00fdbere skupiny s objektom, ktor\u00e1 m\u00e1 druh\u00fd objekt pripojen\u00fd z inej skupiny. V tom pr\u00edpade bud\u00fa automaticky vybran\u00e9 obe skupiny.<\/p>\n<hr \/>\n<p><div class=\"alignleft\"><a href=\"https:\/\/www.fmsdocumentation.com\/sk\/zakladne-informacie\/uctovacie-plany\/\" title=\"\u00da\u010dtovacie pl\u00e1ny\"><span class=\"arrow\">\u2039 &nbsp <\/span> \u00da\u010dtovacie pl\u00e1ny <\/a><\/div> <div class=\"alignright\"><a href=\"https:\/\/www.fmsdocumentation.com\/sk\/hlavne-okno\/\" title=\"Hlavn\u00e9 okno\">Hlavn\u00e9 okno <span class=\"arrow\"> &nbsp\u203a <\/span> <\/a><\/div><\/p>\n","protected":false},"excerpt":{"rendered":"<p>Niektor\u00e9 funkcionality alebo objekty m\u00f4\u017eu ma\u0165 osobitn\u00e9 podmienky alebo obmedzenia pou\u017eitia. V nasleduj\u00facej \u010dasti s\u00fa identifikovan\u00e9 len v\u0161eobecn\u00e9 podmienky, ostatn\u00e9 ot\u00e1zky s\u00fa zobrazen\u00e9 v pr\u00edslu\u0161n\u00fdch oddieloch. N\u00e1vesy S\u00fa v syst\u00e9me sledovania zobrazen\u00e9 ako objekty. Nie s\u00fa v\u0161ak pre nich k dispoz\u00edcii v\u0161etky funkcie. obmedzenie: Nemo\u017eno k nim priradi\u0165 vodi\u010da; Nemo\u017eno k nim priradi\u0165 \u00falohy a &hellip; <a href=\"https:\/\/www.fmsdocumentation.com\/sk\/zakladne-informacie\/osobitne-podmienky\/\" class=\"more-link\">Pokra\u010dova\u0165 v \u010d\u00edtan\u00ed: <span class=\"screen-reader-text\">Osobitn\u00e9 podmienky<\/span><\/a><\/p>\n","protected":false},"author":5,"featured_media":0,"parent":6412,"menu_order":7,"comment_status":"closed","ping_status":"closed","template":"","meta":{"footnotes":""},"class_list":["post-6434","page","type-page","status-publish","hentry"],"_links":{"self":[{"href":"https:\/\/www.fmsdocumentation.com\/sk\/wp-json\/wp\/v2\/pages\/6434","targetHints":{"allow":["GET"]}}],"collection":[{"href":"https:\/\/www.fmsdocumentation.com\/sk\/wp-json\/wp\/v2\/pages"}],"about":[{"href":"https:\/\/www.fmsdocumentation.com\/sk\/wp-json\/wp\/v2\/types\/page"}],"author":[{"embeddable":true,"href":"https:\/\/www.fmsdocumentation.com\/sk\/wp-json\/wp\/v2\/users\/5"}],"replies":[{"embeddable":true,"href":"https:\/\/www.fmsdocumentation.com\/sk\/wp-json\/wp\/v2\/comments?post=6434"}],"version-history":[{"count":2,"href":"https:\/\/www.fmsdocumentation.com\/sk\/wp-json\/wp\/v2\/pages\/6434\/revisions"}],"predecessor-version":[{"id":6436,"href":"https:\/\/www.fmsdocumentation.com\/sk\/wp-json\/wp\/v2\/pages\/6434\/revisions\/6436"}],"up":[{"embeddable":true,"href":"https:\/\/www.fmsdocumentation.com\/sk\/wp-json\/wp\/v2\/pages\/6412"}],"wp:attachment":[{"href":"https:\/\/www.fmsdocumentation.com\/sk\/wp-json\/wp\/v2\/media?parent=6434"}],"curies":[{"name":"wp","href":"https:\/\/api.w.org\/{rel}","templated":true}]}}