{"id":6440,"date":"2018-12-13T11:49:03","date_gmt":"2018-12-13T09:49:03","guid":{"rendered":"http:\/\/www.fmsdocumentation.com\/?page_id=6440"},"modified":"2018-12-13T11:49:03","modified_gmt":"2018-12-13T09:49:03","slug":"vyhladavacie-lista","status":"publish","type":"page","link":"https:\/\/www.fmsdocumentation.com\/sk\/hlavne-okno\/vyhladavacie-lista\/","title":{"rendered":"Vyh\u013ead\u00e1vacie li\u0161ta"},"content":{"rendered":"<p>Vyh\u013ead\u00e1vacie li\u0161ta je druh\u00fdm k\u013e\u00fa\u010dov\u00fdm elementom syst\u00e9mu. Umo\u017e\u0148uje vyh\u013ead\u00e1vanie pod\u013ea vozidiel a lokal\u00edt. Je to jednoduch\u00fd a \u00fa\u010dinn\u00fd n\u00e1stroj pre r\u00fdchle vyh\u013eadanie ak\u00e9hoko\u013evek objektu.<\/p>\n<hr \/>\n<h3>Vyh\u013ead\u00e1vacie logika<\/h3>\n<p>Syst\u00e9m po zadan\u00ed k\u013e\u00fa\u010dov\u00e9ho slova h\u013ead\u00e1 medzi objektmi podobn\u00e9 slov\u00e1 alebo adresy v datab\u00e1ze. Vyh\u013ead\u00e1vanie za\u010dne automaticky po zadan\u00ed troch \u010di viac p\u00edsmen. M\u00f4\u017eete vlo\u017ei\u0165 \u013eubovo\u013en\u00fd po\u010det slov. Ka\u017ed\u00e9 slovo je spojen\u00e9 logick\u00fdm &#8220;A&#8221;. Zobrazia sa v\u00fdsledky ktor\u00e9 zodpovedaj\u00fa v\u0161etk\u00fdm zadan\u00fdm slov\u00e1m.<\/p>\n<hr \/>\n<h3>Opis v\u00fdsledkov h\u013eadania<\/h3>\n<p>Ak zad\u00e1 sa napr. &#8220;Germany&#8221; syst\u00e9m zobraz\u00ed dva typy v\u00fdsledkov. Jeden pre vozidl\u00e1 a druh\u00fd pre adresu.<\/p>\n<p>V sekcii vozidiel zobraz\u00ed syst\u00e9m a\u017e p\u00e4\u0165 vozidiel ktor\u00e9 s\u00fa v &#8220;Germany&#8221; (Nemecku). M\u00f4\u017ee by\u0165 zobrazen\u00fd len obmedzen\u00fd po\u010det vozidiel. Pre z\u00fa\u017eenie v\u00fdberu bude nutn\u00e9 zada\u0165 \u010fal\u0161ie slov\u00e1.<\/p>\n<p>V adresn\u00e9 sekcii sa zobraz\u00ed a\u017e 3 adries. Pre z\u00fa\u017eenie v\u00fdberu aj tu bude nutn\u00e9 zada\u0165 \u010fal\u0161ie k\u013e\u00fa\u010dov\u00e9 slov\u00e1.<\/p>\n<p><a href=\"https:\/\/www.fmsdocumentation.com\/wp-content\/uploads\/2017\/04\/23-3.png\"><img loading=\"lazy\" decoding=\"async\" class=\"alignnone wp-image-1124 size-large\" src=\"https:\/\/www.fmsdocumentation.com\/wp-content\/uploads\/2017\/04\/23-3-1024x506.png\" alt=\"\" width=\"660\" height=\"326\" srcset=\"https:\/\/www.fmsdocumentation.com\/wp-content\/uploads\/2017\/04\/23-3-1024x506.png 1024w, https:\/\/www.fmsdocumentation.com\/wp-content\/uploads\/2017\/04\/23-3-300x148.png 300w, https:\/\/www.fmsdocumentation.com\/wp-content\/uploads\/2017\/04\/23-3-768x380.png 768w, https:\/\/www.fmsdocumentation.com\/wp-content\/uploads\/2017\/04\/23-3.png 1920w\" sizes=\"auto, (max-width: 660px) 100vw, 660px\" \/><\/a><\/p>\n<hr \/>\n<p><div class=\"alignleft\"><a href=\"https:\/\/www.fmsdocumentation.com\/sk\/hlavne-okno\/\" title=\"Hlavn\u00e9 okno\"><span class=\"arrow\">\u2039 &nbsp <\/span> Hlavn\u00e9 okno <\/a><\/div> <div class=\"alignright\"><a href=\"https:\/\/www.fmsdocumentation.com\/sk\/hlavne-okno\/klaster-objektov\/\" title=\"Klaster objektov\">Klaster objektov <span class=\"arrow\"> &nbsp\u203a <\/span> <\/a><\/div><\/p>\n","protected":false},"excerpt":{"rendered":"<p>Vyh\u013ead\u00e1vacie li\u0161ta je druh\u00fdm k\u013e\u00fa\u010dov\u00fdm elementom syst\u00e9mu. Umo\u017e\u0148uje vyh\u013ead\u00e1vanie pod\u013ea vozidiel a lokal\u00edt. Je to jednoduch\u00fd a \u00fa\u010dinn\u00fd n\u00e1stroj pre r\u00fdchle vyh\u013eadanie ak\u00e9hoko\u013evek objektu. Vyh\u013ead\u00e1vacie logika Syst\u00e9m po zadan\u00ed k\u013e\u00fa\u010dov\u00e9ho slova h\u013ead\u00e1 medzi objektmi podobn\u00e9 slov\u00e1 alebo adresy v datab\u00e1ze. Vyh\u013ead\u00e1vanie za\u010dne automaticky po zadan\u00ed troch \u010di viac p\u00edsmen. M\u00f4\u017eete vlo\u017ei\u0165 \u013eubovo\u013en\u00fd po\u010det slov. Ka\u017ed\u00e9 &hellip; <a href=\"https:\/\/www.fmsdocumentation.com\/sk\/hlavne-okno\/vyhladavacie-lista\/\" class=\"more-link\">Pokra\u010dova\u0165 v \u010d\u00edtan\u00ed: <span class=\"screen-reader-text\">Vyh\u013ead\u00e1vacie li\u0161ta<\/span><\/a><\/p>\n","protected":false},"author":5,"featured_media":0,"parent":6437,"menu_order":1,"comment_status":"closed","ping_status":"closed","template":"","meta":{"footnotes":""},"class_list":["post-6440","page","type-page","status-publish","hentry"],"_links":{"self":[{"href":"https:\/\/www.fmsdocumentation.com\/sk\/wp-json\/wp\/v2\/pages\/6440","targetHints":{"allow":["GET"]}}],"collection":[{"href":"https:\/\/www.fmsdocumentation.com\/sk\/wp-json\/wp\/v2\/pages"}],"about":[{"href":"https:\/\/www.fmsdocumentation.com\/sk\/wp-json\/wp\/v2\/types\/page"}],"author":[{"embeddable":true,"href":"https:\/\/www.fmsdocumentation.com\/sk\/wp-json\/wp\/v2\/users\/5"}],"replies":[{"embeddable":true,"href":"https:\/\/www.fmsdocumentation.com\/sk\/wp-json\/wp\/v2\/comments?post=6440"}],"version-history":[{"count":2,"href":"https:\/\/www.fmsdocumentation.com\/sk\/wp-json\/wp\/v2\/pages\/6440\/revisions"}],"predecessor-version":[{"id":6442,"href":"https:\/\/www.fmsdocumentation.com\/sk\/wp-json\/wp\/v2\/pages\/6440\/revisions\/6442"}],"up":[{"embeddable":true,"href":"https:\/\/www.fmsdocumentation.com\/sk\/wp-json\/wp\/v2\/pages\/6437"}],"wp:attachment":[{"href":"https:\/\/www.fmsdocumentation.com\/sk\/wp-json\/wp\/v2\/media?parent=6440"}],"curies":[{"name":"wp","href":"https:\/\/api.w.org\/{rel}","templated":true}]}}