{"id":6480,"date":"2018-12-13T12:32:05","date_gmt":"2018-12-13T10:32:05","guid":{"rendered":"http:\/\/www.fmsdocumentation.com\/?page_id=6480"},"modified":"2018-12-14T08:37:40","modified_gmt":"2018-12-14T06:37:40","slug":"klaster-objektov","status":"publish","type":"page","link":"https:\/\/www.fmsdocumentation.com\/sk\/hlavne-okno\/klaster-objektov\/","title":{"rendered":"Klaster objektov"},"content":{"rendered":"<p>V\u0161etky vozidl\u00e1 s\u00fa zobrazen\u00e9 na mape. Objekty, ktor\u00e9 s\u00fa k sebe relat\u00edvne bl\u00edzko sa zobrazuj\u00fa v klastri.<\/p>\n<p>Ikona klastra obsahuje iba z\u00e1kladn\u00fa inform\u00e1ciu o vozidl\u00e1ch v klastri zdru\u017een\u00fdch:<\/p>\n<ul>\n<li>Po\u010det objektov v klastri.<\/li>\n<li>Stavy vozidiel v klastri (ka\u017ed\u00e1 farba predstavuje stav vozidiel, je to pop\u00edsan\u00e9 v <a href=\"https:\/\/www.fmsdocumentation.com\/sk\/hlavne-okno\/jednotlive-objekty\/?lang=sk\">objektoch<\/a>)<\/li>\n<\/ul>\n<p><a href=\"https:\/\/www.fmsdocumentation.com\/wp-content\/uploads\/2017\/04\/3-2.png\"><img loading=\"lazy\" decoding=\"async\" class=\"alignnone wp-image-1126 size-full\" src=\"https:\/\/www.fmsdocumentation.com\/wp-content\/uploads\/2017\/04\/3-2.png\" alt=\"\" width=\"447\" height=\"374\" srcset=\"https:\/\/www.fmsdocumentation.com\/wp-content\/uploads\/2017\/04\/3-2.png 447w, https:\/\/www.fmsdocumentation.com\/wp-content\/uploads\/2017\/04\/3-2-300x251.png 300w\" sizes=\"auto, (max-width: 447px) 100vw, 447px\" \/><\/a><\/p>\n<p>Kliknut\u00edm na klaster sa zobrazia podrobn\u00e9 inform\u00e1cie o vozidl\u00e1ch. Zobraz\u00ed sa nov\u00e9 okno so \u0161iestimi \u0161t\u00edtkami. Tieto \u0161t\u00edtky funguj\u00fa ako filtre, nasledovne:<\/p>\n<ul>\n<li><strong>V pohybe<\/strong> &#8211; Zobrazuje pohybuj\u00face sa objekty;<\/li>\n<li><strong>Vo\u013enobeh<\/strong> &#8211; Zobrazuje objekty so zapnut\u00fdm zapa\u013eovan\u00edm, ale nepohybuj\u00facej sa;<\/li>\n<li><strong>Zap\u00e1\u013e. vypnut\u00e9\u00a0<\/strong>&#8211; Zobrazuje objekty s vypnut\u00fdm zapa\u013eovan\u00edm;<\/li>\n<li><strong>Bez sign\u00e1lu<\/strong> &#8211; Zobrazuje neakt\u00edvne objekty (Neakt\u00edvne po nastavenej obdob\u00ed);<\/li>\n<li><strong>Blokovan\u00e9 <\/strong>&#8211; Zobrazuje objekty, ktor\u00e9 boli v syst\u00e9me sledovania blokovan\u00e9.<\/li>\n<li><strong>V\u0161etky <\/strong>&#8211; Zobrazuje v\u0161etky vozidl\u00e1 v klastri.<\/li>\n<\/ul>\n<p><a href=\"https:\/\/www.fmsdocumentation.com\/wp-content\/uploads\/2018\/11\/4.png\"><img loading=\"lazy\" decoding=\"async\" class=\"alignnone size-full wp-image-6166\" src=\"https:\/\/www.fmsdocumentation.com\/wp-content\/uploads\/2018\/11\/4.png\" alt=\"\" width=\"750\" height=\"623\" srcset=\"https:\/\/www.fmsdocumentation.com\/wp-content\/uploads\/2018\/11\/4.png 750w, https:\/\/www.fmsdocumentation.com\/wp-content\/uploads\/2018\/11\/4-300x249.png 300w\" sizes=\"auto, (max-width: 750px) 100vw, 750px\" \/><\/a><\/p>\n<p>Ak sa klikne na vozidlo v zozname, nasko\u010d\u00ed mapa so zobrazen\u00edm tohto vozidla. Na \u013eavej strane obrazovky sa objav\u00ed panel s preh\u013eadom vozidla.<\/p>\n<hr \/>\n<p style=\"text-align: left;\"><div class=\"alignleft\"><a href=\"https:\/\/www.fmsdocumentation.com\/sk\/hlavne-okno\/vyhladavacie-lista\/\" title=\"Vyh\u013ead\u00e1vacie li\u0161ta\"><span class=\"arrow\">\u2039 &nbsp <\/span> Vyh\u013ead\u00e1vacie li\u0161ta <\/a><\/div> <div class=\"alignright\"><a href=\"https:\/\/www.fmsdocumentation.com\/sk\/hlavne-okno\/jednotlive-objekty\/\" title=\"Jednotliv\u00e9 objekty\">Jednotliv\u00e9 objekty <span class=\"arrow\"> &nbsp\u203a <\/span> <\/a><\/div><\/p>\n","protected":false},"excerpt":{"rendered":"<p>V\u0161etky vozidl\u00e1 s\u00fa zobrazen\u00e9 na mape. Objekty, ktor\u00e9 s\u00fa k sebe relat\u00edvne bl\u00edzko sa zobrazuj\u00fa v klastri. Ikona klastra obsahuje iba z\u00e1kladn\u00fa inform\u00e1ciu o vozidl\u00e1ch v klastri zdru\u017een\u00fdch: Po\u010det objektov v klastri. Stavy vozidiel v klastri (ka\u017ed\u00e1 farba predstavuje stav vozidiel, je to pop\u00edsan\u00e9 v objektoch) Kliknut\u00edm na klaster sa zobrazia podrobn\u00e9 inform\u00e1cie o vozidl\u00e1ch. &hellip; <a href=\"https:\/\/www.fmsdocumentation.com\/sk\/hlavne-okno\/klaster-objektov\/\" class=\"more-link\">Pokra\u010dova\u0165 v \u010d\u00edtan\u00ed: <span class=\"screen-reader-text\">Klaster objektov<\/span><\/a><\/p>\n","protected":false},"author":5,"featured_media":0,"parent":6437,"menu_order":2,"comment_status":"closed","ping_status":"closed","template":"","meta":{"footnotes":""},"class_list":["post-6480","page","type-page","status-publish","hentry"],"_links":{"self":[{"href":"https:\/\/www.fmsdocumentation.com\/sk\/wp-json\/wp\/v2\/pages\/6480","targetHints":{"allow":["GET"]}}],"collection":[{"href":"https:\/\/www.fmsdocumentation.com\/sk\/wp-json\/wp\/v2\/pages"}],"about":[{"href":"https:\/\/www.fmsdocumentation.com\/sk\/wp-json\/wp\/v2\/types\/page"}],"author":[{"embeddable":true,"href":"https:\/\/www.fmsdocumentation.com\/sk\/wp-json\/wp\/v2\/users\/5"}],"replies":[{"embeddable":true,"href":"https:\/\/www.fmsdocumentation.com\/sk\/wp-json\/wp\/v2\/comments?post=6480"}],"version-history":[{"count":5,"href":"https:\/\/www.fmsdocumentation.com\/sk\/wp-json\/wp\/v2\/pages\/6480\/revisions"}],"predecessor-version":[{"id":6658,"href":"https:\/\/www.fmsdocumentation.com\/sk\/wp-json\/wp\/v2\/pages\/6480\/revisions\/6658"}],"up":[{"embeddable":true,"href":"https:\/\/www.fmsdocumentation.com\/sk\/wp-json\/wp\/v2\/pages\/6437"}],"wp:attachment":[{"href":"https:\/\/www.fmsdocumentation.com\/sk\/wp-json\/wp\/v2\/media?parent=6480"}],"curies":[{"name":"wp","href":"https:\/\/api.w.org\/{rel}","templated":true}]}}