{"id":6483,"date":"2018-12-13T12:35:21","date_gmt":"2018-12-13T10:35:21","guid":{"rendered":"http:\/\/www.fmsdocumentation.com\/?page_id=6483"},"modified":"2018-12-14T08:38:58","modified_gmt":"2018-12-14T06:38:58","slug":"jednotlive-objekty","status":"publish","type":"page","link":"https:\/\/www.fmsdocumentation.com\/sk\/hlavne-okno\/jednotlive-objekty\/","title":{"rendered":"Jednotliv\u00e9 objekty"},"content":{"rendered":"<p>Pri zv\u00e4\u010d\u0161ovan\u00ed sa klastre automaticky rozde\u013euj\u00fa na men\u0161ie skupiny. V ur\u010ditom bode sa zobrazia jednotliv\u00e9 objekty. Ikona objektu nesie inform\u00e1ciu o stave objektu.<br \/>\n\n<table id=\"tablepress-103\" class=\"tablepress tablepress-id-103\">\n<thead>\n<tr class=\"row-1\">\n\t<th class=\"column-1\"><strong>Icon<\/strong><\/th><th class=\"column-2\"><strong>State<\/strong><\/th>\n<\/tr>\n<\/thead>\n<tbody>\n<tr class=\"row-2\">\n\t<td class=\"column-1\"><img loading=\"lazy\" decoding=\"async\" src=\"http:\/\/www.fmsdocumentation.com\/wp-content\/uploads\/2017\/04\/5.png\" alt=\"\" width=\"30\" height=\"30\" class=\"aligncenter size-full wp-image-239\" \/><\/td><td class=\"column-2\">Objects that did not send data for a specific time interval. (Inactive)<\/td>\n<\/tr>\n<tr class=\"row-3\">\n\t<td class=\"column-1\"><img loading=\"lazy\" decoding=\"async\" src=\"http:\/\/www.fmsdocumentation.com\/wp-content\/uploads\/2017\/09\/6.png\" alt=\"\" width=\"30\" height=\"30\" class=\"aligncenter size-full wp-image-240\" \/><\/td><td class=\"column-2\">Object is \u201cActive\u201d and moving in the displayed direction.<\/td>\n<\/tr>\n<tr class=\"row-4\">\n\t<td class=\"column-1\"><img loading=\"lazy\" decoding=\"async\" src=\"http:\/\/www.fmsdocumentation.com\/wp-content\/uploads\/2017\/09\/7.png\" alt=\"\" width=\"30\" height=\"30\" class=\"aligncenter size-full wp-image-241\" \/><\/td><td class=\"column-2\">Object is idling. (Ignition on, not moving)<\/td>\n<\/tr>\n<tr class=\"row-5\">\n\t<td class=\"column-1\"><img loading=\"lazy\" decoding=\"async\" src=\"http:\/\/www.fmsdocumentation.com\/wp-content\/uploads\/2017\/09\/8.png\" alt=\"\" width=\"30\" height=\"30\" class=\"aligncenter size-full wp-image-242\" \/><\/td><td class=\"column-2\">Object is standing with ignition off.<\/td>\n<\/tr>\n<\/tbody>\n<\/table>\n<!-- #tablepress-103 from cache --><\/p>\n<p><a href=\"https:\/\/www.fmsdocumentation.com\/wp-content\/uploads\/2017\/04\/9-2.png\"><img loading=\"lazy\" decoding=\"async\" class=\"alignnone wp-image-1129 size-full\" src=\"https:\/\/www.fmsdocumentation.com\/wp-content\/uploads\/2017\/04\/9-2.png\" alt=\"\" width=\"411\" height=\"386\" srcset=\"https:\/\/www.fmsdocumentation.com\/wp-content\/uploads\/2017\/04\/9-2.png 411w, https:\/\/www.fmsdocumentation.com\/wp-content\/uploads\/2017\/04\/9-2-300x282.png 300w\" sizes=\"auto, (max-width: 411px) 100vw, 411px\" \/><\/a><\/p>\n<p>Posunut\u00edm my\u0161i nad vozidlo sa zobraz\u00ed li\u0161ta so z\u00e1kladn\u00fdmi inform\u00e1ciami:<\/p>\n<ul>\n<li>N\u00e1zov vozidla;<\/li>\n<li>Meno vodi\u010da;<\/li>\n<li>Aktu\u00e1lnu r\u00fdchlos\u0165 v km \/ h;<\/li>\n<li>Doba jazdy;<\/li>\n<li>Posledn\u00fd zn\u00e1my smer pohybu;<\/li>\n<li>Aktu\u00e1lne hladinu paliva (ak hladina = 0, znamen\u00e1 to, \u017ee nie s\u00fa k dispoz\u00edcii \u017eiadne \u00fadaje)<\/li>\n<\/ul>\n<p><a href=\"https:\/\/www.fmsdocumentation.com\/wp-content\/uploads\/2017\/04\/10-2.png\"><img loading=\"lazy\" decoding=\"async\" class=\"alignnone wp-image-1131 size-full\" src=\"https:\/\/www.fmsdocumentation.com\/wp-content\/uploads\/2017\/04\/10-2.png\" alt=\"\" width=\"311\" height=\"222\" srcset=\"https:\/\/www.fmsdocumentation.com\/wp-content\/uploads\/2017\/04\/10-2.png 311w, https:\/\/www.fmsdocumentation.com\/wp-content\/uploads\/2017\/04\/10-2-300x214.png 300w\" sizes=\"auto, (max-width: 311px) 100vw, 311px\" \/><\/a><\/p>\n<p>Kliknut\u00edm na vozidlo sa otvor\u00ed preh\u013eadov\u00fd panel vozidla na \u013eavej strane obrazovky. Tento panel je op\u00edsan\u00fd v oddiele &#8220;<a href=\"https:\/\/www.fmsdocumentation.com\/sk\/menu-prehlad\/?lang=sk\">menu preh\u013ead<\/a>&#8220;.<\/p>\n<p><a href=\"https:\/\/www.fmsdocumentation.com\/wp-content\/uploads\/2018\/03\/335.png\"><img loading=\"lazy\" decoding=\"async\" class=\"alignnone size-full wp-image-4521\" src=\"https:\/\/www.fmsdocumentation.com\/wp-content\/uploads\/2018\/03\/335.png\" alt=\"\" width=\"347\" height=\"208\" srcset=\"https:\/\/www.fmsdocumentation.com\/wp-content\/uploads\/2018\/03\/335.png 347w, https:\/\/www.fmsdocumentation.com\/wp-content\/uploads\/2018\/03\/335-300x180.png 300w\" sizes=\"auto, (max-width: 347px) 100vw, 347px\" \/><\/a><\/p>\n<p>Kliknut\u00edm na vozidlo sa otvor\u00ed preh\u013eadov\u00fd panel vozidla na \u013eavej strane obrazovky. Tento panel je op\u00edsan\u00fd v oddiele &#8220;<a href=\"https:\/\/www.fmsdocumentation.com\/sk\/menu-prehlad\/?lang=sk\">menu preh\u013ead<\/a>&#8220;.<\/p>\n<hr \/>\n<p><div class=\"alignleft\"><a href=\"https:\/\/www.fmsdocumentation.com\/sk\/hlavne-okno\/klaster-objektov\/\" title=\"Klaster objektov\"><span class=\"arrow\">\u2039 &nbsp <\/span> Klaster objektov <\/a><\/div> \u00a0<div class=\"alignright\"><a href=\"https:\/\/www.fmsdocumentation.com\/sk\/hlavne-okno\/vystrahy-objektov\/\" title=\"V\u00fdstrahy objektov\">V\u00fdstrahy objektov <span class=\"arrow\"> &nbsp\u203a <\/span> <\/a><\/div><\/p>\n","protected":false},"excerpt":{"rendered":"<p>Pri zv\u00e4\u010d\u0161ovan\u00ed sa klastre automaticky rozde\u013euj\u00fa na men\u0161ie skupiny. V ur\u010ditom bode sa zobrazia jednotliv\u00e9 objekty. Ikona objektu nesie inform\u00e1ciu o stave objektu. Posunut\u00edm my\u0161i nad vozidlo sa zobraz\u00ed li\u0161ta so z\u00e1kladn\u00fdmi inform\u00e1ciami: N\u00e1zov vozidla; Meno vodi\u010da; Aktu\u00e1lnu r\u00fdchlos\u0165 v km \/ h; Doba jazdy; Posledn\u00fd zn\u00e1my smer pohybu; Aktu\u00e1lne hladinu paliva (ak hladina = &hellip; <a href=\"https:\/\/www.fmsdocumentation.com\/sk\/hlavne-okno\/jednotlive-objekty\/\" class=\"more-link\">Pokra\u010dova\u0165 v \u010d\u00edtan\u00ed: <span class=\"screen-reader-text\">Jednotliv\u00e9 objekty<\/span><\/a><\/p>\n","protected":false},"author":5,"featured_media":0,"parent":6437,"menu_order":4,"comment_status":"closed","ping_status":"closed","template":"","meta":{"footnotes":""},"class_list":["post-6483","page","type-page","status-publish","hentry"],"_links":{"self":[{"href":"https:\/\/www.fmsdocumentation.com\/sk\/wp-json\/wp\/v2\/pages\/6483","targetHints":{"allow":["GET"]}}],"collection":[{"href":"https:\/\/www.fmsdocumentation.com\/sk\/wp-json\/wp\/v2\/pages"}],"about":[{"href":"https:\/\/www.fmsdocumentation.com\/sk\/wp-json\/wp\/v2\/types\/page"}],"author":[{"embeddable":true,"href":"https:\/\/www.fmsdocumentation.com\/sk\/wp-json\/wp\/v2\/users\/5"}],"replies":[{"embeddable":true,"href":"https:\/\/www.fmsdocumentation.com\/sk\/wp-json\/wp\/v2\/comments?post=6483"}],"version-history":[{"count":3,"href":"https:\/\/www.fmsdocumentation.com\/sk\/wp-json\/wp\/v2\/pages\/6483\/revisions"}],"predecessor-version":[{"id":6659,"href":"https:\/\/www.fmsdocumentation.com\/sk\/wp-json\/wp\/v2\/pages\/6483\/revisions\/6659"}],"up":[{"embeddable":true,"href":"https:\/\/www.fmsdocumentation.com\/sk\/wp-json\/wp\/v2\/pages\/6437"}],"wp:attachment":[{"href":"https:\/\/www.fmsdocumentation.com\/sk\/wp-json\/wp\/v2\/media?parent=6483"}],"curies":[{"name":"wp","href":"https:\/\/api.w.org\/{rel}","templated":true}]}}