{"id":6486,"date":"2018-12-13T12:39:49","date_gmt":"2018-12-13T10:39:49","guid":{"rendered":"http:\/\/www.fmsdocumentation.com\/?page_id=6486"},"modified":"2018-12-14T08:39:48","modified_gmt":"2018-12-14T06:39:48","slug":"vystrahy-objektov","status":"publish","type":"page","link":"https:\/\/www.fmsdocumentation.com\/sk\/hlavne-okno\/vystrahy-objektov\/","title":{"rendered":"V\u00fdstrahy objektov"},"content":{"rendered":"<p>Symbol alarmu v pravom hornom rohu zobrazuje upozornenie v\u0161etk\u00fdch objektov webov\u00e9ho pou\u017e\u00edvate\u013ea. \u010c\u00edslo v spodnom pravom rohu ikony zobrazuje po\u010det aktu\u00e1lne nepre\u010d\u00edtan\u00fdch upozornen\u00ed.<\/p>\n<p><a href=\"https:\/\/www.fmsdocumentation.com\/wp-content\/uploads\/2017\/04\/11-1.png\"><img loading=\"lazy\" decoding=\"async\" class=\"alignnone size-full wp-image-3467\" src=\"https:\/\/www.fmsdocumentation.com\/wp-content\/uploads\/2017\/04\/11-1.png\" alt=\"\" width=\"1920\" height=\"170\" srcset=\"https:\/\/www.fmsdocumentation.com\/wp-content\/uploads\/2017\/04\/11-1.png 1920w, https:\/\/www.fmsdocumentation.com\/wp-content\/uploads\/2017\/04\/11-1-300x27.png 300w, https:\/\/www.fmsdocumentation.com\/wp-content\/uploads\/2017\/04\/11-1-768x68.png 768w, https:\/\/www.fmsdocumentation.com\/wp-content\/uploads\/2017\/04\/11-1-1024x91.png 1024w\" sizes=\"auto, (max-width: 1920px) 100vw, 1920px\" \/><\/a><\/p>\n<p>Kliknut\u00edm na ikonu sa otvor\u00ed panel alarmov. V paneli sa zobrazuje ktor\u00fd objekt spustil udalos\u0165, ak\u00e1 udalos\u0165 bola spusten\u00e1 a kde bola spusten\u00e1. Alarmy mo\u017eno roztriedi\u0165 do troch skup\u00edn:<\/p>\n<ul>\n<li>V\u0161etko &#8211; Zobrazuje v\u0161etky;<\/li>\n<li>Pre\u010d\u00edtan\u00e9 &#8211; Zobrazuje iba pre\u010d\u00edtan\u00e9;<\/li>\n<li>Nepre\u010d\u00edtan\u00e9 &#8211; Zobrazuje iba nepre\u010d\u00edtan\u00e9.<\/li>\n<\/ul>\n<p><a href=\"https:\/\/www.fmsdocumentation.com\/wp-content\/uploads\/2017\/04\/12.png\"><img loading=\"lazy\" decoding=\"async\" class=\"alignnone wp-image-57 size-full\" src=\"https:\/\/www.fmsdocumentation.com\/wp-content\/uploads\/2017\/04\/12.png\" alt=\"\" width=\"385\" height=\"411\" srcset=\"https:\/\/www.fmsdocumentation.com\/wp-content\/uploads\/2017\/04\/12.png 385w, https:\/\/www.fmsdocumentation.com\/wp-content\/uploads\/2017\/04\/12-281x300.png 281w\" sizes=\"auto, (max-width: 385px) 100vw, 385px\" \/><\/a><\/p>\n<p>Vpravo od filtrov je tla\u010didlo &#8220;Ozna\u010di\u0165 v\u0161etko ako pre\u010d\u00edtan\u00e9&#8221;.<\/p>\n<hr \/>\n<h3>Farebn\u00e9 odl\u00ed\u0161enie<\/h3>\n<p>Alarmy sa farebne odli\u0161uj\u00fa do 2 skup\u00edn.<\/p>\n\n<table id=\"tablepress-104\" class=\"tablepress tablepress-id-104\">\n<thead>\n<tr class=\"row-1\">\n\t<th class=\"column-1\">Color code<\/th><th class=\"column-2\">Alert condition<\/th>\n<\/tr>\n<\/thead>\n<tbody>\n<tr class=\"row-2\">\n\t<td class=\"column-1\"><img loading=\"lazy\" decoding=\"async\" src=\"http:\/\/www.fmsdocumentation.com\/wp-content\/uploads\/2017\/04\/13.png\" alt=\"\" width=\"28\" height=\"28\" class=\"aligncenter size-full wp-image-247\" \/><\/td><td class=\"column-2\">Unread alerts<\/td>\n<\/tr>\n<tr class=\"row-3\">\n\t<td class=\"column-1\"><img loading=\"lazy\" decoding=\"async\" src=\"http:\/\/www.fmsdocumentation.com\/wp-content\/uploads\/2017\/04\/14.png\" alt=\"\" width=\"28\" height=\"28\" class=\"aligncenter size-full wp-image-248\" \/><\/td><td class=\"column-2\">Read alerts<\/td>\n<\/tr>\n<\/tbody>\n<\/table>\n<!-- #tablepress-104 from cache -->\n<p>Kliknut\u00edm na udalos\u0165 sa ozna\u010d\u00ed ako viden\u00e1 a otvor\u00ed sa panel udalost\u00ed pre vozidlo, ktor\u00e9 udalos\u0165 spustilo a mapa sa zameria na miesto spustenie udalosti. Panel udalosti je op\u00edsan\u00fd v &#8220;<a href=\"https:\/\/www.fmsdocumentation.com\/sk\/menu-udalosti\/?lang=sk\">menu udalost\u00ed<\/a>&#8220;. Kliknut\u00edm na modr\u00fa bodku sa udalos\u0165 ozna\u010d\u00ed ako pre\u010d\u00edtan\u00e9 bez otvorenia udalosti.<\/p>\n<hr \/>\n<p><div class=\"alignleft\"><a href=\"https:\/\/www.fmsdocumentation.com\/sk\/hlavne-okno\/jednotlive-objekty\/\" title=\"Jednotliv\u00e9 objekty\"><span class=\"arrow\">\u2039 &nbsp <\/span> Jednotliv\u00e9 objekty <\/a><\/div> <div class=\"alignright\"><a href=\"https:\/\/www.fmsdocumentation.com\/sk\/hlavne-okno\/mapove-funkcie-a-nastroje\/\" title=\"Mapov\u00e9 funkcie a n\u00e1stroje\">Mapov\u00e9 funkcie a n\u00e1stroje <span class=\"arrow\"> &nbsp\u203a <\/span> <\/a><\/div><\/p>\n","protected":false},"excerpt":{"rendered":"<p>Symbol alarmu v pravom hornom rohu zobrazuje upozornenie v\u0161etk\u00fdch objektov webov\u00e9ho pou\u017e\u00edvate\u013ea. \u010c\u00edslo v spodnom pravom rohu ikony zobrazuje po\u010det aktu\u00e1lne nepre\u010d\u00edtan\u00fdch upozornen\u00ed. Kliknut\u00edm na ikonu sa otvor\u00ed panel alarmov. V paneli sa zobrazuje ktor\u00fd objekt spustil udalos\u0165, ak\u00e1 udalos\u0165 bola spusten\u00e1 a kde bola spusten\u00e1. Alarmy mo\u017eno roztriedi\u0165 do troch skup\u00edn: V\u0161etko &#8211; Zobrazuje &hellip; <a href=\"https:\/\/www.fmsdocumentation.com\/sk\/hlavne-okno\/vystrahy-objektov\/\" class=\"more-link\">Pokra\u010dova\u0165 v \u010d\u00edtan\u00ed: <span class=\"screen-reader-text\">V\u00fdstrahy objektov<\/span><\/a><\/p>\n","protected":false},"author":5,"featured_media":0,"parent":6437,"menu_order":5,"comment_status":"closed","ping_status":"closed","template":"","meta":{"footnotes":""},"class_list":["post-6486","page","type-page","status-publish","hentry"],"_links":{"self":[{"href":"https:\/\/www.fmsdocumentation.com\/sk\/wp-json\/wp\/v2\/pages\/6486","targetHints":{"allow":["GET"]}}],"collection":[{"href":"https:\/\/www.fmsdocumentation.com\/sk\/wp-json\/wp\/v2\/pages"}],"about":[{"href":"https:\/\/www.fmsdocumentation.com\/sk\/wp-json\/wp\/v2\/types\/page"}],"author":[{"embeddable":true,"href":"https:\/\/www.fmsdocumentation.com\/sk\/wp-json\/wp\/v2\/users\/5"}],"replies":[{"embeddable":true,"href":"https:\/\/www.fmsdocumentation.com\/sk\/wp-json\/wp\/v2\/comments?post=6486"}],"version-history":[{"count":3,"href":"https:\/\/www.fmsdocumentation.com\/sk\/wp-json\/wp\/v2\/pages\/6486\/revisions"}],"predecessor-version":[{"id":6660,"href":"https:\/\/www.fmsdocumentation.com\/sk\/wp-json\/wp\/v2\/pages\/6486\/revisions\/6660"}],"up":[{"embeddable":true,"href":"https:\/\/www.fmsdocumentation.com\/sk\/wp-json\/wp\/v2\/pages\/6437"}],"wp:attachment":[{"href":"https:\/\/www.fmsdocumentation.com\/sk\/wp-json\/wp\/v2\/media?parent=6486"}],"curies":[{"name":"wp","href":"https:\/\/api.w.org\/{rel}","templated":true}]}}