{"id":6489,"date":"2018-12-13T12:41:05","date_gmt":"2018-12-13T10:41:05","guid":{"rendered":"http:\/\/www.fmsdocumentation.com\/?page_id=6489"},"modified":"2018-12-13T12:41:05","modified_gmt":"2018-12-13T10:41:05","slug":"mapove-funkcie-a-nastroje","status":"publish","type":"page","link":"https:\/\/www.fmsdocumentation.com\/sk\/hlavne-okno\/mapove-funkcie-a-nastroje\/","title":{"rendered":"Mapov\u00e9 funkcie a n\u00e1stroje"},"content":{"rendered":"<p>V s\u00fa\u010dasnosti s\u00fa k dispoz\u00edcii dva zdroje m\u00e1p. Mapa sveta &#8220;OSM&#8221; alebo Google. Prep\u00ednanie medzi nimi je \u013eahk\u00e9, klikne sa na symbol zv\u00e4zku m\u00e1p v spodnej \u010dasti mapy vpravo. Aktu\u00e1lne zobrazen\u00e1 mapa je zobrazen\u00e1 hore. Mo\u017eno si vybra\u0165 zo \u0161tyroch typov m\u00e1p:<\/p>\n<ul>\n<li>OSM &#8211; Open street maps;<\/li>\n<li>Satellite &#8211; Zobrazuje satelitn\u00fa mapu Google bez ozna\u010denia ul\u00edc;<\/li>\n<li>Hybrid &#8211; Zobrazuje satelitn\u00fa mapu Google s ozna\u010den\u00edm ul\u00edc;<\/li>\n<li>Street &#8211; Zobrazuje mapu ul\u00edc Google bez satelitn\u00e9ho poh\u013eadu.<\/li>\n<\/ul>\n\n<table id=\"tablepress-105\" class=\"tablepress tablepress-id-105\">\n<thead>\n<tr class=\"row-1\">\n\t<th class=\"column-1\">Icon<\/th><th class=\"column-2\">Description<\/th>\n<\/tr>\n<\/thead>\n<tbody>\n<tr class=\"row-2\">\n\t<td class=\"column-1\"><img loading=\"lazy\" decoding=\"async\" src=\"http:\/\/www.fmsdocumentation.com\/wp-content\/uploads\/2017\/04\/18.png\" alt=\"\" width=\"36\" height=\"63\" class=\"aligncenter size-full wp-image-252\" \/><\/td><td class=\"column-2\">Buttons to \"zoom in\" or \"zoom out\" of the map.<\/td>\n<\/tr>\n<tr class=\"row-3\">\n\t<td class=\"column-1\"><img loading=\"lazy\" decoding=\"async\" src=\"http:\/\/www.fmsdocumentation.com\/wp-content\/uploads\/2017\/04\/19.png\" alt=\"\" width=\"34\" height=\"33\" class=\"aligncenter size-full wp-image-253\" \/><\/td><td class=\"column-2\">Google \u201eStreet View\u201c. (Works on all maps, except OSM). To use Google Street View, click and hold this icon and then frag the icon to the street you want to observe. To exit Google Street View, the user must click the grey arrow located at the top right side of the screen.<\/td>\n<\/tr>\n<tr class=\"row-4\">\n\t<td class=\"column-1\"><img loading=\"lazy\" decoding=\"async\" src=\"http:\/\/www.fmsdocumentation.com\/wp-content\/uploads\/2017\/04\/20.png\" alt=\"\" width=\"32\" height=\"31\" class=\"aligncenter size-full wp-image-254\" \/><\/td><td class=\"column-2\">Traffic information. To activate this function, simply click the icon (This function works only on the Hybrid or the Street map). This function display traffic intensity  (in places where this information is available) by displaying colored lines on the map. Green and similar colors indicate low traffic intensity, while Red and darker colors indicate high traffic intensity. <\/td>\n<\/tr>\n<tr class=\"row-5\">\n\t<td class=\"column-1\"><img loading=\"lazy\" decoding=\"async\" src=\"http:\/\/www.fmsdocumentation.com\/wp-content\/uploads\/2017\/04\/21.png\" alt=\"\" width=\"32\" height=\"32\" class=\"aligncenter size-full wp-image-24\" \/><\/td><td class=\"column-2\">Routing &amp; Tasks. Clicking this icon will open the routing &amp; tasks menu on the left side of the screen. Routing &amp; Tasks menu is described in a <a href=\"http:\/\/www.fmsdocumentation.com\/routing-menu\/\">separate section<\/a>. <\/td>\n<\/tr>\n<tr class=\"row-6\">\n\t<td class=\"column-1\"><img loading=\"lazy\" decoding=\"async\" src=\"http:\/\/www.fmsdocumentation.com\/wp-content\/uploads\/2017\/04\/188.png\" alt=\"\" width=\"32\" height=\"32\" class=\"aligncenter size-full wp-image-24\" \/><\/td><td class=\"column-2\">Measure area. Clicking this icon activates the measuring tool. While it is activated, the user can mark a territory on the map (similar to how geozones are marked), by connecting several dots. Once the dots are connected, the covered territory is highlighted and additional perimeter dots appear. The user can move these dots (click &amp; drag) to change the measuring area (After moving a dot, a \"Undo\" button appears, clicking which allows to return the dot to the previous position). Moving the mouse over the highlighted area will display its size. An example is shown below.<\/td>\n<\/tr>\n<tr class=\"row-7\">\n\t<td class=\"column-1\"><img loading=\"lazy\" decoding=\"async\" src=\"http:\/\/www.fmsdocumentation.com\/wp-content\/uploads\/2017\/07\/267.png\" alt=\"\" width=\"32\" height=\"32\" class=\"aligncenter size-full wp-image-24\" \/><\/td><td class=\"column-2\">Geozones. Clicking this icon will expand the right side of the screen, where a list of all existing geozones for the current user is located. An example with a description is provided further below.<\/td>\n<\/tr>\n<\/tbody>\n<\/table>\n<!-- #tablepress-105 from cache -->\n<p><a href=\"https:\/\/www.fmsdocumentation.com\/wp-content\/uploads\/2017\/04\/189.png\"><img loading=\"lazy\" decoding=\"async\" class=\"alignnone wp-image-339 size-full\" src=\"https:\/\/www.fmsdocumentation.com\/wp-content\/uploads\/2017\/04\/189.png\" alt=\"\" width=\"765\" height=\"536\" srcset=\"https:\/\/www.fmsdocumentation.com\/wp-content\/uploads\/2017\/04\/189.png 765w, https:\/\/www.fmsdocumentation.com\/wp-content\/uploads\/2017\/04\/189-300x210.png 300w\" sizes=\"auto, (max-width: 765px) 100vw, 765px\" \/><\/a><\/p>\n<p>Ako spomenut\u00e9 v predch\u00e1dzaj\u00facej tabu\u013eke, kliknutie na tla\u010didlo &#8220;Oblasti&#8221; sa otvor\u00ed postrann\u00e9 okno, ako uv\u00e1dza \u010falej.<\/p>\n<p><a href=\"https:\/\/www.fmsdocumentation.com\/wp-content\/uploads\/2017\/04\/268-2.png\"><img loading=\"lazy\" decoding=\"async\" class=\"alignnone wp-image-1133 size-large\" src=\"https:\/\/www.fmsdocumentation.com\/wp-content\/uploads\/2017\/04\/268-2-1024x506.png\" alt=\"\" width=\"660\" height=\"326\" srcset=\"https:\/\/www.fmsdocumentation.com\/wp-content\/uploads\/2017\/04\/268-2-1024x506.png 1024w, https:\/\/www.fmsdocumentation.com\/wp-content\/uploads\/2017\/04\/268-2-300x148.png 300w, https:\/\/www.fmsdocumentation.com\/wp-content\/uploads\/2017\/04\/268-2-768x380.png 768w, https:\/\/www.fmsdocumentation.com\/wp-content\/uploads\/2017\/04\/268-2.png 1920w\" sizes=\"auto, (max-width: 660px) 100vw, 660px\" \/><\/a><\/p>\n<p>Tu je mo\u017en\u00e9 zvoli\u0165, \u010di zobrazi\u0165 alebo skry\u0165 u\u017e\u00edvate\u013esk\u00e9 oblasti na mape. V\u00fdberom oblasti mapa vybran\u00fa oblas\u0165 nezv\u00e4\u010d\u0161\u00ed.<\/p>\n<p>&nbsp;<\/p>\n<hr \/>\n<p><div class=\"alignleft\"><a href=\"https:\/\/www.fmsdocumentation.com\/sk\/hlavne-okno\/vystrahy-objektov\/\" title=\"V\u00fdstrahy objektov\"><span class=\"arrow\">\u2039 &nbsp <\/span> V\u00fdstrahy objektov <\/a><\/div> <div class=\"alignright\"><a href=\"https:\/\/www.fmsdocumentation.com\/sk\/hlavne-okno\/administratorsky-panel\/\" title=\"Administr\u00e1torsk\u00fd panel\">Administr\u00e1torsk\u00fd panel <span class=\"arrow\"> &nbsp\u203a <\/span> <\/a><\/div><\/p>\n","protected":false},"excerpt":{"rendered":"<p>V s\u00fa\u010dasnosti s\u00fa k dispoz\u00edcii dva zdroje m\u00e1p. Mapa sveta &#8220;OSM&#8221; alebo Google. Prep\u00ednanie medzi nimi je \u013eahk\u00e9, klikne sa na symbol zv\u00e4zku m\u00e1p v spodnej \u010dasti mapy vpravo. Aktu\u00e1lne zobrazen\u00e1 mapa je zobrazen\u00e1 hore. Mo\u017eno si vybra\u0165 zo \u0161tyroch typov m\u00e1p: OSM &#8211; Open street maps; Satellite &#8211; Zobrazuje satelitn\u00fa mapu Google bez ozna\u010denia &hellip; <a href=\"https:\/\/www.fmsdocumentation.com\/sk\/hlavne-okno\/mapove-funkcie-a-nastroje\/\" class=\"more-link\">Pokra\u010dova\u0165 v \u010d\u00edtan\u00ed: <span class=\"screen-reader-text\">Mapov\u00e9 funkcie a n\u00e1stroje<\/span><\/a><\/p>\n","protected":false},"author":5,"featured_media":0,"parent":6437,"menu_order":6,"comment_status":"closed","ping_status":"closed","template":"","meta":{"footnotes":""},"class_list":["post-6489","page","type-page","status-publish","hentry"],"_links":{"self":[{"href":"https:\/\/www.fmsdocumentation.com\/sk\/wp-json\/wp\/v2\/pages\/6489","targetHints":{"allow":["GET"]}}],"collection":[{"href":"https:\/\/www.fmsdocumentation.com\/sk\/wp-json\/wp\/v2\/pages"}],"about":[{"href":"https:\/\/www.fmsdocumentation.com\/sk\/wp-json\/wp\/v2\/types\/page"}],"author":[{"embeddable":true,"href":"https:\/\/www.fmsdocumentation.com\/sk\/wp-json\/wp\/v2\/users\/5"}],"replies":[{"embeddable":true,"href":"https:\/\/www.fmsdocumentation.com\/sk\/wp-json\/wp\/v2\/comments?post=6489"}],"version-history":[{"count":2,"href":"https:\/\/www.fmsdocumentation.com\/sk\/wp-json\/wp\/v2\/pages\/6489\/revisions"}],"predecessor-version":[{"id":6491,"href":"https:\/\/www.fmsdocumentation.com\/sk\/wp-json\/wp\/v2\/pages\/6489\/revisions\/6491"}],"up":[{"embeddable":true,"href":"https:\/\/www.fmsdocumentation.com\/sk\/wp-json\/wp\/v2\/pages\/6437"}],"wp:attachment":[{"href":"https:\/\/www.fmsdocumentation.com\/sk\/wp-json\/wp\/v2\/media?parent=6489"}],"curies":[{"name":"wp","href":"https:\/\/api.w.org\/{rel}","templated":true}]}}