{"id":6492,"date":"2018-12-13T12:45:06","date_gmt":"2018-12-13T10:45:06","guid":{"rendered":"http:\/\/www.fmsdocumentation.com\/?page_id=6492"},"modified":"2018-12-14T08:46:38","modified_gmt":"2018-12-14T06:46:38","slug":"administratorsky-panel","status":"publish","type":"page","link":"https:\/\/www.fmsdocumentation.com\/sk\/hlavne-okno\/administratorsky-panel\/","title":{"rendered":"Administr\u00e1torsk\u00fd panel"},"content":{"rendered":"<p>Administr\u00e1torsk\u00fd panel je k dispoz\u00edcii iba pre u\u017e\u00edvate\u013eov s administr\u00e1torsk\u00fdmi pr\u00e1vami. Prostredn\u00edctvom tohto panelu mo\u017eno vidie\u0165 v\u0161etk\u00fdch u\u017e\u00edvate\u013eov aktu\u00e1lneho \u00fa\u010dtu. Hlavn\u00fd zoznam obsahuje len z\u00e1kladn\u00e9 inform\u00e1cie:<\/p>\n<ul>\n<li>N\u00e1zov u\u017e\u00edvate\u013ea;<\/li>\n<li>Po\u010det vidite\u013en\u00fdch objektov dan\u00e9ho u\u017e\u00edvate\u013ea.<\/li>\n<\/ul>\n<p><a href=\"https:\/\/www.fmsdocumentation.com\/wp-content\/uploads\/2018\/08\/252.png\"><img loading=\"lazy\" decoding=\"async\" class=\"alignnone size-full wp-image-5719\" src=\"https:\/\/www.fmsdocumentation.com\/wp-content\/uploads\/2018\/08\/252.png\" alt=\"\" width=\"362\" height=\"420\" srcset=\"https:\/\/www.fmsdocumentation.com\/wp-content\/uploads\/2018\/08\/252.png 362w, https:\/\/www.fmsdocumentation.com\/wp-content\/uploads\/2018\/08\/252-259x300.png 259w\" sizes=\"auto, (max-width: 362px) 100vw, 362px\" \/><\/a><\/p>\n<p>Kliknut\u00edm na pou\u017e\u00edvate\u013ea v zozname sa zobrazia \u010fal\u0161ie inform\u00e1cie:<\/p>\n<ul>\n<li>Meno pou\u017e\u00edvate\u013ea;<\/li>\n<li>Typ pou\u017e\u00edvate\u013ea &#8211; administr\u00e1tor alebo u\u017e\u00edvate\u013e;<\/li>\n<li>D\u00e1tum a \u010das kedy bol pou\u017e\u00edvate\u013e vytvoren\u00fd;<\/li>\n<li>E-mail pou\u017e\u00edvate\u013ea, ak je zaveden\u00fd;<\/li>\n<li>\u010c\u00edslo telef\u00f3nu, ak je zap\u00edsan\u00e9;<\/li>\n<li>Skupiny vozidiel priraden\u00e9 u\u017e\u00edvate\u013eovi.<\/li>\n<\/ul>\n<p><a href=\"https:\/\/www.fmsdocumentation.com\/wp-content\/uploads\/2017\/06\/253.png\"><img loading=\"lazy\" decoding=\"async\" class=\"alignnone wp-image-781 size-full\" src=\"https:\/\/www.fmsdocumentation.com\/wp-content\/uploads\/2017\/06\/253.png\" alt=\"\" width=\"720\" height=\"489\" srcset=\"https:\/\/www.fmsdocumentation.com\/wp-content\/uploads\/2017\/06\/253.png 720w, https:\/\/www.fmsdocumentation.com\/wp-content\/uploads\/2017\/06\/253-300x204.png 300w\" sizes=\"auto, (max-width: 720px) 100vw, 720px\" \/><\/a><br \/>\n<p class=\"note\">Pozn\u00e1mka<br \/>\nAk nie je u\u017e\u00edvate\u013eovi priraden\u00e1 \u017eiadna skupina, vid\u00ed v\u0161etky vozidl\u00e1.<\/p><\/p>\n<p>Pou\u017e\u00edvate\u013e s administr\u00e1torsk\u00fdmi pr\u00e1vami m\u00f4\u017ee existuj\u00facemu u\u017e\u00edvate\u013eovi priradi\u0165 alebo odstr\u00e1ni\u0165 skupinu vozidiel. Vykon\u00e1 sa to kliknut\u00edm na symbol &#8220;+&#8221; na riadku skupiny.<\/p>\n<p><a href=\"https:\/\/www.fmsdocumentation.com\/wp-content\/uploads\/2017\/06\/254.png\"><img loading=\"lazy\" decoding=\"async\" class=\"wp-image-782 size-full alignnone\" src=\"https:\/\/www.fmsdocumentation.com\/wp-content\/uploads\/2017\/06\/254.png\" alt=\"\" width=\"360\" height=\"71\" srcset=\"https:\/\/www.fmsdocumentation.com\/wp-content\/uploads\/2017\/06\/254.png 360w, https:\/\/www.fmsdocumentation.com\/wp-content\/uploads\/2017\/06\/254-300x59.png 300w\" sizes=\"auto, (max-width: 360px) 100vw, 360px\" \/><\/a><\/p>\n<p>Otvor\u00ed sa nov\u00e9 okno so zoznamom v\u0161etk\u00fdch skup\u00edn vozidiel vytvoren\u00fdch pre tento \u00fa\u010det. Pre r\u00fdchle vyh\u013ead\u00e1vanie skup\u00edn je k dispoz\u00edcii vyh\u013ead\u00e1vacie li\u0161ta, ktor\u00e1 filtruje pod\u013ea ka\u017ed\u00e9ho zadan\u00e9ho p\u00edsmena.<\/p>\n<p>Ak u\u017e skupina bola u\u017e\u00edvate\u013eovi priraden\u00e1, bude ozna\u010den\u00e1 modr\u00fdm podtr\u017en\u00edkom. Pre priradenie \u010fal\u0161ie skupiny sta\u010d\u00ed prida\u0165 za\u0161krtnutie u pr\u00edslu\u0161nej skupiny. Odstr\u00e1nenie Rozprestieraj\u00fa sa v d\u013a\u017eke sa vykon\u00e1 odobrat\u00edm za\u010diarknutia. Pre ulo\u017eenie zmien je nutn\u00e9 stla\u010di\u0165 tla\u010didlo &#8220;Ulo\u017ei\u0165&#8221;.<\/p>\n<p><a href=\"https:\/\/www.fmsdocumentation.com\/wp-content\/uploads\/2017\/06\/255.png\"><img loading=\"lazy\" decoding=\"async\" class=\"wp-image-783 size-full alignnone\" src=\"https:\/\/www.fmsdocumentation.com\/wp-content\/uploads\/2017\/06\/255.png\" alt=\"\" width=\"750\" height=\"516\" srcset=\"https:\/\/www.fmsdocumentation.com\/wp-content\/uploads\/2017\/06\/255.png 750w, https:\/\/www.fmsdocumentation.com\/wp-content\/uploads\/2017\/06\/255-300x206.png 300w\" sizes=\"auto, (max-width: 750px) 100vw, 750px\" \/><\/a><\/p>\n<p>Ak sa zmeny nemaj\u00fa ulo\u017ei\u0165, mus\u00ed sa klikn\u00fa\u0165 na tla\u010didlo &#8220;Zru\u0161i\u0165&#8221; alebo kdeko\u013evek mimo okno.<\/p>\n<p>Ako vytvori\u0165 skupiny vozidiel je pop\u00edsan\u00e9 v menu &#8220;<a href=\"https:\/\/www.fmsdocumentation.com\/sk\/menu-prehlad\/?lang=sk\">Preh\u013ead &#8220;<\/a>.<\/p>\n<p><p class=\"note\">Pozn\u00e1mka<br \/>\nU\u017e\u00edvatelia sa moment\u00e1lne administruj\u00fa poskytovate\u013eom slu\u017eby. Pre vytvorenie alebo modifik\u00e1ciu u\u017e\u00edvate\u013ea sa obr\u00e1\u0165te na svojho poskytovate\u013ea slu\u017eby.<\/p><\/p>\n<hr \/>\n<p><div class=\"alignleft\"><a href=\"https:\/\/www.fmsdocumentation.com\/sk\/hlavne-okno\/mapove-funkcie-a-nastroje\/\" title=\"Mapov\u00e9 funkcie a n\u00e1stroje\"><span class=\"arrow\">\u2039 &nbsp <\/span> Mapov\u00e9 funkcie a n\u00e1stroje <\/a><\/div> <div class=\"alignright\"><a href=\"https:\/\/www.fmsdocumentation.com\/sk\/hlavne-okno\/nastavenie-uctu\/\" title=\"Nastavenie \u00fa\u010dtu\">Nastavenie \u00fa\u010dtu <span class=\"arrow\"> &nbsp\u203a <\/span> <\/a><\/div><\/p>\n","protected":false},"excerpt":{"rendered":"<p>Administr\u00e1torsk\u00fd panel je k dispoz\u00edcii iba pre u\u017e\u00edvate\u013eov s administr\u00e1torsk\u00fdmi pr\u00e1vami. Prostredn\u00edctvom tohto panelu mo\u017eno vidie\u0165 v\u0161etk\u00fdch u\u017e\u00edvate\u013eov aktu\u00e1lneho \u00fa\u010dtu. Hlavn\u00fd zoznam obsahuje len z\u00e1kladn\u00e9 inform\u00e1cie: N\u00e1zov u\u017e\u00edvate\u013ea; Po\u010det vidite\u013en\u00fdch objektov dan\u00e9ho u\u017e\u00edvate\u013ea. Kliknut\u00edm na pou\u017e\u00edvate\u013ea v zozname sa zobrazia \u010fal\u0161ie inform\u00e1cie: Meno pou\u017e\u00edvate\u013ea; Typ pou\u017e\u00edvate\u013ea &#8211; administr\u00e1tor alebo u\u017e\u00edvate\u013e; D\u00e1tum a \u010das kedy bol &hellip; <a href=\"https:\/\/www.fmsdocumentation.com\/sk\/hlavne-okno\/administratorsky-panel\/\" class=\"more-link\">Pokra\u010dova\u0165 v \u010d\u00edtan\u00ed: <span class=\"screen-reader-text\">Administr\u00e1torsk\u00fd panel<\/span><\/a><\/p>\n","protected":false},"author":5,"featured_media":0,"parent":6437,"menu_order":7,"comment_status":"closed","ping_status":"closed","template":"","meta":{"footnotes":""},"class_list":["post-6492","page","type-page","status-publish","hentry"],"_links":{"self":[{"href":"https:\/\/www.fmsdocumentation.com\/sk\/wp-json\/wp\/v2\/pages\/6492","targetHints":{"allow":["GET"]}}],"collection":[{"href":"https:\/\/www.fmsdocumentation.com\/sk\/wp-json\/wp\/v2\/pages"}],"about":[{"href":"https:\/\/www.fmsdocumentation.com\/sk\/wp-json\/wp\/v2\/types\/page"}],"author":[{"embeddable":true,"href":"https:\/\/www.fmsdocumentation.com\/sk\/wp-json\/wp\/v2\/users\/5"}],"replies":[{"embeddable":true,"href":"https:\/\/www.fmsdocumentation.com\/sk\/wp-json\/wp\/v2\/comments?post=6492"}],"version-history":[{"count":2,"href":"https:\/\/www.fmsdocumentation.com\/sk\/wp-json\/wp\/v2\/pages\/6492\/revisions"}],"predecessor-version":[{"id":6661,"href":"https:\/\/www.fmsdocumentation.com\/sk\/wp-json\/wp\/v2\/pages\/6492\/revisions\/6661"}],"up":[{"embeddable":true,"href":"https:\/\/www.fmsdocumentation.com\/sk\/wp-json\/wp\/v2\/pages\/6437"}],"wp:attachment":[{"href":"https:\/\/www.fmsdocumentation.com\/sk\/wp-json\/wp\/v2\/media?parent=6492"}],"curies":[{"name":"wp","href":"https:\/\/api.w.org\/{rel}","templated":true}]}}