{"id":6494,"date":"2018-12-13T12:56:52","date_gmt":"2018-12-13T10:56:52","guid":{"rendered":"http:\/\/www.fmsdocumentation.com\/?page_id=6494"},"modified":"2018-12-13T12:56:52","modified_gmt":"2018-12-13T10:56:52","slug":"nastavenie-uctu","status":"publish","type":"page","link":"https:\/\/www.fmsdocumentation.com\/sk\/hlavne-okno\/nastavenie-uctu\/","title":{"rendered":"Nastavenie \u00fa\u010dtu"},"content":{"rendered":"<p>Nastavenie \u00fa\u010dtu umo\u017e\u0148uje meni\u0165 niektor\u00e9 v\u0161eobecn\u00e9 nastavenia, ktor\u00e9 ovplyv\u0148uj\u00fa niektor\u00e9 d\u00e1ta zobrazovan\u00e1 v syst\u00e9me sledovania vozidiel. Mo\u017eno modifikova\u0165 nasleduj\u00face nastavenia:<\/p>\n<ul>\n<li><strong>Syst\u00e9m lokaliz\u00e1cia<\/strong>&#8211; mo\u017en\u00e9 nastavi\u0165 pod\u013ea krajiny. R\u00fdchle vyh\u013eadanie krajiny u\u013eah\u010duje vyh\u013ead\u00e1vac\u00ed li\u0161ta. Vyh\u013ead\u00e1vanie plat\u00ed v\u00e4\u010d\u0161inou pre mapy Google, aby nastavenie zodpovedalo z\u00e1konom a pravidl\u00e1m danej krajiny.<\/li>\n<li><strong>Meracie jednotky<\/strong> &#8211; u\u017e\u00edvate\u013e m\u00f4\u017ee zvoli\u0165 metrick\u00e9 alebo anglickej jednotky.<\/li>\n<li><strong>\u010casov\u00e9 p\u00e1sma<\/strong> &#8211; syst\u00e9m automaticky upravuje prijat\u00e9 d\u00e1ta pod\u013ea nastaven\u00e9ho \u010dasov\u00e9ho p\u00e1sma.<\/li>\n<li><strong>Pomenovanie s\u00faborov z tachografu<\/strong> &#8211; umo\u017e\u0148uje zvoli\u0165 form\u00e1t n\u00e1zvu s\u00faborov (eur\u00f3psky, \u0161panielsky alebo franc\u00fazsky).<\/li>\n<\/ul>\n<p><a href=\"https:\/\/www.fmsdocumentation.com\/wp-content\/uploads\/2018\/01\/273.png\"><img loading=\"lazy\" decoding=\"async\" class=\"alignnone size-large wp-image-4307\" src=\"https:\/\/www.fmsdocumentation.com\/wp-content\/uploads\/2018\/01\/273-1024x506.png\" alt=\"\" width=\"660\" height=\"326\" srcset=\"https:\/\/www.fmsdocumentation.com\/wp-content\/uploads\/2018\/01\/273-1024x506.png 1024w, https:\/\/www.fmsdocumentation.com\/wp-content\/uploads\/2018\/01\/273-300x148.png 300w, https:\/\/www.fmsdocumentation.com\/wp-content\/uploads\/2018\/01\/273-768x380.png 768w, https:\/\/www.fmsdocumentation.com\/wp-content\/uploads\/2018\/01\/273.png 1920w\" sizes=\"auto, (max-width: 660px) 100vw, 660px\" \/><\/a><\/p>\n<p>Po vykonan\u00ed vo\u013eby sa mus\u00ed stla\u010dte tla\u010didlo &#8220;Ulo\u017ei\u0165&#8221;.<\/p>\n<hr \/>\n<p><div class=\"alignleft\"><a href=\"https:\/\/www.fmsdocumentation.com\/sk\/hlavne-okno\/administratorsky-panel\/\" title=\"Administr\u00e1torsk\u00fd panel\"><span class=\"arrow\">\u2039 &nbsp <\/span> Administr\u00e1torsk\u00fd panel <\/a><\/div> <div class=\"alignright\"><a href=\"https:\/\/www.fmsdocumentation.com\/sk\/menu-prehlad\/\" title=\"Menu Preh\u013ead\">Menu Preh\u013ead <span class=\"arrow\"> &nbsp\u203a <\/span> <\/a><\/div><\/p>\n","protected":false},"excerpt":{"rendered":"<p>Nastavenie \u00fa\u010dtu umo\u017e\u0148uje meni\u0165 niektor\u00e9 v\u0161eobecn\u00e9 nastavenia, ktor\u00e9 ovplyv\u0148uj\u00fa niektor\u00e9 d\u00e1ta zobrazovan\u00e1 v syst\u00e9me sledovania vozidiel. Mo\u017eno modifikova\u0165 nasleduj\u00face nastavenia: Syst\u00e9m lokaliz\u00e1cia&#8211; mo\u017en\u00e9 nastavi\u0165 pod\u013ea krajiny. R\u00fdchle vyh\u013eadanie krajiny u\u013eah\u010duje vyh\u013ead\u00e1vac\u00ed li\u0161ta. Vyh\u013ead\u00e1vanie plat\u00ed v\u00e4\u010d\u0161inou pre mapy Google, aby nastavenie zodpovedalo z\u00e1konom a pravidl\u00e1m danej krajiny. Meracie jednotky &#8211; u\u017e\u00edvate\u013e m\u00f4\u017ee zvoli\u0165 metrick\u00e9 alebo anglickej &hellip; <a href=\"https:\/\/www.fmsdocumentation.com\/sk\/hlavne-okno\/nastavenie-uctu\/\" class=\"more-link\">Pokra\u010dova\u0165 v \u010d\u00edtan\u00ed: <span class=\"screen-reader-text\">Nastavenie \u00fa\u010dtu<\/span><\/a><\/p>\n","protected":false},"author":5,"featured_media":0,"parent":6437,"menu_order":8,"comment_status":"closed","ping_status":"closed","template":"","meta":{"footnotes":""},"class_list":["post-6494","page","type-page","status-publish","hentry"],"_links":{"self":[{"href":"https:\/\/www.fmsdocumentation.com\/sk\/wp-json\/wp\/v2\/pages\/6494","targetHints":{"allow":["GET"]}}],"collection":[{"href":"https:\/\/www.fmsdocumentation.com\/sk\/wp-json\/wp\/v2\/pages"}],"about":[{"href":"https:\/\/www.fmsdocumentation.com\/sk\/wp-json\/wp\/v2\/types\/page"}],"author":[{"embeddable":true,"href":"https:\/\/www.fmsdocumentation.com\/sk\/wp-json\/wp\/v2\/users\/5"}],"replies":[{"embeddable":true,"href":"https:\/\/www.fmsdocumentation.com\/sk\/wp-json\/wp\/v2\/comments?post=6494"}],"version-history":[{"count":2,"href":"https:\/\/www.fmsdocumentation.com\/sk\/wp-json\/wp\/v2\/pages\/6494\/revisions"}],"predecessor-version":[{"id":6496,"href":"https:\/\/www.fmsdocumentation.com\/sk\/wp-json\/wp\/v2\/pages\/6494\/revisions\/6496"}],"up":[{"embeddable":true,"href":"https:\/\/www.fmsdocumentation.com\/sk\/wp-json\/wp\/v2\/pages\/6437"}],"wp:attachment":[{"href":"https:\/\/www.fmsdocumentation.com\/sk\/wp-json\/wp\/v2\/media?parent=6494"}],"curies":[{"name":"wp","href":"https:\/\/api.w.org\/{rel}","templated":true}]}}