{"id":6499,"date":"2018-12-13T13:10:40","date_gmt":"2018-12-13T11:10:40","guid":{"rendered":"http:\/\/www.fmsdocumentation.com\/?page_id=6499"},"modified":"2020-06-02T09:24:10","modified_gmt":"2020-06-02T06:24:10","slug":"menu-prehlad","status":"publish","type":"page","link":"https:\/\/www.fmsdocumentation.com\/sk\/menu-prehlad\/","title":{"rendered":"Menu Preh\u013ead"},"content":{"rendered":"<p>Menu sa otvor\u00ed kliknut\u00edm na pr\u00edslu\u0161n\u00fa ikonu v naviga\u010dnom menu na \u013eavej strane obrazovky. Ikona sa modro zv\u00fdrazn\u00ed a vpravo sa objav\u00ed nov\u00fd panel &#8211; Stav objektov.<\/p>\n<p><a href=\"https:\/\/www.fmsdocumentation.com\/wp-content\/uploads\/2018\/11\/24.png\"><img loading=\"lazy\" decoding=\"async\" class=\"alignnone size-large wp-image-6169\" src=\"https:\/\/www.fmsdocumentation.com\/wp-content\/uploads\/2018\/11\/24-1024x515.png\" alt=\"\" width=\"660\" height=\"332\" srcset=\"https:\/\/www.fmsdocumentation.com\/wp-content\/uploads\/2018\/11\/24-1024x515.png 1024w, https:\/\/www.fmsdocumentation.com\/wp-content\/uploads\/2018\/11\/24-300x151.png 300w, https:\/\/www.fmsdocumentation.com\/wp-content\/uploads\/2018\/11\/24-768x386.png 768w, https:\/\/www.fmsdocumentation.com\/wp-content\/uploads\/2018\/11\/24.png 1920w\" sizes=\"auto, (max-width: 660px) 100vw, 660px\" \/><\/a><\/p>\n<p>Panel Stav objektov zobrazuje preh\u013ead v\u0161etk\u00fdch vozidiel vozov\u00e9ho parku u\u017e\u00edvate\u013ea.<\/p>\n<p>Ka\u017ed\u00fd objekt v zozname m\u00e1 \u0161pecifick\u00fa identifik\u00e1ciu, ktor\u00e1 zobrazuje o ak\u00fd typ objektu sa jedn\u00e1. Niektor\u00e9 typy objektu mo\u017eno nastavi\u0165 prostredn\u00edctvom vo\u013eby &#8220;Detaily vozidl\u00e1&#8221; in\u00e9 sa ovl\u00e1daj\u00fa iba prostredn\u00edctvom poskytovate\u013ea slu\u017eby. Aktu\u00e1lne s\u00fa k dispoz\u00edcii nasleduj\u00face objekty:<\/p>\n<p><a href=\"https:\/\/www.fmsdocumentation.com\/wp-content\/uploads\/2018\/11\/284.png\"><img loading=\"lazy\" decoding=\"async\" class=\"alignnone size-full wp-image-6175\" src=\"https:\/\/www.fmsdocumentation.com\/wp-content\/uploads\/2018\/11\/284.png\" alt=\"\" width=\"335\" height=\"338\" srcset=\"https:\/\/www.fmsdocumentation.com\/wp-content\/uploads\/2018\/11\/284.png 335w, https:\/\/www.fmsdocumentation.com\/wp-content\/uploads\/2018\/11\/284-150x150.png 150w, https:\/\/www.fmsdocumentation.com\/wp-content\/uploads\/2018\/11\/284-297x300.png 297w\" sizes=\"auto, (max-width: 335px) 100vw, 335px\" \/><\/a><\/p>\n<p>Akon\u00e1hle sa prirad\u00ed k vozidlu n\u00e1ves, zobraz\u00ed sa v zozname kombinovan\u00fd objekt. Objekt je pop\u00edsan\u00fd najprv s n\u00e1zvom vozidla, potom je n\u00e1zov n\u00e1vesu.<\/p>\n<p><a href=\"https:\/\/www.fmsdocumentation.com\/wp-content\/uploads\/2018\/11\/285.png\"><img loading=\"lazy\" decoding=\"async\" class=\"alignnone size-full wp-image-6174\" src=\"https:\/\/www.fmsdocumentation.com\/wp-content\/uploads\/2018\/11\/285.png\" alt=\"\" width=\"366\" height=\"72\" srcset=\"https:\/\/www.fmsdocumentation.com\/wp-content\/uploads\/2018\/11\/285.png 366w, https:\/\/www.fmsdocumentation.com\/wp-content\/uploads\/2018\/11\/285-300x59.png 300w\" sizes=\"auto, (max-width: 366px) 100vw, 366px\" \/><\/a><\/p>\n<p>Mno\u017estvo vozidiel vo v\u0161etk\u00fdch stavoch bude o jedno vozidlo men\u0161ie, z d\u00f4vodu kombin\u00e1cie, ale celkov\u00fd po\u010det vozidiel zostane rovnak\u00fd.<\/p>\n<p>\u0160tandardne sa zobrazuj\u00fa v\u0161etky vozidl\u00e1. Vozidl\u00e1 je mo\u017en\u00e9 filtrova\u0165 tromi sp\u00f4sobmi.<\/p>\n<p>Prv\u00fd filter je pod\u013ea skup\u00edn. Je na zozname najviac. Kliknut\u00edm na rozba\u013eovaciu \u0161\u00edpku je mo\u017en\u00e9 vybra\u0165 niektor\u00fa z vytvoren\u00fdch skup\u00edn. Vo\u013ebou skupiny sa zobraz\u00ed len vozidl\u00e1 danej skupiny.<\/p>\n<p><a href=\"https:\/\/www.fmsdocumentation.com\/wp-content\/uploads\/2017\/04\/256.png\"><img loading=\"lazy\" decoding=\"async\" class=\"alignnone wp-image-790 size-full\" src=\"https:\/\/www.fmsdocumentation.com\/wp-content\/uploads\/2017\/04\/256.png\" alt=\"\" width=\"360\" height=\"352\" srcset=\"https:\/\/www.fmsdocumentation.com\/wp-content\/uploads\/2017\/04\/256.png 360w, https:\/\/www.fmsdocumentation.com\/wp-content\/uploads\/2017\/04\/256-300x293.png 300w\" sizes=\"auto, (max-width: 360px) 100vw, 360px\" \/><\/a><\/p>\n<p>Alternat\u00edvne m\u00f4\u017ee u\u017e\u00edvate\u013e vytvori\u0165 nov\u00fa skupinu s vozidlami, ktor\u00e9 si \u017eel\u00e1 zobrazi\u0165. Vykon\u00e1 sa to kliknut\u00edm na tri bodky umiestnen\u00e9 v pravej \u010dasti voli\u010da skup\u00edn. Zobrazia sa dostupn\u00e9 mo\u017enosti a nastavenia skup\u00edn vozidiel.<\/p>\n<p><a href=\"https:\/\/www.fmsdocumentation.com\/wp-content\/uploads\/2017\/04\/257-1.png\"><img loading=\"lazy\" decoding=\"async\" class=\"alignnone wp-image-1060 size-full\" src=\"https:\/\/www.fmsdocumentation.com\/wp-content\/uploads\/2017\/04\/257-1.png\" alt=\"\" width=\"481\" height=\"154\" srcset=\"https:\/\/www.fmsdocumentation.com\/wp-content\/uploads\/2017\/04\/257-1.png 481w, https:\/\/www.fmsdocumentation.com\/wp-content\/uploads\/2017\/04\/257-1-300x96.png 300w\" sizes=\"auto, (max-width: 481px) 100vw, 481px\" \/><\/a><\/p>\n<p>Kliknut\u00edm na tla\u010didlo sa sa otvor\u00ed formul\u00e1r pre vytvorenie skupiny vozidiel. U\u017e\u00edvate\u013e tu zap\u00ed\u0161e n\u00e1zov skupiny a prirad\u00ed po\u017eadovan\u00e1 vozidla. Priradenie vozidiel sa vykon\u00e1 kliknut\u00edm na pr\u00edslu\u0161n\u00e9 vozidlo. Zvolen\u00e9 vozidlo sa zv\u00fdrazn\u00ed modr\u00fdm podtr\u017en\u00edkom. Pre r\u00fdchle vyh\u013ead\u00e1vanie vozidiel je k dispoz\u00edcii vyh\u013ead\u00e1vacie li\u0161ta. Zoznam vozidiel sa filtruje ka\u017ed\u00fdm p\u00edsmenom zadan\u00fdm do vyh\u013ead\u00e1vacej li\u0161ty. Navy\u0161e je mo\u017en\u00e9 zvoli\u0165 ak\u00e9 dodato\u010dn\u00e9 d\u00e1ta sa bud\u00fa zobrazova\u0165 ved\u013ea vozidla pomocou vo\u013eby &#8220;Zoznam vozidiel&#8221; v rozba\u013eovacom menu. Po vo\u013ebe n\u00e1zvu skupiny a priradenie vozidiel sa mus\u00ed v\u00fdber potvrdi\u0165 tla\u010didlom &#8220;Ulo\u017ei\u0165&#8221;, inak sa neulo\u017e\u00ed. Ak sa nezad\u00e1 n\u00e1zov skupiny, tla\u010didlo &#8220;Ulo\u017ei\u0165&#8221; sa neobjav\u00ed.<\/p>\n<p><a href=\"https:\/\/www.fmsdocumentation.com\/wp-content\/uploads\/2018\/03\/258.png\"><img loading=\"lazy\" decoding=\"async\" class=\"alignnone size-full wp-image-4514\" src=\"https:\/\/www.fmsdocumentation.com\/wp-content\/uploads\/2018\/03\/258.png\" alt=\"\" width=\"360\" height=\"889\" srcset=\"https:\/\/www.fmsdocumentation.com\/wp-content\/uploads\/2018\/03\/258.png 360w, https:\/\/www.fmsdocumentation.com\/wp-content\/uploads\/2018\/03\/258-121x300.png 121w\" sizes=\"auto, (max-width: 360px) 100vw, 360px\" \/><\/a><\/p>\n<p>Takto vyzer\u00e1 vo\u013eba skupiny. V pr\u00edpade, \u017ee chce pou\u017e\u00edvate\u013e skupinu modifikova\u0165 mus\u00ed stla\u010dia tri bodky na pravej strane zoznamu skup\u00edn. V tomto pr\u00edpade je k dispoz\u00edcii viac mo\u017enosti.<\/p>\n<p><a href=\"https:\/\/www.fmsdocumentation.com\/wp-content\/uploads\/2018\/03\/259.png\"><img loading=\"lazy\" decoding=\"async\" class=\"alignnone size-full wp-image-4502\" src=\"https:\/\/www.fmsdocumentation.com\/wp-content\/uploads\/2018\/03\/259.png\" alt=\"\" width=\"525\" height=\"200\" srcset=\"https:\/\/www.fmsdocumentation.com\/wp-content\/uploads\/2018\/03\/259.png 525w, https:\/\/www.fmsdocumentation.com\/wp-content\/uploads\/2018\/03\/259-300x114.png 300w\" sizes=\"auto, (max-width: 525px) 100vw, 525px\" \/><\/a><\/p>\n<p>Vo\u013ebou edit\u00e1cia skupiny sa otvor\u00ed identick\u00e9 okno na vytvorenie nov\u00e9ho okna vozidla. Teraz sa \u0161pecifikuje n\u00e1zov skupiny a vol\u00ed sa niektor\u00e9 vozidl\u00e1. Rovnako ako v pr\u00edpade tvorby novej skupiny sa vo\u013eba mus\u00ed potvrdi\u0165 tla\u010didlom &#8220;Ulo\u017ei\u0165&#8221;.<\/p>\n<p>Pokia\u013e je po\u017eadovan\u00fd vymazanie skupiny mus\u00ed sa stla\u010di\u0165 &#8220;Odstr\u00e1ni\u0165 skupinu&#8221;. Potom sa objav\u00ed potvrdzovacie okno.<\/p>\n<p><a href=\"https:\/\/www.fmsdocumentation.com\/wp-content\/uploads\/2017\/04\/260.png\"><img loading=\"lazy\" decoding=\"async\" class=\"alignnone wp-image-794 size-full\" src=\"https:\/\/www.fmsdocumentation.com\/wp-content\/uploads\/2017\/04\/260.png\" alt=\"\" width=\"420\" height=\"155\" srcset=\"https:\/\/www.fmsdocumentation.com\/wp-content\/uploads\/2017\/04\/260.png 420w, https:\/\/www.fmsdocumentation.com\/wp-content\/uploads\/2017\/04\/260-300x111.png 300w\" sizes=\"auto, (max-width: 420px) 100vw, 420px\" \/><\/a><\/p>\n<p><p class=\"note\">Pozn\u00e1mka<br \/>\nSkupiny vytvoren\u00e9 u\u017e\u00edvate\u013eom s &#8220;administr\u00e1torsk\u00fdmi pr\u00e1vami&#8221; bud\u00fa vidite\u013en\u00e9 iba pre ostatn\u00fdch u\u017e\u00edvate\u013eov s &#8220;administr\u00e1torsk\u00fdmi pr\u00e1vami&#8221; rovnak\u00e9ho \u00fa\u010dtu. Ak pou\u017e\u00edvate\u013e s &#8220;u\u017e\u00edvate\u013esk\u00fdmi&#8221; pr\u00e1vami vytvor\u00ed skupinu, uvid\u00ed ju iba tento pou\u017e\u00edvate\u013e. Ostatn\u00fdch u\u017e\u00edvate\u013eov skupinu neuvidia. Pou\u017e\u00edvate\u013e s &#8220;administr\u00e1torsk\u00fdmi&#8221; pr\u00e1vami m\u00f4\u017ee skupinu priradi\u0165 pou\u017e\u00edvate\u013eovi, ktor\u00e9mu ju zvidite\u013en\u00ed. Priradenie skupiny je pop\u00edsan\u00e9 v &#8220;<a id=\"spge116\" class=\"node\" title=\"Administr\u00e1torsk\u00fd panel\" href=\"https:\/\/www.fmsdocumentation.com\/sk\/hlavne-okno\/administratorsky-panel\/?lang=sk\">Administr\u00e1torsk\u00fd panel<\/a>&#8220;.<\/p><\/p>\n<p>\u010eal\u0161ia je filter stavu vozidiel. Je umiestnen\u00fd hne\u010f pod riadkom zoznamu skup\u00edn. Tu je mo\u017en\u00e9 zvoli\u0165 z nasleduj\u00facich filtrov:<\/p>\n<ul>\n<li>V\u0161etky vozidl\u00e1 &#8211; \u0161tandardn\u00e1 vo\u013eba;<\/li>\n<li>Vo\u013enobeh;<\/li>\n<li>Zapa\u013eovanie vypnut\u00e9;<\/li>\n<li>V pohybe;<\/li>\n<li>Bez sign\u00e1lu;<\/li>\n<li>Blok\u00e1cia zapa\u013eovania.<\/li>\n<\/ul>\n<p>U\u017e\u00edvate\u013e m\u00f4\u017ee \u0161pecifikova\u0165, ktor\u00e1 dodato\u010dn\u00e1 inform\u00e1cia sa m\u00e1 popri vozidl\u00e1 v zozname zobrazova\u0165. Vo\u013eba sa vykon\u00e1 filtrom &#8220;Zoznam vozidiel&#8221;. \u0160tandardne je zobrazen\u00e1 r\u00fdchlos\u0165.<\/p>\n<p><a href=\"https:\/\/www.fmsdocumentation.com\/wp-content\/uploads\/2018\/03\/261.png\"><img loading=\"lazy\" decoding=\"async\" class=\"alignnone size-full wp-image-4503\" src=\"https:\/\/www.fmsdocumentation.com\/wp-content\/uploads\/2018\/03\/261.png\" alt=\"\" width=\"360\" height=\"130\" srcset=\"https:\/\/www.fmsdocumentation.com\/wp-content\/uploads\/2018\/03\/261.png 360w, https:\/\/www.fmsdocumentation.com\/wp-content\/uploads\/2018\/03\/261-300x108.png 300w\" sizes=\"auto, (max-width: 360px) 100vw, 360px\" \/><\/a><\/p>\n<p>Otvor\u00ed sa nov\u00e9 okno &#8220;Parametre&#8221;. Tu je mo\u017en\u00e9 vybra\u0165 a\u017e 7 parametrov, ktor\u00e9 bud\u00fa zobrazen\u00e9 v paneli Stav objektov. \u0160tandardne s\u00fa zobrazen\u00e9 r\u00fdchlos\u0165, hladina a tachometer (hladina a tachometer sa v paneli nezobrazuj\u00fa ak sa neklikne na tla\u010didlo roz\u0161\u00edrenie paneli, uveden\u00e9 \u010falej v tejto kapitole). Vyh\u013ead\u00e1vacie li\u0161ta pom\u00e1ha na r\u00fdchle vyh\u013eadanie po\u017eadovan\u00e9ho parametra, zoznam sa aktualizuje automaticky s ka\u017ed\u00fdm zap\u00edsan\u00fdm p\u00edsmenom.<\/p>\n<p>Poradie zobrazenia parametrov je mo\u017en\u00e9 zmeni\u0165 uchopen\u00edm a premiestnen\u00edm. Odstr\u00e1nenie parametra sa vykon\u00e1 kliknut\u00edm na &#8216;x&#8217;.<\/p>\n<p>Pre ulo\u017eenie zmien je nutn\u00e9 klikn\u00fa\u0165 na tla\u010didlo &#8220;Ulo\u017ei\u0165&#8221;. Kliknut\u00edm na tla\u010didlo &#8220;Zatvori\u0165&#8221; \u010di kdeko\u013evek mimo okna parametrov sa okno zavrie bez ulo\u017eenia zmien.<\/p>\n<p><a href=\"https:\/\/www.fmsdocumentation.com\/wp-content\/uploads\/2018\/03\/330.png\"><img loading=\"lazy\" decoding=\"async\" class=\"alignnone size-full wp-image-4506\" src=\"https:\/\/www.fmsdocumentation.com\/wp-content\/uploads\/2018\/03\/330.png\" alt=\"\" width=\"800\" height=\"651\" srcset=\"https:\/\/www.fmsdocumentation.com\/wp-content\/uploads\/2018\/03\/330.png 800w, https:\/\/www.fmsdocumentation.com\/wp-content\/uploads\/2018\/03\/330-300x244.png 300w, https:\/\/www.fmsdocumentation.com\/wp-content\/uploads\/2018\/03\/330-768x625.png 768w\" sizes=\"auto, (max-width: 800px) 100vw, 800px\" \/><\/a><\/p>\n<p>Kliknut\u00edm na &#8220;Zoznam vozidiel&#8221; a potom na &#8220;Zdie\u013eanie polohy vozidla&#8221; je mo\u017en\u00e9 vygenerova\u0165 odkazy s polohami vozidiel, ktor\u00e9 m\u00f4\u017eu by\u0165 odoslan\u00e9 k extern\u00e9mu pou\u017eitie.<\/p>\n<p><a href=\"https:\/\/www.fmsdocumentation.com\/wp-content\/uploads\/2018\/10\/331.png\"><img loading=\"lazy\" decoding=\"async\" class=\"alignnone size-full wp-image-5878\" src=\"https:\/\/www.fmsdocumentation.com\/wp-content\/uploads\/2018\/10\/331.png\" alt=\"\" width=\"360\" height=\"292\" srcset=\"https:\/\/www.fmsdocumentation.com\/wp-content\/uploads\/2018\/10\/331.png 360w, https:\/\/www.fmsdocumentation.com\/wp-content\/uploads\/2018\/10\/331-300x243.png 300w\" sizes=\"auto, (max-width: 360px) 100vw, 360px\" \/><\/a><\/p>\n<p>Otvor\u00ed sa nov\u00e9 okno &#8220;Zdie\u013eanie polohy vozidla&#8221;. Tu je mo\u017en\u00e9 vybra\u0165 vozidl\u00e1 pre zdie\u013eanie polohy. Vo\u013eba vozidl\u00e1 sa vykon\u00e1 kliknut\u00edm do za\u0161krt\u00e1vacieho pol\u00ed\u010dka ved\u013ea n\u00e1zvu vozidla. Je tu aj vo\u013eba &#8220;V\u00fdber v\u0161etk\u00fdch vozidiel&#8221;. Pre u\u013eah\u010denie v\u00fdberu je k dispoz\u00edcii vyh\u013ead\u00e1vacie li\u0161ta, ktor\u00e1 sa aktualizuje ka\u017ed\u00fdm zadan\u00fdm p\u00edsmenom.<\/p>\n<p><strong>D\u00e1tum expir\u00e1cie\u00a0<\/strong>&#8211; mus\u00ed sa zvoli\u0165 d\u00e1tum a \u010das do kedy je zdie\u013ean\u00fd odkaz platn\u00fd. Proces v\u00fdberu je rovnak\u00fd ako v\u0161etky ostatn\u00e9 vo\u013eby d\u00e1tumu a \u010dasu v syst\u00e9me. Vo\u013eba sa vykon\u00e1 jednoducho kliknut\u00edm na po\u017eadovan\u00fd d\u00e1tum. Zvolen\u00fd d\u00e1tum sa zv\u00fdrazn\u00ed modro. Aktu\u00e1lny d\u00e1tum je zv\u00fdraznen\u00fd modr\u00fdm trojuholn\u00edkom v \u013eavej hornej \u010dasti d\u0148a. Ak bude zvolen\u00fd aktu\u00e1lny d\u00e1tum, zmen\u00ed sa modr\u00fd trojuholn\u00ed\u010dek na biely. Potom mo\u017eno zvoli\u0165 hodinu. Aby sa zmeny aplikovali, mus\u00ed sa klikn\u00fa\u0165 na tla\u010didlo &#8220;Pou\u017ei\u0165&#8221;, inak sa zmeny neulo\u017eia.<\/p>\n<p><a href=\"https:\/\/www.fmsdocumentation.com\/wp-content\/uploads\/2018\/03\/339.png\"><img loading=\"lazy\" decoding=\"async\" class=\"alignnone size-full wp-image-4602\" src=\"https:\/\/www.fmsdocumentation.com\/wp-content\/uploads\/2018\/03\/339.png\" alt=\"\" width=\"415\" height=\"504\" srcset=\"https:\/\/www.fmsdocumentation.com\/wp-content\/uploads\/2018\/03\/339.png 415w, https:\/\/www.fmsdocumentation.com\/wp-content\/uploads\/2018\/03\/339-247x300.png 247w\" sizes=\"auto, (max-width: 415px) 100vw, 415px\" \/><\/a><\/p>\n<p>Pre vygenerovanie odkazu sa mus\u00ed stla\u010di\u0165 &#8220;Zdie\u013ea\u0165&#8221;. Tla\u010didlo &#8220;Zdie\u013ea\u0165&#8221; bude akt\u00edvna len po v\u00fdbere d\u00e1tumu expir\u00e1cie. Kliknut\u00edm na tla\u010didlo &#8220;Zru\u0161i\u0165&#8221; alebo kdeko\u013evek mimo okna sa okno zavrie bez ulo\u017eenia zmien.<\/p>\n<p><a href=\"https:\/\/www.fmsdocumentation.com\/wp-content\/uploads\/2018\/11\/332.png\"><img loading=\"lazy\" decoding=\"async\" class=\"alignnone size-full wp-image-6171\" src=\"https:\/\/www.fmsdocumentation.com\/wp-content\/uploads\/2018\/11\/332.png\" alt=\"\" width=\"750\" height=\"772\" srcset=\"https:\/\/www.fmsdocumentation.com\/wp-content\/uploads\/2018\/11\/332.png 750w, https:\/\/www.fmsdocumentation.com\/wp-content\/uploads\/2018\/11\/332-291x300.png 291w\" sizes=\"auto, (max-width: 750px) 100vw, 750px\" \/><\/a><\/p>\n<p>Po stla\u010den\u00ed tla\u010didla &#8220;Zdie\u013ea\u0165&#8221; sa odkaz vygeneruje a objav\u00ed sa nov\u00e9 okno s odkazom. M\u00f4\u017ee sa klikn\u00fa\u0165 na odkaz a skop\u00edrova\u0165 ho. Po otvoren\u00ed odkazu sa zobraz\u00ed aktu\u00e1lna poloha vozidla na mape a panel Preh\u013ead bude obsahova\u0165 len zvolen\u00e1 vozidla.<\/p>\n<p>V\u0161etky odkazy generovan\u00e9 aktu\u00e1lnym pou\u017e\u00edvate\u013eom mo\u017en\u00e9 zobrazi\u0165 kliknut\u00edm na &#8220;Pre zobrazenie stavu v\u0161etk\u00fdch generovan\u00fdch odkazov&#8221;. Rovnak\u00e9 menu je mo\u017en\u00e9 nesk\u00f4r otvori\u0165 kliknut\u00edm na rozba\u013eovacie menu v pravom hornom rohu v hlavnom okne syst\u00e9mu a potom kliknut\u00edm na &#8220;Generovan\u00e9 odkazy&#8221;.<\/p>\n<p><a href=\"https:\/\/www.fmsdocumentation.com\/wp-content\/uploads\/2018\/03\/333.png\"><img loading=\"lazy\" decoding=\"async\" class=\"alignnone size-full wp-image-4510\" src=\"https:\/\/www.fmsdocumentation.com\/wp-content\/uploads\/2018\/03\/333.png\" alt=\"\" width=\"750\" height=\"430\" srcset=\"https:\/\/www.fmsdocumentation.com\/wp-content\/uploads\/2018\/03\/333.png 750w, https:\/\/www.fmsdocumentation.com\/wp-content\/uploads\/2018\/03\/333-300x172.png 300w\" sizes=\"auto, (max-width: 750px) 100vw, 750px\" \/><\/a><\/p>\n<p>Panel Preh\u013ead objektov mo\u017eno roz\u0161\u00edri\u0165, nabehne sa na neho kurzorom, uprostred panelu sa vysunie roz\u0161irovacie tla\u010didlo na ktorej sa klikne. Teraz sa zobrazia v\u0161etky ostatn\u00e9 konfigurovan\u00e9 parametre. Op\u00e4tovn\u00fdm kliknut\u00edm na to ist\u00e9 tla\u010didlo sa panel vr\u00e1ti do predch\u00e1dzaj\u00faceho stavu.<\/p>\n<p><a href=\"https:\/\/www.fmsdocumentation.com\/wp-content\/uploads\/2018\/11\/334.png\"><img loading=\"lazy\" decoding=\"async\" class=\"alignnone wp-image-6172 size-full\" src=\"https:\/\/www.fmsdocumentation.com\/wp-content\/uploads\/2018\/11\/334.png\" alt=\"\" width=\"1040\" height=\"281\" srcset=\"https:\/\/www.fmsdocumentation.com\/wp-content\/uploads\/2018\/11\/334.png 1040w, https:\/\/www.fmsdocumentation.com\/wp-content\/uploads\/2018\/11\/334-300x81.png 300w, https:\/\/www.fmsdocumentation.com\/wp-content\/uploads\/2018\/11\/334-768x208.png 768w, https:\/\/www.fmsdocumentation.com\/wp-content\/uploads\/2018\/11\/334-1024x277.png 1024w\" sizes=\"auto, (max-width: 1040px) 100vw, 1040px\" \/><\/a><\/p>\n<p>Kliknut\u00edm na vozidlo v zozname sa objav\u00ed panel s detailmi vozidla ved\u013ea u\u017e otvoren\u00e9ho panela.<\/p>\n<p><a href=\"https:\/\/www.fmsdocumentation.com\/wp-content\/uploads\/2018\/11\/28.png\"><img loading=\"lazy\" decoding=\"async\" class=\"alignnone wp-image-6173 size-full\" src=\"https:\/\/www.fmsdocumentation.com\/wp-content\/uploads\/2018\/11\/28.png\" alt=\"\" width=\"720\" height=\"905\" srcset=\"https:\/\/www.fmsdocumentation.com\/wp-content\/uploads\/2018\/11\/28.png 720w, https:\/\/www.fmsdocumentation.com\/wp-content\/uploads\/2018\/11\/28-239x300.png 239w\" sizes=\"auto, (max-width: 720px) 100vw, 720px\" \/><\/a><\/p>\n<p>Tento panel je pop\u00edsan\u00fd v nasleduj\u00facom oddiele.<\/p>\n<p><p class=\"note\">Pozn\u00e1mka<br \/>\nOtvorenie panela s detailmi vozidla sa l\u00ed\u0161i od otvorenia z mapy. Rozdiel spo\u010d\u00edva v absencii paneli &#8220;Stav flotily&#8221; pri pr\u00edstupe z mapy.<\/p><\/p>\n<hr \/>\n<p><div class=\"alignleft\"><a href=\"https:\/\/www.fmsdocumentation.com\/sk\/hlavne-okno\/nastavenie-uctu\/\" title=\"Nastavenie \u00fa\u010dtu\"><span class=\"arrow\">\u2039 &nbsp <\/span> Nastavenie \u00fa\u010dtu <\/a><\/div> <div class=\"alignright\"><a href=\"https:\/\/www.fmsdocumentation.com\/sk\/menu-prehlad\/prehlad-za-vozidlo\/\" title=\"Preh\u013ead za vozidlo\">Preh\u013ead za vozidlo <span class=\"arrow\"> &nbsp\u203a <\/span> <\/a><\/div><\/p>\n<p>&nbsp;<\/p>\n","protected":false},"excerpt":{"rendered":"<p>Menu sa otvor\u00ed kliknut\u00edm na pr\u00edslu\u0161n\u00fa ikonu v naviga\u010dnom menu na \u013eavej strane obrazovky. Ikona sa modro zv\u00fdrazn\u00ed a vpravo sa objav\u00ed nov\u00fd panel &#8211; Stav objektov. Panel Stav objektov zobrazuje preh\u013ead v\u0161etk\u00fdch vozidiel vozov\u00e9ho parku u\u017e\u00edvate\u013ea. Ka\u017ed\u00fd objekt v zozname m\u00e1 \u0161pecifick\u00fa identifik\u00e1ciu, ktor\u00e1 zobrazuje o ak\u00fd typ objektu sa jedn\u00e1. Niektor\u00e9 typy objektu &hellip; <a href=\"https:\/\/www.fmsdocumentation.com\/sk\/menu-prehlad\/\" class=\"more-link\">Pokra\u010dova\u0165 v \u010d\u00edtan\u00ed: <span class=\"screen-reader-text\">Menu Preh\u013ead<\/span><\/a><\/p>\n","protected":false},"author":5,"featured_media":0,"parent":0,"menu_order":29,"comment_status":"closed","ping_status":"closed","template":"","meta":{"footnotes":""},"class_list":["post-6499","page","type-page","status-publish","hentry"],"_links":{"self":[{"href":"https:\/\/www.fmsdocumentation.com\/sk\/wp-json\/wp\/v2\/pages\/6499","targetHints":{"allow":["GET"]}}],"collection":[{"href":"https:\/\/www.fmsdocumentation.com\/sk\/wp-json\/wp\/v2\/pages"}],"about":[{"href":"https:\/\/www.fmsdocumentation.com\/sk\/wp-json\/wp\/v2\/types\/page"}],"author":[{"embeddable":true,"href":"https:\/\/www.fmsdocumentation.com\/sk\/wp-json\/wp\/v2\/users\/5"}],"replies":[{"embeddable":true,"href":"https:\/\/www.fmsdocumentation.com\/sk\/wp-json\/wp\/v2\/comments?post=6499"}],"version-history":[{"count":4,"href":"https:\/\/www.fmsdocumentation.com\/sk\/wp-json\/wp\/v2\/pages\/6499\/revisions"}],"predecessor-version":[{"id":7853,"href":"https:\/\/www.fmsdocumentation.com\/sk\/wp-json\/wp\/v2\/pages\/6499\/revisions\/7853"}],"wp:attachment":[{"href":"https:\/\/www.fmsdocumentation.com\/sk\/wp-json\/wp\/v2\/media?parent=6499"}],"curies":[{"name":"wp","href":"https:\/\/api.w.org\/{rel}","templated":true}]}}