{"id":6502,"date":"2018-12-13T13:24:32","date_gmt":"2018-12-13T11:24:32","guid":{"rendered":"http:\/\/www.fmsdocumentation.com\/?page_id=6502"},"modified":"2018-12-13T13:24:32","modified_gmt":"2018-12-13T11:24:32","slug":"prehlad-za-vozidlo","status":"publish","type":"page","link":"https:\/\/www.fmsdocumentation.com\/sk\/menu-prehlad\/prehlad-za-vozidlo\/","title":{"rendered":"Preh\u013ead za vozidlo"},"content":{"rendered":"<p>Tento preh\u013eadov\u00fd panel sa otv\u00e1ra z panela stavu objektov a poskytuje dodato\u010dn\u00e9 inform\u00e1cie:<\/p>\n<ul>\n<li>Adresu aktu\u00e1lnej poz\u00edcie vozidla;<\/li>\n<li>pl\u00e1n; (Funkcia je e\u0161te vo v\u00fdvoji. Objekty bud\u00fa ma\u0165 niektor\u00e9 funkcie limitovanej v z\u00e1vislosti na objednanom pl\u00e1ne vozidl\u00e1);<\/li>\n<li>Prv\u00fd vodi\u010d a stav &#8211; zobrazuje vodi\u010da priraden\u00e9ho k vozidlu spolu s inform\u00e1ciu tachografu (ako Odpo\u010dinok, Dostupnos\u0165, Jazda, Riadenie, Chyba, Nedostupn\u00fd). Stavy s\u00fa zobrazen\u00e9 iba pre vozidl\u00e1 s funguj\u00facim tachografom.<\/li>\n<li>Druh\u00fd vodi\u010d a stav &#8211; objavuje sa v pr\u00edpade, ke\u010f s\u00fa prihl\u00e1sen\u00ed dvaja vodi\u010di. Aktu\u00e1lne inform\u00e1cie tachografu sa zobrazuje aj pre druh\u00e9ho vodi\u010da (Odpo\u010dinok, Dostupnos\u0165, Jazda, Riadenie, Chyba, Nedostupn\u00fd);<\/li>\n<li>Mo\u017enos\u0165 zablokovania vozidla (ak je v jednotke konfigurovan\u00e9);<\/li>\n<li>Aktu\u00e1lny stav &#8211; stavy m\u00f4\u017eu by\u0165: v pohybe, na vo\u013enobehu, zapa\u013eovanie vypnut\u00e9, bez sign\u00e1lu alebo zapa\u013eovanie blokovan\u00e9;<\/li>\n<li>Trvanie aktu\u00e1lneho stavu;<\/li>\n<li>Posledn\u00fd synchroniz\u00e1cia sign\u00e1lu (s informa\u010dnou ikonou zobrazuj\u00faci presn\u00fd d\u00e1tum a \u010das poslednej synchroniz\u00e1cie);<\/li>\n<li>S\u00faradnice poslednej synchroniz\u00e1cie;<\/li>\n<li>Zdroj sign\u00e1lu &#8211; Honeywell &#8211; bude zobrazen\u00fd len ke\u010f bola prijat\u00e1 posledn\u00e1 s\u00faradnice zo slu\u017eby Honeywell;<\/li>\n<li>\u00da\u010del jazdy;<\/li>\n<li>Pripomienka sk\u00fa\u0161obn\u00e9ho obdobia &#8211; zobrazuje sa len pre objekty, ktor\u00e9 s\u00fa do\u010dasne presunut\u00e9 zo star\u0161ieho syst\u00e9mu sledovania alebo sa jedn\u00e1 o sk\u00fa\u0161obn\u00fa prev\u00e1dzku nov\u00fdch objektov.<\/li>\n<\/ul>\n<p><a href=\"https:\/\/www.fmsdocumentation.com\/wp-content\/uploads\/2018\/02\/29.png\"><img loading=\"lazy\" decoding=\"async\" class=\"alignnone size-large wp-image-4407\" src=\"https:\/\/www.fmsdocumentation.com\/wp-content\/uploads\/2018\/02\/29-1024x506.png\" alt=\"\" width=\"660\" height=\"326\" srcset=\"https:\/\/www.fmsdocumentation.com\/wp-content\/uploads\/2018\/02\/29-1024x506.png 1024w, https:\/\/www.fmsdocumentation.com\/wp-content\/uploads\/2018\/02\/29-300x148.png 300w, https:\/\/www.fmsdocumentation.com\/wp-content\/uploads\/2018\/02\/29-768x380.png 768w, https:\/\/www.fmsdocumentation.com\/wp-content\/uploads\/2018\/02\/29.png 1920w\" sizes=\"auto, (max-width: 660px) 100vw, 660px\" \/><\/a><\/p>\n<p>Z tohto panelu je mo\u017en\u00e9 otvori\u0165 \u010fal\u0161ie panely:<\/p>\n<ol>\n<li>Preh\u013ead za vozidlo (otv\u00e1ra sa automaticky);<\/li>\n<li>Hist\u00f3ria;<\/li>\n<li>Udalosti;<\/li>\n<li>Palivo;<\/li>\n<li>Upozor\u0148ovania.<\/li>\n<\/ol>\n<p>Aktu\u00e1lne otvoren\u00fd panel je zv\u00fdraznen\u00fd svetlej\u0161\u00edm odtie\u0148om modrej (\u010d. 1 na obr\u00e1zku dole).<\/p>\n<p><a href=\"https:\/\/www.fmsdocumentation.com\/wp-content\/uploads\/2018\/11\/30.png\"><img loading=\"lazy\" decoding=\"async\" class=\"alignnone size-full wp-image-6184\" src=\"https:\/\/www.fmsdocumentation.com\/wp-content\/uploads\/2018\/11\/30.png\" alt=\"\" width=\"360\" height=\"60\" srcset=\"https:\/\/www.fmsdocumentation.com\/wp-content\/uploads\/2018\/11\/30.png 360w, https:\/\/www.fmsdocumentation.com\/wp-content\/uploads\/2018\/11\/30-300x50.png 300w\" sizes=\"auto, (max-width: 360px) 100vw, 360px\" \/><\/a><\/p>\n<hr \/>\n<p><div class=\"alignleft\"><a href=\"https:\/\/www.fmsdocumentation.com\/sk\/menu-prehlad\/\" title=\"Menu Preh\u013ead\"><span class=\"arrow\">\u2039 &nbsp <\/span> Menu Preh\u013ead <\/a><\/div> <div class=\"alignright\"><a href=\"https:\/\/www.fmsdocumentation.com\/sk\/menu-prehlad\/prehlad-historie\/\" title=\"Preh\u013ead hist\u00f3rie\">Preh\u013ead hist\u00f3rie <span class=\"arrow\"> &nbsp\u203a <\/span> <\/a><\/div><\/p>\n","protected":false},"excerpt":{"rendered":"<p>Tento preh\u013eadov\u00fd panel sa otv\u00e1ra z panela stavu objektov a poskytuje dodato\u010dn\u00e9 inform\u00e1cie: Adresu aktu\u00e1lnej poz\u00edcie vozidla; pl\u00e1n; (Funkcia je e\u0161te vo v\u00fdvoji. Objekty bud\u00fa ma\u0165 niektor\u00e9 funkcie limitovanej v z\u00e1vislosti na objednanom pl\u00e1ne vozidl\u00e1); Prv\u00fd vodi\u010d a stav &#8211; zobrazuje vodi\u010da priraden\u00e9ho k vozidlu spolu s inform\u00e1ciu tachografu (ako Odpo\u010dinok, Dostupnos\u0165, Jazda, Riadenie, Chyba, &hellip; <a href=\"https:\/\/www.fmsdocumentation.com\/sk\/menu-prehlad\/prehlad-za-vozidlo\/\" class=\"more-link\">Pokra\u010dova\u0165 v \u010d\u00edtan\u00ed: <span class=\"screen-reader-text\">Preh\u013ead za vozidlo<\/span><\/a><\/p>\n","protected":false},"author":5,"featured_media":0,"parent":6499,"menu_order":2,"comment_status":"closed","ping_status":"closed","template":"","meta":{"footnotes":""},"class_list":["post-6502","page","type-page","status-publish","hentry"],"_links":{"self":[{"href":"https:\/\/www.fmsdocumentation.com\/sk\/wp-json\/wp\/v2\/pages\/6502","targetHints":{"allow":["GET"]}}],"collection":[{"href":"https:\/\/www.fmsdocumentation.com\/sk\/wp-json\/wp\/v2\/pages"}],"about":[{"href":"https:\/\/www.fmsdocumentation.com\/sk\/wp-json\/wp\/v2\/types\/page"}],"author":[{"embeddable":true,"href":"https:\/\/www.fmsdocumentation.com\/sk\/wp-json\/wp\/v2\/users\/5"}],"replies":[{"embeddable":true,"href":"https:\/\/www.fmsdocumentation.com\/sk\/wp-json\/wp\/v2\/comments?post=6502"}],"version-history":[{"count":2,"href":"https:\/\/www.fmsdocumentation.com\/sk\/wp-json\/wp\/v2\/pages\/6502\/revisions"}],"predecessor-version":[{"id":6504,"href":"https:\/\/www.fmsdocumentation.com\/sk\/wp-json\/wp\/v2\/pages\/6502\/revisions\/6504"}],"up":[{"embeddable":true,"href":"https:\/\/www.fmsdocumentation.com\/sk\/wp-json\/wp\/v2\/pages\/6499"}],"wp:attachment":[{"href":"https:\/\/www.fmsdocumentation.com\/sk\/wp-json\/wp\/v2\/media?parent=6502"}],"curies":[{"name":"wp","href":"https:\/\/api.w.org\/{rel}","templated":true}]}}