{"id":6505,"date":"2018-12-13T13:48:09","date_gmt":"2018-12-13T11:48:09","guid":{"rendered":"http:\/\/www.fmsdocumentation.com\/?page_id=6505"},"modified":"2018-12-14T08:49:46","modified_gmt":"2018-12-14T06:49:46","slug":"prehlad-historie","status":"publish","type":"page","link":"https:\/\/www.fmsdocumentation.com\/sk\/menu-prehlad\/prehlad-historie\/","title":{"rendered":"Preh\u013ead hist\u00f3rie"},"content":{"rendered":"<p><strong>Hist\u00f3ria<\/strong> &#8211; otvoren\u00edm tohto panelu sa automaticky aktualizuje mapa s posledn\u00fd hist\u00f3rii jazdy zvolen\u00e9ho vozidl\u00e1 so zobrazen\u00edm stru\u010dn\u00e9 anal\u00fdzy jazdy.<\/p>\n<p><a href=\"https:\/\/www.fmsdocumentation.com\/wp-content\/uploads\/2018\/11\/31.png\"><img loading=\"lazy\" decoding=\"async\" class=\"alignnone size-large wp-image-6224\" src=\"https:\/\/www.fmsdocumentation.com\/wp-content\/uploads\/2018\/11\/31-1024x500.png\" alt=\"\" width=\"660\" height=\"322\" srcset=\"https:\/\/www.fmsdocumentation.com\/wp-content\/uploads\/2018\/11\/31-1024x500.png 1024w, https:\/\/www.fmsdocumentation.com\/wp-content\/uploads\/2018\/11\/31-300x147.png 300w, https:\/\/www.fmsdocumentation.com\/wp-content\/uploads\/2018\/11\/31-768x375.png 768w, https:\/\/www.fmsdocumentation.com\/wp-content\/uploads\/2018\/11\/31.png 1920w\" sizes=\"auto, (max-width: 660px) 100vw, 660px\" \/><\/a><\/p>\n<p>Obdobie je automaticky nastaven\u00e9 na aktu\u00e1lny de\u0148. Mo\u017eno to zmeni\u0165 kliknut\u00edm na &#8220;Vyberte obdobie&#8221;, rozbal\u00ed sa zoznam s vo\u013ebou obdobia. Je tu nieko\u013eko prednastaven\u00fdch obdobia v\u00fdberu, vr\u00e1tane mo\u017enosti u\u017e\u00edvate\u013esk\u00e9ho nastavenia. Minim\u00e1lna obdobie je de\u0148.<\/p>\n<p><a href=\"https:\/\/www.fmsdocumentation.com\/wp-content\/uploads\/2017\/04\/32.png\"><img loading=\"lazy\" decoding=\"async\" class=\"alignnone wp-image-85 size-full\" src=\"https:\/\/www.fmsdocumentation.com\/wp-content\/uploads\/2017\/04\/32.png\" alt=\"\" width=\"360\" height=\"221\" srcset=\"https:\/\/www.fmsdocumentation.com\/wp-content\/uploads\/2017\/04\/32.png 360w, https:\/\/www.fmsdocumentation.com\/wp-content\/uploads\/2017\/04\/32-300x184.png 300w\" sizes=\"auto, (max-width: 360px) 100vw, 360px\" \/><\/a><\/p>\n<p>Aktu\u00e1lne zvolen\u00e9 obdobie je zv\u00fdraznen\u00e9 tmav\u0161\u00edm odtie\u0148om \u0161edej a modrou \u010diarou vpravo pri n\u00e1zve obdobie. Ak u\u017e\u00edvate\u013e zvol\u00ed &#8220;U\u017e\u00edvate\u013esk\u00fd rozsah&#8221; objav\u00ed sa kalend\u00e1r pre vo\u013ebu obdobie.<\/p>\n<p>\u0160tandardn\u00e1 vo\u013eba je &#8220;dnes od 00:00 do 23:59&#8221;, pre zmenu kliknite na tri bodky na pravej strane zobrazen\u00e9ho obdobia. Objav\u00ed sa panel kalend\u00e1ra s aktu\u00e1lne zvolen\u00fdm d\u00e1tumom zv\u00fdraznen\u00fdm modro. Aktu\u00e1lny de\u0148 je zv\u00fdraznen\u00fd mal\u00fdm \u010derveno-modr\u00fdm trojuholn\u00edkom nad d\u00e1tumom. Je aktu\u00e1lny de\u0148 vybran\u00fd, potom sa farba trojuholn\u00edka zmen\u00ed na biely. Pre vo\u013ebu obdobie kliknite na po\u010diato\u010dn\u00fd alebo koncov\u00fd d\u00e1tum (v porad\u00ed nie je priorita) a potom kliknite na proti\u013eahlej d\u00e1tum volen\u00e9ho obdobia. Po v\u00fdbere obdob\u00ed syst\u00e9m automaticky hist\u00f3riu aktualizuje, ale panel sa nezavrie, \u010do u\u017e\u00edvate\u013eovi umo\u017e\u0148uje \u0161pecifikova\u0165 po\u010diato\u010dn\u00fa a koncov\u00fa hodinu po\u017eadovanej hist\u00f3rie. Po vykonan\u00fdch zmen\u00e1ch sa hist\u00f3ria automaticky aktualizuje.<\/p>\n<p><a href=\"https:\/\/www.fmsdocumentation.com\/wp-content\/uploads\/2018\/11\/34.png\"><img loading=\"lazy\" decoding=\"async\" class=\"alignnone wp-image-6227 size-full\" src=\"https:\/\/www.fmsdocumentation.com\/wp-content\/uploads\/2018\/11\/34.png\" alt=\"\" width=\"360\" height=\"514\" srcset=\"https:\/\/www.fmsdocumentation.com\/wp-content\/uploads\/2018\/11\/34.png 360w, https:\/\/www.fmsdocumentation.com\/wp-content\/uploads\/2018\/11\/34-210x300.png 210w\" sizes=\"auto, (max-width: 360px) 100vw, 360px\" \/><\/a><\/p>\n<p>Maxim\u00e1lna d\u013a\u017eka obdobia je 6 mesiacov. Panel sa zatvor\u00ed kliknut\u00edm kdeko\u013evek mimo kalend\u00e1r. Pre ka\u017ed\u00e9 vybran\u00e9 obdobie sa zobraz\u00ed sumariz\u00e1cia so v\u0161eobecn\u00fdmi inform\u00e1ciami:<\/p>\n<ul>\n<li>Namiesto v\u00fdjazdu;<\/li>\n<li>Miesto pr\u00edchodu;<\/li>\n<li>Doba jazdy;<\/li>\n<li>Doba st\u00e1tie;<\/li>\n<li>Prejden\u00e1 vzdialenos\u0165<\/li>\n<\/ul>\n<p>Pod sumariz\u00e1ciou s\u00fa podrobnosti o jazde. Jazdy s\u00fa najprv zoskupen\u00e9 pod\u013ea dn\u00ed, po\u010dn\u00fac od najstar\u0161\u00edch po najmlad\u0161\u00edch. Potom s\u00fa jazdy oddelen\u00e9 pod\u013ea logiky udalost\u00ed. Jazda za\u010d\u00edna oto\u010den\u00edm k\u013e\u00fa\u010da zapa\u013eovania a kon\u010d\u00ed jeho vypnut\u00edm. Kliknut\u00edm na jazdu sa zv\u00fdrazn\u00ed a zazumuje na mape. Op\u00e4tovn\u00fdm kliknut\u00edm na jazdu sa mapa vr\u00e1ti na celkov\u00fd preh\u013ead.<\/p>\n<p><a href=\"https:\/\/www.fmsdocumentation.com\/wp-content\/uploads\/2018\/11\/35-1.png\"><img loading=\"lazy\" decoding=\"async\" class=\"alignnone size-full wp-image-6229\" src=\"https:\/\/www.fmsdocumentation.com\/wp-content\/uploads\/2018\/11\/35-1.png\" alt=\"\" width=\"360\" height=\"490\" srcset=\"https:\/\/www.fmsdocumentation.com\/wp-content\/uploads\/2018\/11\/35-1.png 360w, https:\/\/www.fmsdocumentation.com\/wp-content\/uploads\/2018\/11\/35-1-220x300.png 220w\" sizes=\"auto, (max-width: 360px) 100vw, 360px\" \/><\/a><\/p>\n<p>Pod vo\u013ebou obdobie je tla\u010didlo &#8220;Zobrazi\u0165 polohy&#8221;.<\/p>\n<p><a href=\"https:\/\/www.fmsdocumentation.com\/wp-content\/uploads\/2018\/11\/190.png\"><img loading=\"lazy\" decoding=\"async\" class=\"alignnone size-full wp-image-6231\" src=\"https:\/\/www.fmsdocumentation.com\/wp-content\/uploads\/2018\/11\/190.png\" alt=\"\" width=\"360\" height=\"170\" srcset=\"https:\/\/www.fmsdocumentation.com\/wp-content\/uploads\/2018\/11\/190.png 360w, https:\/\/www.fmsdocumentation.com\/wp-content\/uploads\/2018\/11\/190-300x142.png 300w\" sizes=\"auto, (max-width: 360px) 100vw, 360px\" \/><\/a><\/p>\n<p>Otvor\u00ed podrobnej\u0161iu anal\u00fdzu predch\u00e1dzaj\u00faceho obdobia jazdy. Preh\u013eadov\u00e9 okno je rozdelen\u00e9 do troch hlavn\u00fdch \u010dast\u00ed, ktor\u00e9 bud\u00fa pop\u00edsan\u00e9 zvl\u00e1\u0161\u0165:<\/p>\n<ol>\n<li>Podrobnosti &#8211; m\u00f4\u017eu by\u0165 skryt\u00e9 kliknut\u00edm na ikonu \u0161\u00edpky;<\/li>\n<li>Zobrazenie mapy;<\/li>\n<li>Graf &#8211; m\u00f4\u017ee by\u0165 skryt\u00fd kliknut\u00edm na ikonu \u0161\u00edpky.<\/li>\n<\/ol>\n<p>V\u0161etky tieto tri \u010dasti spolupracuj\u00fa. Kliknut\u00edm na riadok podrobnosti sa zumuje v mape a ozna\u010d\u00ed bod v grafe, funguje to aj naopak.<\/p>\n<p><a href=\"https:\/\/www.fmsdocumentation.com\/wp-content\/uploads\/2018\/08\/191-1.png\"><img loading=\"lazy\" decoding=\"async\" class=\"alignnone size-large wp-image-5808\" src=\"https:\/\/www.fmsdocumentation.com\/wp-content\/uploads\/2018\/08\/191-1-1024x486.png\" alt=\"\" width=\"660\" height=\"313\" srcset=\"https:\/\/www.fmsdocumentation.com\/wp-content\/uploads\/2018\/08\/191-1-1024x486.png 1024w, https:\/\/www.fmsdocumentation.com\/wp-content\/uploads\/2018\/08\/191-1-300x142.png 300w, https:\/\/www.fmsdocumentation.com\/wp-content\/uploads\/2018\/08\/191-1-768x365.png 768w, https:\/\/www.fmsdocumentation.com\/wp-content\/uploads\/2018\/08\/191-1.png 1860w\" sizes=\"auto, (max-width: 660px) 100vw, 660px\" \/><\/a><\/p>\n<p><strong>Podrobnosti<\/strong> &#8211;\u00a0zobrazuj\u00fa z\u00e1kladn\u00e9 inform\u00e1cie o vozidle na vybran\u00e9 obdobie. Vybran\u00e9 obdobie je zobrazen\u00e9 nad zoznamom pol\u00f4h, zv\u00fdraznen\u00e9 modro. V\u013eavo\u00a0 je tla\u010didlo, ktor\u00e9 vr\u00e1ti pou\u017e\u00edvate\u013ea na predch\u00e1dzaj\u00facu obrazovku preh\u013eadu hist\u00f3rie.<\/p>\n<p><a href=\"https:\/\/www.fmsdocumentation.com\/wp-content\/uploads\/2018\/08\/192.png\"><img loading=\"lazy\" decoding=\"async\" class=\"alignnone size-full wp-image-5806\" src=\"https:\/\/www.fmsdocumentation.com\/wp-content\/uploads\/2018\/08\/192.png\" alt=\"\" width=\"697\" height=\"60\" srcset=\"https:\/\/www.fmsdocumentation.com\/wp-content\/uploads\/2018\/08\/192.png 697w, https:\/\/www.fmsdocumentation.com\/wp-content\/uploads\/2018\/08\/192-300x26.png 300w\" sizes=\"auto, (max-width: 697px) 100vw, 697px\" \/><\/a><\/p>\n<p>Pod d\u00e1tumom je tabu\u013eka s parametrami. S\u00fa \u010dlenen\u00e9 do st\u013apcov. V pr\u00edklade s\u00fa parametre zobrazen\u00e9 tak, ako sa automaticky zobraz\u00ed pri prvom otvoren\u00ed. M\u00f4\u017eu by\u0165 zmenen\u00e9 kliknut\u00edm na tri bodky vpravo na konci n\u00e1zvu st\u013apcov. Tabu\u013eka parametrov m\u00f4\u017ee s\u00fa\u010dasne obsahova\u0165 iba 250 z\u00e1znamov, pre zobrazenie predch\u00e1dzaj\u00facej alebo nasleduj\u00facej sady 250 z\u00e1znamov sa mus\u00ed klikn\u00fa\u0165 na mal\u00fa \u0161\u00edpku na za\u010diatku zoznamu (pre predch\u00e1dzaj\u00face z\u00e1znamy) alebo na mal\u00fa \u0161\u00edpku na konci zoznamu (pre nasleduj\u00face z\u00e1znamy).<\/p>\n<p>Prv\u00fdkr\u00e1t sa zobraz\u00ed nasledovn\u00e9 parametre:<\/p>\n<ul>\n<li>Stav zapa\u013eovania &#8211; On alebo OFF (Nemo\u017eno odobra\u0165);<\/li>\n<li>D\u00e1tum a \u010das &#8211; d\u00e1tum a \u010das z\u00e1znamu (Nemo\u017eno odobra\u0165);<\/li>\n<li>R\u00fdchlos\u0165 &#8211; r\u00fdchlos\u0165 vozidla pri z\u00e1zname (km \/ h);<\/li>\n<li>Hladina paliva &#8211; hladina paliva v \u010dase z\u00e1znamu (litre);<\/li>\n<li>Spotreba paliva &#8211; ke\u010f jednotka umo\u017e\u0148uje sledovanie spotreby a je nakonfigurovan\u00e9, je zobrazen\u00e1 priemern\u00e1 spotreba paliva v \u010dase z\u00e1znamu (litre \/ 100km);<\/li>\n<li>\u00da\u010del jazdy &#8211; ak je nakonfigurovan\u00fd v jednotke, zobrazuje prihl\u00e1senie vodi\u010da v \u010dase z\u00e1zname;<\/li>\n<li>Tachometer &#8211; stav tachometra v \u010dase z\u00e1znamu (kilometre);<\/li>\n<li>Virtu\u00e1lne odometer GPS &#8211; prejden\u00e1 vzdialenos\u0165 pod\u013ea GPS v \u010dase z\u00e1znamu.<\/li>\n<\/ul>\n<p><a href=\"https:\/\/www.fmsdocumentation.com\/wp-content\/uploads\/2017\/04\/193.png\"><img loading=\"lazy\" decoding=\"async\" class=\"alignnone wp-image-346 size-full\" src=\"https:\/\/www.fmsdocumentation.com\/wp-content\/uploads\/2017\/04\/193.png\" alt=\"\" width=\"767\" height=\"341\" srcset=\"https:\/\/www.fmsdocumentation.com\/wp-content\/uploads\/2017\/04\/193.png 767w, https:\/\/www.fmsdocumentation.com\/wp-content\/uploads\/2017\/04\/193-300x133.png 300w\" sizes=\"auto, (max-width: 767px) 100vw, 767px\" \/><\/a><\/p>\n<p>Zobrazen\u00e9 parametre zmen\u00edte tri bodky, ako spomenut\u00e9 vy\u0161\u0161ie. Otvor\u00ed sa nov\u00e9 okno so v\u0161etk\u00fdmi dostupn\u00fdmi parametrami pre vybran\u00e9 vozidlo.<\/p>\n<p><p class=\"note\">Pozn\u00e1mka<br \/>\nParametre sa pre ka\u017ed\u00e9 vozidlo l\u00ed\u0161i pod\u013ea toho, ak\u00fa jednotkou je vozidlo vybaven\u00e9 a ako je jednotka nakonfigurovan\u00e1. Zobraz\u00ed sa iba parametre v jednotke nakonfigurovan\u00e9. Vybran\u00e9 parametre s\u00fa ulo\u017een\u00e9 v datab\u00e1ze syst\u00e9mu. Ak s\u00fa vybran\u00e9 parametre podporovan\u00e9 jedn\u00fdm vozidlom a potom je pre zobrazenie anal\u00fdzy pod\u013ea s\u00faradn\u00edc vybralo in\u00e9 vozidlo s in\u00fdmi dostupn\u00fdmi parametrami, tabu\u013eka zobraz\u00ed parametre s pr\u00e1zdnymi poliami pokia\u013e je vozidlo nepodporuje. Tieto parametre nebud\u00fa rovnako v zozname parametrov obsiahnut\u00e9 (nebud\u00fa zobrazen\u00e9 pri v\u00fdbere), ale kliknut\u00edm na tla\u010didlo &#8220;Hotovo&#8221; alebo v\u00fdberom in\u00fdch parametrov a kliknut\u00edm na &#8220;Hotovo&#8221; sa odstr\u00e1ni nepodporovan\u00e9 parametrami z tabu\u013eky.<\/p><\/p>\n<p><a href=\"https:\/\/www.fmsdocumentation.com\/wp-content\/uploads\/2017\/04\/208.png\"><img loading=\"lazy\" decoding=\"async\" class=\"alignnone wp-image-347 size-full\" src=\"https:\/\/www.fmsdocumentation.com\/wp-content\/uploads\/2017\/04\/208.png\" alt=\"\" width=\"750\" height=\"526\" srcset=\"https:\/\/www.fmsdocumentation.com\/wp-content\/uploads\/2017\/04\/208.png 750w, https:\/\/www.fmsdocumentation.com\/wp-content\/uploads\/2017\/04\/208-300x210.png 300w\" sizes=\"auto, (max-width: 750px) 100vw, 750px\" \/><\/a><\/p>\n<p><p class=\"note\">Pozn\u00e1mka<br \/>\nAk bol vybran\u00fd pre zobrazenie v tabu\u013eke digit\u00e1lny vstup a hodnota sa rovn\u00e1 1, potom bude zobrazen\u00e1 bodka, ak je hodnota 0 potom sa zobrazuje pr\u00e1zdna bodka.<\/p><\/p>\n<p>Maxim\u00e1lny po\u010det volite\u013en\u00fdch parametrov je 8. Po vykonan\u00ed zmien sa mus\u00ed klikn\u00fa\u0165 na tla\u010didlo &#8220;Hotovo&#8221;.<\/p>\n<p>Kliknut\u00edm na riadok v tabu\u013eke sa zobraz\u00ed poloha v mape, kde bol z\u00e1znam uroben\u00fd.<\/p>\n<p><strong>Zobrazenie mapy<\/strong>&#8211; je takmer identick\u00e9 s preh\u013eadom hist\u00f3rie. Hlavn\u00fd rozdiel je ten, \u017ee v mape s\u00fa \u010fal\u0161ie podrobnosti. Smer pohybu vozidla nie je zobrazen\u00fd \u0161\u00edpkami, spustenie udalosti je vyzna\u010den\u00e9 \u017elt\u00fdmi zvony. Tankovanie a \u00fabytky paliva sa v mape tie\u017e zobrazuj\u00fa, tankovanie je ozna\u010den\u00e9 zelenou kvapkou, \u00fabytky \u010derven\u00fa kvapkou. Kliknut\u00edm na ktor\u00fako\u013evek udalos\u0165 sa v mape zobrazia dodato\u010dn\u00e9 inform\u00e1cie.<\/p>\n<p><a href=\"https:\/\/www.fmsdocumentation.com\/wp-content\/uploads\/2017\/04\/194.png\"><img loading=\"lazy\" decoding=\"async\" class=\"alignnone wp-image-348 size-full\" src=\"https:\/\/www.fmsdocumentation.com\/wp-content\/uploads\/2017\/04\/194.png\" alt=\"\" width=\"752\" height=\"331\" srcset=\"https:\/\/www.fmsdocumentation.com\/wp-content\/uploads\/2017\/04\/194.png 752w, https:\/\/www.fmsdocumentation.com\/wp-content\/uploads\/2017\/04\/194-300x132.png 300w\" sizes=\"auto, (max-width: 752px) 100vw, 752px\" \/><\/a><\/p>\n<p>Ak je ve\u013ea udalosti bl\u00edzko seba, zobraz\u00ed sa v mape v klastroch.<\/p>\n<p><a href=\"https:\/\/www.fmsdocumentation.com\/wp-content\/uploads\/2017\/04\/229.png\"><img loading=\"lazy\" decoding=\"async\" class=\"alignnone wp-image-507 size-full\" src=\"https:\/\/www.fmsdocumentation.com\/wp-content\/uploads\/2017\/04\/229.png\" alt=\"\" width=\"359\" height=\"325\" srcset=\"https:\/\/www.fmsdocumentation.com\/wp-content\/uploads\/2017\/04\/229.png 359w, https:\/\/www.fmsdocumentation.com\/wp-content\/uploads\/2017\/04\/229-300x272.png 300w\" sizes=\"auto, (max-width: 359px) 100vw, 359px\" \/><\/a><\/p>\n<p>Farba kru\u017enice z\u00e1vis\u00ed od typu udalosti ktor\u00e9 s\u00fa sumarizovan\u00e9. Teraz s\u00fa tri farebn\u00e9 indik\u00e1cie:<\/p>\n<ul>\n<li>\u017dlt\u00e1 &#8211; v\u0161eobecn\u00e9 udalosti;<\/li>\n<li>Zelen\u00e1 &#8211; tankovanie;<\/li>\n<li>\u010cerven\u00e1 &#8211; \u00fabytky paliva.<\/li>\n<\/ul>\n<p><a href=\"https:\/\/www.fmsdocumentation.com\/wp-content\/uploads\/2017\/04\/230.png\"><img loading=\"lazy\" decoding=\"async\" class=\"alignnone wp-image-508 size-full\" src=\"https:\/\/www.fmsdocumentation.com\/wp-content\/uploads\/2017\/04\/230.png\" alt=\"\" width=\"140\" height=\"134\" \/><\/a><\/p>\n<p>Kliknut\u00edm na klaster sa otvor\u00ed preh\u013eadov\u00e9 okno zobrazuj\u00face v\u0161etky udalosti v klastri s mo\u017enos\u0165ou filtrovania pod\u013ea typu.<\/p>\n<p><a href=\"https:\/\/www.fmsdocumentation.com\/wp-content\/uploads\/2017\/04\/231.png\"><img loading=\"lazy\" decoding=\"async\" class=\"alignnone wp-image-509 size-full\" src=\"https:\/\/www.fmsdocumentation.com\/wp-content\/uploads\/2017\/04\/231.png\" alt=\"\" width=\"750\" height=\"481\" srcset=\"https:\/\/www.fmsdocumentation.com\/wp-content\/uploads\/2017\/04\/231.png 750w, https:\/\/www.fmsdocumentation.com\/wp-content\/uploads\/2017\/04\/231-300x192.png 300w\" sizes=\"auto, (max-width: 750px) 100vw, 750px\" \/><\/a><\/p>\n<p>Kliknut\u00edm na udalos\u0165 v preh\u013eadovom okne sa okno zavrie, a mapa zazumuje do miesta, kde k udalosti do\u0161lo.<\/p>\n<p><strong>Graf<\/strong> &#8211; zobrazuje inform\u00e1cie graficky. Parametre zmen\u00edte tri bodky v \u013eavej hornej \u010dasti grafu. Parametre sa l\u00ed\u0161ia pod\u013ea konfigur\u00e1cie jednotky. Maxim\u00e1lny po\u010det parametrov s\u00fa 4 a musia by\u0165 vybran\u00fd aspo\u0148 jeden. Po preveden\u00ed zmien sa zmen\u00ed farebn\u00e1 indik\u00e1cia.<\/p>\n<p><a href=\"https:\/\/www.fmsdocumentation.com\/wp-content\/uploads\/2017\/04\/209.png\"><img loading=\"lazy\" decoding=\"async\" class=\"alignnone wp-image-350 size-full\" src=\"https:\/\/www.fmsdocumentation.com\/wp-content\/uploads\/2017\/04\/209.png\" alt=\"\" width=\"750\" height=\"544\" srcset=\"https:\/\/www.fmsdocumentation.com\/wp-content\/uploads\/2017\/04\/209.png 750w, https:\/\/www.fmsdocumentation.com\/wp-content\/uploads\/2017\/04\/209-300x218.png 300w\" sizes=\"auto, (max-width: 750px) 100vw, 750px\" \/><\/a><\/p>\n<p>Farebn\u00e1 indik\u00e1cia je zobrazen\u00e1 nad grafom. Os x predstavuje \u010das (pre predt\u00fdm zvolen\u00e9 obdobie) na osi y s\u00fa hodnoty pre ka\u017ed\u00fd parameter (dole najni\u017e\u0161ie, hore najvy\u0161\u0161iu). Pos\u00favanie my\u0161i nad grafom sa zv\u00fdrazn\u00ed najbli\u017e\u0161\u00ed z\u00e1znamy a ich hodnoty. Hodnoty zv\u00fdraznen\u00fdch z\u00e1znamov sa zobrazuj\u00fa na osi y uprostred medzi najvy\u0161\u0161ou a najni\u017e\u0161ou hodnotou parametra. Kolieskom my\u0161i je mo\u017en\u00e9 graf zv\u00e4\u010d\u0161i\u0165 alebo zmen\u0161i\u0165. Pri zv\u00e4\u010d\u0161en\u00ed m\u00f4\u017ee u\u017e\u00edvate\u013e chyti\u0165 zv\u00e4\u010d\u0161en\u00fa \u010das\u0165 grafu a pos\u00fava\u0165 sa v d\u00e1tach. Kliknut\u00edm na ktor\u00fdko\u013evek bod v grafe sa mapa presunie do bodu, kde bol z\u00e1znam vyhotoven\u00fd.<\/p>\n<p><a href=\"https:\/\/www.fmsdocumentation.com\/wp-content\/uploads\/2017\/04\/196.png\"><img loading=\"lazy\" decoding=\"async\" class=\"alignnone wp-image-351 size-large\" src=\"https:\/\/www.fmsdocumentation.com\/wp-content\/uploads\/2017\/04\/196-1024x242.png\" alt=\"\" width=\"660\" height=\"156\" srcset=\"https:\/\/www.fmsdocumentation.com\/wp-content\/uploads\/2017\/04\/196-1024x242.png 1024w, https:\/\/www.fmsdocumentation.com\/wp-content\/uploads\/2017\/04\/196-300x71.png 300w, https:\/\/www.fmsdocumentation.com\/wp-content\/uploads\/2017\/04\/196-768x181.png 768w, https:\/\/www.fmsdocumentation.com\/wp-content\/uploads\/2017\/04\/196.png 1854w\" sizes=\"auto, (max-width: 660px) 100vw, 660px\" \/><\/a><\/p>\n<p>D\u00e1ta za vybran\u00e9 obdobie je mo\u017en\u00e9 exportova\u0165 kliknut\u00edm na mal\u00fa ikonu &#8220;XLS&#8221; na pravej hornej strane obrazovky. Pre vybran\u00e9 vozidlo sa stiahnu surov\u00e9 d\u00e1ta vo form\u00e1te excel.<\/p>\n<p><a href=\"https:\/\/www.fmsdocumentation.com\/wp-content\/uploads\/2018\/08\/197.png\"><img loading=\"lazy\" decoding=\"async\" class=\"alignnone size-full wp-image-5809\" src=\"https:\/\/www.fmsdocumentation.com\/wp-content\/uploads\/2018\/08\/197.png\" alt=\"\" width=\"393\" height=\"170\" srcset=\"https:\/\/www.fmsdocumentation.com\/wp-content\/uploads\/2018\/08\/197.png 393w, https:\/\/www.fmsdocumentation.com\/wp-content\/uploads\/2018\/08\/197-300x130.png 300w\" sizes=\"auto, (max-width: 393px) 100vw, 393px\" \/><\/a><\/p>\n<p>Pr\u00edklad stiahnut\u00e9ho s\u00faboru:<\/p>\n<p><a href=\"https:\/\/www.fmsdocumentation.com\/wp-content\/uploads\/2017\/04\/198.png\"><img loading=\"lazy\" decoding=\"async\" class=\"alignnone wp-image-353 size-large\" src=\"https:\/\/www.fmsdocumentation.com\/wp-content\/uploads\/2017\/04\/198-1024x101.png\" alt=\"\" width=\"660\" height=\"65\" srcset=\"https:\/\/www.fmsdocumentation.com\/wp-content\/uploads\/2017\/04\/198-1024x101.png 1024w, https:\/\/www.fmsdocumentation.com\/wp-content\/uploads\/2017\/04\/198-300x30.png 300w, https:\/\/www.fmsdocumentation.com\/wp-content\/uploads\/2017\/04\/198-768x76.png 768w, https:\/\/www.fmsdocumentation.com\/wp-content\/uploads\/2017\/04\/198.png 1920w\" sizes=\"auto, (max-width: 660px) 100vw, 660px\" \/><\/a><\/p>\n<hr \/>\n<p><div class=\"alignleft\"><a href=\"https:\/\/www.fmsdocumentation.com\/sk\/menu-prehlad\/prehlad-za-vozidlo\/\" title=\"Preh\u013ead za vozidlo\"><span class=\"arrow\">\u2039 &nbsp <\/span> Preh\u013ead za vozidlo <\/a><\/div> <div class=\"alignright\"><a href=\"https:\/\/www.fmsdocumentation.com\/sk\/menu-prehlad\/prehlad-udalosti\/\" title=\"Preh\u013ead udalost\u00ed\">Preh\u013ead udalost\u00ed <span class=\"arrow\"> &nbsp\u203a <\/span> <\/a><\/div><\/p>\n","protected":false},"excerpt":{"rendered":"<p>Hist\u00f3ria &#8211; otvoren\u00edm tohto panelu sa automaticky aktualizuje mapa s posledn\u00fd hist\u00f3rii jazdy zvolen\u00e9ho vozidl\u00e1 so zobrazen\u00edm stru\u010dn\u00e9 anal\u00fdzy jazdy. Obdobie je automaticky nastaven\u00e9 na aktu\u00e1lny de\u0148. Mo\u017eno to zmeni\u0165 kliknut\u00edm na &#8220;Vyberte obdobie&#8221;, rozbal\u00ed sa zoznam s vo\u013ebou obdobia. Je tu nieko\u013eko prednastaven\u00fdch obdobia v\u00fdberu, vr\u00e1tane mo\u017enosti u\u017e\u00edvate\u013esk\u00e9ho nastavenia. Minim\u00e1lna obdobie je de\u0148. Aktu\u00e1lne &hellip; <a href=\"https:\/\/www.fmsdocumentation.com\/sk\/menu-prehlad\/prehlad-historie\/\" class=\"more-link\">Pokra\u010dova\u0165 v \u010d\u00edtan\u00ed: <span class=\"screen-reader-text\">Preh\u013ead hist\u00f3rie<\/span><\/a><\/p>\n","protected":false},"author":5,"featured_media":0,"parent":6499,"menu_order":3,"comment_status":"closed","ping_status":"closed","template":"","meta":{"footnotes":""},"class_list":["post-6505","page","type-page","status-publish","hentry"],"_links":{"self":[{"href":"https:\/\/www.fmsdocumentation.com\/sk\/wp-json\/wp\/v2\/pages\/6505","targetHints":{"allow":["GET"]}}],"collection":[{"href":"https:\/\/www.fmsdocumentation.com\/sk\/wp-json\/wp\/v2\/pages"}],"about":[{"href":"https:\/\/www.fmsdocumentation.com\/sk\/wp-json\/wp\/v2\/types\/page"}],"author":[{"embeddable":true,"href":"https:\/\/www.fmsdocumentation.com\/sk\/wp-json\/wp\/v2\/users\/5"}],"replies":[{"embeddable":true,"href":"https:\/\/www.fmsdocumentation.com\/sk\/wp-json\/wp\/v2\/comments?post=6505"}],"version-history":[{"count":3,"href":"https:\/\/www.fmsdocumentation.com\/sk\/wp-json\/wp\/v2\/pages\/6505\/revisions"}],"predecessor-version":[{"id":6663,"href":"https:\/\/www.fmsdocumentation.com\/sk\/wp-json\/wp\/v2\/pages\/6505\/revisions\/6663"}],"up":[{"embeddable":true,"href":"https:\/\/www.fmsdocumentation.com\/sk\/wp-json\/wp\/v2\/pages\/6499"}],"wp:attachment":[{"href":"https:\/\/www.fmsdocumentation.com\/sk\/wp-json\/wp\/v2\/media?parent=6505"}],"curies":[{"name":"wp","href":"https:\/\/api.w.org\/{rel}","templated":true}]}}