{"id":6508,"date":"2018-12-13T13:52:55","date_gmt":"2018-12-13T11:52:55","guid":{"rendered":"http:\/\/www.fmsdocumentation.com\/?page_id=6508"},"modified":"2018-12-14T08:50:59","modified_gmt":"2018-12-14T06:50:59","slug":"prehlad-udalosti","status":"publish","type":"page","link":"https:\/\/www.fmsdocumentation.com\/sk\/menu-prehlad\/prehlad-udalosti\/","title":{"rendered":"Preh\u013ead udalost\u00ed"},"content":{"rendered":"<p>Tento \u0161t\u00edtok sa pou\u017e\u00edva pre riadenie a prezeranie udalost\u00ed priraden\u00fdch zvolen\u00e9mu objektu. Priraden\u00e9 udalost\u00ed s\u00fa zobrazen\u00e9 v zozname umiestnenom v spodnej \u010dasti panelu. Pre zmenu priraden\u00fdch udalost\u00ed sa mus\u00ed klikn\u00fa\u0165 na pole &#8220;Preh\u013ead udalost\u00ed&#8221;. Otvor\u00ed sa nov\u00e9 okno so zoznamom v\u0161etk\u00fdch udalost\u00ed registrovan\u00fdch pre aktu\u00e1lneho webov\u00e9ho pou\u017e\u00edvate\u013ea.<\/p>\n<p><a href=\"https:\/\/www.fmsdocumentation.com\/wp-content\/uploads\/2017\/04\/40.png\"><img loading=\"lazy\" decoding=\"async\" class=\"alignnone wp-image-93 size-full\" src=\"https:\/\/www.fmsdocumentation.com\/wp-content\/uploads\/2017\/04\/40.png\" alt=\"\" width=\"360\" height=\"130\" srcset=\"https:\/\/www.fmsdocumentation.com\/wp-content\/uploads\/2017\/04\/40.png 360w, https:\/\/www.fmsdocumentation.com\/wp-content\/uploads\/2017\/04\/40-300x108.png 300w\" sizes=\"auto, (max-width: 360px) 100vw, 360px\" \/><\/a><\/p>\n<p>Aktivovan\u00e9 udalosti bud\u00fa ozna\u010den\u00e9 zv\u00fdraznen\u00fdm podtr\u017en\u00edkom pred n\u00e1zvom udalosti. Ak je udalos\u0165 siv\u00e1 a ned\u00e1 vybra\u0165, znamen\u00e1 to, \u017ee t\u00e1to udalos\u0165 m\u00e1 parametre, ktor\u00e9 nie s\u00fa vozidlom podporovan\u00e9. Pre r\u00fdchle n\u00e1jdenie potrebnej udalosti je k dispoz\u00edcii vyh\u013ead\u00e1vacie li\u0161ta. Zoznam sa aktualizuje automaticky s ka\u017ed\u00fdm zap\u00edsan\u00fdm p\u00edsmenom. Aby sa zmeny ulo\u017eili, mus\u00ed sa po v\u00fdbere udalosti stla\u010di\u0165 tla\u010didlo &#8220;Pou\u017ei\u0165&#8221;.<\/p>\n<p><a href=\"https:\/\/www.fmsdocumentation.com\/wp-content\/uploads\/2017\/04\/41.png\"><img loading=\"lazy\" decoding=\"async\" class=\"alignnone wp-image-94 size-full\" src=\"https:\/\/www.fmsdocumentation.com\/wp-content\/uploads\/2017\/04\/41.png\" alt=\"\" width=\"750\" height=\"540\" srcset=\"https:\/\/www.fmsdocumentation.com\/wp-content\/uploads\/2017\/04\/41.png 750w, https:\/\/www.fmsdocumentation.com\/wp-content\/uploads\/2017\/04\/41-300x216.png 300w\" sizes=\"auto, (max-width: 750px) 100vw, 750px\" \/><\/a><\/p>\n<p>Pod tla\u010didlom &#8220;Preh\u013ead udalost\u00ed&#8221; je k dispoz\u00edcii filter udalost\u00ed. Filter umo\u017e\u0148uje tieto \u010dinnosti:<\/p>\n<ul>\n<li>Zobrazi\u0165 v\u0161etky udalost\u00ed;<\/li>\n<li>Zobrazi\u0165 iba neviden\u00e9 udalosti;<\/li>\n<li>Zobrazi\u0165 iba videnej udalosti.<\/li>\n<\/ul>\n<p><a href=\"https:\/\/www.fmsdocumentation.com\/wp-content\/uploads\/2017\/04\/42.png\"><img loading=\"lazy\" decoding=\"async\" class=\"alignnone wp-image-95 size-full\" src=\"https:\/\/www.fmsdocumentation.com\/wp-content\/uploads\/2017\/04\/42.png\" alt=\"\" width=\"360\" height=\"170\" srcset=\"https:\/\/www.fmsdocumentation.com\/wp-content\/uploads\/2017\/04\/42.png 360w, https:\/\/www.fmsdocumentation.com\/wp-content\/uploads\/2017\/04\/42-300x142.png 300w\" sizes=\"auto, (max-width: 360px) 100vw, 360px\" \/><\/a><\/p>\n<p>Pod filtrom udalost\u00ed je zoznam spusten\u00fdch udalost\u00ed. Tento zoznam sa automaticky form\u00e1tuje chronologicky + pou\u017eit\u00fd filter. Spusten\u00e9 udalosti s\u00fa zv\u00fdraznen\u00e9 tu\u010dne (neviden\u00e9). Potom \u010do sa na ne klikne, stan\u00fa sa viden\u00fdmi a p\u00edsmo sa vr\u00e1ti k norm\u00e1lu. Kliknut\u00edm na udalos\u0165 sa zobrazia \u010fal\u0161ie inform\u00e1cie.<\/p>\n<p><a href=\"https:\/\/www.fmsdocumentation.com\/wp-content\/uploads\/2018\/01\/43.png\"><img loading=\"lazy\" decoding=\"async\" class=\"alignnone size-full wp-image-4282\" src=\"https:\/\/www.fmsdocumentation.com\/wp-content\/uploads\/2018\/01\/43.png\" alt=\"\" width=\"360\" height=\"646\" srcset=\"https:\/\/www.fmsdocumentation.com\/wp-content\/uploads\/2018\/01\/43.png 360w, https:\/\/www.fmsdocumentation.com\/wp-content\/uploads\/2018\/01\/43-167x300.png 167w\" sizes=\"auto, (max-width: 360px) 100vw, 360px\" \/><\/a><\/p>\n<p>Kliknut\u00edm na udalos\u0165 v zozname sa automaticky zv\u00e4\u010d\u0161\u00ed mapa s miestom, kde k udalosti do\u0161lo. Miesto udalosti bude ozna\u010den\u00e9 ikonou \u010derven\u00e9ho zvon\u010deka a nad n\u00edm bud\u00fa zobrazen\u00e9 \u010fal\u0161ie inform\u00e1cie, \u010das udalosti, r\u00fdchlos\u0165 vozidla, tachometer, smer a hladina paliva.<\/p>\n<p><a href=\"https:\/\/www.fmsdocumentation.com\/wp-content\/uploads\/2018\/01\/44.png\"><img loading=\"lazy\" decoding=\"async\" class=\"alignnone size-full wp-image-4283\" src=\"https:\/\/www.fmsdocumentation.com\/wp-content\/uploads\/2018\/01\/44.png\" alt=\"\" width=\"817\" height=\"720\" srcset=\"https:\/\/www.fmsdocumentation.com\/wp-content\/uploads\/2018\/01\/44.png 817w, https:\/\/www.fmsdocumentation.com\/wp-content\/uploads\/2018\/01\/44-300x264.png 300w, https:\/\/www.fmsdocumentation.com\/wp-content\/uploads\/2018\/01\/44-768x677.png 768w\" sizes=\"auto, (max-width: 817px) 100vw, 817px\" \/><\/a><\/p>\n<p>Tvorba novej &#8220;udalosti&#8221; je pop\u00edsan\u00e1 v kapitole &#8220;<a href=\"https:\/\/www.fmsdocumentation.com\/sk\/menu-udalosti\/?lang=sk\">menu udalosti<\/a>&#8220;.<\/p>\n<p><p class=\"note\">Pozn\u00e1mka<br \/>\n\u0160t\u00edtok udalosti funguje v korel\u00e1cii s panelom alarmu op\u00edsanom sk\u00f4r (<a href=\"https:\/\/www.fmsdocumentation.com\/sk\/hlavne-okno\/vystrahy-objektov\/?lang=sk\">v\u00fdstrahy od objektov<\/a>). To znamen\u00e1, \u017ee udalosti ozna\u010den\u00e9 ako videnej bud\u00fa zobrazen\u00e9 aj vo \u0161t\u00edtku udalosti a v paneli alarmov.<\/p><\/p>\n<hr \/>\n<p><div class=\"alignleft\"><a href=\"https:\/\/www.fmsdocumentation.com\/sk\/menu-prehlad\/prehlad-historie\/\" title=\"Preh\u013ead hist\u00f3rie\"><span class=\"arrow\">\u2039 &nbsp <\/span> Preh\u013ead hist\u00f3rie <\/a><\/div> <div class=\"alignright\"><a href=\"https:\/\/www.fmsdocumentation.com\/sk\/menu-prehlad\/prehlad-o-palive\/\" title=\"Preh\u013ead o palive\">Preh\u013ead o palive <span class=\"arrow\"> &nbsp\u203a <\/span> <\/a><\/div><\/p>\n","protected":false},"excerpt":{"rendered":"<p>Tento \u0161t\u00edtok sa pou\u017e\u00edva pre riadenie a prezeranie udalost\u00ed priraden\u00fdch zvolen\u00e9mu objektu. Priraden\u00e9 udalost\u00ed s\u00fa zobrazen\u00e9 v zozname umiestnenom v spodnej \u010dasti panelu. Pre zmenu priraden\u00fdch udalost\u00ed sa mus\u00ed klikn\u00fa\u0165 na pole &#8220;Preh\u013ead udalost\u00ed&#8221;. Otvor\u00ed sa nov\u00e9 okno so zoznamom v\u0161etk\u00fdch udalost\u00ed registrovan\u00fdch pre aktu\u00e1lneho webov\u00e9ho pou\u017e\u00edvate\u013ea. Aktivovan\u00e9 udalosti bud\u00fa ozna\u010den\u00e9 zv\u00fdraznen\u00fdm podtr\u017en\u00edkom pred n\u00e1zvom &hellip; <a href=\"https:\/\/www.fmsdocumentation.com\/sk\/menu-prehlad\/prehlad-udalosti\/\" class=\"more-link\">Pokra\u010dova\u0165 v \u010d\u00edtan\u00ed: <span class=\"screen-reader-text\">Preh\u013ead udalost\u00ed<\/span><\/a><\/p>\n","protected":false},"author":5,"featured_media":0,"parent":6499,"menu_order":4,"comment_status":"closed","ping_status":"closed","template":"","meta":{"footnotes":""},"class_list":["post-6508","page","type-page","status-publish","hentry"],"_links":{"self":[{"href":"https:\/\/www.fmsdocumentation.com\/sk\/wp-json\/wp\/v2\/pages\/6508","targetHints":{"allow":["GET"]}}],"collection":[{"href":"https:\/\/www.fmsdocumentation.com\/sk\/wp-json\/wp\/v2\/pages"}],"about":[{"href":"https:\/\/www.fmsdocumentation.com\/sk\/wp-json\/wp\/v2\/types\/page"}],"author":[{"embeddable":true,"href":"https:\/\/www.fmsdocumentation.com\/sk\/wp-json\/wp\/v2\/users\/5"}],"replies":[{"embeddable":true,"href":"https:\/\/www.fmsdocumentation.com\/sk\/wp-json\/wp\/v2\/comments?post=6508"}],"version-history":[{"count":3,"href":"https:\/\/www.fmsdocumentation.com\/sk\/wp-json\/wp\/v2\/pages\/6508\/revisions"}],"predecessor-version":[{"id":6664,"href":"https:\/\/www.fmsdocumentation.com\/sk\/wp-json\/wp\/v2\/pages\/6508\/revisions\/6664"}],"up":[{"embeddable":true,"href":"https:\/\/www.fmsdocumentation.com\/sk\/wp-json\/wp\/v2\/pages\/6499"}],"wp:attachment":[{"href":"https:\/\/www.fmsdocumentation.com\/sk\/wp-json\/wp\/v2\/media?parent=6508"}],"curies":[{"name":"wp","href":"https:\/\/api.w.org\/{rel}","templated":true}]}}