{"id":6515,"date":"2018-12-13T14:01:18","date_gmt":"2018-12-13T12:01:18","guid":{"rendered":"http:\/\/www.fmsdocumentation.com\/?page_id=6515"},"modified":"2018-12-14T08:53:45","modified_gmt":"2018-12-14T06:53:45","slug":"prehlad-upozornenie-na-udrzbu","status":"publish","type":"page","link":"https:\/\/www.fmsdocumentation.com\/sk\/menu-prehlad\/prehlad-upozornenie-na-udrzbu\/","title":{"rendered":"Preh\u013ead upozornenie na \u00fadr\u017ebu"},"content":{"rendered":"<p>\u0160t\u00edtok upozornenie u\u017e\u00edvate\u013eovi poskytuje preh\u013ead upozornenie priraden\u00fdch vozidl\u00e1m, priradi\u0165 nov\u00e1, modifikova\u0165 star\u00e1 upozornenia a ozna\u010di\u0165 splnen\u00e1. Po kliknut\u00ed na \u0161t\u00edtok upozornenia s\u00fa k dispoz\u00edcii dve hlavn\u00e9 \u010dasti modulu upozor\u0148ovania:<\/p>\n<ul>\n<li>Prida\u0165 upozornenie;<\/li>\n<li>Zoznam priraden\u00fdch upozornenia.<\/li>\n<\/ul>\n<p><a href=\"https:\/\/www.fmsdocumentation.com\/wp-content\/uploads\/2017\/04\/48.png\"><img loading=\"lazy\" decoding=\"async\" class=\"alignnone wp-image-105 size-full\" src=\"https:\/\/www.fmsdocumentation.com\/wp-content\/uploads\/2017\/04\/48.png\" alt=\"\" width=\"361\" height=\"425\" srcset=\"https:\/\/www.fmsdocumentation.com\/wp-content\/uploads\/2017\/04\/48.png 361w, https:\/\/www.fmsdocumentation.com\/wp-content\/uploads\/2017\/04\/48-255x300.png 255w\" sizes=\"auto, (max-width: 361px) 100vw, 361px\" \/><\/a><\/p>\n<p>Kliknut\u00edm na &#8220;Prida\u0165 upozornenie&#8221; sa otvor\u00ed nov\u00e9 okno nazvanej &#8220;Vytvori\u0165 nov\u00fd \u00faloha pre &lt;n\u00e1zov_vybran\u00e9ho_vozidla&gt;&#8221;.<\/p>\n<p><a href=\"https:\/\/www.fmsdocumentation.com\/wp-content\/uploads\/2017\/04\/49.png\"><img loading=\"lazy\" decoding=\"async\" class=\"alignnone wp-image-106 size-full\" src=\"https:\/\/www.fmsdocumentation.com\/wp-content\/uploads\/2017\/04\/49.png\" alt=\"\" width=\"550\" height=\"760\" srcset=\"https:\/\/www.fmsdocumentation.com\/wp-content\/uploads\/2017\/04\/49.png 550w, https:\/\/www.fmsdocumentation.com\/wp-content\/uploads\/2017\/04\/49-217x300.png 217w\" sizes=\"auto, (max-width: 550px) 100vw, 550px\" \/><\/a><\/p>\n<p>Toto okno tie\u017e umo\u017e\u0148uje priradi\u0165 existuj\u00face upozornenia.<\/p>\n<p>Pre tvorbu nov\u00e9ho upozornenia sa mus\u00ed najprv zvoli\u0165 pr\u00edslu\u0161n\u00e1 vo\u013eba. Aktu\u00e1lne zvolen\u00e1 vo\u013eba je zv\u00fdraznen\u00e1 modro. (\u0160tandardne je vybran\u00e9 &#8220;priradi\u0165 existuj\u00face upozornenia&#8221;).<\/p>\n<p><a href=\"https:\/\/www.fmsdocumentation.com\/wp-content\/uploads\/2017\/04\/50.png\"><img loading=\"lazy\" decoding=\"async\" class=\"alignnone wp-image-107 size-full\" src=\"https:\/\/www.fmsdocumentation.com\/wp-content\/uploads\/2017\/04\/50.png\" alt=\"\" width=\"430\" height=\"81\" srcset=\"https:\/\/www.fmsdocumentation.com\/wp-content\/uploads\/2017\/04\/50.png 430w, https:\/\/www.fmsdocumentation.com\/wp-content\/uploads\/2017\/04\/50-300x57.png 300w\" sizes=\"auto, (max-width: 430px) 100vw, 430px\" \/><\/a><\/p>\n<p>Potom m\u00f4\u017ee u\u017e\u00edvate\u013e vlo\u017ei\u0165 po\u017eadovan\u00fa inform\u00e1ciu pre nov\u00e9 upozornenie. Mus\u00ed sa zada\u0165 nasleduj\u00face inform\u00e1cie:<\/p>\n<ol>\n<li><strong>N\u00e1zov<\/strong> &#8211; n\u00e1zov upozornenia;<\/li>\n<li><strong>typ parametra<\/strong>&#8211; ur\u010duje ak\u00fd parameter sa pou\u017eije pre peri\u00f3du upozornenia. Kliknut\u00edm na mal\u00fa \u0161\u00edpku sa rozbal\u00ed zoznam mo\u017enost\u00ed:\n<ul>\n<li><strong>tachometer<\/strong> &#8211; tento parameter je nastaven\u00fd automaticky a je uveden\u00fd v kilometroch (napr .: V\u00fdmena oleja po ka\u017ed\u00fdch 7000 km).<\/li>\n<li><strong>D\u00e1tum<\/strong> &#8211; nastavuje periodicitu \u010dasov\u00fa, zad\u00e1va sa numerick\u00e1 hodnota a n\u00e1zov peri\u00f3dy (dni, t\u00fd\u017edne, mesiace, roky) (Napr .: V\u00fdmena oleja ka\u017ed\u00e9 3 mesiace alebo po 90 d\u0148och).<\/li>\n<li><strong>Pracovn\u00fd \u010das &#8211; <\/strong>tento parameter nastavuje pracovn\u00fa dobu. Nastavuje sa iba na vozidl\u00e1, ktor\u00e9 s\u00fa konfigurovan\u00e9 (DIN1, DIN2, DIN3 or DIN4) pre odosielanie pracovnej doby do syst\u00e9mu sledovania (voli\u010d vstupu sa objav\u00ed pod &#8220;Typ parametra&#8221;, kde m\u00f4\u017ee pou\u017e\u00edvate\u013e zvoli\u0165 DIN, ktor\u00e9 posiela d\u00e1ta). Vo\u013ebou typu parametra sa automaticky aktualizuje zoznam vozidiel na vozidl\u00e1, ktor\u00e9 podporuj\u00fa tento typ parametra, zmenou vstupu (DIN1-DIN4) sa tie\u017e zoznam filtruje. Doba sa po\u010d\u00edta v hodin\u00e1ch. (Napr .: V\u00fdmena oleja ka\u017ed\u00fdch 450 hod\u00edn prev\u00e1dzky).<\/li>\n<\/ul>\n<\/li>\n<li><strong>Prida\u0165 popis &#8211; <\/strong>kliknut\u00edm na toto tla\u010didlo sa otvor\u00ed pole pre popis upozornenia. Tento popis je vidite\u013en\u00fd len pri edit\u00e1cii nastaven\u00ed vozidla po vytvoren\u00ed upozornenie na \u00fadr\u017ebu.<\/li>\n<li><strong>vstup &#8211;<\/strong>Je k dispoz\u00edcii iba ak je typ parametra nastaven\u00fd na &#8220;Pracovn\u00fa dobu&#8221;. Umo\u017e\u0148uje zvoli\u0165 z ktor\u00e9ho vstupu sa d\u00e1ta doby prij\u00edmaj\u00fa. Vol\u00ed sa individu\u00e1lne pod\u013ea konfigur\u00e1cie jednotky.<\/li>\n<li><strong>Zap\u00edsa\u0165 d\u00e1tum posledn\u00e9ho servisu &#8211; <\/strong>Kliknut\u00edm na toto za\u0161krt\u00e1vacie pol\u00ed\u010dko sa vytvor\u00ed textov\u00e9 pole, kde m\u00f4\u017ee u\u017e\u00edvate\u013e zap\u00edsa\u0165 vzdialenos\u0165 \/ d\u00e1tum \/ pracovn\u00fa dobu posledn\u00e9ho servisu (peri\u00f3da sa za\u010dne po\u010d\u00edta\u0165 od zadanej hodnoty).<\/li>\n<li><strong>Opakova\u0165 upozornenie po &#8211; <\/strong>umo\u017e\u0148uje zada\u0165 po\u017eadovan\u00fa peri\u00f3du (ka\u017ed\u00fdch XX dn\u00ed, XXXX kilometrov, XX pracovn\u00fdch hod\u00edn) pre upozornenie pod\u013ea vo\u013eby parametrov (pracovn\u00e9 hodiny \/ d\u00e1tum \/ vzdialenos\u0165).<\/li>\n<li><strong>Aktu\u00e1lny vzdialenos\u0165 \/ d\u00e1tum \/ pracovn\u00e9 hodiny &#8211; <\/strong>zobrazuje aktu\u00e1lnu hodnotu parametrov objektov pod\u013ea zvolen\u00e9ho vstupu.<\/li>\n<li><strong>Potvrdenie \u00falohy &#8211; <\/strong>umo\u017e\u0148uje u\u017e\u00edvate\u013eovi zvoli\u0165 jednu z dvoch mo\u017enost\u00ed pre potvrdenie upozornenia, ktor\u00e9 ur\u010duje, kedy za\u010dne nov\u00fd cyklus. Mo\u017eno zvoli\u0165 z dvoch variantov:\n<ul>\n<li><strong>Potvrdi\u0165 t\u00fato \u00falohu manu\u00e1lne zaka\u017ed\u00fdm, ke\u010f sa m\u00e1 spusti\u0165 nov\u00fd cyklus &#8211; <\/strong>to znamen\u00e1, \u017ee nov\u00e9 obdobie za\u010dne iba, ke\u010f pou\u017e\u00edvate\u013e potvrd\u00ed, \u017ee predch\u00e1dzaj\u00faci cyklus je ukon\u010den\u00fd;<\/li>\n<li><strong>Automatick\u00e9 potvrdenie spustenie nov\u00e9ho cyklu &#8211; <\/strong>to znamen\u00e1, \u017ee nov\u00fd cyklus za\u010dne ihne\u010f po ukon\u010den\u00ed predch\u00e1dzaj\u00faceho bez potvrdenia pou\u017e\u00edvate\u013ea.<\/li>\n<\/ul>\n<\/li>\n<li><strong>Emailov\u00e9 ozn\u00e1menia &#8211; <\/strong>zatrhnut\u00edm tohto pol\u00ed\u010dka umo\u017en\u00ed odoslania emailu s upozornen\u00edm na bl\u00ed\u017eiace sa term\u00edn \u00fadr\u017eby. Mo\u017eno zada\u0165 viac ako jeden email, ak je oddel\u00edme \u010diarkou &#8220;,&#8221;. Email mo\u017eno odobra\u0165 kliknite na mal\u00fd kr\u00ed\u017eik ved\u013ea adresy.<\/li>\n<li><strong>Upozorni\u0165 pred &#8211;<\/strong>toto pole sa zobraz\u00ed len ak je pol\u00ed\u010dko emailov\u00e9ho upozornenia za\u0161krtnut\u00e9. Definuje, kedy sa maj\u00fa emaili odosla\u0165 (napr .: 500 km pred nastavenou hodnotou). Jednotky, (km alebo \u010das) z\u00e1vis\u00ed od zvolen\u00e9ho typu parametra.<\/li>\n<li><strong>Ulo\u017ei\u0165 &#8211; <\/strong>Pre ulo\u017eenie nov\u00e9ho upozornenie na \u00fadr\u017ebu sa mus\u00ed klikn\u00fa na tla\u010didlo Ulo\u017ei\u0165.<\/li>\n<li><strong>Zavrie\u0165 &#8211; <\/strong>Zru\u0161enie tvorby nov\u00e9ho upozornenia sa vykon\u00e1 kliknut\u00edm na Zavrie\u0165 alebo kliknut\u00edm kdeko\u013evek mimo okna tvorby upozornenia.<\/li>\n<\/ol>\n<p><a href=\"https:\/\/www.fmsdocumentation.com\/wp-content\/uploads\/2017\/04\/51.png\"><img loading=\"lazy\" decoding=\"async\" class=\"alignnone wp-image-108 size-large\" src=\"https:\/\/www.fmsdocumentation.com\/wp-content\/uploads\/2017\/04\/51-438x1024.png\" alt=\"\" width=\"438\" height=\"1024\" srcset=\"https:\/\/www.fmsdocumentation.com\/wp-content\/uploads\/2017\/04\/51-438x1024.png 438w, https:\/\/www.fmsdocumentation.com\/wp-content\/uploads\/2017\/04\/51-128x300.png 128w, https:\/\/www.fmsdocumentation.com\/wp-content\/uploads\/2017\/04\/51.png 550w\" sizes=\"auto, (max-width: 438px) 100vw, 438px\" \/><\/a><\/p>\n<p>Pre priradenie existuj\u00faceho upozornenia sa mus\u00ed zvoli\u0165 selektor vpravo. Aktu\u00e1lne zvolen\u00e1 vo\u013eba je zv\u00fdraznen\u00e1 modro. (\u0160tandardne je vybran\u00e9 &#8220;priradi\u0165 existuj\u00face upozornenia&#8221;). Potom je postup podobn\u00fd ako v pr\u00edpade vytvorenia novej \u00falohy, s v\u00fdnimkou nieko\u013ek\u00fdch \u010dast\u00ed.<\/p>\n<p>V tomto pr\u00edpade je pole &#8220;N\u00e1zov&#8221; rozba\u013eovac\u00ed zoznam obsahuj\u00faci v\u0161etky upozornenia. Sta\u010d\u00ed vybra\u0165 po\u017eadovan\u00e9.<\/p>\n<p><a href=\"https:\/\/www.fmsdocumentation.com\/wp-content\/uploads\/2017\/04\/52.png\"><img loading=\"lazy\" decoding=\"async\" class=\"alignnone wp-image-109 size-full\" src=\"https:\/\/www.fmsdocumentation.com\/wp-content\/uploads\/2017\/04\/52.png\" alt=\"\" width=\"536\" height=\"293\" srcset=\"https:\/\/www.fmsdocumentation.com\/wp-content\/uploads\/2017\/04\/52.png 536w, https:\/\/www.fmsdocumentation.com\/wp-content\/uploads\/2017\/04\/52-300x164.png 300w\" sizes=\"auto, (max-width: 536px) 100vw, 536px\" \/><\/a><\/p>\n<p>Po v\u00fdbere upozornenia sa musia vyplni\u0165 nasleduj\u00face polia, rovnako ako v pr\u00edpade tvorby nov\u00e9ho upozornenie:<\/p>\n<ul>\n<li><strong>Opis;<\/strong><\/li>\n<li><strong>Zadajte stav tachometra pri poslednom servise;<\/strong><\/li>\n<li><strong>Opakova\u0165 po;<\/strong><\/li>\n<li><strong>Potvrdenie upozornenia;<\/strong><\/li>\n<li><strong>Emailov\u00e9 ozn\u00e1menia.<\/strong><\/li>\n<\/ul>\n<p>V\u0161etky ostatn\u00e9 polia s\u00fa vidite\u013en\u00e9, ale nedostupn\u00e1 pre zmenu.<\/p>\n<p><strong>Zoznam priraden\u00fdch upozornenie<\/strong>&#8211; zobrazuje v\u0161etky upozornenia priraden\u00e9 vozidlu. Kliknut\u00edm na upozornenie sa zobrazia \u010fal\u0161ie inform\u00e1cie v upozornen\u00ed.<\/p>\n<p><a href=\"https:\/\/www.fmsdocumentation.com\/wp-content\/uploads\/2017\/04\/53.png\"><img loading=\"lazy\" decoding=\"async\" class=\"alignnone wp-image-110 size-full\" src=\"https:\/\/www.fmsdocumentation.com\/wp-content\/uploads\/2017\/04\/53.png\" alt=\"\" width=\"360\" height=\"250\" srcset=\"https:\/\/www.fmsdocumentation.com\/wp-content\/uploads\/2017\/04\/53.png 360w, https:\/\/www.fmsdocumentation.com\/wp-content\/uploads\/2017\/04\/53-300x208.png 300w\" sizes=\"auto, (max-width: 360px) 100vw, 360px\" \/><\/a><\/p>\n<p>V ka\u017edom upozornen\u00ed s\u00fa nasleduj\u00face inform\u00e1cie:<\/p>\n<ul>\n<li><strong>N\u00e1zov upozornenia;<\/strong><\/li>\n<li><strong>Frekvencia upozornenia;<\/strong><\/li>\n<li><strong>\u010cas \/ vzdialenos\u0165 zost\u00e1vaj\u00faci do \u00fadr\u017eby + indika\u010dn\u00e9 kruh &#8211;<\/strong> prib\u00fada s bl\u00ed\u017eiacim sa servisom, viac inform\u00e1ci\u00ed v popise paneli upozor\u0148ovanie na \u00fadr\u017ebu.<\/li>\n<li><strong>Aktu\u00e1lny d\u00e1tum \/ tachometer <\/strong>a nasleduj\u00face d\u00e1tum \/ tachometer servisu.<\/li>\n<\/ul>\n<p>Na konci upozornenia s\u00fa tri tla\u010didl\u00e1:<\/p>\n<ul>\n<li>Editova\u0165 priraden\u00e9 upozornenie &#8211; podobne ako pri vytvoren\u00ed novej \u00falohy;<\/li>\n<li>Zru\u0161enie priradenia upozornenia;<\/li>\n<li>\u00dadr\u017eba vykonan\u00e1 &#8211; nastavuje peri\u00f3du upozornenia (m\u00f4\u017ee sa klikn\u00fa\u0165 iba ke\u010f zost\u00e1vaj\u00faca peri\u00f3da je men\u0161ia ako 20% p\u00f4vodnej hodnoty).<\/li>\n<\/ul>\n<p>Viac inform\u00e1ci\u00ed je uveden\u00e9 v <a href=\"https:\/\/www.fmsdocumentation.com\/sk\/menu-upozornovanie\/?lang=sk\">panelu upozor\u0148ovanie<\/a>.<\/p>\n<hr \/>\n<p><div class=\"alignleft\"><a href=\"https:\/\/www.fmsdocumentation.com\/sk\/menu-prehlad\/prehlad-o-palive\/\" title=\"Preh\u013ead o palive\"><span class=\"arrow\">\u2039 &nbsp <\/span> Preh\u013ead o palive <\/a><\/div> <div class=\"alignright\"><a href=\"https:\/\/www.fmsdocumentation.com\/sk\/menu-vodicov\/\" title=\"Menu vodi\u010dov\">Menu vodi\u010dov <span class=\"arrow\"> &nbsp\u203a <\/span> <\/a><\/div><\/p>\n","protected":false},"excerpt":{"rendered":"<p>\u0160t\u00edtok upozornenie u\u017e\u00edvate\u013eovi poskytuje preh\u013ead upozornenie priraden\u00fdch vozidl\u00e1m, priradi\u0165 nov\u00e1, modifikova\u0165 star\u00e1 upozornenia a ozna\u010di\u0165 splnen\u00e1. Po kliknut\u00ed na \u0161t\u00edtok upozornenia s\u00fa k dispoz\u00edcii dve hlavn\u00e9 \u010dasti modulu upozor\u0148ovania: Prida\u0165 upozornenie; Zoznam priraden\u00fdch upozornenia. Kliknut\u00edm na &#8220;Prida\u0165 upozornenie&#8221; sa otvor\u00ed nov\u00e9 okno nazvanej &#8220;Vytvori\u0165 nov\u00fd \u00faloha pre &lt;n\u00e1zov_vybran\u00e9ho_vozidla&gt;&#8221;. Toto okno tie\u017e umo\u017e\u0148uje priradi\u0165 existuj\u00face upozornenia. &hellip; <a href=\"https:\/\/www.fmsdocumentation.com\/sk\/menu-prehlad\/prehlad-upozornenie-na-udrzbu\/\" class=\"more-link\">Pokra\u010dova\u0165 v \u010d\u00edtan\u00ed: <span class=\"screen-reader-text\">Preh\u013ead upozornenie na \u00fadr\u017ebu<\/span><\/a><\/p>\n","protected":false},"author":5,"featured_media":0,"parent":6499,"menu_order":6,"comment_status":"closed","ping_status":"closed","template":"","meta":{"footnotes":""},"class_list":["post-6515","page","type-page","status-publish","hentry"],"_links":{"self":[{"href":"https:\/\/www.fmsdocumentation.com\/sk\/wp-json\/wp\/v2\/pages\/6515","targetHints":{"allow":["GET"]}}],"collection":[{"href":"https:\/\/www.fmsdocumentation.com\/sk\/wp-json\/wp\/v2\/pages"}],"about":[{"href":"https:\/\/www.fmsdocumentation.com\/sk\/wp-json\/wp\/v2\/types\/page"}],"author":[{"embeddable":true,"href":"https:\/\/www.fmsdocumentation.com\/sk\/wp-json\/wp\/v2\/users\/5"}],"replies":[{"embeddable":true,"href":"https:\/\/www.fmsdocumentation.com\/sk\/wp-json\/wp\/v2\/comments?post=6515"}],"version-history":[{"count":4,"href":"https:\/\/www.fmsdocumentation.com\/sk\/wp-json\/wp\/v2\/pages\/6515\/revisions"}],"predecessor-version":[{"id":6666,"href":"https:\/\/www.fmsdocumentation.com\/sk\/wp-json\/wp\/v2\/pages\/6515\/revisions\/6666"}],"up":[{"embeddable":true,"href":"https:\/\/www.fmsdocumentation.com\/sk\/wp-json\/wp\/v2\/pages\/6499"}],"wp:attachment":[{"href":"https:\/\/www.fmsdocumentation.com\/sk\/wp-json\/wp\/v2\/media?parent=6515"}],"curies":[{"name":"wp","href":"https:\/\/api.w.org\/{rel}","templated":true}]}}