{"id":6518,"date":"2018-12-13T14:03:30","date_gmt":"2018-12-13T12:03:30","guid":{"rendered":"http:\/\/www.fmsdocumentation.com\/?page_id=6518"},"modified":"2020-06-09T14:21:52","modified_gmt":"2020-06-09T11:21:52","slug":"menu-vodicov","status":"publish","type":"page","link":"https:\/\/www.fmsdocumentation.com\/sk\/menu-vodicov\/","title":{"rendered":"Menu vodi\u010dov"},"content":{"rendered":"<p>Menu vodi\u010dov je ur\u010den\u00e9 pre pridanie, odstr\u00e1nenie alebo modifikovanie existuj\u00facich vodi\u010dov. Tento panel sa pou\u017e\u00edva pre vlo\u017eenie v\u0161eobecn\u00fdch inform\u00e1ci\u00ed o vodi\u010doch, kontaktn\u00fdch inform\u00e1ci\u00ed, priradenie vozidiel a prihlasovac\u00edch \u00fadajov pre aplik\u00e1ciu vodi\u010dov. Na otvorenie menu vodi\u010dov sa klikne na pr\u00edslu\u0161n\u00fa ikonu v paneli na \u013eavej strane obrazovky.<\/p>\n<p><a href=\"https:\/\/www.fmsdocumentation.com\/wp-content\/uploads\/2018\/07\/54.png\"><img loading=\"lazy\" decoding=\"async\" class=\"alignnone wp-image-5341 size-large\" src=\"https:\/\/www.fmsdocumentation.com\/wp-content\/uploads\/2018\/07\/54-1024x505.png\" alt=\"\" width=\"660\" height=\"325\" srcset=\"https:\/\/www.fmsdocumentation.com\/wp-content\/uploads\/2018\/07\/54-1024x505.png 1024w, https:\/\/www.fmsdocumentation.com\/wp-content\/uploads\/2018\/07\/54-300x148.png 300w, https:\/\/www.fmsdocumentation.com\/wp-content\/uploads\/2018\/07\/54-768x379.png 768w, https:\/\/www.fmsdocumentation.com\/wp-content\/uploads\/2018\/07\/54.png 1920w\" sizes=\"auto, (max-width: 660px) 100vw, 660px\" \/><\/a><\/p>\n<hr \/>\n<p><div class=\"alignleft\"><a href=\"https:\/\/www.fmsdocumentation.com\/sk\/menu-prehlad\/prehlad-upozornenie-na-udrzbu\/\" title=\"Preh\u013ead upozornenie na \u00fadr\u017ebu\"><span class=\"arrow\">\u2039 &nbsp <\/span> Preh\u013ead upozornenie na \u00fadr\u017ebu <\/a><\/div> <div class=\"alignright\"><a href=\"https:\/\/www.fmsdocumentation.com\/sk\/menu-vodicov\/zoznam-vodicov\/\" title=\"Zoznam vodi\u010dov\">Zoznam vodi\u010dov <span class=\"arrow\"> &nbsp\u203a <\/span> <\/a><\/div><\/p>\n","protected":false},"excerpt":{"rendered":"<p>Menu vodi\u010dov je ur\u010den\u00e9 pre pridanie, odstr\u00e1nenie alebo modifikovanie existuj\u00facich vodi\u010dov. Tento panel sa pou\u017e\u00edva pre vlo\u017eenie v\u0161eobecn\u00fdch inform\u00e1ci\u00ed o vodi\u010doch, kontaktn\u00fdch inform\u00e1ci\u00ed, priradenie vozidiel a prihlasovac\u00edch \u00fadajov pre aplik\u00e1ciu vodi\u010dov. Na otvorenie menu vodi\u010dov sa klikne na pr\u00edslu\u0161n\u00fa ikonu v paneli na \u013eavej strane obrazovky.<\/p>\n","protected":false},"author":5,"featured_media":0,"parent":0,"menu_order":37,"comment_status":"closed","ping_status":"closed","template":"","meta":{"footnotes":""},"class_list":["post-6518","page","type-page","status-publish","hentry"],"_links":{"self":[{"href":"https:\/\/www.fmsdocumentation.com\/sk\/wp-json\/wp\/v2\/pages\/6518","targetHints":{"allow":["GET"]}}],"collection":[{"href":"https:\/\/www.fmsdocumentation.com\/sk\/wp-json\/wp\/v2\/pages"}],"about":[{"href":"https:\/\/www.fmsdocumentation.com\/sk\/wp-json\/wp\/v2\/types\/page"}],"author":[{"embeddable":true,"href":"https:\/\/www.fmsdocumentation.com\/sk\/wp-json\/wp\/v2\/users\/5"}],"replies":[{"embeddable":true,"href":"https:\/\/www.fmsdocumentation.com\/sk\/wp-json\/wp\/v2\/comments?post=6518"}],"version-history":[{"count":2,"href":"https:\/\/www.fmsdocumentation.com\/sk\/wp-json\/wp\/v2\/pages\/6518\/revisions"}],"predecessor-version":[{"id":6520,"href":"https:\/\/www.fmsdocumentation.com\/sk\/wp-json\/wp\/v2\/pages\/6518\/revisions\/6520"}],"wp:attachment":[{"href":"https:\/\/www.fmsdocumentation.com\/sk\/wp-json\/wp\/v2\/media?parent=6518"}],"curies":[{"name":"wp","href":"https:\/\/api.w.org\/{rel}","templated":true}]}}