{"id":6521,"date":"2018-12-13T14:10:12","date_gmt":"2018-12-13T12:10:12","guid":{"rendered":"http:\/\/www.fmsdocumentation.com\/?page_id=6521"},"modified":"2018-12-14T08:55:17","modified_gmt":"2018-12-14T06:55:17","slug":"zoznam-vodicov","status":"publish","type":"page","link":"https:\/\/www.fmsdocumentation.com\/sk\/menu-vodicov\/zoznam-vodicov\/","title":{"rendered":"Zoznam vodi\u010dov"},"content":{"rendered":"<p>Kliknut\u00edm na pr\u00edslu\u0161n\u00fa ikonu na naviga\u010dnom paneli sa otvor\u00ed panel vodi\u010dov so zoznamom v\u0161etk\u00fdch existuj\u00facich vodi\u010dov aktu\u00e1lneho pou\u017e\u00edvate\u013ea.<\/p>\n<p><p class=\"note\">Syst\u00e9m pou\u017e\u00edva vstavan\u00fd n\u00e1stroj pre automatick\u00fa tvorbu a priradenie vodi\u010dov. Nov\u00ed vodi\u010di sa vytv\u00e1raj\u00fa automaticky z prijat\u00fdch identifik\u00e1ciou z identifika\u010dn\u00fdch kariet alebo Dallas \u010dipov. S ka\u017edou prijat\u00fa identifik\u00e1ciou sa tvor\u00ed iba jeden vodi\u010d (pri opakovanom pou\u017eit\u00ed karty \u010di Dallas \u010dipu sa netvor\u00ed \u010fal\u0161\u00ed vodi\u010d). Prijat\u00e1 identifik\u00e1cia sa pou\u017eije ako &#8220;meno vodi\u010da&#8221;. Navy\u0161e syst\u00e9m automaticky prirad\u00ed vodi\u010da k objektu, z ktor\u00e9ho bola identifik\u00e1cia prijat\u00e1. T\u00e1to funkcia je op\u00edsan\u00e1 v oddiele &#8220;<a href=\"https:\/\/www.fmsdocumentation.com\/sk\/menu-vodicov\/sprava-vodicov\/?lang=sk\">Sprava vodi\u010dov<\/a>&#8220;.<\/p><\/p>\n<p>Vodi\u010di s\u00fa raden\u00ed abecedne. Na\u013eavo pri mene vodi\u010da je \u0161ed\u00fd kruh s inici\u00e1lami vodi\u010da pre u\u013eah\u010denie pr\u00e1ce so zoznamom. Ak m\u00e1 vodi\u010d priraden\u00e9 vozidlo, potom je uveden\u00e9 siv\u00fdm p\u00edsmom pod menom vodi\u010da. Ak nem\u00e1 priraden\u00e9 vozidlo je uveden\u00e1 pozn\u00e1mka &#8220;Vozidlo nepriraden\u00e9&#8221;.<\/p>\n<p><a href=\"https:\/\/www.fmsdocumentation.com\/wp-content\/uploads\/2017\/04\/55.png\"><img loading=\"lazy\" decoding=\"async\" class=\"alignnone wp-image-116 size-full\" src=\"https:\/\/www.fmsdocumentation.com\/wp-content\/uploads\/2017\/04\/55.png\" alt=\"\" width=\"343\" height=\"142\" srcset=\"https:\/\/www.fmsdocumentation.com\/wp-content\/uploads\/2017\/04\/55.png 343w, https:\/\/www.fmsdocumentation.com\/wp-content\/uploads\/2017\/04\/55-300x124.png 300w\" sizes=\"auto, (max-width: 343px) 100vw, 343px\" \/><\/a><\/p>\n<p>V zozname vodi\u010dov mo\u017en\u00e9 filtrova\u0165 pod\u013ea troch krit\u00e9ri\u00ed:<\/p>\n<ul>\n<li>Zobrazi\u0165 v\u0161etko;<\/li>\n<li>S priraden\u00edm;<\/li>\n<li>Bez priradenia;<\/li>\n<li>Vytvoren\u00e9 automaticky.<\/li>\n<\/ul>\n<p>Pre zmenu filtra sa klikne na pole &#8220;Zobrazi\u0165 vodi\u010da&#8221;. Rozbal\u00ed sa menu, vyberte po\u017eadovan\u00fd filter. Aktu\u00e1lne vybran\u00fd filter bude zv\u00fdraznen\u00fd siv\u00fdm odtie\u0148om a modr\u00fdm pr\u00fa\u017ekom vpravo pri n\u00e1zve filtra.<\/p>\n<p><a href=\"https:\/\/www.fmsdocumentation.com\/wp-content\/uploads\/2017\/04\/56-1.png\"><img loading=\"lazy\" decoding=\"async\" class=\"alignnone wp-image-738 size-full\" src=\"https:\/\/www.fmsdocumentation.com\/wp-content\/uploads\/2017\/04\/56-1.png\" alt=\"\" width=\"397\" height=\"223\" srcset=\"https:\/\/www.fmsdocumentation.com\/wp-content\/uploads\/2017\/04\/56-1.png 397w, https:\/\/www.fmsdocumentation.com\/wp-content\/uploads\/2017\/04\/56-1-300x169.png 300w\" sizes=\"auto, (max-width: 397px) 100vw, 397px\" \/><\/a><\/p>\n<p><p class=\"note\">Upozornenie<br \/>\nOkrem \u0161tandardn\u00e9ho stavu priraden\u00fd \/ nepriraden\u00fd vodi\u010d, m\u00f4\u017ee pou\u017e\u00edvate\u013e narazi\u0165 na stav &#8220;Zanepr\u00e1zdnen\u00fd&#8221;. Toto nast\u00e1va v pr\u00edpadoch, ke\u010f je vodi\u010d priraden\u00fd k vozidlu, ktor\u00e1 nie je pre aktu\u00e1lneho pou\u017e\u00edvate\u013ea zobrazen\u00fd (nem\u00e1 pr\u00e1va). Ak je tento stav akt\u00edvny, nem\u00f4\u017ee pou\u017e\u00edvate\u013e priradi\u0165 vodi\u010da k \u017eiadnemu vozidlu. Ni\u017e\u0161ie je uveden\u00fd pr\u00edklad.<\/p><\/p>\n<p><a href=\"https:\/\/www.fmsdocumentation.com\/wp-content\/uploads\/2017\/04\/266.png\"><img loading=\"lazy\" decoding=\"async\" class=\"alignnone wp-image-814 size-full\" src=\"https:\/\/www.fmsdocumentation.com\/wp-content\/uploads\/2017\/04\/266.png\" alt=\"\" width=\"344\" height=\"351\" srcset=\"https:\/\/www.fmsdocumentation.com\/wp-content\/uploads\/2017\/04\/266.png 344w, https:\/\/www.fmsdocumentation.com\/wp-content\/uploads\/2017\/04\/266-294x300.png 294w\" sizes=\"auto, (max-width: 344px) 100vw, 344px\" \/><\/a><\/p>\n<p>Pre pridanie nov\u00fdch vodi\u010dov na zoznam sa mus\u00ed klikn\u00fa\u0165 na pole &#8220;+ Nov\u00fd vodi\u010d&#8221;.<\/p>\n<p><a href=\"https:\/\/www.fmsdocumentation.com\/wp-content\/uploads\/2018\/07\/57.png\"><img loading=\"lazy\" decoding=\"async\" class=\"alignnone size-full wp-image-5338\" src=\"https:\/\/www.fmsdocumentation.com\/wp-content\/uploads\/2018\/07\/57.png\" alt=\"\" width=\"360\" height=\"380\" srcset=\"https:\/\/www.fmsdocumentation.com\/wp-content\/uploads\/2018\/07\/57.png 360w, https:\/\/www.fmsdocumentation.com\/wp-content\/uploads\/2018\/07\/57-284x300.png 284w\" sizes=\"auto, (max-width: 360px) 100vw, 360px\" \/><\/a><\/p>\n<p>Otvor\u00ed sa nov\u00e9 okno &#8220;Dopl\u0148te nov\u00e9ho vodi\u010da&#8221;. V tomto okne sa vypln\u00ed inform\u00e1cie o vodi\u010dovi. Iba jedno pole je povinn\u00e9:<\/p>\n<ul>\n<li>Meno<\/li>\n<\/ul>\n<p>Ostatn\u00e9 polia s\u00fa volite\u013en\u00e9. Po vyplnen\u00ed inform\u00e1ci\u00ed sa klikne na tla\u010didlo &#8220;Ulo\u017ei\u0165&#8221; a nov\u00fd vodi\u010d sa prid\u00e1 do zoznamu. Ak sa u\u017e\u00edvate\u013e rozhodne vodi\u010da neprida\u0165, klikne na tla\u010didlo &#8220;Zatvori\u0165&#8221; alebo kdeko\u013evek mimo okna &#8220;Dopl\u0148te nov\u00e9ho vodi\u010da&#8221;.<\/p>\n<p><a href=\"https:\/\/www.fmsdocumentation.com\/wp-content\/uploads\/2018\/07\/58.png\"><img loading=\"lazy\" decoding=\"async\" class=\"alignnone size-full wp-image-5339\" src=\"https:\/\/www.fmsdocumentation.com\/wp-content\/uploads\/2018\/07\/58.png\" alt=\"\" width=\"750\" height=\"757\" srcset=\"https:\/\/www.fmsdocumentation.com\/wp-content\/uploads\/2018\/07\/58.png 750w, https:\/\/www.fmsdocumentation.com\/wp-content\/uploads\/2018\/07\/58-150x150.png 150w, https:\/\/www.fmsdocumentation.com\/wp-content\/uploads\/2018\/07\/58-297x300.png 297w\" sizes=\"auto, (max-width: 750px) 100vw, 750px\" \/><\/a><\/p>\n<p>Po kliknut\u00ed na tla\u010didlo &#8220;Ulo\u017ei\u0165&#8221; sa zoznam automaticky aktualizuje v abecednom porad\u00ed a vodi\u010d bude pridan\u00fd s pozn\u00e1mkou &#8220;Vozidlo nepriraden\u00e9&#8221;.<\/p>\n<hr \/>\n<p><div class=\"alignleft\"><a href=\"https:\/\/www.fmsdocumentation.com\/sk\/menu-vodicov\/\" title=\"Menu vodi\u010dov\"><span class=\"arrow\">\u2039 &nbsp <\/span> Menu vodi\u010dov <\/a><\/div> <div class=\"alignright\"><a href=\"https:\/\/www.fmsdocumentation.com\/sk\/menu-vodicov\/sprava-vodicov\/\" title=\"Spr\u00e1va vodi\u010dov\">Spr\u00e1va vodi\u010dov <span class=\"arrow\"> &nbsp\u203a <\/span> <\/a><\/div><\/p>\n<p>&nbsp;<\/p>\n","protected":false},"excerpt":{"rendered":"<p>Kliknut\u00edm na pr\u00edslu\u0161n\u00fa ikonu na naviga\u010dnom paneli sa otvor\u00ed panel vodi\u010dov so zoznamom v\u0161etk\u00fdch existuj\u00facich vodi\u010dov aktu\u00e1lneho pou\u017e\u00edvate\u013ea. Syst\u00e9m pou\u017e\u00edva vstavan\u00fd n\u00e1stroj pre automatick\u00fa tvorbu a priradenie vodi\u010dov. Nov\u00ed vodi\u010di sa vytv\u00e1raj\u00fa automaticky z prijat\u00fdch identifik\u00e1ciou z identifika\u010dn\u00fdch kariet alebo Dallas \u010dipov. S ka\u017edou prijat\u00fa identifik\u00e1ciou sa tvor\u00ed iba jeden vodi\u010d (pri opakovanom pou\u017eit\u00ed karty &hellip; <a href=\"https:\/\/www.fmsdocumentation.com\/sk\/menu-vodicov\/zoznam-vodicov\/\" class=\"more-link\">Pokra\u010dova\u0165 v \u010d\u00edtan\u00ed: <span class=\"screen-reader-text\">Zoznam vodi\u010dov<\/span><\/a><\/p>\n","protected":false},"author":5,"featured_media":0,"parent":6518,"menu_order":1,"comment_status":"closed","ping_status":"closed","template":"","meta":{"footnotes":""},"class_list":["post-6521","page","type-page","status-publish","hentry"],"_links":{"self":[{"href":"https:\/\/www.fmsdocumentation.com\/sk\/wp-json\/wp\/v2\/pages\/6521","targetHints":{"allow":["GET"]}}],"collection":[{"href":"https:\/\/www.fmsdocumentation.com\/sk\/wp-json\/wp\/v2\/pages"}],"about":[{"href":"https:\/\/www.fmsdocumentation.com\/sk\/wp-json\/wp\/v2\/types\/page"}],"author":[{"embeddable":true,"href":"https:\/\/www.fmsdocumentation.com\/sk\/wp-json\/wp\/v2\/users\/5"}],"replies":[{"embeddable":true,"href":"https:\/\/www.fmsdocumentation.com\/sk\/wp-json\/wp\/v2\/comments?post=6521"}],"version-history":[{"count":3,"href":"https:\/\/www.fmsdocumentation.com\/sk\/wp-json\/wp\/v2\/pages\/6521\/revisions"}],"predecessor-version":[{"id":6668,"href":"https:\/\/www.fmsdocumentation.com\/sk\/wp-json\/wp\/v2\/pages\/6521\/revisions\/6668"}],"up":[{"embeddable":true,"href":"https:\/\/www.fmsdocumentation.com\/sk\/wp-json\/wp\/v2\/pages\/6518"}],"wp:attachment":[{"href":"https:\/\/www.fmsdocumentation.com\/sk\/wp-json\/wp\/v2\/media?parent=6521"}],"curies":[{"name":"wp","href":"https:\/\/api.w.org\/{rel}","templated":true}]}}