{"id":6523,"date":"2018-12-13T14:28:00","date_gmt":"2018-12-13T12:28:00","guid":{"rendered":"http:\/\/www.fmsdocumentation.com\/?page_id=6523"},"modified":"2018-12-13T14:28:00","modified_gmt":"2018-12-13T12:28:00","slug":"sprava-vodicov","status":"publish","type":"page","link":"https:\/\/www.fmsdocumentation.com\/sk\/menu-vodicov\/sprava-vodicov\/","title":{"rendered":"Spr\u00e1va vodi\u010dov"},"content":{"rendered":"<p>Pre priradenie vozidla alebo edit\u00e1ciu \/ vymazanie inform\u00e1ci\u00ed o vodi\u010dovi sa klikne na vodi\u010da, ktor\u00e1 m\u00e1 by\u0165 v zozname modifikovan\u00fd. Otvor\u00ed sa \u010fal\u0161\u00ed panel s inform\u00e1ciami o vodi\u010dovi. Inform\u00e1cie o vodi\u010dovi mo\u017eno upravi\u0165 kliknut\u00edm na tla\u010didlo &#8220;Editova\u0165&#8221; v spodnej \u010dasti obrazovky. Stla\u010den\u00edm tohto tla\u010didla sa otvor\u00ed rovnak\u00e9 okno ako je &#8220;Dopl\u0148te nov\u00e9ho vodi\u010da&#8221; s u\u017e vyplnen\u00fdmi inform\u00e1ciami o vodi\u010dovi. Po modifik\u00e1cii \u00fadajov sa mus\u00ed klikn\u00fa\u0165 na tla\u010didlo &#8220;Ulo\u017ei\u0165&#8221;. Ak sa u\u017e\u00edvate\u013e rozhodne vodi\u010da zo zoznamu vymaza\u0165, mus\u00ed klikn\u00fa\u0165 na tla\u010didlo &#8220;Vymaza\u0165&#8221;. Otvor\u00ed sa potvrdzovacie okno (pre pr\u00edpad, \u017ee tla\u010didlo bolo stla\u010den\u00e9 nechtiac), kde u\u017e\u00edvate\u013e potvrd\u00ed z\u00e1mer vodi\u010da vymaza\u0165. Ak pou\u017e\u00edvate\u013e stl\u00e1\u010da tla\u010didlo &#8220;Vymaza\u0165&#8221; n\u00e1hodou, potom sta\u010d\u00ed klikn\u00fa\u0165 na tla\u010didlo &#8220;Zru\u0161i\u0165&#8221; v potvrdzovacom menu.<\/p>\n<p><a href=\"https:\/\/www.fmsdocumentation.com\/wp-content\/uploads\/2017\/04\/59-1.png\"><img loading=\"lazy\" decoding=\"async\" class=\"alignnone wp-image-1071 size-full\" src=\"https:\/\/www.fmsdocumentation.com\/wp-content\/uploads\/2017\/04\/59-1.png\" alt=\"\" width=\"648\" height=\"646\" srcset=\"https:\/\/www.fmsdocumentation.com\/wp-content\/uploads\/2017\/04\/59-1.png 648w, https:\/\/www.fmsdocumentation.com\/wp-content\/uploads\/2017\/04\/59-1-150x150.png 150w, https:\/\/www.fmsdocumentation.com\/wp-content\/uploads\/2017\/04\/59-1-300x300.png 300w\" sizes=\"auto, (max-width: 648px) 100vw, 648px\" \/><\/a><\/p>\n<p>Pre priradenie vozidla je nutn\u00e9 klikn\u00fa\u0165 na pole &#8220;Priradi\u0165 vozidlo +&#8221;.<\/p>\n<p><a href=\"https:\/\/www.fmsdocumentation.com\/wp-content\/uploads\/2017\/04\/60.png\"><img loading=\"lazy\" decoding=\"async\" class=\"alignnone wp-image-123 size-full\" src=\"https:\/\/www.fmsdocumentation.com\/wp-content\/uploads\/2017\/04\/60.png\" alt=\"\" width=\"365\" height=\"211\" srcset=\"https:\/\/www.fmsdocumentation.com\/wp-content\/uploads\/2017\/04\/60.png 365w, https:\/\/www.fmsdocumentation.com\/wp-content\/uploads\/2017\/04\/60-300x173.png 300w\" sizes=\"auto, (max-width: 365px) 100vw, 365px\" \/><\/a><\/p>\n<p>Kliknut\u00edm na &#8220;Priradi\u0165 vozidlo +&#8221; sa otvor\u00ed nov\u00e9 okno s vyh\u013ead\u00e1vac\u00ed li\u0161tou. Tu sa vol\u00ed z pon\u00fakan\u00fdch vozidiel.<\/p>\n<p><a href=\"https:\/\/www.fmsdocumentation.com\/wp-content\/uploads\/2017\/04\/61.png\"><img loading=\"lazy\" decoding=\"async\" class=\"alignnone wp-image-124 size-full\" src=\"https:\/\/www.fmsdocumentation.com\/wp-content\/uploads\/2017\/04\/61.png\" alt=\"\" width=\"750\" height=\"390\" srcset=\"https:\/\/www.fmsdocumentation.com\/wp-content\/uploads\/2017\/04\/61.png 750w, https:\/\/www.fmsdocumentation.com\/wp-content\/uploads\/2017\/04\/61-300x156.png 300w\" sizes=\"auto, (max-width: 750px) 100vw, 750px\" \/><\/a><br \/>\n<p class=\"note\">Pozn\u00e1mka<br \/>\nVozidl\u00e1 aktu\u00e1lne vo sk\u00fa\u0161obnom obdob\u00ed nemo\u017eno priradi\u0165 vodi\u010di.<\/p><\/p>\n<p>Vo\u013ebu potvrd\u00edte kliknut\u00edm na tla\u010didlo Priradi\u0165.<\/p>\n<p><a href=\"https:\/\/www.fmsdocumentation.com\/wp-content\/uploads\/2017\/04\/62.png\"><img loading=\"lazy\" decoding=\"async\" class=\"alignnone wp-image-125 size-full\" src=\"https:\/\/www.fmsdocumentation.com\/wp-content\/uploads\/2017\/04\/62.png\" alt=\"\" width=\"750\" height=\"333\" srcset=\"https:\/\/www.fmsdocumentation.com\/wp-content\/uploads\/2017\/04\/62.png 750w, https:\/\/www.fmsdocumentation.com\/wp-content\/uploads\/2017\/04\/62-300x133.png 300w\" sizes=\"auto, (max-width: 750px) 100vw, 750px\" \/><\/a><\/p>\n<p>Priradenie sa zru\u0161\u00ed kliknut\u00edm na ikonu ko\u0161a.<\/p>\n<p><a href=\"https:\/\/www.fmsdocumentation.com\/wp-content\/uploads\/2017\/04\/63.png\"><img loading=\"lazy\" decoding=\"async\" class=\"alignnone wp-image-126 size-full\" src=\"https:\/\/www.fmsdocumentation.com\/wp-content\/uploads\/2017\/04\/63.png\" alt=\"\" width=\"360\" height=\"69\" srcset=\"https:\/\/www.fmsdocumentation.com\/wp-content\/uploads\/2017\/04\/63.png 360w, https:\/\/www.fmsdocumentation.com\/wp-content\/uploads\/2017\/04\/63-300x58.png 300w\" sizes=\"auto, (max-width: 360px) 100vw, 360px\" \/><\/a><\/p>\n<p>Automatick\u00e1 identifik\u00e1cia vodi\u010da m\u00f4\u017ee by\u0165 vykonan\u00e1 tromi sp\u00f4sobmi:<\/p>\n<ul>\n<li>Identifika\u010dn\u00fdm \u010dipom (Dallas alebo RFID);<\/li>\n<li>Pomocou mobiln\u00e9 aplik\u00e1cie;<\/li>\n<li>Z tachografu.<\/li>\n<\/ul>\n<p>V pr\u00edpade tachografu nemo\u017eno identifik\u00e1ciu zru\u0161i\u0165 dokia\u013e nie je vybrat\u00e1 karta vodi\u010da. Vi\u010f obr\u00e1zok ni\u017e\u0161ie.<\/p>\n<p><a href=\"https:\/\/www.fmsdocumentation.com\/wp-content\/uploads\/2017\/04\/249.png\"><img loading=\"lazy\" decoding=\"async\" class=\"alignnone wp-image-742 size-full\" src=\"https:\/\/www.fmsdocumentation.com\/wp-content\/uploads\/2017\/04\/249.png\" alt=\"\" width=\"641\" height=\"536\" srcset=\"https:\/\/www.fmsdocumentation.com\/wp-content\/uploads\/2017\/04\/249.png 641w, https:\/\/www.fmsdocumentation.com\/wp-content\/uploads\/2017\/04\/249-300x251.png 300w\" sizes=\"auto, (max-width: 641px) 100vw, 641px\" \/><\/a><\/p>\n<p>V pr\u00edpade mobilnej aplik\u00e1cie je priradenie platn\u00e9 ak je vodi\u010d prihl\u00e1sen\u00fd v aplik\u00e1cii Ontrack Connect App. V tomto pr\u00edpade nemo\u017eno vodi\u010da zmeni\u0165 manu\u00e1lne.<\/p>\n<p>Pozn\u00e1mka<br \/>\nVo vozidle m\u00f4\u017ee by\u0165 priraden\u00fd iba jeden vodi\u010d. Prihl\u00e1sen\u00edm nov\u00e9ho vodi\u010da sa automaticky ru\u0161\u00ed predch\u00e1dzaj\u00face vodi\u010d.<\/p>\n<p>Pozn\u00e1mka<br \/>\nV pr\u00edpade tachografu m\u00f4\u017eu by\u0165 priraden\u00ed dvaja vodi\u010di. Vodi\u010di s\u00fa zobrazen\u00ed v zostave.<\/p>\n<p>Aby sa vodi\u010d mohol priradi\u0165 z aplik\u00e1cie mus\u00ed zada\u0165 prihlasovacie \u00fadaje k svojmu \u00fa\u010dtu.<\/p>\n<p><a href=\"https:\/\/www.fmsdocumentation.com\/wp-content\/uploads\/2017\/04\/64.png\"><img loading=\"lazy\" decoding=\"async\" class=\"alignnone wp-image-127 size-full\" src=\"https:\/\/www.fmsdocumentation.com\/wp-content\/uploads\/2017\/04\/64.png\" alt=\"\" width=\"365\" height=\"211\" srcset=\"https:\/\/www.fmsdocumentation.com\/wp-content\/uploads\/2017\/04\/64.png 365w, https:\/\/www.fmsdocumentation.com\/wp-content\/uploads\/2017\/04\/64-300x173.png 300w\" sizes=\"auto, (max-width: 365px) 100vw, 365px\" \/><\/a><\/p>\n<p>Otvor\u00ed sa dial\u00f3g pre zadanie prihlasovac\u00edch \u00fadajov:<\/p>\n<ul>\n<li>Meno<\/li>\n<li>Heslo<\/li>\n<\/ul>\n<p><a href=\"https:\/\/www.fmsdocumentation.com\/wp-content\/uploads\/2017\/04\/65.png\"><img loading=\"lazy\" decoding=\"async\" class=\"alignnone wp-image-128 size-full\" src=\"https:\/\/www.fmsdocumentation.com\/wp-content\/uploads\/2017\/04\/65.png\" alt=\"\" width=\"825\" height=\"534\" srcset=\"https:\/\/www.fmsdocumentation.com\/wp-content\/uploads\/2017\/04\/65.png 825w, https:\/\/www.fmsdocumentation.com\/wp-content\/uploads\/2017\/04\/65-300x194.png 300w, https:\/\/www.fmsdocumentation.com\/wp-content\/uploads\/2017\/04\/65-768x497.png 768w\" sizes=\"auto, (max-width: 825px) 100vw, 825px\" \/><\/a><\/p>\n<p>\u00da\u010det je mo\u017en\u00e9 editova\u0165 pomocou ikony ceruzky alebo zmaza\u0165 pomocou ko\u0161a.<\/p>\n<p><a href=\"https:\/\/www.fmsdocumentation.com\/wp-content\/uploads\/2017\/04\/66.png\"><img loading=\"lazy\" decoding=\"async\" class=\"alignnone wp-image-129 size-full\" src=\"https:\/\/www.fmsdocumentation.com\/wp-content\/uploads\/2017\/04\/66.png\" alt=\"\" width=\"396\" height=\"78\" srcset=\"https:\/\/www.fmsdocumentation.com\/wp-content\/uploads\/2017\/04\/66.png 396w, https:\/\/www.fmsdocumentation.com\/wp-content\/uploads\/2017\/04\/66-300x59.png 300w\" sizes=\"auto, (max-width: 396px) 100vw, 396px\" \/><\/a><\/p>\n<p>Po priraden\u00ed prihlasovac\u00edch \u00fadajov je mo\u017en\u00e9 overi\u0165 spr\u00e1vne nastavenie v \u013eavom dolnom rohu.<\/p>\n<p><a href=\"https:\/\/www.fmsdocumentation.com\/wp-content\/uploads\/2017\/04\/199.png\"><img loading=\"lazy\" decoding=\"async\" class=\"alignnone wp-image-362 size-full\" src=\"https:\/\/www.fmsdocumentation.com\/wp-content\/uploads\/2017\/04\/199.png\" alt=\"\" width=\"433\" height=\"138\" srcset=\"https:\/\/www.fmsdocumentation.com\/wp-content\/uploads\/2017\/04\/199.png 433w, https:\/\/www.fmsdocumentation.com\/wp-content\/uploads\/2017\/04\/199-300x96.png 300w\" sizes=\"auto, (max-width: 433px) 100vw, 433px\" \/><\/a><\/p>\n<hr \/>\n<p><div class=\"alignleft\"><a href=\"https:\/\/www.fmsdocumentation.com\/sk\/menu-vodicov\/zoznam-vodicov\/\" title=\"Zoznam vodi\u010dov\"><span class=\"arrow\">\u2039 &nbsp <\/span> Zoznam vodi\u010dov <\/a><\/div> <div class=\"alignright\"><a href=\"https:\/\/www.fmsdocumentation.com\/sk\/menu-komunikacia\/\" title=\"Menu komunik\u00e1cia\">Menu komunik\u00e1cia <span class=\"arrow\"> &nbsp\u203a <\/span> <\/a><\/div><\/p>\n","protected":false},"excerpt":{"rendered":"<p>Pre priradenie vozidla alebo edit\u00e1ciu \/ vymazanie inform\u00e1ci\u00ed o vodi\u010dovi sa klikne na vodi\u010da, ktor\u00e1 m\u00e1 by\u0165 v zozname modifikovan\u00fd. Otvor\u00ed sa \u010fal\u0161\u00ed panel s inform\u00e1ciami o vodi\u010dovi. Inform\u00e1cie o vodi\u010dovi mo\u017eno upravi\u0165 kliknut\u00edm na tla\u010didlo &#8220;Editova\u0165&#8221; v spodnej \u010dasti obrazovky. Stla\u010den\u00edm tohto tla\u010didla sa otvor\u00ed rovnak\u00e9 okno ako je &#8220;Dopl\u0148te nov\u00e9ho vodi\u010da&#8221; s u\u017e &hellip; <a href=\"https:\/\/www.fmsdocumentation.com\/sk\/menu-vodicov\/sprava-vodicov\/\" class=\"more-link\">Pokra\u010dova\u0165 v \u010d\u00edtan\u00ed: <span class=\"screen-reader-text\">Spr\u00e1va vodi\u010dov<\/span><\/a><\/p>\n","protected":false},"author":5,"featured_media":0,"parent":6518,"menu_order":2,"comment_status":"closed","ping_status":"closed","template":"","meta":{"footnotes":""},"class_list":["post-6523","page","type-page","status-publish","hentry"],"_links":{"self":[{"href":"https:\/\/www.fmsdocumentation.com\/sk\/wp-json\/wp\/v2\/pages\/6523","targetHints":{"allow":["GET"]}}],"collection":[{"href":"https:\/\/www.fmsdocumentation.com\/sk\/wp-json\/wp\/v2\/pages"}],"about":[{"href":"https:\/\/www.fmsdocumentation.com\/sk\/wp-json\/wp\/v2\/types\/page"}],"author":[{"embeddable":true,"href":"https:\/\/www.fmsdocumentation.com\/sk\/wp-json\/wp\/v2\/users\/5"}],"replies":[{"embeddable":true,"href":"https:\/\/www.fmsdocumentation.com\/sk\/wp-json\/wp\/v2\/comments?post=6523"}],"version-history":[{"count":2,"href":"https:\/\/www.fmsdocumentation.com\/sk\/wp-json\/wp\/v2\/pages\/6523\/revisions"}],"predecessor-version":[{"id":6525,"href":"https:\/\/www.fmsdocumentation.com\/sk\/wp-json\/wp\/v2\/pages\/6523\/revisions\/6525"}],"up":[{"embeddable":true,"href":"https:\/\/www.fmsdocumentation.com\/sk\/wp-json\/wp\/v2\/pages\/6518"}],"wp:attachment":[{"href":"https:\/\/www.fmsdocumentation.com\/sk\/wp-json\/wp\/v2\/media?parent=6523"}],"curies":[{"name":"wp","href":"https:\/\/api.w.org\/{rel}","templated":true}]}}